{"id":9812,"date":"2024-02-08T00:56:28","date_gmt":"2024-02-08T03:56:28","guid":{"rendered":"https:\/\/pueyrredonmotos.com\/honda\/?post_type=product&#038;p=9812"},"modified":"2024-08-12T00:48:16","modified_gmt":"2024-08-12T03:48:16","slug":"honda-navi","status":"publish","type":"product","link":"https:\/\/pueyrredonmotos.com\/honda\/producto\/honda-navi\/","title":{"rendered":"Honda NAVi"},"content":{"rendered":"<p><img loading=\"lazy\" decoding=\"async\" class=\"alignnone size-full wp-image-9816\" src=\"https:\/\/pueyrredonmotos.com\/honda\/wp-content\/uploads\/2024\/02\/honda-navi-dest.jpg\" alt=\"\" width=\"1400\" height=\"593\" srcset=\"https:\/\/pueyrredonmotos.com\/honda\/wp-content\/uploads\/2024\/02\/honda-navi-dest.jpg 1400w, https:\/\/pueyrredonmotos.com\/honda\/wp-content\/uploads\/2024\/02\/honda-navi-dest-300x127.jpg 300w, https:\/\/pueyrredonmotos.com\/honda\/wp-content\/uploads\/2024\/02\/honda-navi-dest-1024x434.jpg 1024w, https:\/\/pueyrredonmotos.com\/honda\/wp-content\/uploads\/2024\/02\/honda-navi-dest-768x325.jpg 768w, https:\/\/pueyrredonmotos.com\/honda\/wp-content\/uploads\/2024\/02\/honda-navi-dest-800x339.jpg 800w\" sizes=\"auto, (max-width: 1400px) 100vw, 1400px\" \/><\/p>\n<p><strong>DISE\u00d1O<\/strong><\/p>\n<p><strong>ESTILO \u00daNICO:<\/strong> No es una moto, no es una scooter\u2026 \u00a1es una NAVi! Con un dise\u00f1o inconfundible, la nueva Honda NAVi lleg\u00f3 para cambiarlo todo, a trav\u00e9s de una propuesta de movilidad \u00fanica, pr\u00e1ctica y divertida.<\/p>\n<p><i class=\"fa fa-file-pdf-o\" aria-hidden=\"true\"><\/i> <a href=\"https:\/\/motos.honda.com.ar\/uploads\/modelos\/61\/fichas_tecnicas\/61a-067a-0ft-navi-ver-2023-digital.pdf\" target=\"_blank\" rel=\"noopener\">DESCARGAR FICHA TECNICA<\/a><\/p>\n<p><img loading=\"lazy\" decoding=\"async\" class=\"alignnone size-full wp-image-9817\" src=\"https:\/\/pueyrredonmotos.com\/honda\/wp-content\/uploads\/2024\/02\/honda-navi-diseno.jpg\" alt=\"\" width=\"1010\" height=\"401\" srcset=\"https:\/\/pueyrredonmotos.com\/honda\/wp-content\/uploads\/2024\/02\/honda-navi-diseno.jpg 1010w, https:\/\/pueyrredonmotos.com\/honda\/wp-content\/uploads\/2024\/02\/honda-navi-diseno-300x119.jpg 300w, https:\/\/pueyrredonmotos.com\/honda\/wp-content\/uploads\/2024\/02\/honda-navi-diseno-768x305.jpg 768w, https:\/\/pueyrredonmotos.com\/honda\/wp-content\/uploads\/2024\/02\/honda-navi-diseno-800x318.jpg 800w\" sizes=\"auto, (max-width: 1010px) 100vw, 1010px\" \/><\/p>\n<p><strong>MOTOR Y TRANSMISI\u00d3N<\/strong><\/p>\n<p><strong>MEC\u00c1NICA CONFIABLE, ECON\u00d3MICA Y DIVERTIDA:<\/strong> El motor de la nueva Honda NAVi es de 109 cc, est\u00e1 refrigerado por aire y se asocia a una transmisi\u00f3n autom\u00e1tica CVT. \u00bfEl resultado? Un combo mec\u00e1nico confiable y eficiente. Y una experiencia de manejo divertid\u00edsima por la ausencia de cambios y de embrague.<\/p>\n<p><img loading=\"lazy\" decoding=\"async\" class=\"alignnone size-full wp-image-9818\" src=\"https:\/\/pueyrredonmotos.com\/honda\/wp-content\/uploads\/2024\/02\/honda-navi-motor.jpg\" alt=\"\" width=\"1010\" height=\"401\" srcset=\"https:\/\/pueyrredonmotos.com\/honda\/wp-content\/uploads\/2024\/02\/honda-navi-motor.jpg 1010w, https:\/\/pueyrredonmotos.com\/honda\/wp-content\/uploads\/2024\/02\/honda-navi-motor-300x119.jpg 300w, https:\/\/pueyrredonmotos.com\/honda\/wp-content\/uploads\/2024\/02\/honda-navi-motor-768x305.jpg 768w, https:\/\/pueyrredonmotos.com\/honda\/wp-content\/uploads\/2024\/02\/honda-navi-motor-800x318.jpg 800w\" sizes=\"auto, (max-width: 1010px) 100vw, 1010px\" \/><\/p>\n<p><strong>PRACTICIDAD<\/strong><\/p>\n<p><strong>COMPACTA Y LIVIANA:<\/strong> 1.808 mil\u00edmetros de largo, 748 mil\u00edmetros de ancho, 1.039 mil\u00edmetros de alto y 104 kilos de peso en orden de marcha. N\u00fameros que hacen de la nueva Honda NAVi una moto f\u00e1cil de manejar, de maniobrar y de estacionar.<\/p>\n<p><img loading=\"lazy\" decoding=\"async\" class=\"alignnone size-full wp-image-9819\" src=\"https:\/\/pueyrredonmotos.com\/honda\/wp-content\/uploads\/2024\/02\/honda-navi-practicidad-1.jpg\" alt=\"\" width=\"1010\" height=\"401\" srcset=\"https:\/\/pueyrredonmotos.com\/honda\/wp-content\/uploads\/2024\/02\/honda-navi-practicidad-1.jpg 1010w, https:\/\/pueyrredonmotos.com\/honda\/wp-content\/uploads\/2024\/02\/honda-navi-practicidad-1-300x119.jpg 300w, https:\/\/pueyrredonmotos.com\/honda\/wp-content\/uploads\/2024\/02\/honda-navi-practicidad-1-768x305.jpg 768w, https:\/\/pueyrredonmotos.com\/honda\/wp-content\/uploads\/2024\/02\/honda-navi-practicidad-1-800x318.jpg 800w\" sizes=\"auto, (max-width: 1010px) 100vw, 1010px\" \/><\/p>\n<p><strong>BAJA ALTURA DEL ASIENTO:<\/strong> 762 mil\u00edmetros es la altura del asiento, que adem\u00e1s es lo suficientemente largo para que cualquier piloto encuentre la posici\u00f3n de manejo que m\u00e1s se ajuste a su tama\u00f1o.<\/p>\n<p><img loading=\"lazy\" decoding=\"async\" class=\"alignnone size-full wp-image-9820\" src=\"https:\/\/pueyrredonmotos.com\/honda\/wp-content\/uploads\/2024\/02\/honda-navi-practicidad-2.jpg\" alt=\"\" width=\"1010\" height=\"401\" srcset=\"https:\/\/pueyrredonmotos.com\/honda\/wp-content\/uploads\/2024\/02\/honda-navi-practicidad-2.jpg 1010w, https:\/\/pueyrredonmotos.com\/honda\/wp-content\/uploads\/2024\/02\/honda-navi-practicidad-2-300x119.jpg 300w, https:\/\/pueyrredonmotos.com\/honda\/wp-content\/uploads\/2024\/02\/honda-navi-practicidad-2-768x305.jpg 768w, https:\/\/pueyrredonmotos.com\/honda\/wp-content\/uploads\/2024\/02\/honda-navi-practicidad-2-800x318.jpg 800w\" sizes=\"auto, (max-width: 1010px) 100vw, 1010px\" \/><\/p>\n<p><strong>BA\u00daL PORTAOBJETOS INTEGRADO:<\/strong> Llevar tus cosas con vos nunca fue tan f\u00e1cil: la nueva Honda NAVi incluye de serie un ba\u00fal portaobjetos integrado.<\/p>\n<p><img loading=\"lazy\" decoding=\"async\" class=\"alignnone size-full wp-image-9821\" src=\"https:\/\/pueyrredonmotos.com\/honda\/wp-content\/uploads\/2024\/02\/honda-navi-practicidad-3.jpg\" alt=\"\" width=\"1010\" height=\"401\" srcset=\"https:\/\/pueyrredonmotos.com\/honda\/wp-content\/uploads\/2024\/02\/honda-navi-practicidad-3.jpg 1010w, https:\/\/pueyrredonmotos.com\/honda\/wp-content\/uploads\/2024\/02\/honda-navi-practicidad-3-300x119.jpg 300w, https:\/\/pueyrredonmotos.com\/honda\/wp-content\/uploads\/2024\/02\/honda-navi-practicidad-3-768x305.jpg 768w, https:\/\/pueyrredonmotos.com\/honda\/wp-content\/uploads\/2024\/02\/honda-navi-practicidad-3-800x318.jpg 800w\" sizes=\"auto, (max-width: 1010px) 100vw, 1010px\" \/><\/p>\n<p><strong>ECONOM\u00cdA DE COMBUSTIBLE:<\/strong> Gracias al tanque de combustible de 3.5 litros y al trabajo eficiente del motor y de la transmisi\u00f3n, la autonom\u00eda de la nueva Honda NAVi supera los 200 kil\u00f3metros.<\/p>\n<p><img loading=\"lazy\" decoding=\"async\" class=\"alignnone size-full wp-image-9822\" src=\"https:\/\/pueyrredonmotos.com\/honda\/wp-content\/uploads\/2024\/02\/honda-navi-practicidad-4.jpg\" alt=\"\" width=\"1010\" height=\"401\" srcset=\"https:\/\/pueyrredonmotos.com\/honda\/wp-content\/uploads\/2024\/02\/honda-navi-practicidad-4.jpg 1010w, https:\/\/pueyrredonmotos.com\/honda\/wp-content\/uploads\/2024\/02\/honda-navi-practicidad-4-300x119.jpg 300w, https:\/\/pueyrredonmotos.com\/honda\/wp-content\/uploads\/2024\/02\/honda-navi-practicidad-4-768x305.jpg 768w, https:\/\/pueyrredonmotos.com\/honda\/wp-content\/uploads\/2024\/02\/honda-navi-practicidad-4-800x318.jpg 800w\" sizes=\"auto, (max-width: 1010px) 100vw, 1010px\" \/><\/p>\n<p><strong>PERSONALIZACI\u00d3N:<\/strong><\/p>\n<p><strong>HAC\u00c9 TU NAVI \u00daNICA:<\/strong> Gracias a las diversas opciones de personalizaci\u00f3n, siempre se puede ser hacer un poco m\u00e1s \u00fanica a tu NAVi. \u00bfCu\u00e1l es tu estilo? \u00bfDeportivo? \u00bfAventurero? \u00a1Los diferentes kits de accesorios se adaptan a cualquiera!<\/p>\n<p><img loading=\"lazy\" decoding=\"async\" class=\"alignnone size-full wp-image-9824\" src=\"https:\/\/pueyrredonmotos.com\/honda\/wp-content\/uploads\/2024\/02\/honda-navi-green-7.jpg\" alt=\"\" width=\"1010\" height=\"401\" srcset=\"https:\/\/pueyrredonmotos.com\/honda\/wp-content\/uploads\/2024\/02\/honda-navi-green-7.jpg 1010w, https:\/\/pueyrredonmotos.com\/honda\/wp-content\/uploads\/2024\/02\/honda-navi-green-7-300x119.jpg 300w, https:\/\/pueyrredonmotos.com\/honda\/wp-content\/uploads\/2024\/02\/honda-navi-green-7-768x305.jpg 768w, https:\/\/pueyrredonmotos.com\/honda\/wp-content\/uploads\/2024\/02\/honda-navi-green-7-800x318.jpg 800w\" sizes=\"auto, (max-width: 1010px) 100vw, 1010px\" \/> <img loading=\"lazy\" decoding=\"async\" class=\"alignnone size-full wp-image-9826\" src=\"https:\/\/pueyrredonmotos.com\/honda\/wp-content\/uploads\/2024\/02\/honda-navi-magenta-8.jpg\" alt=\"\" width=\"1010\" height=\"401\" srcset=\"https:\/\/pueyrredonmotos.com\/honda\/wp-content\/uploads\/2024\/02\/honda-navi-magenta-8.jpg 1010w, https:\/\/pueyrredonmotos.com\/honda\/wp-content\/uploads\/2024\/02\/honda-navi-magenta-8-300x119.jpg 300w, https:\/\/pueyrredonmotos.com\/honda\/wp-content\/uploads\/2024\/02\/honda-navi-magenta-8-768x305.jpg 768w, https:\/\/pueyrredonmotos.com\/honda\/wp-content\/uploads\/2024\/02\/honda-navi-magenta-8-800x318.jpg 800w\" sizes=\"auto, (max-width: 1010px) 100vw, 1010px\" \/> <img loading=\"lazy\" decoding=\"async\" class=\"alignnone size-full wp-image-9830\" src=\"https:\/\/pueyrredonmotos.com\/honda\/wp-content\/uploads\/2024\/02\/honda-navi-white-6.jpg\" alt=\"\" width=\"1010\" height=\"401\" srcset=\"https:\/\/pueyrredonmotos.com\/honda\/wp-content\/uploads\/2024\/02\/honda-navi-white-6.jpg 1010w, https:\/\/pueyrredonmotos.com\/honda\/wp-content\/uploads\/2024\/02\/honda-navi-white-6-300x119.jpg 300w, https:\/\/pueyrredonmotos.com\/honda\/wp-content\/uploads\/2024\/02\/honda-navi-white-6-768x305.jpg 768w, https:\/\/pueyrredonmotos.com\/honda\/wp-content\/uploads\/2024\/02\/honda-navi-white-6-800x318.jpg 800w\" sizes=\"auto, (max-width: 1010px) 100vw, 1010px\" \/><\/p>\n<p><strong>FRENOS<\/strong><\/p>\n<p><strong>CBS \u2013 COMBINED BRAKING SYSTEM:<\/strong> La nueva Honda NAVi equipa frenos a tambor de 130 mil\u00edmetros en ambas ruedas, que junto al sistema de frenado combinado (CBS), ofrecen una excelente respuesta en las detenciones.<\/p>\n<p><img loading=\"lazy\" decoding=\"async\" class=\"alignnone size-full wp-image-9831\" src=\"https:\/\/pueyrredonmotos.com\/honda\/wp-content\/uploads\/2024\/02\/honda-navi-frenos.jpg\" alt=\"\" width=\"1010\" height=\"401\" srcset=\"https:\/\/pueyrredonmotos.com\/honda\/wp-content\/uploads\/2024\/02\/honda-navi-frenos.jpg 1010w, https:\/\/pueyrredonmotos.com\/honda\/wp-content\/uploads\/2024\/02\/honda-navi-frenos-300x119.jpg 300w, https:\/\/pueyrredonmotos.com\/honda\/wp-content\/uploads\/2024\/02\/honda-navi-frenos-768x305.jpg 768w, https:\/\/pueyrredonmotos.com\/honda\/wp-content\/uploads\/2024\/02\/honda-navi-frenos-800x318.jpg 800w\" sizes=\"auto, (max-width: 1010px) 100vw, 1010px\" \/><\/p>\n<p><strong>SUSPENSIONES<\/strong><\/p>\n<p><strong>CONFORT CITADINO:<\/strong> La horquilla telesc\u00f3pica delantera de 89 mil\u00edmetros de recorrido y el mono-amortiguador trasero de 70 mil\u00edmetros de recorrido conforman un esquema de suspensi\u00f3n suave y confortable para tus trayectos en la ciudad.<\/p>\n<p><img loading=\"lazy\" decoding=\"async\" class=\"alignnone size-full wp-image-9832\" src=\"https:\/\/pueyrredonmotos.com\/honda\/wp-content\/uploads\/2024\/02\/honda-navi-suspension.jpg\" alt=\"\" width=\"1010\" height=\"401\" srcset=\"https:\/\/pueyrredonmotos.com\/honda\/wp-content\/uploads\/2024\/02\/honda-navi-suspension.jpg 1010w, https:\/\/pueyrredonmotos.com\/honda\/wp-content\/uploads\/2024\/02\/honda-navi-suspension-300x119.jpg 300w, https:\/\/pueyrredonmotos.com\/honda\/wp-content\/uploads\/2024\/02\/honda-navi-suspension-768x305.jpg 768w, https:\/\/pueyrredonmotos.com\/honda\/wp-content\/uploads\/2024\/02\/honda-navi-suspension-800x318.jpg 800w\" sizes=\"auto, (max-width: 1010px) 100vw, 1010px\" \/><\/p>\n<!-- Popup open button -->\r\n<div class=\"wws-popup__open-btn wws--bg-color wws--text-color wws-shadow\">\r\n<span> Consultas por Whatsapp<\/span>\r\n<\/div>\r\n<p>&nbsp;<\/p>\r\n<p>&nbsp;<\/p>\r\n\n","protected":false},"excerpt":{"rendered":"<p><strong>Honda NAVi:<\/strong> tu pasaporte a la libertad sobre dos ruedas. Con un dise\u00f1o \u00fanico y una mec\u00e1nica confiable, cada viaje es una aventura emocionante. Pr\u00e1ctica, econ\u00f3mica y personalizable, la NAVi es la compa\u00f1era perfecta para explorar la ciudad.<\/p>\n<p>Encontrala en <strong>Pueyrred\u00f3n Motos<\/strong>, Concesionario Oficial Honda.<\/p>\n<p>[wpcode id=\"10175\"]<br \/>\n<\/p>\n<hr \/>\n","protected":false},"featured_media":9842,"template":"","meta":[],"product_brand":[],"product_cat":[15],"product_tag":[239],"class_list":{"0":"post-9812","1":"product","2":"type-product","3":"status-publish","4":"has-post-thumbnail","6":"product_cat-motos-0km","7":"product_tag-fun","9":"first","10":"instock","11":"shipping-taxable","12":"purchasable","13":"product-type-simple"},"yoast_head":"<!-- This site is optimized with the Yoast SEO Premium plugin v21.2 (Yoast SEO v27.3) - https:\/\/yoast.com\/product\/yoast-seo-premium-wordpress\/ -->\n<title>Honda NAVi - Pueyrred\u00f3n Motos<\/title>\n<meta name=\"robots\" content=\"index, follow, max-snippet:-1, max-image-preview:large, max-video-preview:-1\" \/>\n<link rel=\"canonical\" href=\"https:\/\/pueyrredonmotos.com\/honda\/producto\/honda-navi\/\" \/>\n<meta property=\"og:locale\" content=\"es_ES\" \/>\n<meta property=\"og:type\" content=\"article\" \/>\n<meta property=\"og:title\" content=\"Honda NAVi\" \/>\n<meta property=\"og:description\" content=\"Honda NAVi: tu pasaporte a la libertad sobre dos ruedas. Con un dise\u00f1o \u00fanico y una mec\u00e1nica confiable, cada viaje es una aventura emocionante. Pr\u00e1ctica, econ\u00f3mica y personalizable, la NAVi es la compa\u00f1era perfecta para explorar la ciudad.  Encontrala en Pueyrred\u00f3n Motos, Concesionario Oficial Honda.\" \/>\n<meta property=\"og:url\" content=\"https:\/\/pueyrredonmotos.com\/honda\/producto\/honda-navi\/\" \/>\n<meta property=\"og:site_name\" content=\"Pueyrred\u00f3n Motos\" \/>\n<meta property=\"article:publisher\" content=\"https:\/\/www.facebook.com\/pueyrredonmotos.honda\" \/>\n<meta property=\"article:modified_time\" content=\"2024-08-12T03:48:16+00:00\" \/>\n<meta property=\"og:image\" content=\"https:\/\/pueyrredonmotos.com\/honda\/wp-content\/uploads\/2024\/02\/navi-rojo.jpg\" \/>\n\t<meta property=\"og:image:width\" content=\"659\" \/>\n\t<meta property=\"og:image:height\" content=\"659\" \/>\n\t<meta property=\"og:image:type\" content=\"image\/jpeg\" \/>\n<meta name=\"twitter:card\" content=\"summary_large_image\" \/>\n<meta name=\"twitter:label1\" content=\"Tiempo de lectura\" \/>\n\t<meta name=\"twitter:data1\" content=\"5 minutos\" \/>\n<script type=\"application\/ld+json\" class=\"yoast-schema-graph\">{\"@context\":\"https:\\\/\\\/schema.org\",\"@graph\":[{\"@type\":\"WebPage\",\"@id\":\"https:\\\/\\\/pueyrredonmotos.com\\\/honda\\\/producto\\\/honda-navi\\\/\",\"url\":\"https:\\\/\\\/pueyrredonmotos.com\\\/honda\\\/producto\\\/honda-navi\\\/\",\"name\":\"Honda NAVi - Pueyrred\u00f3n Motos\",\"isPartOf\":{\"@id\":\"https:\\\/\\\/pueyrredonmotos.com\\\/honda\\\/#website\"},\"primaryImageOfPage\":{\"@id\":\"https:\\\/\\\/pueyrredonmotos.com\\\/honda\\\/producto\\\/honda-navi\\\/#primaryimage\"},\"image\":{\"@id\":\"https:\\\/\\\/pueyrredonmotos.com\\\/honda\\\/producto\\\/honda-navi\\\/#primaryimage\"},\"thumbnailUrl\":\"https:\\\/\\\/pueyrredonmotos.com\\\/honda\\\/wp-content\\\/uploads\\\/2024\\\/02\\\/navi-rojo.jpg\",\"datePublished\":\"2024-02-08T03:56:28+00:00\",\"dateModified\":\"2024-08-12T03:48:16+00:00\",\"breadcrumb\":{\"@id\":\"https:\\\/\\\/pueyrredonmotos.com\\\/honda\\\/producto\\\/honda-navi\\\/#breadcrumb\"},\"inLanguage\":\"es\",\"potentialAction\":[{\"@type\":\"ReadAction\",\"target\":[\"https:\\\/\\\/pueyrredonmotos.com\\\/honda\\\/producto\\\/honda-navi\\\/\"]}]},{\"@type\":\"ImageObject\",\"inLanguage\":\"es\",\"@id\":\"https:\\\/\\\/pueyrredonmotos.com\\\/honda\\\/producto\\\/honda-navi\\\/#primaryimage\",\"url\":\"https:\\\/\\\/pueyrredonmotos.com\\\/honda\\\/wp-content\\\/uploads\\\/2024\\\/02\\\/navi-rojo.jpg\",\"contentUrl\":\"https:\\\/\\\/pueyrredonmotos.com\\\/honda\\\/wp-content\\\/uploads\\\/2024\\\/02\\\/navi-rojo.jpg\",\"width\":659,\"height\":659},{\"@type\":\"BreadcrumbList\",\"@id\":\"https:\\\/\\\/pueyrredonmotos.com\\\/honda\\\/producto\\\/honda-navi\\\/#breadcrumb\",\"itemListElement\":[{\"@type\":\"ListItem\",\"position\":1,\"name\":\"Home\",\"item\":\"https:\\\/\\\/pueyrredonmotos.com\\\/honda\\\/\"},{\"@type\":\"ListItem\",\"position\":2,\"name\":\"Cat\u00e1logo\",\"item\":\"https:\\\/\\\/pueyrredonmotos.com\\\/honda\\\/catalogo\\\/\"},{\"@type\":\"ListItem\",\"position\":3,\"name\":\"Honda NAVi\"}]},{\"@type\":\"WebSite\",\"@id\":\"https:\\\/\\\/pueyrredonmotos.com\\\/honda\\\/#website\",\"url\":\"https:\\\/\\\/pueyrredonmotos.com\\\/honda\\\/\",\"name\":\"Pueyrred\u00f3n Motos\",\"description\":\"Concesionario Oficial Honda\",\"publisher\":{\"@id\":\"https:\\\/\\\/pueyrredonmotos.com\\\/honda\\\/#organization\"},\"potentialAction\":[{\"@type\":\"SearchAction\",\"target\":{\"@type\":\"EntryPoint\",\"urlTemplate\":\"https:\\\/\\\/pueyrredonmotos.com\\\/honda\\\/?s={search_term_string}\"},\"query-input\":{\"@type\":\"PropertyValueSpecification\",\"valueRequired\":true,\"valueName\":\"search_term_string\"}}],\"inLanguage\":\"es\"},{\"@type\":\"Organization\",\"@id\":\"https:\\\/\\\/pueyrredonmotos.com\\\/honda\\\/#organization\",\"name\":\"Pueyrred\u00f3n Motos\",\"url\":\"https:\\\/\\\/pueyrredonmotos.com\\\/honda\\\/\",\"logo\":{\"@type\":\"ImageObject\",\"inLanguage\":\"es\",\"@id\":\"https:\\\/\\\/pueyrredonmotos.com\\\/honda\\\/#\\\/schema\\\/logo\\\/image\\\/\",\"url\":\"https:\\\/\\\/pueyrredonmotos.com\\\/honda\\\/wp-content\\\/uploads\\\/2023\\\/09\\\/logo-180-66.png\",\"contentUrl\":\"https:\\\/\\\/pueyrredonmotos.com\\\/honda\\\/wp-content\\\/uploads\\\/2023\\\/09\\\/logo-180-66.png\",\"width\":180,\"height\":66,\"caption\":\"Pueyrred\u00f3n Motos\"},\"image\":{\"@id\":\"https:\\\/\\\/pueyrredonmotos.com\\\/honda\\\/#\\\/schema\\\/logo\\\/image\\\/\"},\"sameAs\":[\"https:\\\/\\\/www.facebook.com\\\/pueyrredonmotos.honda\",\"https:\\\/\\\/www.instagram.com\\\/pueyrredonmotos.honda\\\/\"]}]}<\/script>\n<!-- \/ Yoast SEO Premium plugin. -->","yoast_head_json":{"title":"Honda NAVi - Pueyrred\u00f3n Motos","robots":{"index":"index","follow":"follow","max-snippet":"max-snippet:-1","max-image-preview":"max-image-preview:large","max-video-preview":"max-video-preview:-1"},"canonical":"https:\/\/pueyrredonmotos.com\/honda\/producto\/honda-navi\/","og_locale":"es_ES","og_type":"article","og_title":"Honda NAVi","og_description":"Honda NAVi: tu pasaporte a la libertad sobre dos ruedas. Con un dise\u00f1o \u00fanico y una mec\u00e1nica confiable, cada viaje es una aventura emocionante. Pr\u00e1ctica, econ\u00f3mica y personalizable, la NAVi es la compa\u00f1era perfecta para explorar la ciudad.  Encontrala en Pueyrred\u00f3n Motos, Concesionario Oficial Honda.","og_url":"https:\/\/pueyrredonmotos.com\/honda\/producto\/honda-navi\/","og_site_name":"Pueyrred\u00f3n Motos","article_publisher":"https:\/\/www.facebook.com\/pueyrredonmotos.honda","article_modified_time":"2024-08-12T03:48:16+00:00","og_image":[{"width":659,"height":659,"url":"https:\/\/pueyrredonmotos.com\/honda\/wp-content\/uploads\/2024\/02\/navi-rojo.jpg","type":"image\/jpeg"}],"twitter_card":"summary_large_image","twitter_misc":{"Tiempo de lectura":"5 minutos"},"schema":{"@context":"https:\/\/schema.org","@graph":[{"@type":"WebPage","@id":"https:\/\/pueyrredonmotos.com\/honda\/producto\/honda-navi\/","url":"https:\/\/pueyrredonmotos.com\/honda\/producto\/honda-navi\/","name":"Honda NAVi - Pueyrred\u00f3n Motos","isPartOf":{"@id":"https:\/\/pueyrredonmotos.com\/honda\/#website"},"primaryImageOfPage":{"@id":"https:\/\/pueyrredonmotos.com\/honda\/producto\/honda-navi\/#primaryimage"},"image":{"@id":"https:\/\/pueyrredonmotos.com\/honda\/producto\/honda-navi\/#primaryimage"},"thumbnailUrl":"https:\/\/pueyrredonmotos.com\/honda\/wp-content\/uploads\/2024\/02\/navi-rojo.jpg","datePublished":"2024-02-08T03:56:28+00:00","dateModified":"2024-08-12T03:48:16+00:00","breadcrumb":{"@id":"https:\/\/pueyrredonmotos.com\/honda\/producto\/honda-navi\/#breadcrumb"},"inLanguage":"es","potentialAction":[{"@type":"ReadAction","target":["https:\/\/pueyrredonmotos.com\/honda\/producto\/honda-navi\/"]}]},{"@type":"ImageObject","inLanguage":"es","@id":"https:\/\/pueyrredonmotos.com\/honda\/producto\/honda-navi\/#primaryimage","url":"https:\/\/pueyrredonmotos.com\/honda\/wp-content\/uploads\/2024\/02\/navi-rojo.jpg","contentUrl":"https:\/\/pueyrredonmotos.com\/honda\/wp-content\/uploads\/2024\/02\/navi-rojo.jpg","width":659,"height":659},{"@type":"BreadcrumbList","@id":"https:\/\/pueyrredonmotos.com\/honda\/producto\/honda-navi\/#breadcrumb","itemListElement":[{"@type":"ListItem","position":1,"name":"Home","item":"https:\/\/pueyrredonmotos.com\/honda\/"},{"@type":"ListItem","position":2,"name":"Cat\u00e1logo","item":"https:\/\/pueyrredonmotos.com\/honda\/catalogo\/"},{"@type":"ListItem","position":3,"name":"Honda NAVi"}]},{"@type":"WebSite","@id":"https:\/\/pueyrredonmotos.com\/honda\/#website","url":"https:\/\/pueyrredonmotos.com\/honda\/","name":"Pueyrred\u00f3n Motos","description":"Concesionario Oficial Honda","publisher":{"@id":"https:\/\/pueyrredonmotos.com\/honda\/#organization"},"potentialAction":[{"@type":"SearchAction","target":{"@type":"EntryPoint","urlTemplate":"https:\/\/pueyrredonmotos.com\/honda\/?s={search_term_string}"},"query-input":{"@type":"PropertyValueSpecification","valueRequired":true,"valueName":"search_term_string"}}],"inLanguage":"es"},{"@type":"Organization","@id":"https:\/\/pueyrredonmotos.com\/honda\/#organization","name":"Pueyrred\u00f3n Motos","url":"https:\/\/pueyrredonmotos.com\/honda\/","logo":{"@type":"ImageObject","inLanguage":"es","@id":"https:\/\/pueyrredonmotos.com\/honda\/#\/schema\/logo\/image\/","url":"https:\/\/pueyrredonmotos.com\/honda\/wp-content\/uploads\/2023\/09\/logo-180-66.png","contentUrl":"https:\/\/pueyrredonmotos.com\/honda\/wp-content\/uploads\/2023\/09\/logo-180-66.png","width":180,"height":66,"caption":"Pueyrred\u00f3n Motos"},"image":{"@id":"https:\/\/pueyrredonmotos.com\/honda\/#\/schema\/logo\/image\/"},"sameAs":["https:\/\/www.facebook.com\/pueyrredonmotos.honda","https:\/\/www.instagram.com\/pueyrredonmotos.honda\/"]}]}},"_links":{"self":[{"href":"https:\/\/pueyrredonmotos.com\/honda\/wp-json\/wp\/v2\/product\/9812","targetHints":{"allow":["GET"]}}],"collection":[{"href":"https:\/\/pueyrredonmotos.com\/honda\/wp-json\/wp\/v2\/product"}],"about":[{"href":"https:\/\/pueyrredonmotos.com\/honda\/wp-json\/wp\/v2\/types\/product"}],"wp:featuredmedia":[{"embeddable":true,"href":"https:\/\/pueyrredonmotos.com\/honda\/wp-json\/wp\/v2\/media\/9842"}],"wp:attachment":[{"href":"https:\/\/pueyrredonmotos.com\/honda\/wp-json\/wp\/v2\/media?parent=9812"}],"wp:term":[{"taxonomy":"product_brand","embeddable":true,"href":"https:\/\/pueyrredonmotos.com\/honda\/wp-json\/wp\/v2\/product_brand?post=9812"},{"taxonomy":"product_cat","embeddable":true,"href":"https:\/\/pueyrredonmotos.com\/honda\/wp-json\/wp\/v2\/product_cat?post=9812"},{"taxonomy":"product_tag","embeddable":true,"href":"https:\/\/pueyrredonmotos.com\/honda\/wp-json\/wp\/v2\/product_tag?post=9812"}],"curies":[{"name":"wp","href":"https:\/\/api.w.org\/{rel}","templated":true}]}}