{"id":8985,"date":"2023-11-28T13:25:03","date_gmt":"2023-11-28T16:25:03","guid":{"rendered":"https:\/\/pueyrredonmotos.com\/honda\/?post_type=product&#038;p=8985"},"modified":"2024-08-12T00:43:30","modified_gmt":"2024-08-12T03:43:30","slug":"honda-cb750-hornet","status":"publish","type":"product","link":"https:\/\/pueyrredonmotos.com\/honda\/producto\/honda-cb750-hornet\/","title":{"rendered":"Honda CB750 Hornet"},"content":{"rendered":"<p><img loading=\"lazy\" decoding=\"async\" class=\"alignnone wp-image-8987 size-full\" src=\"https:\/\/pueyrredonmotos.com\/honda\/wp-content\/uploads\/2023\/11\/cb750-hornet-dest.jpg\" alt=\"\" width=\"1400\" height=\"593\" srcset=\"https:\/\/pueyrredonmotos.com\/honda\/wp-content\/uploads\/2023\/11\/cb750-hornet-dest.jpg 1400w, https:\/\/pueyrredonmotos.com\/honda\/wp-content\/uploads\/2023\/11\/cb750-hornet-dest-300x127.jpg 300w, https:\/\/pueyrredonmotos.com\/honda\/wp-content\/uploads\/2023\/11\/cb750-hornet-dest-1024x434.jpg 1024w, https:\/\/pueyrredonmotos.com\/honda\/wp-content\/uploads\/2023\/11\/cb750-hornet-dest-768x325.jpg 768w, https:\/\/pueyrredonmotos.com\/honda\/wp-content\/uploads\/2023\/11\/cb750-hornet-dest-800x339.jpg 800w\" sizes=\"auto, (max-width: 1400px) 100vw, 1400px\" \/><\/p>\n<p><strong>DISE\u00d1O<\/strong><\/p>\n<p><strong>DEPORTIVIDAD A PRIMERA VISTA:<\/strong> Las l\u00edneas agresivas y los exquisitos detalles de dise\u00f1o de la nueva CB750 Hornet la convierten en la moto de calle deportiva por definici\u00f3n.<\/p>\n<p><i class=\"fa fa-file-pdf-o\" aria-hidden=\"true\"><\/i> <a href=\"https:\/\/motos.honda.com.ar\/uploads\/modelos\/56\/fichas_tecnicas\/56c-0ficha-tecnica-cb750-hornet.pdf\">Ficha T\u00e9cnica<\/a><\/p>\n<p><img loading=\"lazy\" decoding=\"async\" class=\"alignnone wp-image-8988 size-full\" src=\"https:\/\/pueyrredonmotos.com\/honda\/wp-content\/uploads\/2023\/11\/cb750-hornet-diseno.jpg\" alt=\"\" width=\"1010\" height=\"401\" srcset=\"https:\/\/pueyrredonmotos.com\/honda\/wp-content\/uploads\/2023\/11\/cb750-hornet-diseno.jpg 1010w, https:\/\/pueyrredonmotos.com\/honda\/wp-content\/uploads\/2023\/11\/cb750-hornet-diseno-300x119.jpg 300w, https:\/\/pueyrredonmotos.com\/honda\/wp-content\/uploads\/2023\/11\/cb750-hornet-diseno-768x305.jpg 768w, https:\/\/pueyrredonmotos.com\/honda\/wp-content\/uploads\/2023\/11\/cb750-hornet-diseno-800x318.jpg 800w\" sizes=\"auto, (max-width: 1010px) 100vw, 1010px\" \/><\/p>\n<p><strong>MOTOR Y TRANSMISI\u00d3N<\/strong><\/p>\n<p><strong>RENDIMIENTO SUPERIOR:<\/strong> Su motor bicil\u00edndrico en paralelo completamente nuevo y su chasis ultraliviano de acero tipo diamante hacen de la nueva CB750 Hornet una moto que entrega sensaciones de manejo emocionantes, garantizadas por una transmisi\u00f3n de 6 velocidades con embrague antirrebote.<\/p>\n<p><img loading=\"lazy\" decoding=\"async\" class=\"alignnone size-full wp-image-8989\" src=\"https:\/\/pueyrredonmotos.com\/honda\/wp-content\/uploads\/2023\/11\/cb750-hornet-motor.jpg\" alt=\"\" width=\"1010\" height=\"401\" srcset=\"https:\/\/pueyrredonmotos.com\/honda\/wp-content\/uploads\/2023\/11\/cb750-hornet-motor.jpg 1010w, https:\/\/pueyrredonmotos.com\/honda\/wp-content\/uploads\/2023\/11\/cb750-hornet-motor-300x119.jpg 300w, https:\/\/pueyrredonmotos.com\/honda\/wp-content\/uploads\/2023\/11\/cb750-hornet-motor-768x305.jpg 768w, https:\/\/pueyrredonmotos.com\/honda\/wp-content\/uploads\/2023\/11\/cb750-hornet-motor-800x318.jpg 800w\" sizes=\"auto, (max-width: 1010px) 100vw, 1010px\" \/><\/p>\n<p><strong>SUSPENSI\u00d3N Y FRENOS<\/strong><\/p>\n<p><strong>ESQUEMA DE SUSPENSI\u00d3N:<\/strong> Gracias a las horquillas Showa SFF-BP\u2122 USD de 41 mm y el amortiguador trasero Pro-Link, la nueva CB750 Hornet est\u00e1 completamente preparada para las m\u00e1s altas exigencias de conducci\u00f3n.<\/p>\n<p><img loading=\"lazy\" decoding=\"async\" class=\"alignnone size-full wp-image-8990\" src=\"https:\/\/pueyrredonmotos.com\/honda\/wp-content\/uploads\/2023\/11\/cb750-hornet-susp-frenos.jpg\" alt=\"\" width=\"1010\" height=\"401\" srcset=\"https:\/\/pueyrredonmotos.com\/honda\/wp-content\/uploads\/2023\/11\/cb750-hornet-susp-frenos.jpg 1010w, https:\/\/pueyrredonmotos.com\/honda\/wp-content\/uploads\/2023\/11\/cb750-hornet-susp-frenos-300x119.jpg 300w, https:\/\/pueyrredonmotos.com\/honda\/wp-content\/uploads\/2023\/11\/cb750-hornet-susp-frenos-768x305.jpg 768w, https:\/\/pueyrredonmotos.com\/honda\/wp-content\/uploads\/2023\/11\/cb750-hornet-susp-frenos-800x318.jpg 800w\" sizes=\"auto, (max-width: 1010px) 100vw, 1010px\" \/><\/p>\n<p><strong>SISTEMA DE FRENOS:<\/strong> El doble disco delantero de 296mm x 4mm con pinza Nissin de 4 pistones, sumado al disco trasero de 240mm x 5mm, garantiza un frenado de alto rendimiento.<\/p>\n<p><img loading=\"lazy\" decoding=\"async\" class=\"alignnone size-full wp-image-8991\" src=\"https:\/\/pueyrredonmotos.com\/honda\/wp-content\/uploads\/2023\/11\/cb750-hornet-susp-frenos-2.jpg\" alt=\"\" width=\"1010\" height=\"401\" srcset=\"https:\/\/pueyrredonmotos.com\/honda\/wp-content\/uploads\/2023\/11\/cb750-hornet-susp-frenos-2.jpg 1010w, https:\/\/pueyrredonmotos.com\/honda\/wp-content\/uploads\/2023\/11\/cb750-hornet-susp-frenos-2-300x119.jpg 300w, https:\/\/pueyrredonmotos.com\/honda\/wp-content\/uploads\/2023\/11\/cb750-hornet-susp-frenos-2-768x305.jpg 768w, https:\/\/pueyrredonmotos.com\/honda\/wp-content\/uploads\/2023\/11\/cb750-hornet-susp-frenos-2-800x318.jpg 800w\" sizes=\"auto, (max-width: 1010px) 100vw, 1010px\" \/><\/p>\n<p><strong>TECNOLOG\u00cdA<\/strong><\/p>\n<p><strong>ILUMINACI\u00d3N FULL LED:<\/strong> El sistema de iluminaci\u00f3n FULL LED no solo garantiza mayor iluminaci\u00f3n y visibilidad, sino que tambi\u00e9n refuerza las l\u00edneas angulosas y deportivas de la nueva CB750 Hornet.<\/p>\n<p><img loading=\"lazy\" decoding=\"async\" class=\"alignnone size-full wp-image-8992\" src=\"https:\/\/pueyrredonmotos.com\/honda\/wp-content\/uploads\/2023\/11\/cb750-hornet-tecno.jpg\" alt=\"\" width=\"1010\" height=\"401\" srcset=\"https:\/\/pueyrredonmotos.com\/honda\/wp-content\/uploads\/2023\/11\/cb750-hornet-tecno.jpg 1010w, https:\/\/pueyrredonmotos.com\/honda\/wp-content\/uploads\/2023\/11\/cb750-hornet-tecno-300x119.jpg 300w, https:\/\/pueyrredonmotos.com\/honda\/wp-content\/uploads\/2023\/11\/cb750-hornet-tecno-768x305.jpg 768w, https:\/\/pueyrredonmotos.com\/honda\/wp-content\/uploads\/2023\/11\/cb750-hornet-tecno-800x318.jpg 800w\" sizes=\"auto, (max-width: 1010px) 100vw, 1010px\" \/><\/p>\n<p><strong>MODOS DE CONDUCCI\u00d3N:<\/strong> Gracias a su acelerador electr\u00f3nico (TBW \u2013 Throttle By Wire), la nueva CB750 Hornet ofrece 4 modos de conducci\u00f3n: Standard, Sport, Rain y User, siendo este \u00faltimo totalmente personalizable de acuerdo a las preferencias del piloto.<\/p>\n<p><img loading=\"lazy\" decoding=\"async\" class=\"alignnone size-full wp-image-8993\" src=\"https:\/\/pueyrredonmotos.com\/honda\/wp-content\/uploads\/2023\/11\/cb750-hornet-tecno-2.jpg\" alt=\"\" width=\"1010\" height=\"401\" srcset=\"https:\/\/pueyrredonmotos.com\/honda\/wp-content\/uploads\/2023\/11\/cb750-hornet-tecno-2.jpg 1010w, https:\/\/pueyrredonmotos.com\/honda\/wp-content\/uploads\/2023\/11\/cb750-hornet-tecno-2-300x119.jpg 300w, https:\/\/pueyrredonmotos.com\/honda\/wp-content\/uploads\/2023\/11\/cb750-hornet-tecno-2-768x305.jpg 768w, https:\/\/pueyrredonmotos.com\/honda\/wp-content\/uploads\/2023\/11\/cb750-hornet-tecno-2-800x318.jpg 800w\" sizes=\"auto, (max-width: 1010px) 100vw, 1010px\" \/><\/p>\n<p><strong>TABLERO 100% DIGITAL:<\/strong> La pantalla TFT a todo color de 5 pulgadas brinda toda la informaci\u00f3n necesaria para los viajes arriba de la nueva CB750 Hornet.<\/p>\n<p><img loading=\"lazy\" decoding=\"async\" class=\"alignnone size-full wp-image-8994\" src=\"https:\/\/pueyrredonmotos.com\/honda\/wp-content\/uploads\/2023\/11\/cb750-hornet-tecno-3.jpg\" alt=\"\" width=\"1010\" height=\"401\" srcset=\"https:\/\/pueyrredonmotos.com\/honda\/wp-content\/uploads\/2023\/11\/cb750-hornet-tecno-3.jpg 1010w, https:\/\/pueyrredonmotos.com\/honda\/wp-content\/uploads\/2023\/11\/cb750-hornet-tecno-3-300x119.jpg 300w, https:\/\/pueyrredonmotos.com\/honda\/wp-content\/uploads\/2023\/11\/cb750-hornet-tecno-3-768x305.jpg 768w, https:\/\/pueyrredonmotos.com\/honda\/wp-content\/uploads\/2023\/11\/cb750-hornet-tecno-3-800x318.jpg 800w\" sizes=\"auto, (max-width: 1010px) 100vw, 1010px\" \/><\/p>\n<p><strong>SEGURIDAD<\/strong><\/p>\n<p><strong>ABS DE DOBLE CANAL:<\/strong> La nueva CB750 Hornet cuenta con ABS de doble canal que evita bloqueos en ambas ruedas al momento de un frenado exigente.<\/p>\n<p><img loading=\"lazy\" decoding=\"async\" class=\"alignnone size-full wp-image-8995\" src=\"https:\/\/pueyrredonmotos.com\/honda\/wp-content\/uploads\/2023\/11\/cb750-hornet-seguridad.jpg\" alt=\"\" width=\"1010\" height=\"401\" srcset=\"https:\/\/pueyrredonmotos.com\/honda\/wp-content\/uploads\/2023\/11\/cb750-hornet-seguridad.jpg 1010w, https:\/\/pueyrredonmotos.com\/honda\/wp-content\/uploads\/2023\/11\/cb750-hornet-seguridad-300x119.jpg 300w, https:\/\/pueyrredonmotos.com\/honda\/wp-content\/uploads\/2023\/11\/cb750-hornet-seguridad-768x305.jpg 768w, https:\/\/pueyrredonmotos.com\/honda\/wp-content\/uploads\/2023\/11\/cb750-hornet-seguridad-800x318.jpg 800w\" sizes=\"auto, (max-width: 1010px) 100vw, 1010px\" \/><\/p>\n<p><strong>CONTROL DE TRACCI\u00d3N:<\/strong> El sistema HSTC (Honda Selectable Torque Control) controla la tracci\u00f3n del neum\u00e1tico trasero en todo momento, garantizando una conducci\u00f3n sin derrapes.<\/p>\n<p><img loading=\"lazy\" decoding=\"async\" class=\"alignnone size-full wp-image-8996\" src=\"https:\/\/pueyrredonmotos.com\/honda\/wp-content\/uploads\/2023\/11\/cb750-hornet-seguridad-2.jpg\" alt=\"\" width=\"1010\" height=\"401\" srcset=\"https:\/\/pueyrredonmotos.com\/honda\/wp-content\/uploads\/2023\/11\/cb750-hornet-seguridad-2.jpg 1010w, https:\/\/pueyrredonmotos.com\/honda\/wp-content\/uploads\/2023\/11\/cb750-hornet-seguridad-2-300x119.jpg 300w, https:\/\/pueyrredonmotos.com\/honda\/wp-content\/uploads\/2023\/11\/cb750-hornet-seguridad-2-768x305.jpg 768w, https:\/\/pueyrredonmotos.com\/honda\/wp-content\/uploads\/2023\/11\/cb750-hornet-seguridad-2-800x318.jpg 800w\" sizes=\"auto, (max-width: 1010px) 100vw, 1010px\" \/><\/p>\n<!-- Popup open button -->\r\n<div class=\"wws-popup__open-btn wws--bg-color wws--text-color wws-shadow\">\r\n<span> Consultas por Whatsapp<\/span>\r\n<\/div>\r\n<p>&nbsp;<\/p>\r\n<p>&nbsp;<\/p>\r\n\n","protected":false},"excerpt":{"rendered":"<p><strong>Honda CB750 Hornet:<\/strong> Una fusi\u00f3n perfecta de deportividad y rendimiento. Con su motor bicil\u00edndrico de \u00faltima generaci\u00f3n, suspensi\u00f3n Showa y frenos de alto rendimiento, cada viaje se convierte en una experiencia emocionante.<\/p>\n<p>Encontrala en <strong>Pueyrred\u00f3n Motos<\/strong>, Concesionario Oficial Honda.<\/p>\n<p>[wpcode id=\"10175\"]<br \/>\n<\/p>\n<hr \/>\n","protected":false},"featured_media":9085,"template":"","meta":[],"product_brand":[],"product_cat":[15],"product_tag":[228],"class_list":{"0":"post-8985","1":"product","2":"type-product","3":"status-publish","4":"has-post-thumbnail","6":"product_cat-motos-0km","7":"product_tag-sport","9":"first","10":"instock","11":"shipping-taxable","12":"purchasable","13":"product-type-simple"},"yoast_head":"<!-- This site is optimized with the Yoast SEO Premium plugin v21.2 (Yoast SEO v27.3) - https:\/\/yoast.com\/product\/yoast-seo-premium-wordpress\/ -->\n<title>Honda CB750 Hornet - Pueyrred\u00f3n Motos<\/title>\n<meta name=\"robots\" content=\"index, follow, max-snippet:-1, max-image-preview:large, max-video-preview:-1\" \/>\n<link rel=\"canonical\" href=\"https:\/\/pueyrredonmotos.com\/honda\/producto\/honda-cb750-hornet\/\" \/>\n<meta property=\"og:locale\" content=\"es_ES\" \/>\n<meta property=\"og:type\" content=\"article\" \/>\n<meta property=\"og:title\" content=\"Honda CB750 Hornet\" \/>\n<meta property=\"og:description\" content=\"Honda CB750 Hornet: Una fusi\u00f3n perfecta de deportividad y rendimiento. Con su motor bicil\u00edndrico de \u00faltima generaci\u00f3n, suspensi\u00f3n Showa y frenos de alto rendimiento, cada viaje se convierte en una experiencia emocionante.  Encontrala en Pueyrred\u00f3n Motos, Concesionario Oficial Honda.\" \/>\n<meta property=\"og:url\" content=\"https:\/\/pueyrredonmotos.com\/honda\/producto\/honda-cb750-hornet\/\" \/>\n<meta property=\"og:site_name\" content=\"Pueyrred\u00f3n Motos\" \/>\n<meta property=\"article:publisher\" content=\"https:\/\/www.facebook.com\/pueyrredonmotos.honda\" \/>\n<meta property=\"article:modified_time\" content=\"2024-08-12T03:43:30+00:00\" \/>\n<meta property=\"og:image\" content=\"https:\/\/pueyrredonmotos.com\/honda\/wp-content\/uploads\/2023\/11\/Honda-CB750-Hornet-Blanca.jpg\" \/>\n\t<meta property=\"og:image:width\" content=\"1000\" \/>\n\t<meta property=\"og:image:height\" content=\"1000\" \/>\n\t<meta property=\"og:image:type\" content=\"image\/jpeg\" \/>\n<meta name=\"twitter:card\" content=\"summary_large_image\" \/>\n<meta name=\"twitter:label1\" content=\"Tiempo de lectura\" \/>\n\t<meta name=\"twitter:data1\" content=\"4 minutos\" \/>\n<script type=\"application\/ld+json\" class=\"yoast-schema-graph\">{\"@context\":\"https:\\\/\\\/schema.org\",\"@graph\":[{\"@type\":\"WebPage\",\"@id\":\"https:\\\/\\\/pueyrredonmotos.com\\\/honda\\\/producto\\\/honda-cb750-hornet\\\/\",\"url\":\"https:\\\/\\\/pueyrredonmotos.com\\\/honda\\\/producto\\\/honda-cb750-hornet\\\/\",\"name\":\"Honda CB750 Hornet - Pueyrred\u00f3n Motos\",\"isPartOf\":{\"@id\":\"https:\\\/\\\/pueyrredonmotos.com\\\/honda\\\/#website\"},\"primaryImageOfPage\":{\"@id\":\"https:\\\/\\\/pueyrredonmotos.com\\\/honda\\\/producto\\\/honda-cb750-hornet\\\/#primaryimage\"},\"image\":{\"@id\":\"https:\\\/\\\/pueyrredonmotos.com\\\/honda\\\/producto\\\/honda-cb750-hornet\\\/#primaryimage\"},\"thumbnailUrl\":\"https:\\\/\\\/pueyrredonmotos.com\\\/honda\\\/wp-content\\\/uploads\\\/2023\\\/11\\\/Honda-CB750-Hornet-Blanca.jpg\",\"datePublished\":\"2023-11-28T16:25:03+00:00\",\"dateModified\":\"2024-08-12T03:43:30+00:00\",\"breadcrumb\":{\"@id\":\"https:\\\/\\\/pueyrredonmotos.com\\\/honda\\\/producto\\\/honda-cb750-hornet\\\/#breadcrumb\"},\"inLanguage\":\"es\",\"potentialAction\":[{\"@type\":\"ReadAction\",\"target\":[\"https:\\\/\\\/pueyrredonmotos.com\\\/honda\\\/producto\\\/honda-cb750-hornet\\\/\"]}]},{\"@type\":\"ImageObject\",\"inLanguage\":\"es\",\"@id\":\"https:\\\/\\\/pueyrredonmotos.com\\\/honda\\\/producto\\\/honda-cb750-hornet\\\/#primaryimage\",\"url\":\"https:\\\/\\\/pueyrredonmotos.com\\\/honda\\\/wp-content\\\/uploads\\\/2023\\\/11\\\/Honda-CB750-Hornet-Blanca.jpg\",\"contentUrl\":\"https:\\\/\\\/pueyrredonmotos.com\\\/honda\\\/wp-content\\\/uploads\\\/2023\\\/11\\\/Honda-CB750-Hornet-Blanca.jpg\",\"width\":1000,\"height\":1000},{\"@type\":\"BreadcrumbList\",\"@id\":\"https:\\\/\\\/pueyrredonmotos.com\\\/honda\\\/producto\\\/honda-cb750-hornet\\\/#breadcrumb\",\"itemListElement\":[{\"@type\":\"ListItem\",\"position\":1,\"name\":\"Home\",\"item\":\"https:\\\/\\\/pueyrredonmotos.com\\\/honda\\\/\"},{\"@type\":\"ListItem\",\"position\":2,\"name\":\"Cat\u00e1logo\",\"item\":\"https:\\\/\\\/pueyrredonmotos.com\\\/honda\\\/catalogo\\\/\"},{\"@type\":\"ListItem\",\"position\":3,\"name\":\"Honda CB750 Hornet\"}]},{\"@type\":\"WebSite\",\"@id\":\"https:\\\/\\\/pueyrredonmotos.com\\\/honda\\\/#website\",\"url\":\"https:\\\/\\\/pueyrredonmotos.com\\\/honda\\\/\",\"name\":\"Pueyrred\u00f3n Motos\",\"description\":\"Concesionario Oficial Honda\",\"publisher\":{\"@id\":\"https:\\\/\\\/pueyrredonmotos.com\\\/honda\\\/#organization\"},\"potentialAction\":[{\"@type\":\"SearchAction\",\"target\":{\"@type\":\"EntryPoint\",\"urlTemplate\":\"https:\\\/\\\/pueyrredonmotos.com\\\/honda\\\/?s={search_term_string}\"},\"query-input\":{\"@type\":\"PropertyValueSpecification\",\"valueRequired\":true,\"valueName\":\"search_term_string\"}}],\"inLanguage\":\"es\"},{\"@type\":\"Organization\",\"@id\":\"https:\\\/\\\/pueyrredonmotos.com\\\/honda\\\/#organization\",\"name\":\"Pueyrred\u00f3n Motos\",\"url\":\"https:\\\/\\\/pueyrredonmotos.com\\\/honda\\\/\",\"logo\":{\"@type\":\"ImageObject\",\"inLanguage\":\"es\",\"@id\":\"https:\\\/\\\/pueyrredonmotos.com\\\/honda\\\/#\\\/schema\\\/logo\\\/image\\\/\",\"url\":\"https:\\\/\\\/pueyrredonmotos.com\\\/honda\\\/wp-content\\\/uploads\\\/2023\\\/09\\\/logo-180-66.png\",\"contentUrl\":\"https:\\\/\\\/pueyrredonmotos.com\\\/honda\\\/wp-content\\\/uploads\\\/2023\\\/09\\\/logo-180-66.png\",\"width\":180,\"height\":66,\"caption\":\"Pueyrred\u00f3n Motos\"},\"image\":{\"@id\":\"https:\\\/\\\/pueyrredonmotos.com\\\/honda\\\/#\\\/schema\\\/logo\\\/image\\\/\"},\"sameAs\":[\"https:\\\/\\\/www.facebook.com\\\/pueyrredonmotos.honda\",\"https:\\\/\\\/www.instagram.com\\\/pueyrredonmotos.honda\\\/\"]}]}<\/script>\n<!-- \/ Yoast SEO Premium plugin. -->","yoast_head_json":{"title":"Honda CB750 Hornet - Pueyrred\u00f3n Motos","robots":{"index":"index","follow":"follow","max-snippet":"max-snippet:-1","max-image-preview":"max-image-preview:large","max-video-preview":"max-video-preview:-1"},"canonical":"https:\/\/pueyrredonmotos.com\/honda\/producto\/honda-cb750-hornet\/","og_locale":"es_ES","og_type":"article","og_title":"Honda CB750 Hornet","og_description":"Honda CB750 Hornet: Una fusi\u00f3n perfecta de deportividad y rendimiento. Con su motor bicil\u00edndrico de \u00faltima generaci\u00f3n, suspensi\u00f3n Showa y frenos de alto rendimiento, cada viaje se convierte en una experiencia emocionante.  Encontrala en Pueyrred\u00f3n Motos, Concesionario Oficial Honda.","og_url":"https:\/\/pueyrredonmotos.com\/honda\/producto\/honda-cb750-hornet\/","og_site_name":"Pueyrred\u00f3n Motos","article_publisher":"https:\/\/www.facebook.com\/pueyrredonmotos.honda","article_modified_time":"2024-08-12T03:43:30+00:00","og_image":[{"width":1000,"height":1000,"url":"https:\/\/pueyrredonmotos.com\/honda\/wp-content\/uploads\/2023\/11\/Honda-CB750-Hornet-Blanca.jpg","type":"image\/jpeg"}],"twitter_card":"summary_large_image","twitter_misc":{"Tiempo de lectura":"4 minutos"},"schema":{"@context":"https:\/\/schema.org","@graph":[{"@type":"WebPage","@id":"https:\/\/pueyrredonmotos.com\/honda\/producto\/honda-cb750-hornet\/","url":"https:\/\/pueyrredonmotos.com\/honda\/producto\/honda-cb750-hornet\/","name":"Honda CB750 Hornet - Pueyrred\u00f3n Motos","isPartOf":{"@id":"https:\/\/pueyrredonmotos.com\/honda\/#website"},"primaryImageOfPage":{"@id":"https:\/\/pueyrredonmotos.com\/honda\/producto\/honda-cb750-hornet\/#primaryimage"},"image":{"@id":"https:\/\/pueyrredonmotos.com\/honda\/producto\/honda-cb750-hornet\/#primaryimage"},"thumbnailUrl":"https:\/\/pueyrredonmotos.com\/honda\/wp-content\/uploads\/2023\/11\/Honda-CB750-Hornet-Blanca.jpg","datePublished":"2023-11-28T16:25:03+00:00","dateModified":"2024-08-12T03:43:30+00:00","breadcrumb":{"@id":"https:\/\/pueyrredonmotos.com\/honda\/producto\/honda-cb750-hornet\/#breadcrumb"},"inLanguage":"es","potentialAction":[{"@type":"ReadAction","target":["https:\/\/pueyrredonmotos.com\/honda\/producto\/honda-cb750-hornet\/"]}]},{"@type":"ImageObject","inLanguage":"es","@id":"https:\/\/pueyrredonmotos.com\/honda\/producto\/honda-cb750-hornet\/#primaryimage","url":"https:\/\/pueyrredonmotos.com\/honda\/wp-content\/uploads\/2023\/11\/Honda-CB750-Hornet-Blanca.jpg","contentUrl":"https:\/\/pueyrredonmotos.com\/honda\/wp-content\/uploads\/2023\/11\/Honda-CB750-Hornet-Blanca.jpg","width":1000,"height":1000},{"@type":"BreadcrumbList","@id":"https:\/\/pueyrredonmotos.com\/honda\/producto\/honda-cb750-hornet\/#breadcrumb","itemListElement":[{"@type":"ListItem","position":1,"name":"Home","item":"https:\/\/pueyrredonmotos.com\/honda\/"},{"@type":"ListItem","position":2,"name":"Cat\u00e1logo","item":"https:\/\/pueyrredonmotos.com\/honda\/catalogo\/"},{"@type":"ListItem","position":3,"name":"Honda CB750 Hornet"}]},{"@type":"WebSite","@id":"https:\/\/pueyrredonmotos.com\/honda\/#website","url":"https:\/\/pueyrredonmotos.com\/honda\/","name":"Pueyrred\u00f3n Motos","description":"Concesionario Oficial Honda","publisher":{"@id":"https:\/\/pueyrredonmotos.com\/honda\/#organization"},"potentialAction":[{"@type":"SearchAction","target":{"@type":"EntryPoint","urlTemplate":"https:\/\/pueyrredonmotos.com\/honda\/?s={search_term_string}"},"query-input":{"@type":"PropertyValueSpecification","valueRequired":true,"valueName":"search_term_string"}}],"inLanguage":"es"},{"@type":"Organization","@id":"https:\/\/pueyrredonmotos.com\/honda\/#organization","name":"Pueyrred\u00f3n Motos","url":"https:\/\/pueyrredonmotos.com\/honda\/","logo":{"@type":"ImageObject","inLanguage":"es","@id":"https:\/\/pueyrredonmotos.com\/honda\/#\/schema\/logo\/image\/","url":"https:\/\/pueyrredonmotos.com\/honda\/wp-content\/uploads\/2023\/09\/logo-180-66.png","contentUrl":"https:\/\/pueyrredonmotos.com\/honda\/wp-content\/uploads\/2023\/09\/logo-180-66.png","width":180,"height":66,"caption":"Pueyrred\u00f3n Motos"},"image":{"@id":"https:\/\/pueyrredonmotos.com\/honda\/#\/schema\/logo\/image\/"},"sameAs":["https:\/\/www.facebook.com\/pueyrredonmotos.honda","https:\/\/www.instagram.com\/pueyrredonmotos.honda\/"]}]}},"_links":{"self":[{"href":"https:\/\/pueyrredonmotos.com\/honda\/wp-json\/wp\/v2\/product\/8985","targetHints":{"allow":["GET"]}}],"collection":[{"href":"https:\/\/pueyrredonmotos.com\/honda\/wp-json\/wp\/v2\/product"}],"about":[{"href":"https:\/\/pueyrredonmotos.com\/honda\/wp-json\/wp\/v2\/types\/product"}],"wp:featuredmedia":[{"embeddable":true,"href":"https:\/\/pueyrredonmotos.com\/honda\/wp-json\/wp\/v2\/media\/9085"}],"wp:attachment":[{"href":"https:\/\/pueyrredonmotos.com\/honda\/wp-json\/wp\/v2\/media?parent=8985"}],"wp:term":[{"taxonomy":"product_brand","embeddable":true,"href":"https:\/\/pueyrredonmotos.com\/honda\/wp-json\/wp\/v2\/product_brand?post=8985"},{"taxonomy":"product_cat","embeddable":true,"href":"https:\/\/pueyrredonmotos.com\/honda\/wp-json\/wp\/v2\/product_cat?post=8985"},{"taxonomy":"product_tag","embeddable":true,"href":"https:\/\/pueyrredonmotos.com\/honda\/wp-json\/wp\/v2\/product_tag?post=8985"}],"curies":[{"name":"wp","href":"https:\/\/api.w.org\/{rel}","templated":true}]}}