{"id":8659,"date":"2023-10-31T13:36:55","date_gmt":"2023-10-31T16:36:55","guid":{"rendered":"https:\/\/pueyrredonmotos.com\/honda\/?post_type=product&#038;p=8659"},"modified":"2024-08-12T00:42:48","modified_gmt":"2024-08-12T03:42:48","slug":"honda-pcx-160","status":"publish","type":"product","link":"https:\/\/pueyrredonmotos.com\/honda\/producto\/honda-pcx-160\/","title":{"rendered":"Honda PCX 160"},"content":{"rendered":"<p><img loading=\"lazy\" decoding=\"async\" class=\"alignnone size-full wp-image-8661\" src=\"https:\/\/pueyrredonmotos.com\/honda\/wp-content\/uploads\/2023\/10\/pcx160-DEST.jpg\" alt=\"\" width=\"1400\" height=\"593\" srcset=\"https:\/\/pueyrredonmotos.com\/honda\/wp-content\/uploads\/2023\/10\/pcx160-DEST.jpg 1400w, https:\/\/pueyrredonmotos.com\/honda\/wp-content\/uploads\/2023\/10\/pcx160-DEST-300x127.jpg 300w, https:\/\/pueyrredonmotos.com\/honda\/wp-content\/uploads\/2023\/10\/pcx160-DEST-1024x434.jpg 1024w, https:\/\/pueyrredonmotos.com\/honda\/wp-content\/uploads\/2023\/10\/pcx160-DEST-768x325.jpg 768w, https:\/\/pueyrredonmotos.com\/honda\/wp-content\/uploads\/2023\/10\/pcx160-DEST-800x339.jpg 800w\" sizes=\"auto, (max-width: 1400px) 100vw, 1400px\" \/><\/p>\n<p><strong>DISE\u00d1O RENOVADO:<\/strong> Con l\u00edneas m\u00e1s llamativas y un estilo m\u00e1s moderno, la evoluci\u00f3n del modelo PCX presenta un dise\u00f1o elegante que la destaca en su segmento.<\/p>\n<p><img loading=\"lazy\" decoding=\"async\" class=\"alignnone size-full wp-image-8662\" src=\"https:\/\/pueyrredonmotos.com\/honda\/wp-content\/uploads\/2023\/10\/pcx160-diseno.jpg\" alt=\"\" width=\"1010\" height=\"441\" srcset=\"https:\/\/pueyrredonmotos.com\/honda\/wp-content\/uploads\/2023\/10\/pcx160-diseno.jpg 1010w, https:\/\/pueyrredonmotos.com\/honda\/wp-content\/uploads\/2023\/10\/pcx160-diseno-300x131.jpg 300w, https:\/\/pueyrredonmotos.com\/honda\/wp-content\/uploads\/2023\/10\/pcx160-diseno-768x335.jpg 768w, https:\/\/pueyrredonmotos.com\/honda\/wp-content\/uploads\/2023\/10\/pcx160-diseno-800x349.jpg 800w\" sizes=\"auto, (max-width: 1010px) 100vw, 1010px\" \/><\/p>\n<p><strong>CONFORT: COMODIDAD PARA TU D\u00cdA A D\u00cdA<\/strong><\/p>\n<p>El nuevo dise\u00f1o del chasis garantiza una posici\u00f3n de manejo a\u00fan m\u00e1s confortable y relajada que la de su predecesora, haciendo de la nueva PCX 160 la opci\u00f3n ideal para tus traslados diarios.<\/p>\n<p><i class=\"fa fa-file-pdf-o\" aria-hidden=\"true\"><\/i> <a href=\"https:\/\/motos.honda.com.ar\/uploads\/modelos\/55\/fichas_tecnicas\/55c-0ficha-tecnica-pcx-160.pdf\">Ficha T\u00e9cnica<\/a><\/p>\n<p><img loading=\"lazy\" decoding=\"async\" class=\"alignnone size-full wp-image-8663\" src=\"https:\/\/pueyrredonmotos.com\/honda\/wp-content\/uploads\/2023\/10\/pcx160-CONF-1.jpg\" alt=\"\" width=\"1010\" height=\"441\" srcset=\"https:\/\/pueyrredonmotos.com\/honda\/wp-content\/uploads\/2023\/10\/pcx160-CONF-1.jpg 1010w, https:\/\/pueyrredonmotos.com\/honda\/wp-content\/uploads\/2023\/10\/pcx160-CONF-1-300x131.jpg 300w, https:\/\/pueyrredonmotos.com\/honda\/wp-content\/uploads\/2023\/10\/pcx160-CONF-1-768x335.jpg 768w, https:\/\/pueyrredonmotos.com\/honda\/wp-content\/uploads\/2023\/10\/pcx160-CONF-1-800x349.jpg 800w\" sizes=\"auto, (max-width: 1010px) 100vw, 1010px\" \/><\/p>\n<p>Con una capacidad de 30 litros, el portaobjetos brinda ahora m\u00e1s espacio para guardar todo lo que necesites.<\/p>\n<p><img loading=\"lazy\" decoding=\"async\" class=\"alignnone size-full wp-image-8664\" src=\"https:\/\/pueyrredonmotos.com\/honda\/wp-content\/uploads\/2023\/10\/pcx160-CONF-baul-2.jpg\" alt=\"\" width=\"1010\" height=\"441\" srcset=\"https:\/\/pueyrredonmotos.com\/honda\/wp-content\/uploads\/2023\/10\/pcx160-CONF-baul-2.jpg 1010w, https:\/\/pueyrredonmotos.com\/honda\/wp-content\/uploads\/2023\/10\/pcx160-CONF-baul-2-300x131.jpg 300w, https:\/\/pueyrredonmotos.com\/honda\/wp-content\/uploads\/2023\/10\/pcx160-CONF-baul-2-768x335.jpg 768w, https:\/\/pueyrredonmotos.com\/honda\/wp-content\/uploads\/2023\/10\/pcx160-CONF-baul-2-800x349.jpg 800w\" sizes=\"auto, (max-width: 1010px) 100vw, 1010px\" \/><\/p>\n<p><strong>TECNOLOG\u00cdA PARA FACILITAR TU MOVILIDAD<\/strong><\/p>\n<p>El exclusivo y altamente eficiente sistema de luces FULL LED garantiza una mayor iluminaci\u00f3n y visibilidad para tus trayectos nocturnos.<\/p>\n<p><img loading=\"lazy\" decoding=\"async\" class=\"alignnone size-full wp-image-8665\" src=\"https:\/\/pueyrredonmotos.com\/honda\/wp-content\/uploads\/2023\/10\/pcx160-tecnologia-1.jpg\" alt=\"\" width=\"1010\" height=\"441\" srcset=\"https:\/\/pueyrredonmotos.com\/honda\/wp-content\/uploads\/2023\/10\/pcx160-tecnologia-1.jpg 1010w, https:\/\/pueyrredonmotos.com\/honda\/wp-content\/uploads\/2023\/10\/pcx160-tecnologia-1-300x131.jpg 300w, https:\/\/pueyrredonmotos.com\/honda\/wp-content\/uploads\/2023\/10\/pcx160-tecnologia-1-768x335.jpg 768w, https:\/\/pueyrredonmotos.com\/honda\/wp-content\/uploads\/2023\/10\/pcx160-tecnologia-1-800x349.jpg 800w\" sizes=\"auto, (max-width: 1010px) 100vw, 1010px\" \/><\/p>\n<p>El tablero 100% digital est\u00e1 preparado para brindar toda la informaci\u00f3n necesaria para desplazarse con tranquilidad.<\/p>\n<p><img loading=\"lazy\" decoding=\"async\" class=\"alignnone size-full wp-image-8666\" src=\"https:\/\/pueyrredonmotos.com\/honda\/wp-content\/uploads\/2023\/10\/pcx160-tecnologia-2.jpg\" alt=\"\" width=\"1010\" height=\"441\" srcset=\"https:\/\/pueyrredonmotos.com\/honda\/wp-content\/uploads\/2023\/10\/pcx160-tecnologia-2.jpg 1010w, https:\/\/pueyrredonmotos.com\/honda\/wp-content\/uploads\/2023\/10\/pcx160-tecnologia-2-300x131.jpg 300w, https:\/\/pueyrredonmotos.com\/honda\/wp-content\/uploads\/2023\/10\/pcx160-tecnologia-2-768x335.jpg 768w, https:\/\/pueyrredonmotos.com\/honda\/wp-content\/uploads\/2023\/10\/pcx160-tecnologia-2-800x349.jpg 800w\" sizes=\"auto, (max-width: 1010px) 100vw, 1010px\" \/><\/p>\n<p>Salir a andar nunca fue tan f\u00e1cil: gracias a su Smart Key, la nueva PCX 160 puede encenderse sin sacar la llave del bolsillo, la mochila o la cartera.<\/p>\n<p><img loading=\"lazy\" decoding=\"async\" class=\"alignnone size-full wp-image-8667\" src=\"https:\/\/pueyrredonmotos.com\/honda\/wp-content\/uploads\/2023\/10\/pcx160-tecnologia-3.jpg\" alt=\"\" width=\"1010\" height=\"441\" srcset=\"https:\/\/pueyrredonmotos.com\/honda\/wp-content\/uploads\/2023\/10\/pcx160-tecnologia-3.jpg 1010w, https:\/\/pueyrredonmotos.com\/honda\/wp-content\/uploads\/2023\/10\/pcx160-tecnologia-3-300x131.jpg 300w, https:\/\/pueyrredonmotos.com\/honda\/wp-content\/uploads\/2023\/10\/pcx160-tecnologia-3-768x335.jpg 768w, https:\/\/pueyrredonmotos.com\/honda\/wp-content\/uploads\/2023\/10\/pcx160-tecnologia-3-800x349.jpg 800w\" sizes=\"auto, (max-width: 1010px) 100vw, 1010px\" \/><\/p>\n<p>El puerto USB te permitir\u00e1 mantener tus dispositivos m\u00f3viles cargados para facilitar tu d\u00eda a d\u00eda.<\/p>\n<p><img loading=\"lazy\" decoding=\"async\" class=\"alignnone size-full wp-image-8668\" src=\"https:\/\/pueyrredonmotos.com\/honda\/wp-content\/uploads\/2023\/10\/pcx160-tecnologia-4.jpg\" alt=\"\" width=\"1010\" height=\"441\" srcset=\"https:\/\/pueyrredonmotos.com\/honda\/wp-content\/uploads\/2023\/10\/pcx160-tecnologia-4.jpg 1010w, https:\/\/pueyrredonmotos.com\/honda\/wp-content\/uploads\/2023\/10\/pcx160-tecnologia-4-300x131.jpg 300w, https:\/\/pueyrredonmotos.com\/honda\/wp-content\/uploads\/2023\/10\/pcx160-tecnologia-4-768x335.jpg 768w, https:\/\/pueyrredonmotos.com\/honda\/wp-content\/uploads\/2023\/10\/pcx160-tecnologia-4-800x349.jpg 800w\" sizes=\"auto, (max-width: 1010px) 100vw, 1010px\" \/><\/p>\n<p><strong>SEGURIDAD: MANEJO SEGURO<\/strong><\/p>\n<p>La nueva PCX 160 cuenta ahora con sistema de frenado ABS, para evitar bloqueos en la rueda delantera.<\/p>\n<p><img loading=\"lazy\" decoding=\"async\" class=\"alignnone size-full wp-image-8669\" src=\"https:\/\/pueyrredonmotos.com\/honda\/wp-content\/uploads\/2023\/10\/pcx160-seguridad-1.jpg\" alt=\"\" width=\"1010\" height=\"441\" srcset=\"https:\/\/pueyrredonmotos.com\/honda\/wp-content\/uploads\/2023\/10\/pcx160-seguridad-1.jpg 1010w, https:\/\/pueyrredonmotos.com\/honda\/wp-content\/uploads\/2023\/10\/pcx160-seguridad-1-300x131.jpg 300w, https:\/\/pueyrredonmotos.com\/honda\/wp-content\/uploads\/2023\/10\/pcx160-seguridad-1-768x335.jpg 768w, https:\/\/pueyrredonmotos.com\/honda\/wp-content\/uploads\/2023\/10\/pcx160-seguridad-1-800x349.jpg 800w\" sizes=\"auto, (max-width: 1010px) 100vw, 1010px\" \/><\/p>\n<p>Incorpora tambi\u00e9n un disco trasero de 220mm, mejorando la eficiencia del frenado.<\/p>\n<p><img loading=\"lazy\" decoding=\"async\" class=\"alignnone size-full wp-image-8670\" src=\"https:\/\/pueyrredonmotos.com\/honda\/wp-content\/uploads\/2023\/10\/pcx160-seguridad-2.jpg\" alt=\"\" width=\"1010\" height=\"441\" srcset=\"https:\/\/pueyrredonmotos.com\/honda\/wp-content\/uploads\/2023\/10\/pcx160-seguridad-2.jpg 1010w, https:\/\/pueyrredonmotos.com\/honda\/wp-content\/uploads\/2023\/10\/pcx160-seguridad-2-300x131.jpg 300w, https:\/\/pueyrredonmotos.com\/honda\/wp-content\/uploads\/2023\/10\/pcx160-seguridad-2-768x335.jpg 768w, https:\/\/pueyrredonmotos.com\/honda\/wp-content\/uploads\/2023\/10\/pcx160-seguridad-2-800x349.jpg 800w\" sizes=\"auto, (max-width: 1010px) 100vw, 1010px\" \/><\/p>\n<p>El sistema HSTC (Honda Selectable Torque Control) controla la tracci\u00f3n del neum\u00e1tico trasero en todo momento, transmitiendo una sensaci\u00f3n de conducci\u00f3n m\u00e1s segura.<\/p>\n<p><img loading=\"lazy\" decoding=\"async\" class=\"alignnone size-full wp-image-8671\" src=\"https:\/\/pueyrredonmotos.com\/honda\/wp-content\/uploads\/2023\/10\/pcx160-seguridad-3.jpg\" alt=\"\" width=\"1010\" height=\"441\" srcset=\"https:\/\/pueyrredonmotos.com\/honda\/wp-content\/uploads\/2023\/10\/pcx160-seguridad-3.jpg 1010w, https:\/\/pueyrredonmotos.com\/honda\/wp-content\/uploads\/2023\/10\/pcx160-seguridad-3-300x131.jpg 300w, https:\/\/pueyrredonmotos.com\/honda\/wp-content\/uploads\/2023\/10\/pcx160-seguridad-3-768x335.jpg 768w, https:\/\/pueyrredonmotos.com\/honda\/wp-content\/uploads\/2023\/10\/pcx160-seguridad-3-800x349.jpg 800w\" sizes=\"auto, (max-width: 1010px) 100vw, 1010px\" \/><\/p>\n<p>La alarma, programable y con sistema de proximidad, fue dise\u00f1ada para garantizar tu tranquilidad al momento de dejar tu PCX estacionada.<\/p>\n<p><img loading=\"lazy\" decoding=\"async\" class=\"alignnone size-full wp-image-8667\" src=\"https:\/\/pueyrredonmotos.com\/honda\/wp-content\/uploads\/2023\/10\/pcx160-tecnologia-3.jpg\" alt=\"\" width=\"1010\" height=\"441\" srcset=\"https:\/\/pueyrredonmotos.com\/honda\/wp-content\/uploads\/2023\/10\/pcx160-tecnologia-3.jpg 1010w, https:\/\/pueyrredonmotos.com\/honda\/wp-content\/uploads\/2023\/10\/pcx160-tecnologia-3-300x131.jpg 300w, https:\/\/pueyrredonmotos.com\/honda\/wp-content\/uploads\/2023\/10\/pcx160-tecnologia-3-768x335.jpg 768w, https:\/\/pueyrredonmotos.com\/honda\/wp-content\/uploads\/2023\/10\/pcx160-tecnologia-3-800x349.jpg 800w\" sizes=\"auto, (max-width: 1010px) 100vw, 1010px\" \/><\/p>\n<p><strong>MOTOR Y TRANSMISI\u00d3N: RENDIMIENTO Y EFICIENCIA<\/strong><\/p>\n<p>La nueva PCX 160 cuenta ahora con un nuevo motor de 157 cm3, de mejor rendimiento y eficiencia de combustible. Est\u00e1 asociado a una transmisi\u00f3n autom\u00e1tica que garantiza un manejo agradable y suave.<\/p>\n<p><img loading=\"lazy\" decoding=\"async\" class=\"alignnone size-full wp-image-8674\" src=\"https:\/\/pueyrredonmotos.com\/honda\/wp-content\/uploads\/2023\/10\/pcx160-motor.jpg\" alt=\"\" width=\"1010\" height=\"441\" srcset=\"https:\/\/pueyrredonmotos.com\/honda\/wp-content\/uploads\/2023\/10\/pcx160-motor.jpg 1010w, https:\/\/pueyrredonmotos.com\/honda\/wp-content\/uploads\/2023\/10\/pcx160-motor-300x131.jpg 300w, https:\/\/pueyrredonmotos.com\/honda\/wp-content\/uploads\/2023\/10\/pcx160-motor-768x335.jpg 768w, https:\/\/pueyrredonmotos.com\/honda\/wp-content\/uploads\/2023\/10\/pcx160-motor-800x349.jpg 800w\" sizes=\"auto, (max-width: 1010px) 100vw, 1010px\" \/><\/p>\n<!-- Popup open button -->\r\n<div class=\"wws-popup__open-btn wws--bg-color wws--text-color wws-shadow\">\r\n<span> Consultas por Whatsapp<\/span>\r\n<\/div>\r\n<p>&nbsp;<\/p>\r\n<p>&nbsp;<\/p>\r\n\n","protected":false},"excerpt":{"rendered":"<p><strong>Honda PCX 160:<\/strong> dise\u00f1o moderno y comodidad en cada viaje. Con avanzada tecnolog\u00eda LED, puerto USB y un motor eficiente, esta motocicleta es la opci\u00f3n perfecta para tus trayectos diarios. Seguridad ABS, sistema HSTC y posici\u00f3n de manejo relajado hacen de cada viaje una experiencia confiable y placentera.<\/p>\n<p>Encontrala en <strong>Pueyrred\u00f3n Motos<\/strong>, Concesionario Oficial Honda.<\/p>\n<p>[wpcode id=\"10175\"]<br \/>\n<\/p>\n<hr \/>\n","protected":false},"featured_media":8677,"template":"","meta":[],"product_brand":[],"product_cat":[15],"product_tag":[32],"class_list":{"0":"post-8659","1":"product","2":"type-product","3":"status-publish","4":"has-post-thumbnail","6":"product_cat-motos-0km","7":"product_tag-scooter","9":"first","10":"instock","11":"shipping-taxable","12":"purchasable","13":"product-type-simple"},"yoast_head":"<!-- This site is optimized with the Yoast SEO Premium plugin v21.2 (Yoast SEO v27.3) - https:\/\/yoast.com\/product\/yoast-seo-premium-wordpress\/ -->\n<title>Honda PCX 160 - Pueyrred\u00f3n Motos<\/title>\n<meta name=\"robots\" content=\"index, follow, max-snippet:-1, max-image-preview:large, max-video-preview:-1\" \/>\n<link rel=\"canonical\" href=\"https:\/\/pueyrredonmotos.com\/honda\/producto\/honda-pcx-160\/\" \/>\n<meta property=\"og:locale\" content=\"es_ES\" \/>\n<meta property=\"og:type\" content=\"article\" \/>\n<meta property=\"og:title\" content=\"Honda PCX 160\" \/>\n<meta property=\"og:description\" content=\"Honda PCX 160: dise\u00f1o moderno y comodidad en cada viaje. Con avanzada tecnolog\u00eda LED, puerto USB y un motor eficiente, esta motocicleta es la opci\u00f3n perfecta para tus trayectos diarios. Seguridad ABS, sistema HSTC y posici\u00f3n de manejo relajado hacen de cada viaje una experiencia confiable y placentera.  Encontrala en Pueyrred\u00f3n Motos, Concesionario Oficial Honda.\" \/>\n<meta property=\"og:url\" content=\"https:\/\/pueyrredonmotos.com\/honda\/producto\/honda-pcx-160\/\" \/>\n<meta property=\"og:site_name\" content=\"Pueyrred\u00f3n Motos\" \/>\n<meta property=\"article:publisher\" content=\"https:\/\/www.facebook.com\/pueyrredonmotos.honda\" \/>\n<meta property=\"article:modified_time\" content=\"2024-08-12T03:42:48+00:00\" \/>\n<meta property=\"og:image\" content=\"https:\/\/pueyrredonmotos.com\/honda\/wp-content\/uploads\/2023\/10\/pcx160-azul.jpeg\" \/>\n\t<meta property=\"og:image:width\" content=\"1000\" \/>\n\t<meta property=\"og:image:height\" content=\"1000\" \/>\n\t<meta property=\"og:image:type\" content=\"image\/jpeg\" \/>\n<meta name=\"twitter:card\" content=\"summary_large_image\" \/>\n<meta name=\"twitter:label1\" content=\"Tiempo de lectura\" \/>\n\t<meta name=\"twitter:data1\" content=\"5 minutos\" \/>\n<script type=\"application\/ld+json\" class=\"yoast-schema-graph\">{\"@context\":\"https:\\\/\\\/schema.org\",\"@graph\":[{\"@type\":\"WebPage\",\"@id\":\"https:\\\/\\\/pueyrredonmotos.com\\\/honda\\\/producto\\\/honda-pcx-160\\\/\",\"url\":\"https:\\\/\\\/pueyrredonmotos.com\\\/honda\\\/producto\\\/honda-pcx-160\\\/\",\"name\":\"Honda PCX 160 - Pueyrred\u00f3n Motos\",\"isPartOf\":{\"@id\":\"https:\\\/\\\/pueyrredonmotos.com\\\/honda\\\/#website\"},\"primaryImageOfPage\":{\"@id\":\"https:\\\/\\\/pueyrredonmotos.com\\\/honda\\\/producto\\\/honda-pcx-160\\\/#primaryimage\"},\"image\":{\"@id\":\"https:\\\/\\\/pueyrredonmotos.com\\\/honda\\\/producto\\\/honda-pcx-160\\\/#primaryimage\"},\"thumbnailUrl\":\"https:\\\/\\\/pueyrredonmotos.com\\\/honda\\\/wp-content\\\/uploads\\\/2023\\\/10\\\/pcx160-azul.jpeg\",\"datePublished\":\"2023-10-31T16:36:55+00:00\",\"dateModified\":\"2024-08-12T03:42:48+00:00\",\"breadcrumb\":{\"@id\":\"https:\\\/\\\/pueyrredonmotos.com\\\/honda\\\/producto\\\/honda-pcx-160\\\/#breadcrumb\"},\"inLanguage\":\"es\",\"potentialAction\":[{\"@type\":\"ReadAction\",\"target\":[\"https:\\\/\\\/pueyrredonmotos.com\\\/honda\\\/producto\\\/honda-pcx-160\\\/\"]}]},{\"@type\":\"ImageObject\",\"inLanguage\":\"es\",\"@id\":\"https:\\\/\\\/pueyrredonmotos.com\\\/honda\\\/producto\\\/honda-pcx-160\\\/#primaryimage\",\"url\":\"https:\\\/\\\/pueyrredonmotos.com\\\/honda\\\/wp-content\\\/uploads\\\/2023\\\/10\\\/pcx160-azul.jpeg\",\"contentUrl\":\"https:\\\/\\\/pueyrredonmotos.com\\\/honda\\\/wp-content\\\/uploads\\\/2023\\\/10\\\/pcx160-azul.jpeg\",\"width\":1000,\"height\":1000},{\"@type\":\"BreadcrumbList\",\"@id\":\"https:\\\/\\\/pueyrredonmotos.com\\\/honda\\\/producto\\\/honda-pcx-160\\\/#breadcrumb\",\"itemListElement\":[{\"@type\":\"ListItem\",\"position\":1,\"name\":\"Home\",\"item\":\"https:\\\/\\\/pueyrredonmotos.com\\\/honda\\\/\"},{\"@type\":\"ListItem\",\"position\":2,\"name\":\"Cat\u00e1logo\",\"item\":\"https:\\\/\\\/pueyrredonmotos.com\\\/honda\\\/catalogo\\\/\"},{\"@type\":\"ListItem\",\"position\":3,\"name\":\"Honda PCX 160\"}]},{\"@type\":\"WebSite\",\"@id\":\"https:\\\/\\\/pueyrredonmotos.com\\\/honda\\\/#website\",\"url\":\"https:\\\/\\\/pueyrredonmotos.com\\\/honda\\\/\",\"name\":\"Pueyrred\u00f3n Motos\",\"description\":\"Concesionario Oficial Honda\",\"publisher\":{\"@id\":\"https:\\\/\\\/pueyrredonmotos.com\\\/honda\\\/#organization\"},\"potentialAction\":[{\"@type\":\"SearchAction\",\"target\":{\"@type\":\"EntryPoint\",\"urlTemplate\":\"https:\\\/\\\/pueyrredonmotos.com\\\/honda\\\/?s={search_term_string}\"},\"query-input\":{\"@type\":\"PropertyValueSpecification\",\"valueRequired\":true,\"valueName\":\"search_term_string\"}}],\"inLanguage\":\"es\"},{\"@type\":\"Organization\",\"@id\":\"https:\\\/\\\/pueyrredonmotos.com\\\/honda\\\/#organization\",\"name\":\"Pueyrred\u00f3n Motos\",\"url\":\"https:\\\/\\\/pueyrredonmotos.com\\\/honda\\\/\",\"logo\":{\"@type\":\"ImageObject\",\"inLanguage\":\"es\",\"@id\":\"https:\\\/\\\/pueyrredonmotos.com\\\/honda\\\/#\\\/schema\\\/logo\\\/image\\\/\",\"url\":\"https:\\\/\\\/pueyrredonmotos.com\\\/honda\\\/wp-content\\\/uploads\\\/2023\\\/09\\\/logo-180-66.png\",\"contentUrl\":\"https:\\\/\\\/pueyrredonmotos.com\\\/honda\\\/wp-content\\\/uploads\\\/2023\\\/09\\\/logo-180-66.png\",\"width\":180,\"height\":66,\"caption\":\"Pueyrred\u00f3n Motos\"},\"image\":{\"@id\":\"https:\\\/\\\/pueyrredonmotos.com\\\/honda\\\/#\\\/schema\\\/logo\\\/image\\\/\"},\"sameAs\":[\"https:\\\/\\\/www.facebook.com\\\/pueyrredonmotos.honda\",\"https:\\\/\\\/www.instagram.com\\\/pueyrredonmotos.honda\\\/\"]}]}<\/script>\n<!-- \/ Yoast SEO Premium plugin. -->","yoast_head_json":{"title":"Honda PCX 160 - Pueyrred\u00f3n Motos","robots":{"index":"index","follow":"follow","max-snippet":"max-snippet:-1","max-image-preview":"max-image-preview:large","max-video-preview":"max-video-preview:-1"},"canonical":"https:\/\/pueyrredonmotos.com\/honda\/producto\/honda-pcx-160\/","og_locale":"es_ES","og_type":"article","og_title":"Honda PCX 160","og_description":"Honda PCX 160: dise\u00f1o moderno y comodidad en cada viaje. Con avanzada tecnolog\u00eda LED, puerto USB y un motor eficiente, esta motocicleta es la opci\u00f3n perfecta para tus trayectos diarios. Seguridad ABS, sistema HSTC y posici\u00f3n de manejo relajado hacen de cada viaje una experiencia confiable y placentera.  Encontrala en Pueyrred\u00f3n Motos, Concesionario Oficial Honda.","og_url":"https:\/\/pueyrredonmotos.com\/honda\/producto\/honda-pcx-160\/","og_site_name":"Pueyrred\u00f3n Motos","article_publisher":"https:\/\/www.facebook.com\/pueyrredonmotos.honda","article_modified_time":"2024-08-12T03:42:48+00:00","og_image":[{"width":1000,"height":1000,"url":"https:\/\/pueyrredonmotos.com\/honda\/wp-content\/uploads\/2023\/10\/pcx160-azul.jpeg","type":"image\/jpeg"}],"twitter_card":"summary_large_image","twitter_misc":{"Tiempo de lectura":"5 minutos"},"schema":{"@context":"https:\/\/schema.org","@graph":[{"@type":"WebPage","@id":"https:\/\/pueyrredonmotos.com\/honda\/producto\/honda-pcx-160\/","url":"https:\/\/pueyrredonmotos.com\/honda\/producto\/honda-pcx-160\/","name":"Honda PCX 160 - Pueyrred\u00f3n Motos","isPartOf":{"@id":"https:\/\/pueyrredonmotos.com\/honda\/#website"},"primaryImageOfPage":{"@id":"https:\/\/pueyrredonmotos.com\/honda\/producto\/honda-pcx-160\/#primaryimage"},"image":{"@id":"https:\/\/pueyrredonmotos.com\/honda\/producto\/honda-pcx-160\/#primaryimage"},"thumbnailUrl":"https:\/\/pueyrredonmotos.com\/honda\/wp-content\/uploads\/2023\/10\/pcx160-azul.jpeg","datePublished":"2023-10-31T16:36:55+00:00","dateModified":"2024-08-12T03:42:48+00:00","breadcrumb":{"@id":"https:\/\/pueyrredonmotos.com\/honda\/producto\/honda-pcx-160\/#breadcrumb"},"inLanguage":"es","potentialAction":[{"@type":"ReadAction","target":["https:\/\/pueyrredonmotos.com\/honda\/producto\/honda-pcx-160\/"]}]},{"@type":"ImageObject","inLanguage":"es","@id":"https:\/\/pueyrredonmotos.com\/honda\/producto\/honda-pcx-160\/#primaryimage","url":"https:\/\/pueyrredonmotos.com\/honda\/wp-content\/uploads\/2023\/10\/pcx160-azul.jpeg","contentUrl":"https:\/\/pueyrredonmotos.com\/honda\/wp-content\/uploads\/2023\/10\/pcx160-azul.jpeg","width":1000,"height":1000},{"@type":"BreadcrumbList","@id":"https:\/\/pueyrredonmotos.com\/honda\/producto\/honda-pcx-160\/#breadcrumb","itemListElement":[{"@type":"ListItem","position":1,"name":"Home","item":"https:\/\/pueyrredonmotos.com\/honda\/"},{"@type":"ListItem","position":2,"name":"Cat\u00e1logo","item":"https:\/\/pueyrredonmotos.com\/honda\/catalogo\/"},{"@type":"ListItem","position":3,"name":"Honda PCX 160"}]},{"@type":"WebSite","@id":"https:\/\/pueyrredonmotos.com\/honda\/#website","url":"https:\/\/pueyrredonmotos.com\/honda\/","name":"Pueyrred\u00f3n Motos","description":"Concesionario Oficial Honda","publisher":{"@id":"https:\/\/pueyrredonmotos.com\/honda\/#organization"},"potentialAction":[{"@type":"SearchAction","target":{"@type":"EntryPoint","urlTemplate":"https:\/\/pueyrredonmotos.com\/honda\/?s={search_term_string}"},"query-input":{"@type":"PropertyValueSpecification","valueRequired":true,"valueName":"search_term_string"}}],"inLanguage":"es"},{"@type":"Organization","@id":"https:\/\/pueyrredonmotos.com\/honda\/#organization","name":"Pueyrred\u00f3n Motos","url":"https:\/\/pueyrredonmotos.com\/honda\/","logo":{"@type":"ImageObject","inLanguage":"es","@id":"https:\/\/pueyrredonmotos.com\/honda\/#\/schema\/logo\/image\/","url":"https:\/\/pueyrredonmotos.com\/honda\/wp-content\/uploads\/2023\/09\/logo-180-66.png","contentUrl":"https:\/\/pueyrredonmotos.com\/honda\/wp-content\/uploads\/2023\/09\/logo-180-66.png","width":180,"height":66,"caption":"Pueyrred\u00f3n Motos"},"image":{"@id":"https:\/\/pueyrredonmotos.com\/honda\/#\/schema\/logo\/image\/"},"sameAs":["https:\/\/www.facebook.com\/pueyrredonmotos.honda","https:\/\/www.instagram.com\/pueyrredonmotos.honda\/"]}]}},"_links":{"self":[{"href":"https:\/\/pueyrredonmotos.com\/honda\/wp-json\/wp\/v2\/product\/8659","targetHints":{"allow":["GET"]}}],"collection":[{"href":"https:\/\/pueyrredonmotos.com\/honda\/wp-json\/wp\/v2\/product"}],"about":[{"href":"https:\/\/pueyrredonmotos.com\/honda\/wp-json\/wp\/v2\/types\/product"}],"wp:featuredmedia":[{"embeddable":true,"href":"https:\/\/pueyrredonmotos.com\/honda\/wp-json\/wp\/v2\/media\/8677"}],"wp:attachment":[{"href":"https:\/\/pueyrredonmotos.com\/honda\/wp-json\/wp\/v2\/media?parent=8659"}],"wp:term":[{"taxonomy":"product_brand","embeddable":true,"href":"https:\/\/pueyrredonmotos.com\/honda\/wp-json\/wp\/v2\/product_brand?post=8659"},{"taxonomy":"product_cat","embeddable":true,"href":"https:\/\/pueyrredonmotos.com\/honda\/wp-json\/wp\/v2\/product_cat?post=8659"},{"taxonomy":"product_tag","embeddable":true,"href":"https:\/\/pueyrredonmotos.com\/honda\/wp-json\/wp\/v2\/product_tag?post=8659"}],"curies":[{"name":"wp","href":"https:\/\/api.w.org\/{rel}","templated":true}]}}