{"id":7767,"date":"2023-09-24T16:44:21","date_gmt":"2023-09-24T19:44:21","guid":{"rendered":"https:\/\/pueyrredonmotos.com\/honda\/?post_type=product&#038;p=7767"},"modified":"2024-08-12T00:22:25","modified_gmt":"2024-08-12T03:22:25","slug":"honda-cb500f","status":"publish","type":"product","link":"https:\/\/pueyrredonmotos.com\/honda\/producto\/honda-cb500f\/","title":{"rendered":"Honda CB500F"},"content":{"rendered":"<p><img loading=\"lazy\" decoding=\"async\" class=\"alignnone size-full wp-image-7768\" src=\"https:\/\/pueyrredonmotos.com\/honda\/wp-content\/uploads\/2023\/09\/honda-cb500f.jpg\" alt=\"\" width=\"1400\" height=\"593\" srcset=\"https:\/\/pueyrredonmotos.com\/honda\/wp-content\/uploads\/2023\/09\/honda-cb500f.jpg 1400w, https:\/\/pueyrredonmotos.com\/honda\/wp-content\/uploads\/2023\/09\/honda-cb500f-800x339.jpg 800w, https:\/\/pueyrredonmotos.com\/honda\/wp-content\/uploads\/2023\/09\/honda-cb500f-300x127.jpg 300w, https:\/\/pueyrredonmotos.com\/honda\/wp-content\/uploads\/2023\/09\/honda-cb500f-1024x434.jpg 1024w, https:\/\/pueyrredonmotos.com\/honda\/wp-content\/uploads\/2023\/09\/honda-cb500f-768x325.jpg 768w\" sizes=\"auto, (max-width: 1400px) 100vw, 1400px\" \/><\/p>\n<p><strong>DISE\u00d1O:<\/strong> Con un faro delantero full LED de doble lente, el cual le da un aspecto vanguardista, haci\u00e9ndose notar, no solo por su dise\u00f1o, sino tambi\u00e9n por su amplitud al momento de iluminar.<\/p>\n<p><i class=\"fa fa-file-pdf-o\" aria-hidden=\"true\"><\/i> <a href=\"https:\/\/motos.honda.com.ar\/uploads\/modelos\/37\/fichas_tecnicas\/37c-0ficha-tecnica-cb500f.pdf\">Ficha T\u00e9cnica<\/a><\/p>\n<p><img loading=\"lazy\" decoding=\"async\" class=\"alignnone size-full wp-image-7769\" src=\"https:\/\/pueyrredonmotos.com\/honda\/wp-content\/uploads\/2023\/09\/cb500f-diseno.png\" alt=\"\" width=\"712\" height=\"282\" srcset=\"https:\/\/pueyrredonmotos.com\/honda\/wp-content\/uploads\/2023\/09\/cb500f-diseno.png 712w, https:\/\/pueyrredonmotos.com\/honda\/wp-content\/uploads\/2023\/09\/cb500f-diseno-300x119.png 300w\" sizes=\"auto, (max-width: 712px) 100vw, 712px\" \/> <img loading=\"lazy\" decoding=\"async\" class=\"alignnone size-full wp-image-7770\" src=\"https:\/\/pueyrredonmotos.com\/honda\/wp-content\/uploads\/2023\/09\/cb500f-diseno-2.png\" alt=\"\" width=\"712\" height=\"282\" srcset=\"https:\/\/pueyrredonmotos.com\/honda\/wp-content\/uploads\/2023\/09\/cb500f-diseno-2.png 712w, https:\/\/pueyrredonmotos.com\/honda\/wp-content\/uploads\/2023\/09\/cb500f-diseno-2-300x119.png 300w\" sizes=\"auto, (max-width: 712px) 100vw, 712px\" \/><\/p>\n<p><strong>TECNOLOG\u00cdA:<\/strong> La CB500F cuenta con el revolucionario sistema de inyectores \u201cPGM-FI\u201d \u2013 Mayor capacidad del tanque de combustible, de 16,7 Lts. a 17,1 Lts. (reserva 3,2 Lts.) \u2013 Menor peso en orden de marcha, de 191 Kg. a 189 Kg.<br \/>\nSumando m\u00e1s puntos positivos destacamos: Instrumental digital renovado con pantalla LCD \u2013 Faro LED de doble lente \u2013 Suspensi\u00f3n trasera HONDA PRO-LINK.<\/p>\n<p><img loading=\"lazy\" decoding=\"async\" class=\"alignnone size-full wp-image-7771\" src=\"https:\/\/pueyrredonmotos.com\/honda\/wp-content\/uploads\/2023\/09\/cb500f-tecnologia.png\" alt=\"\" width=\"712\" height=\"282\" srcset=\"https:\/\/pueyrredonmotos.com\/honda\/wp-content\/uploads\/2023\/09\/cb500f-tecnologia.png 712w, https:\/\/pueyrredonmotos.com\/honda\/wp-content\/uploads\/2023\/09\/cb500f-tecnologia-300x119.png 300w\" sizes=\"auto, (max-width: 712px) 100vw, 712px\" \/> <img loading=\"lazy\" decoding=\"async\" class=\"alignnone size-full wp-image-7772\" src=\"https:\/\/pueyrredonmotos.com\/honda\/wp-content\/uploads\/2023\/09\/cb500f-tecnologia-2.png\" alt=\"\" width=\"712\" height=\"282\" srcset=\"https:\/\/pueyrredonmotos.com\/honda\/wp-content\/uploads\/2023\/09\/cb500f-tecnologia-2.png 712w, https:\/\/pueyrredonmotos.com\/honda\/wp-content\/uploads\/2023\/09\/cb500f-tecnologia-2-300x119.png 300w\" sizes=\"auto, (max-width: 712px) 100vw, 712px\" \/><\/p>\n<p><strong>DETALLES:<\/strong> La CB500F ofrece un asiento escalonado, perfecto para andar por la ciudad con gran comodidad, ya que, tambi\u00e9n ofrece espacio para un pasajero.<br \/>\nNuevo escape compacto de doble salida y mayor amplitud, lo cual implica un cambio del sonido, siendo mas deportivo al momento de acelerar.<\/p>\n<p><img loading=\"lazy\" decoding=\"async\" class=\"alignnone size-full wp-image-7773\" src=\"https:\/\/pueyrredonmotos.com\/honda\/wp-content\/uploads\/2023\/09\/cb500f-detalles-2.png\" alt=\"\" width=\"712\" height=\"282\" srcset=\"https:\/\/pueyrredonmotos.com\/honda\/wp-content\/uploads\/2023\/09\/cb500f-detalles-2.png 712w, https:\/\/pueyrredonmotos.com\/honda\/wp-content\/uploads\/2023\/09\/cb500f-detalles-2-300x119.png 300w\" sizes=\"auto, (max-width: 712px) 100vw, 712px\" \/><\/p>\n<p><strong>MOTOR:<\/strong> La CB500F esta equipada con un motor DOHC de 8 v\u00e1lvulas, refrigerado por l\u00edquido y un liviano chasis tubular. Esta distribuci\u00f3n equilibrada del peso, se traduce en mayor estabilidad y agilidad, tanto en ciudad como en ruta.<\/p>\n<p><img loading=\"lazy\" decoding=\"async\" class=\"alignnone size-full wp-image-7774\" src=\"https:\/\/pueyrredonmotos.com\/honda\/wp-content\/uploads\/2023\/09\/cb500f-motor.png\" alt=\"\" width=\"712\" height=\"282\" srcset=\"https:\/\/pueyrredonmotos.com\/honda\/wp-content\/uploads\/2023\/09\/cb500f-motor.png 712w, https:\/\/pueyrredonmotos.com\/honda\/wp-content\/uploads\/2023\/09\/cb500f-motor-300x119.png 300w\" sizes=\"auto, (max-width: 712px) 100vw, 712px\" \/><\/p>\n<p><strong>CUALIDAD A DESTACAR:<\/strong> Este modelo cuenta con un sistema de \u201cfrenada de emergencia\u201d que cuando el m\u00f3dulo del ABS detecta una frenada brusca a m\u00e1s de 56km\/h, la motocicleta activa un sistema de advertencia de luces, para dar aviso a los dem\u00e1s veh\u00edculos.<\/p>\n<p><img loading=\"lazy\" decoding=\"async\" class=\"alignnone size-full wp-image-7775\" src=\"https:\/\/pueyrredonmotos.com\/honda\/wp-content\/uploads\/2023\/09\/cb500f-calidad.png\" alt=\"\" width=\"712\" height=\"282\" srcset=\"https:\/\/pueyrredonmotos.com\/honda\/wp-content\/uploads\/2023\/09\/cb500f-calidad.png 712w, https:\/\/pueyrredonmotos.com\/honda\/wp-content\/uploads\/2023\/09\/cb500f-calidad-300x119.png 300w\" sizes=\"auto, (max-width: 712px) 100vw, 712px\" \/><\/p>\n<p><strong>TRANSMISI\u00d3N:<\/strong> Acelerar entre el tr\u00e1fico de la ciudad o conducir a altas revoluciones en ruta y trayectos largos, es posible dado a su caja de cambios de 6 velocidades que se adapta perfectamente a cualquier condici\u00f3n.<\/p>\n<p><img loading=\"lazy\" decoding=\"async\" class=\"alignnone size-full wp-image-7776\" src=\"https:\/\/pueyrredonmotos.com\/honda\/wp-content\/uploads\/2023\/09\/cb500f-transmision.png\" alt=\"\" width=\"712\" height=\"282\" srcset=\"https:\/\/pueyrredonmotos.com\/honda\/wp-content\/uploads\/2023\/09\/cb500f-transmision.png 712w, https:\/\/pueyrredonmotos.com\/honda\/wp-content\/uploads\/2023\/09\/cb500f-transmision-300x119.png 300w\" sizes=\"auto, (max-width: 712px) 100vw, 712px\" \/><\/p>\n<!-- Popup open button -->\r\n<div class=\"wws-popup__open-btn wws--bg-color wws--text-color wws-shadow\">\r\n<span> Consultas por Whatsapp<\/span>\r\n<\/div>\r\n<p>&nbsp;<\/p>\r\n<p>&nbsp;<\/p>\r\n\n","protected":false},"excerpt":{"rendered":"<p><strong>Honda CB500F:<\/strong> Una moto de estilo y rendimiento incomparables. Su dise\u00f1o vanguardista con faro LED de doble lente y avanzada tecnolog\u00eda &#8216;PGM-FI&#8217; garantizan una experiencia \u00fanica. Con un motor DOHC de 8 v\u00e1lvulas y un chasis ligero, ofrece agilidad en la ciudad y potencia en la carretera. Descubre la libertad sobre dos ruedas con la CB500F de Honda.<\/p>\n<p>Encontrala en <strong>Pueyrred\u00f3n Motos<\/strong>, Concesionario Oficial Honda.<\/p>\n<p>[wpcode id=\"10175\"]<br \/>\n<\/p>\n<hr \/>\n","protected":false},"featured_media":8404,"template":"","meta":[],"product_brand":[],"product_cat":[15],"product_tag":[228],"class_list":{"0":"post-7767","1":"product","2":"type-product","3":"status-publish","4":"has-post-thumbnail","6":"product_cat-motos-0km","7":"product_tag-sport","8":"pa_marca-honda","9":"pa_modelo-cb500f","11":"first","12":"instock","13":"shipping-taxable","14":"purchasable","15":"product-type-simple"},"yoast_head":"<!-- This site is optimized with the Yoast SEO Premium plugin v21.2 (Yoast SEO v27.3) - https:\/\/yoast.com\/product\/yoast-seo-premium-wordpress\/ -->\n<title>Honda CB500F - Pueyrred\u00f3n Motos<\/title>\n<meta name=\"robots\" content=\"index, follow, max-snippet:-1, max-image-preview:large, max-video-preview:-1\" \/>\n<link rel=\"canonical\" href=\"https:\/\/pueyrredonmotos.com\/honda\/producto\/honda-cb500f\/\" \/>\n<meta property=\"og:locale\" content=\"es_ES\" \/>\n<meta property=\"og:type\" content=\"article\" \/>\n<meta property=\"og:title\" content=\"Honda CB500F\" \/>\n<meta property=\"og:description\" content=\"Honda CB500F: Una moto de estilo y rendimiento incomparables. Su dise\u00f1o vanguardista con faro LED de doble lente y avanzada tecnolog\u00eda &#039;PGM-FI&#039; garantizan una experiencia \u00fanica. Con un motor DOHC de 8 v\u00e1lvulas y un chasis ligero, ofrece agilidad en la ciudad y potencia en la carretera. Descubre la libertad sobre dos ruedas con la CB500F de Honda.  Encontrala en Pueyrred\u00f3n Motos, Concesionario Oficial Honda.\" \/>\n<meta property=\"og:url\" content=\"https:\/\/pueyrredonmotos.com\/honda\/producto\/honda-cb500f\/\" \/>\n<meta property=\"og:site_name\" content=\"Pueyrred\u00f3n Motos\" \/>\n<meta property=\"article:publisher\" content=\"https:\/\/www.facebook.com\/pueyrredonmotos.honda\" \/>\n<meta property=\"article:modified_time\" content=\"2024-08-12T03:22:25+00:00\" \/>\n<meta property=\"og:image\" content=\"https:\/\/pueyrredonmotos.com\/honda\/wp-content\/uploads\/2023\/09\/cb500f-new-color-roja.png\" \/>\n\t<meta property=\"og:image:width\" content=\"500\" \/>\n\t<meta property=\"og:image:height\" content=\"500\" \/>\n\t<meta property=\"og:image:type\" content=\"image\/png\" \/>\n<meta name=\"twitter:card\" content=\"summary_large_image\" \/>\n<meta name=\"twitter:label1\" content=\"Tiempo de lectura\" \/>\n\t<meta name=\"twitter:data1\" content=\"4 minutos\" \/>\n<script type=\"application\/ld+json\" class=\"yoast-schema-graph\">{\"@context\":\"https:\\\/\\\/schema.org\",\"@graph\":[{\"@type\":\"WebPage\",\"@id\":\"https:\\\/\\\/pueyrredonmotos.com\\\/honda\\\/producto\\\/honda-cb500f\\\/\",\"url\":\"https:\\\/\\\/pueyrredonmotos.com\\\/honda\\\/producto\\\/honda-cb500f\\\/\",\"name\":\"Honda CB500F - Pueyrred\u00f3n Motos\",\"isPartOf\":{\"@id\":\"https:\\\/\\\/pueyrredonmotos.com\\\/honda\\\/#website\"},\"primaryImageOfPage\":{\"@id\":\"https:\\\/\\\/pueyrredonmotos.com\\\/honda\\\/producto\\\/honda-cb500f\\\/#primaryimage\"},\"image\":{\"@id\":\"https:\\\/\\\/pueyrredonmotos.com\\\/honda\\\/producto\\\/honda-cb500f\\\/#primaryimage\"},\"thumbnailUrl\":\"https:\\\/\\\/pueyrredonmotos.com\\\/honda\\\/wp-content\\\/uploads\\\/2023\\\/09\\\/cb500f-new-color-roja.png\",\"datePublished\":\"2023-09-24T19:44:21+00:00\",\"dateModified\":\"2024-08-12T03:22:25+00:00\",\"breadcrumb\":{\"@id\":\"https:\\\/\\\/pueyrredonmotos.com\\\/honda\\\/producto\\\/honda-cb500f\\\/#breadcrumb\"},\"inLanguage\":\"es\",\"potentialAction\":[{\"@type\":\"ReadAction\",\"target\":[\"https:\\\/\\\/pueyrredonmotos.com\\\/honda\\\/producto\\\/honda-cb500f\\\/\"]}]},{\"@type\":\"ImageObject\",\"inLanguage\":\"es\",\"@id\":\"https:\\\/\\\/pueyrredonmotos.com\\\/honda\\\/producto\\\/honda-cb500f\\\/#primaryimage\",\"url\":\"https:\\\/\\\/pueyrredonmotos.com\\\/honda\\\/wp-content\\\/uploads\\\/2023\\\/09\\\/cb500f-new-color-roja.png\",\"contentUrl\":\"https:\\\/\\\/pueyrredonmotos.com\\\/honda\\\/wp-content\\\/uploads\\\/2023\\\/09\\\/cb500f-new-color-roja.png\",\"width\":500,\"height\":500},{\"@type\":\"BreadcrumbList\",\"@id\":\"https:\\\/\\\/pueyrredonmotos.com\\\/honda\\\/producto\\\/honda-cb500f\\\/#breadcrumb\",\"itemListElement\":[{\"@type\":\"ListItem\",\"position\":1,\"name\":\"Home\",\"item\":\"https:\\\/\\\/pueyrredonmotos.com\\\/honda\\\/\"},{\"@type\":\"ListItem\",\"position\":2,\"name\":\"Cat\u00e1logo\",\"item\":\"https:\\\/\\\/pueyrredonmotos.com\\\/honda\\\/catalogo\\\/\"},{\"@type\":\"ListItem\",\"position\":3,\"name\":\"Honda CB500F\"}]},{\"@type\":\"WebSite\",\"@id\":\"https:\\\/\\\/pueyrredonmotos.com\\\/honda\\\/#website\",\"url\":\"https:\\\/\\\/pueyrredonmotos.com\\\/honda\\\/\",\"name\":\"Pueyrred\u00f3n Motos\",\"description\":\"Concesionario Oficial Honda\",\"publisher\":{\"@id\":\"https:\\\/\\\/pueyrredonmotos.com\\\/honda\\\/#organization\"},\"potentialAction\":[{\"@type\":\"SearchAction\",\"target\":{\"@type\":\"EntryPoint\",\"urlTemplate\":\"https:\\\/\\\/pueyrredonmotos.com\\\/honda\\\/?s={search_term_string}\"},\"query-input\":{\"@type\":\"PropertyValueSpecification\",\"valueRequired\":true,\"valueName\":\"search_term_string\"}}],\"inLanguage\":\"es\"},{\"@type\":\"Organization\",\"@id\":\"https:\\\/\\\/pueyrredonmotos.com\\\/honda\\\/#organization\",\"name\":\"Pueyrred\u00f3n Motos\",\"url\":\"https:\\\/\\\/pueyrredonmotos.com\\\/honda\\\/\",\"logo\":{\"@type\":\"ImageObject\",\"inLanguage\":\"es\",\"@id\":\"https:\\\/\\\/pueyrredonmotos.com\\\/honda\\\/#\\\/schema\\\/logo\\\/image\\\/\",\"url\":\"https:\\\/\\\/pueyrredonmotos.com\\\/honda\\\/wp-content\\\/uploads\\\/2023\\\/09\\\/logo-180-66.png\",\"contentUrl\":\"https:\\\/\\\/pueyrredonmotos.com\\\/honda\\\/wp-content\\\/uploads\\\/2023\\\/09\\\/logo-180-66.png\",\"width\":180,\"height\":66,\"caption\":\"Pueyrred\u00f3n Motos\"},\"image\":{\"@id\":\"https:\\\/\\\/pueyrredonmotos.com\\\/honda\\\/#\\\/schema\\\/logo\\\/image\\\/\"},\"sameAs\":[\"https:\\\/\\\/www.facebook.com\\\/pueyrredonmotos.honda\",\"https:\\\/\\\/www.instagram.com\\\/pueyrredonmotos.honda\\\/\"]}]}<\/script>\n<!-- \/ Yoast SEO Premium plugin. -->","yoast_head_json":{"title":"Honda CB500F - Pueyrred\u00f3n Motos","robots":{"index":"index","follow":"follow","max-snippet":"max-snippet:-1","max-image-preview":"max-image-preview:large","max-video-preview":"max-video-preview:-1"},"canonical":"https:\/\/pueyrredonmotos.com\/honda\/producto\/honda-cb500f\/","og_locale":"es_ES","og_type":"article","og_title":"Honda CB500F","og_description":"Honda CB500F: Una moto de estilo y rendimiento incomparables. Su dise\u00f1o vanguardista con faro LED de doble lente y avanzada tecnolog\u00eda 'PGM-FI' garantizan una experiencia \u00fanica. Con un motor DOHC de 8 v\u00e1lvulas y un chasis ligero, ofrece agilidad en la ciudad y potencia en la carretera. Descubre la libertad sobre dos ruedas con la CB500F de Honda.  Encontrala en Pueyrred\u00f3n Motos, Concesionario Oficial Honda.","og_url":"https:\/\/pueyrredonmotos.com\/honda\/producto\/honda-cb500f\/","og_site_name":"Pueyrred\u00f3n Motos","article_publisher":"https:\/\/www.facebook.com\/pueyrredonmotos.honda","article_modified_time":"2024-08-12T03:22:25+00:00","og_image":[{"width":500,"height":500,"url":"https:\/\/pueyrredonmotos.com\/honda\/wp-content\/uploads\/2023\/09\/cb500f-new-color-roja.png","type":"image\/png"}],"twitter_card":"summary_large_image","twitter_misc":{"Tiempo de lectura":"4 minutos"},"schema":{"@context":"https:\/\/schema.org","@graph":[{"@type":"WebPage","@id":"https:\/\/pueyrredonmotos.com\/honda\/producto\/honda-cb500f\/","url":"https:\/\/pueyrredonmotos.com\/honda\/producto\/honda-cb500f\/","name":"Honda CB500F - Pueyrred\u00f3n Motos","isPartOf":{"@id":"https:\/\/pueyrredonmotos.com\/honda\/#website"},"primaryImageOfPage":{"@id":"https:\/\/pueyrredonmotos.com\/honda\/producto\/honda-cb500f\/#primaryimage"},"image":{"@id":"https:\/\/pueyrredonmotos.com\/honda\/producto\/honda-cb500f\/#primaryimage"},"thumbnailUrl":"https:\/\/pueyrredonmotos.com\/honda\/wp-content\/uploads\/2023\/09\/cb500f-new-color-roja.png","datePublished":"2023-09-24T19:44:21+00:00","dateModified":"2024-08-12T03:22:25+00:00","breadcrumb":{"@id":"https:\/\/pueyrredonmotos.com\/honda\/producto\/honda-cb500f\/#breadcrumb"},"inLanguage":"es","potentialAction":[{"@type":"ReadAction","target":["https:\/\/pueyrredonmotos.com\/honda\/producto\/honda-cb500f\/"]}]},{"@type":"ImageObject","inLanguage":"es","@id":"https:\/\/pueyrredonmotos.com\/honda\/producto\/honda-cb500f\/#primaryimage","url":"https:\/\/pueyrredonmotos.com\/honda\/wp-content\/uploads\/2023\/09\/cb500f-new-color-roja.png","contentUrl":"https:\/\/pueyrredonmotos.com\/honda\/wp-content\/uploads\/2023\/09\/cb500f-new-color-roja.png","width":500,"height":500},{"@type":"BreadcrumbList","@id":"https:\/\/pueyrredonmotos.com\/honda\/producto\/honda-cb500f\/#breadcrumb","itemListElement":[{"@type":"ListItem","position":1,"name":"Home","item":"https:\/\/pueyrredonmotos.com\/honda\/"},{"@type":"ListItem","position":2,"name":"Cat\u00e1logo","item":"https:\/\/pueyrredonmotos.com\/honda\/catalogo\/"},{"@type":"ListItem","position":3,"name":"Honda CB500F"}]},{"@type":"WebSite","@id":"https:\/\/pueyrredonmotos.com\/honda\/#website","url":"https:\/\/pueyrredonmotos.com\/honda\/","name":"Pueyrred\u00f3n Motos","description":"Concesionario Oficial Honda","publisher":{"@id":"https:\/\/pueyrredonmotos.com\/honda\/#organization"},"potentialAction":[{"@type":"SearchAction","target":{"@type":"EntryPoint","urlTemplate":"https:\/\/pueyrredonmotos.com\/honda\/?s={search_term_string}"},"query-input":{"@type":"PropertyValueSpecification","valueRequired":true,"valueName":"search_term_string"}}],"inLanguage":"es"},{"@type":"Organization","@id":"https:\/\/pueyrredonmotos.com\/honda\/#organization","name":"Pueyrred\u00f3n Motos","url":"https:\/\/pueyrredonmotos.com\/honda\/","logo":{"@type":"ImageObject","inLanguage":"es","@id":"https:\/\/pueyrredonmotos.com\/honda\/#\/schema\/logo\/image\/","url":"https:\/\/pueyrredonmotos.com\/honda\/wp-content\/uploads\/2023\/09\/logo-180-66.png","contentUrl":"https:\/\/pueyrredonmotos.com\/honda\/wp-content\/uploads\/2023\/09\/logo-180-66.png","width":180,"height":66,"caption":"Pueyrred\u00f3n Motos"},"image":{"@id":"https:\/\/pueyrredonmotos.com\/honda\/#\/schema\/logo\/image\/"},"sameAs":["https:\/\/www.facebook.com\/pueyrredonmotos.honda","https:\/\/www.instagram.com\/pueyrredonmotos.honda\/"]}]}},"_links":{"self":[{"href":"https:\/\/pueyrredonmotos.com\/honda\/wp-json\/wp\/v2\/product\/7767","targetHints":{"allow":["GET"]}}],"collection":[{"href":"https:\/\/pueyrredonmotos.com\/honda\/wp-json\/wp\/v2\/product"}],"about":[{"href":"https:\/\/pueyrredonmotos.com\/honda\/wp-json\/wp\/v2\/types\/product"}],"wp:featuredmedia":[{"embeddable":true,"href":"https:\/\/pueyrredonmotos.com\/honda\/wp-json\/wp\/v2\/media\/8404"}],"wp:attachment":[{"href":"https:\/\/pueyrredonmotos.com\/honda\/wp-json\/wp\/v2\/media?parent=7767"}],"wp:term":[{"taxonomy":"product_brand","embeddable":true,"href":"https:\/\/pueyrredonmotos.com\/honda\/wp-json\/wp\/v2\/product_brand?post=7767"},{"taxonomy":"product_cat","embeddable":true,"href":"https:\/\/pueyrredonmotos.com\/honda\/wp-json\/wp\/v2\/product_cat?post=7767"},{"taxonomy":"product_tag","embeddable":true,"href":"https:\/\/pueyrredonmotos.com\/honda\/wp-json\/wp\/v2\/product_tag?post=7767"}],"curies":[{"name":"wp","href":"https:\/\/api.w.org\/{rel}","templated":true}]}}