{"id":7708,"date":"2023-09-24T11:39:29","date_gmt":"2023-09-24T14:39:29","guid":{"rendered":"https:\/\/pueyrredonmotos.com\/honda\/?post_type=product&#038;p=7708"},"modified":"2024-08-12T00:08:35","modified_gmt":"2024-08-12T03:08:35","slug":"honda-cb1000r","status":"publish","type":"product","link":"https:\/\/pueyrredonmotos.com\/honda\/producto\/honda-cb1000r\/","title":{"rendered":"Honda CB1000R"},"content":{"rendered":"<p><img loading=\"lazy\" decoding=\"async\" class=\"alignnone size-full wp-image-7709\" src=\"https:\/\/pueyrredonmotos.com\/honda\/wp-content\/uploads\/2023\/09\/Honda-cb1000r.jpg\" alt=\"\" width=\"1400\" height=\"593\" srcset=\"https:\/\/pueyrredonmotos.com\/honda\/wp-content\/uploads\/2023\/09\/Honda-cb1000r.jpg 1400w, https:\/\/pueyrredonmotos.com\/honda\/wp-content\/uploads\/2023\/09\/Honda-cb1000r-800x339.jpg 800w, https:\/\/pueyrredonmotos.com\/honda\/wp-content\/uploads\/2023\/09\/Honda-cb1000r-300x127.jpg 300w, https:\/\/pueyrredonmotos.com\/honda\/wp-content\/uploads\/2023\/09\/Honda-cb1000r-1024x434.jpg 1024w, https:\/\/pueyrredonmotos.com\/honda\/wp-content\/uploads\/2023\/09\/Honda-cb1000r-768x325.jpg 768w\" sizes=\"auto, (max-width: 1400px) 100vw, 1400px\" \/><\/p>\n<p><strong>DISE\u00d1O<\/strong><\/p>\n<p><strong>UNA NUEVA IDENTIDAD URBANA:<\/strong> Una naked deportiva que marca la diferencia. Compacta y robusta, es el foco de atenci\u00f3n de todas las miradas con sus acabados met\u00e1licos pulidos que son el reflejo de la tradicional Caf\u00e9 Racer potente y con car\u00e1cter. Es una bestia poderosa que se maneja y responde perfectamente. Animate a conocer la nueva Honda CB1000R.<\/p>\n<p><i class=\"fa fa-file-pdf-o\" aria-hidden=\"true\"><\/i> <a href=\"https:\/\/motos.honda.com.ar\/uploads\/modelos\/49\/fichas_tecnicas\/49c-0ficha-tecnica-cb1000r.pdf\">Ficha T\u00e9cnica<\/a><\/p>\n<p><img loading=\"lazy\" decoding=\"async\" class=\"alignnone size-full wp-image-7710\" src=\"https:\/\/pueyrredonmotos.com\/honda\/wp-content\/uploads\/2023\/09\/cbr1000-diseno.jpg\" alt=\"\" width=\"1010\" height=\"401\" srcset=\"https:\/\/pueyrredonmotos.com\/honda\/wp-content\/uploads\/2023\/09\/cbr1000-diseno.jpg 1010w, https:\/\/pueyrredonmotos.com\/honda\/wp-content\/uploads\/2023\/09\/cbr1000-diseno-800x318.jpg 800w, https:\/\/pueyrredonmotos.com\/honda\/wp-content\/uploads\/2023\/09\/cbr1000-diseno-300x119.jpg 300w, https:\/\/pueyrredonmotos.com\/honda\/wp-content\/uploads\/2023\/09\/cbr1000-diseno-768x305.jpg 768w\" sizes=\"auto, (max-width: 1010px) 100vw, 1010px\" \/><\/p>\n<p><strong>DISE\u00d1O:<\/strong> El motor y las carcasas, con acabados en un color negro intenso, aportan a esta moto una gran presencia, tanto cuando circula por carretera como cuando est\u00e1 detenida.<\/p>\n<p><img loading=\"lazy\" decoding=\"async\" class=\"alignnone size-full wp-image-7711\" src=\"https:\/\/pueyrredonmotos.com\/honda\/wp-content\/uploads\/2023\/09\/cbr1000-diseno-2.jpg\" alt=\"\" width=\"1010\" height=\"401\" srcset=\"https:\/\/pueyrredonmotos.com\/honda\/wp-content\/uploads\/2023\/09\/cbr1000-diseno-2.jpg 1010w, https:\/\/pueyrredonmotos.com\/honda\/wp-content\/uploads\/2023\/09\/cbr1000-diseno-2-800x318.jpg 800w, https:\/\/pueyrredonmotos.com\/honda\/wp-content\/uploads\/2023\/09\/cbr1000-diseno-2-300x119.jpg 300w, https:\/\/pueyrredonmotos.com\/honda\/wp-content\/uploads\/2023\/09\/cbr1000-diseno-2-768x305.jpg 768w\" sizes=\"auto, (max-width: 1010px) 100vw, 1010px\" \/><\/p>\n<p><strong>EL ARTE DE LA ALEACI\u00d3N:<\/strong> El protector del radiador de aleaci\u00f3n pulido junto con las carcasas del motor y la cubierta de la caja del filtro a\u00f1aden un toque de atrevimiento a esta nueva m\u00e1quina urbana.<\/p>\n<p><img loading=\"lazy\" decoding=\"async\" class=\"alignnone size-full wp-image-7712\" src=\"https:\/\/pueyrredonmotos.com\/honda\/wp-content\/uploads\/2023\/09\/cbr1000-diseno-3.jpg\" alt=\"\" width=\"1010\" height=\"401\" srcset=\"https:\/\/pueyrredonmotos.com\/honda\/wp-content\/uploads\/2023\/09\/cbr1000-diseno-3.jpg 1010w, https:\/\/pueyrredonmotos.com\/honda\/wp-content\/uploads\/2023\/09\/cbr1000-diseno-3-800x318.jpg 800w, https:\/\/pueyrredonmotos.com\/honda\/wp-content\/uploads\/2023\/09\/cbr1000-diseno-3-300x119.jpg 300w, https:\/\/pueyrredonmotos.com\/honda\/wp-content\/uploads\/2023\/09\/cbr1000-diseno-3-768x305.jpg 768w\" sizes=\"auto, (max-width: 1010px) 100vw, 1010px\" \/><\/p>\n<p><strong>TECNOLOGIA<\/strong><\/p>\n<p><strong>LED Y DISE\u00d1O SUPERIOR:<\/strong> Toda la iluminaci\u00f3n de la CB1000R es LED. Lo primero que notar\u00e1s es el fino faro redondeado con el marco de color met\u00e1lico. Una caracter\u00edstica distintiva con un marco en forma de herradura y dos barras luminosas muy visibles.<\/p>\n<p><img loading=\"lazy\" decoding=\"async\" class=\"alignnone size-full wp-image-7713\" src=\"https:\/\/pueyrredonmotos.com\/honda\/wp-content\/uploads\/2023\/09\/cbr1000-tecnologia.jpg\" alt=\"\" width=\"1010\" height=\"401\" srcset=\"https:\/\/pueyrredonmotos.com\/honda\/wp-content\/uploads\/2023\/09\/cbr1000-tecnologia.jpg 1010w, https:\/\/pueyrredonmotos.com\/honda\/wp-content\/uploads\/2023\/09\/cbr1000-tecnologia-800x318.jpg 800w, https:\/\/pueyrredonmotos.com\/honda\/wp-content\/uploads\/2023\/09\/cbr1000-tecnologia-300x119.jpg 300w, https:\/\/pueyrredonmotos.com\/honda\/wp-content\/uploads\/2023\/09\/cbr1000-tecnologia-768x305.jpg 768w\" sizes=\"auto, (max-width: 1010px) 100vw, 1010px\" \/><\/p>\n<p><strong>SEGURIDAD<\/strong><\/p>\n<p><strong>POTENCIA DE FRENADO:<\/strong> Los frenos de disco delanteros dobles de anclaje radial tienen 4 pistones que, junto con el ABS, ofrecen una fuerza de frenado incre\u00edble cuando necesitas conducir en todas las condiciones de conducci\u00f3n.<\/p>\n<p><img loading=\"lazy\" decoding=\"async\" class=\"alignnone size-full wp-image-7714\" src=\"https:\/\/pueyrredonmotos.com\/honda\/wp-content\/uploads\/2023\/09\/cbr1000-seguridad.jpg\" alt=\"\" width=\"1010\" height=\"401\" srcset=\"https:\/\/pueyrredonmotos.com\/honda\/wp-content\/uploads\/2023\/09\/cbr1000-seguridad.jpg 1010w, https:\/\/pueyrredonmotos.com\/honda\/wp-content\/uploads\/2023\/09\/cbr1000-seguridad-800x318.jpg 800w, https:\/\/pueyrredonmotos.com\/honda\/wp-content\/uploads\/2023\/09\/cbr1000-seguridad-300x119.jpg 300w, https:\/\/pueyrredonmotos.com\/honda\/wp-content\/uploads\/2023\/09\/cbr1000-seguridad-768x305.jpg 768w\" sizes=\"auto, (max-width: 1010px) 100vw, 1010px\" \/><\/p>\n<p><strong>CONFORT<\/strong><\/p>\n<p><strong>CONFIGURACI\u00d3N PERFECTA:<\/strong> Las horquillas USD Showa totalmente ajustables te permiten adaptar la suspensi\u00f3n de forma individual tanto a la conducci\u00f3n deportiva como en ciudad. Las unidades del pist\u00f3n con funcionamiento por separado (SFF-BP) tienen reguladores de precarga, de compresi\u00f3n y de fuerza de amortiguaci\u00f3n.<\/p>\n<p><img loading=\"lazy\" decoding=\"async\" class=\"alignnone size-full wp-image-7715\" src=\"https:\/\/pueyrredonmotos.com\/honda\/wp-content\/uploads\/2023\/09\/cbr1000-confort.jpg\" alt=\"\" width=\"1010\" height=\"401\" srcset=\"https:\/\/pueyrredonmotos.com\/honda\/wp-content\/uploads\/2023\/09\/cbr1000-confort.jpg 1010w, https:\/\/pueyrredonmotos.com\/honda\/wp-content\/uploads\/2023\/09\/cbr1000-confort-800x318.jpg 800w, https:\/\/pueyrredonmotos.com\/honda\/wp-content\/uploads\/2023\/09\/cbr1000-confort-300x119.jpg 300w, https:\/\/pueyrredonmotos.com\/honda\/wp-content\/uploads\/2023\/09\/cbr1000-confort-768x305.jpg 768w\" sizes=\"auto, (max-width: 1010px) 100vw, 1010px\" \/><\/p>\n<p><strong>DETALLES<\/strong><\/p>\n<p><strong>CREADA PARA RUGIR:<\/strong> El sistema de escape 4-2-1 rodea el nuevo motor, y por encima de las 5500 rpm emite un rugido grave. Vas a escuchar a la CB1000R antes de verla.<\/p>\n<p><img loading=\"lazy\" decoding=\"async\" class=\"alignnone size-full wp-image-7716\" src=\"https:\/\/pueyrredonmotos.com\/honda\/wp-content\/uploads\/2023\/09\/cbr1000-detalles.jpg\" alt=\"\" width=\"1010\" height=\"401\" srcset=\"https:\/\/pueyrredonmotos.com\/honda\/wp-content\/uploads\/2023\/09\/cbr1000-detalles.jpg 1010w, https:\/\/pueyrredonmotos.com\/honda\/wp-content\/uploads\/2023\/09\/cbr1000-detalles-800x318.jpg 800w, https:\/\/pueyrredonmotos.com\/honda\/wp-content\/uploads\/2023\/09\/cbr1000-detalles-300x119.jpg 300w, https:\/\/pueyrredonmotos.com\/honda\/wp-content\/uploads\/2023\/09\/cbr1000-detalles-768x305.jpg 768w\" sizes=\"auto, (max-width: 1010px) 100vw, 1010px\" \/><\/p>\n<p><strong>DETALLES:<\/strong> Las l\u00edneas angulares y los contornos de rodilla recortados del dep\u00f3sito de combustible liso de 16,2 litros tienen un acabado lustroso y profundo.<\/p>\n<p><img loading=\"lazy\" decoding=\"async\" class=\"alignnone size-full wp-image-7717\" src=\"https:\/\/pueyrredonmotos.com\/honda\/wp-content\/uploads\/2023\/09\/cbr1000-detalles2.jpg\" alt=\"\" width=\"1010\" height=\"401\" srcset=\"https:\/\/pueyrredonmotos.com\/honda\/wp-content\/uploads\/2023\/09\/cbr1000-detalles2.jpg 1010w, https:\/\/pueyrredonmotos.com\/honda\/wp-content\/uploads\/2023\/09\/cbr1000-detalles2-800x318.jpg 800w, https:\/\/pueyrredonmotos.com\/honda\/wp-content\/uploads\/2023\/09\/cbr1000-detalles2-300x119.jpg 300w, https:\/\/pueyrredonmotos.com\/honda\/wp-content\/uploads\/2023\/09\/cbr1000-detalles2-768x305.jpg 768w\" sizes=\"auto, (max-width: 1010px) 100vw, 1010px\" \/><\/p>\n<p><strong>MOTOR<\/strong><\/p>\n<p><strong>UNA INVITACI\u00d3N A CONDUCIR:<\/strong> Conducci\u00f3n deportiva con un dise\u00f1o agresivo. Un motor contundente de 998cc. de cuatro cilindros con pistones forjados de alta compresi\u00f3n, como el de la CBR1000RR, queda alojado en un nuevo y robusto chasis de tipo monoviga backbone de acero con un basculante unilateral. La potencia m\u00e1xima de 107kW a 10.500rpm, combinada con 104Nm a 8250rpm del par motor, proporciona una generosa respuesta de aceleraci\u00f3n cuando lo necesitas. Es una mezcla fascinante de alto rendimiento y potencia controlable en todo el intervalo de revoluciones.<\/p>\n<p><img loading=\"lazy\" decoding=\"async\" class=\"alignnone size-full wp-image-7719\" src=\"https:\/\/pueyrredonmotos.com\/honda\/wp-content\/uploads\/2023\/09\/252_0s-0web-cbr1000-potencia.jpg\" alt=\"\" width=\"1010\" height=\"401\" srcset=\"https:\/\/pueyrredonmotos.com\/honda\/wp-content\/uploads\/2023\/09\/252_0s-0web-cbr1000-potencia.jpg 1010w, https:\/\/pueyrredonmotos.com\/honda\/wp-content\/uploads\/2023\/09\/252_0s-0web-cbr1000-potencia-800x318.jpg 800w, https:\/\/pueyrredonmotos.com\/honda\/wp-content\/uploads\/2023\/09\/252_0s-0web-cbr1000-potencia-300x119.jpg 300w, https:\/\/pueyrredonmotos.com\/honda\/wp-content\/uploads\/2023\/09\/252_0s-0web-cbr1000-potencia-768x305.jpg 768w\" sizes=\"auto, (max-width: 1010px) 100vw, 1010px\" \/><\/p>\n<p><strong>POTENCIA:<\/strong> Modo Rain: El ajuste de potencia m\u00e1s bajo que puedes seleccionar ofrece un freno motor (EB) medio y un alto HSTC. Los niveles de potencia y par del motor m\u00e1s bajos se centran en las 3 primeras marchas, justo donde m\u00e1s se necesita cuando est\u00e1 lloviendo. Modo Standard: Este modo utiliza un ajuste medio de potencia, HSTC y EB. Reduce la potencia en primera y segunda, y utiliza una curva de potencia justo por debajo del modo SPORT. Tiene un par del motor reducido con las aperturas m\u00ednimas del acelerador para mantener la moto estable y evitar tropiezos cuando subes y bajas la potencia. Tambi\u00e9n permite ligeros derrapes de la rueda trasera y mantiene la rueda delantera sobre el suelo. Modo Sport: Cuando lo necesites, este modo utiliza ajustes de alta potencia con los niveles m\u00e1s bajos de freno motor (EB) y sistema seleccionable de control de par Honda (HSTC) para ofrecer el 100 % de potencia en las seis marchas. As\u00ed es como se entrega el par del motor m\u00e1ximo en todas las posiciones del acelerador con muy poca intervenci\u00f3n del HSTC. Modo User: Un modo programable que permite al conductor escoger a su gusto entre los 3 ajustes. Estos ajustes tambi\u00e9n pueden guardarse para utilizarlos m\u00e1s adelante.<\/p>\n<!-- Popup open button -->\r\n<div class=\"wws-popup__open-btn wws--bg-color wws--text-color wws-shadow\">\r\n<span> Consultas por Whatsapp<\/span>\r\n<\/div>\r\n<p>&nbsp;<\/p>\r\n<p>&nbsp;<\/p>\r\n\n","protected":false},"excerpt":{"rendered":"<p><strong>Honda CB1000R:<\/strong> Una obra maestra de dise\u00f1o urbano con un toque de agresividad, capaz de cautivar todas las miradas. Su estilo pulido y su tecnolog\u00eda LED la convierten en una moto de vanguardia que desaf\u00eda las normas. Con potencia de frenado excepcional y suspensiones ajustables, experimentar\u00e1s un viaje sin igual. Domina las calles con la CB1000R y despierta la pasi\u00f3n en cada curva.<\/p>\n<p>Encontrala en <strong>Pueyrred\u00f3n Motos<\/strong>, Concesionario Oficial Honda.<\/p>\n<p>[wpcode id=\"10175\"]<br \/>\n<\/p>\n<hr \/>\n","protected":false},"featured_media":8400,"template":"","meta":[],"product_brand":[],"product_cat":[15],"product_tag":[44],"class_list":{"0":"post-7708","1":"product","2":"type-product","3":"status-publish","4":"has-post-thumbnail","6":"product_cat-motos-0km","7":"product_tag-neo-sport-cafe","8":"pa_marca-honda","9":"pa_modelo-cb1000r","11":"first","12":"instock","13":"shipping-taxable","14":"purchasable","15":"product-type-simple"},"yoast_head":"<!-- This site is optimized with the Yoast SEO Premium plugin v21.2 (Yoast SEO v27.3) - https:\/\/yoast.com\/product\/yoast-seo-premium-wordpress\/ -->\n<title>Honda CB1000R - Pueyrred\u00f3n Motos<\/title>\n<meta name=\"robots\" content=\"index, follow, max-snippet:-1, max-image-preview:large, max-video-preview:-1\" \/>\n<link rel=\"canonical\" href=\"https:\/\/pueyrredonmotos.com\/honda\/producto\/honda-cb1000r\/\" \/>\n<meta property=\"og:locale\" content=\"es_ES\" \/>\n<meta property=\"og:type\" content=\"article\" \/>\n<meta property=\"og:title\" content=\"Honda CB1000R\" \/>\n<meta property=\"og:description\" content=\"Honda CB1000R: Una obra maestra de dise\u00f1o urbano con un toque de agresividad, capaz de cautivar todas las miradas. Su estilo pulido y su tecnolog\u00eda LED la convierten en una moto de vanguardia que desaf\u00eda las normas. Con potencia de frenado excepcional y suspensiones ajustables, experimentar\u00e1s un viaje sin igual. Domina las calles con la CB1000R y despierta la pasi\u00f3n en cada curva.  Encontrala en Pueyrred\u00f3n Motos, Concesionario Oficial Honda.\" \/>\n<meta property=\"og:url\" content=\"https:\/\/pueyrredonmotos.com\/honda\/producto\/honda-cb1000r\/\" \/>\n<meta property=\"og:site_name\" content=\"Pueyrred\u00f3n Motos\" \/>\n<meta property=\"article:publisher\" content=\"https:\/\/www.facebook.com\/pueyrredonmotos.honda\" \/>\n<meta property=\"article:modified_time\" content=\"2024-08-12T03:08:35+00:00\" \/>\n<meta property=\"og:image\" content=\"https:\/\/pueyrredonmotos.com\/honda\/wp-content\/uploads\/2023\/09\/cbr1000-negro.jpg\" \/>\n\t<meta property=\"og:image:width\" content=\"600\" \/>\n\t<meta property=\"og:image:height\" content=\"600\" \/>\n\t<meta property=\"og:image:type\" content=\"image\/jpeg\" \/>\n<meta name=\"twitter:card\" content=\"summary_large_image\" \/>\n<meta name=\"twitter:label1\" content=\"Tiempo de lectura\" \/>\n\t<meta name=\"twitter:data1\" content=\"5 minutos\" \/>\n<script type=\"application\/ld+json\" class=\"yoast-schema-graph\">{\"@context\":\"https:\\\/\\\/schema.org\",\"@graph\":[{\"@type\":\"WebPage\",\"@id\":\"https:\\\/\\\/pueyrredonmotos.com\\\/honda\\\/producto\\\/honda-cb1000r\\\/\",\"url\":\"https:\\\/\\\/pueyrredonmotos.com\\\/honda\\\/producto\\\/honda-cb1000r\\\/\",\"name\":\"Honda CB1000R - Pueyrred\u00f3n Motos\",\"isPartOf\":{\"@id\":\"https:\\\/\\\/pueyrredonmotos.com\\\/honda\\\/#website\"},\"primaryImageOfPage\":{\"@id\":\"https:\\\/\\\/pueyrredonmotos.com\\\/honda\\\/producto\\\/honda-cb1000r\\\/#primaryimage\"},\"image\":{\"@id\":\"https:\\\/\\\/pueyrredonmotos.com\\\/honda\\\/producto\\\/honda-cb1000r\\\/#primaryimage\"},\"thumbnailUrl\":\"https:\\\/\\\/pueyrredonmotos.com\\\/honda\\\/wp-content\\\/uploads\\\/2023\\\/09\\\/cbr1000-negro.jpg\",\"datePublished\":\"2023-09-24T14:39:29+00:00\",\"dateModified\":\"2024-08-12T03:08:35+00:00\",\"breadcrumb\":{\"@id\":\"https:\\\/\\\/pueyrredonmotos.com\\\/honda\\\/producto\\\/honda-cb1000r\\\/#breadcrumb\"},\"inLanguage\":\"es\",\"potentialAction\":[{\"@type\":\"ReadAction\",\"target\":[\"https:\\\/\\\/pueyrredonmotos.com\\\/honda\\\/producto\\\/honda-cb1000r\\\/\"]}]},{\"@type\":\"ImageObject\",\"inLanguage\":\"es\",\"@id\":\"https:\\\/\\\/pueyrredonmotos.com\\\/honda\\\/producto\\\/honda-cb1000r\\\/#primaryimage\",\"url\":\"https:\\\/\\\/pueyrredonmotos.com\\\/honda\\\/wp-content\\\/uploads\\\/2023\\\/09\\\/cbr1000-negro.jpg\",\"contentUrl\":\"https:\\\/\\\/pueyrredonmotos.com\\\/honda\\\/wp-content\\\/uploads\\\/2023\\\/09\\\/cbr1000-negro.jpg\",\"width\":600,\"height\":600},{\"@type\":\"BreadcrumbList\",\"@id\":\"https:\\\/\\\/pueyrredonmotos.com\\\/honda\\\/producto\\\/honda-cb1000r\\\/#breadcrumb\",\"itemListElement\":[{\"@type\":\"ListItem\",\"position\":1,\"name\":\"Home\",\"item\":\"https:\\\/\\\/pueyrredonmotos.com\\\/honda\\\/\"},{\"@type\":\"ListItem\",\"position\":2,\"name\":\"Cat\u00e1logo\",\"item\":\"https:\\\/\\\/pueyrredonmotos.com\\\/honda\\\/catalogo\\\/\"},{\"@type\":\"ListItem\",\"position\":3,\"name\":\"Honda CB1000R\"}]},{\"@type\":\"WebSite\",\"@id\":\"https:\\\/\\\/pueyrredonmotos.com\\\/honda\\\/#website\",\"url\":\"https:\\\/\\\/pueyrredonmotos.com\\\/honda\\\/\",\"name\":\"Pueyrred\u00f3n Motos\",\"description\":\"Concesionario Oficial Honda\",\"publisher\":{\"@id\":\"https:\\\/\\\/pueyrredonmotos.com\\\/honda\\\/#organization\"},\"potentialAction\":[{\"@type\":\"SearchAction\",\"target\":{\"@type\":\"EntryPoint\",\"urlTemplate\":\"https:\\\/\\\/pueyrredonmotos.com\\\/honda\\\/?s={search_term_string}\"},\"query-input\":{\"@type\":\"PropertyValueSpecification\",\"valueRequired\":true,\"valueName\":\"search_term_string\"}}],\"inLanguage\":\"es\"},{\"@type\":\"Organization\",\"@id\":\"https:\\\/\\\/pueyrredonmotos.com\\\/honda\\\/#organization\",\"name\":\"Pueyrred\u00f3n Motos\",\"url\":\"https:\\\/\\\/pueyrredonmotos.com\\\/honda\\\/\",\"logo\":{\"@type\":\"ImageObject\",\"inLanguage\":\"es\",\"@id\":\"https:\\\/\\\/pueyrredonmotos.com\\\/honda\\\/#\\\/schema\\\/logo\\\/image\\\/\",\"url\":\"https:\\\/\\\/pueyrredonmotos.com\\\/honda\\\/wp-content\\\/uploads\\\/2023\\\/09\\\/logo-180-66.png\",\"contentUrl\":\"https:\\\/\\\/pueyrredonmotos.com\\\/honda\\\/wp-content\\\/uploads\\\/2023\\\/09\\\/logo-180-66.png\",\"width\":180,\"height\":66,\"caption\":\"Pueyrred\u00f3n Motos\"},\"image\":{\"@id\":\"https:\\\/\\\/pueyrredonmotos.com\\\/honda\\\/#\\\/schema\\\/logo\\\/image\\\/\"},\"sameAs\":[\"https:\\\/\\\/www.facebook.com\\\/pueyrredonmotos.honda\",\"https:\\\/\\\/www.instagram.com\\\/pueyrredonmotos.honda\\\/\"]}]}<\/script>\n<!-- \/ Yoast SEO Premium plugin. -->","yoast_head_json":{"title":"Honda CB1000R - Pueyrred\u00f3n Motos","robots":{"index":"index","follow":"follow","max-snippet":"max-snippet:-1","max-image-preview":"max-image-preview:large","max-video-preview":"max-video-preview:-1"},"canonical":"https:\/\/pueyrredonmotos.com\/honda\/producto\/honda-cb1000r\/","og_locale":"es_ES","og_type":"article","og_title":"Honda CB1000R","og_description":"Honda CB1000R: Una obra maestra de dise\u00f1o urbano con un toque de agresividad, capaz de cautivar todas las miradas. Su estilo pulido y su tecnolog\u00eda LED la convierten en una moto de vanguardia que desaf\u00eda las normas. Con potencia de frenado excepcional y suspensiones ajustables, experimentar\u00e1s un viaje sin igual. Domina las calles con la CB1000R y despierta la pasi\u00f3n en cada curva.  Encontrala en Pueyrred\u00f3n Motos, Concesionario Oficial Honda.","og_url":"https:\/\/pueyrredonmotos.com\/honda\/producto\/honda-cb1000r\/","og_site_name":"Pueyrred\u00f3n Motos","article_publisher":"https:\/\/www.facebook.com\/pueyrredonmotos.honda","article_modified_time":"2024-08-12T03:08:35+00:00","og_image":[{"width":600,"height":600,"url":"https:\/\/pueyrredonmotos.com\/honda\/wp-content\/uploads\/2023\/09\/cbr1000-negro.jpg","type":"image\/jpeg"}],"twitter_card":"summary_large_image","twitter_misc":{"Tiempo de lectura":"5 minutos"},"schema":{"@context":"https:\/\/schema.org","@graph":[{"@type":"WebPage","@id":"https:\/\/pueyrredonmotos.com\/honda\/producto\/honda-cb1000r\/","url":"https:\/\/pueyrredonmotos.com\/honda\/producto\/honda-cb1000r\/","name":"Honda CB1000R - Pueyrred\u00f3n Motos","isPartOf":{"@id":"https:\/\/pueyrredonmotos.com\/honda\/#website"},"primaryImageOfPage":{"@id":"https:\/\/pueyrredonmotos.com\/honda\/producto\/honda-cb1000r\/#primaryimage"},"image":{"@id":"https:\/\/pueyrredonmotos.com\/honda\/producto\/honda-cb1000r\/#primaryimage"},"thumbnailUrl":"https:\/\/pueyrredonmotos.com\/honda\/wp-content\/uploads\/2023\/09\/cbr1000-negro.jpg","datePublished":"2023-09-24T14:39:29+00:00","dateModified":"2024-08-12T03:08:35+00:00","breadcrumb":{"@id":"https:\/\/pueyrredonmotos.com\/honda\/producto\/honda-cb1000r\/#breadcrumb"},"inLanguage":"es","potentialAction":[{"@type":"ReadAction","target":["https:\/\/pueyrredonmotos.com\/honda\/producto\/honda-cb1000r\/"]}]},{"@type":"ImageObject","inLanguage":"es","@id":"https:\/\/pueyrredonmotos.com\/honda\/producto\/honda-cb1000r\/#primaryimage","url":"https:\/\/pueyrredonmotos.com\/honda\/wp-content\/uploads\/2023\/09\/cbr1000-negro.jpg","contentUrl":"https:\/\/pueyrredonmotos.com\/honda\/wp-content\/uploads\/2023\/09\/cbr1000-negro.jpg","width":600,"height":600},{"@type":"BreadcrumbList","@id":"https:\/\/pueyrredonmotos.com\/honda\/producto\/honda-cb1000r\/#breadcrumb","itemListElement":[{"@type":"ListItem","position":1,"name":"Home","item":"https:\/\/pueyrredonmotos.com\/honda\/"},{"@type":"ListItem","position":2,"name":"Cat\u00e1logo","item":"https:\/\/pueyrredonmotos.com\/honda\/catalogo\/"},{"@type":"ListItem","position":3,"name":"Honda CB1000R"}]},{"@type":"WebSite","@id":"https:\/\/pueyrredonmotos.com\/honda\/#website","url":"https:\/\/pueyrredonmotos.com\/honda\/","name":"Pueyrred\u00f3n Motos","description":"Concesionario Oficial Honda","publisher":{"@id":"https:\/\/pueyrredonmotos.com\/honda\/#organization"},"potentialAction":[{"@type":"SearchAction","target":{"@type":"EntryPoint","urlTemplate":"https:\/\/pueyrredonmotos.com\/honda\/?s={search_term_string}"},"query-input":{"@type":"PropertyValueSpecification","valueRequired":true,"valueName":"search_term_string"}}],"inLanguage":"es"},{"@type":"Organization","@id":"https:\/\/pueyrredonmotos.com\/honda\/#organization","name":"Pueyrred\u00f3n Motos","url":"https:\/\/pueyrredonmotos.com\/honda\/","logo":{"@type":"ImageObject","inLanguage":"es","@id":"https:\/\/pueyrredonmotos.com\/honda\/#\/schema\/logo\/image\/","url":"https:\/\/pueyrredonmotos.com\/honda\/wp-content\/uploads\/2023\/09\/logo-180-66.png","contentUrl":"https:\/\/pueyrredonmotos.com\/honda\/wp-content\/uploads\/2023\/09\/logo-180-66.png","width":180,"height":66,"caption":"Pueyrred\u00f3n Motos"},"image":{"@id":"https:\/\/pueyrredonmotos.com\/honda\/#\/schema\/logo\/image\/"},"sameAs":["https:\/\/www.facebook.com\/pueyrredonmotos.honda","https:\/\/www.instagram.com\/pueyrredonmotos.honda\/"]}]}},"_links":{"self":[{"href":"https:\/\/pueyrredonmotos.com\/honda\/wp-json\/wp\/v2\/product\/7708","targetHints":{"allow":["GET"]}}],"collection":[{"href":"https:\/\/pueyrredonmotos.com\/honda\/wp-json\/wp\/v2\/product"}],"about":[{"href":"https:\/\/pueyrredonmotos.com\/honda\/wp-json\/wp\/v2\/types\/product"}],"wp:featuredmedia":[{"embeddable":true,"href":"https:\/\/pueyrredonmotos.com\/honda\/wp-json\/wp\/v2\/media\/8400"}],"wp:attachment":[{"href":"https:\/\/pueyrredonmotos.com\/honda\/wp-json\/wp\/v2\/media?parent=7708"}],"wp:term":[{"taxonomy":"product_brand","embeddable":true,"href":"https:\/\/pueyrredonmotos.com\/honda\/wp-json\/wp\/v2\/product_brand?post=7708"},{"taxonomy":"product_cat","embeddable":true,"href":"https:\/\/pueyrredonmotos.com\/honda\/wp-json\/wp\/v2\/product_cat?post=7708"},{"taxonomy":"product_tag","embeddable":true,"href":"https:\/\/pueyrredonmotos.com\/honda\/wp-json\/wp\/v2\/product_tag?post=7708"}],"curies":[{"name":"wp","href":"https:\/\/api.w.org\/{rel}","templated":true}]}}