{"id":7700,"date":"2023-09-23T14:01:41","date_gmt":"2023-09-23T17:01:41","guid":{"rendered":"https:\/\/pueyrredonmotos.com\/honda\/?post_type=product&#038;p=7700"},"modified":"2024-08-12T00:05:33","modified_gmt":"2024-08-12T03:05:33","slug":"honda-crf-450r","status":"publish","type":"product","link":"https:\/\/pueyrredonmotos.com\/honda\/producto\/honda-crf-450r\/","title":{"rendered":"Honda CRF 450R"},"content":{"rendered":"<p><img loading=\"lazy\" decoding=\"async\" class=\"alignnone size-full wp-image-7701\" src=\"https:\/\/pueyrredonmotos.com\/honda\/wp-content\/uploads\/2023\/09\/Honda-crf450r.jpg\" alt=\"\" width=\"1400\" height=\"593\" srcset=\"https:\/\/pueyrredonmotos.com\/honda\/wp-content\/uploads\/2023\/09\/Honda-crf450r.jpg 1400w, https:\/\/pueyrredonmotos.com\/honda\/wp-content\/uploads\/2023\/09\/Honda-crf450r-800x339.jpg 800w, https:\/\/pueyrredonmotos.com\/honda\/wp-content\/uploads\/2023\/09\/Honda-crf450r-300x127.jpg 300w, https:\/\/pueyrredonmotos.com\/honda\/wp-content\/uploads\/2023\/09\/Honda-crf450r-1024x434.jpg 1024w, https:\/\/pueyrredonmotos.com\/honda\/wp-content\/uploads\/2023\/09\/Honda-crf450r-768x325.jpg 768w\" sizes=\"auto, (max-width: 1400px) 100vw, 1400px\" \/><\/p>\n<p><strong>DISE\u00d1O<\/strong><\/p>\n<p><strong>HOLESHOT ABSOLUTO. RENDIMIENTO ELECTRIZANTE:<\/strong> En el motocross actual, el Holeshot es una obsesi\u00f3n para cualquier corredor. La Honda CRF450R es una m\u00e1quina dise\u00f1ada para estar siempre adelante en la primera curva, sin resignar ese liderazgo hasta la bandera a cuadros. Sus caracter\u00edsticas, detalles tecnol\u00f3gicos y dise\u00f1o est\u00e1n optimizados para el exigente circuito de MX mundial, donde una fracci\u00f3n de segundo es la ventaja que te permitir\u00e1 marcar la diferencia a tu favor.<\/p>\n<p><i class=\"fa fa-file-pdf-o\" aria-hidden=\"true\"><\/i> <a href=\"https:\/\/motos.honda.com.ar\/uploads\/modelos\/33\/fichas_tecnicas\/33c-0ficha-tecnica-crf450r.pdf\">Ficha T\u00e9cnica<\/a><\/p>\n<p><img loading=\"lazy\" decoding=\"async\" class=\"alignnone size-full wp-image-7702\" src=\"https:\/\/pueyrredonmotos.com\/honda\/wp-content\/uploads\/2023\/09\/crf450r-diseno.jpg\" alt=\"\" width=\"712\" height=\"282\" srcset=\"https:\/\/pueyrredonmotos.com\/honda\/wp-content\/uploads\/2023\/09\/crf450r-diseno.jpg 712w, https:\/\/pueyrredonmotos.com\/honda\/wp-content\/uploads\/2023\/09\/crf450r-diseno-300x119.jpg 300w\" sizes=\"auto, (max-width: 712px) 100vw, 712px\" \/><\/p>\n<p><strong>TECNOLOG\u00cdA<\/strong><\/p>\n<p><strong>INYECCI\u00d3N DOWNDRAFT:<\/strong> Como parte de una revisi\u00f3n completa del motor, la nueva v\u00eda de admisi\u00f3n de corriente descendiente de la CRF450R y su cuerpo de FI (inyecci\u00f3n de combustible) ayuda a aumentar la potencia y la precisi\u00f3n de la dosificaci\u00f3n de combustible. Es una de las razones por las cuales la CRF450R ofrece una potencia explosiva y un par tan grande, especialmente en instancias tan cr\u00edticas como la largada y los primeros metros de la carrera hasta la primera curva.<\/p>\n<p><img loading=\"lazy\" decoding=\"async\" class=\"alignnone size-full wp-image-7703\" src=\"https:\/\/pueyrredonmotos.com\/honda\/wp-content\/uploads\/2023\/09\/crf450r-tecnologia-inyeccion.jpg\" alt=\"\" width=\"712\" height=\"282\" srcset=\"https:\/\/pueyrredonmotos.com\/honda\/wp-content\/uploads\/2023\/09\/crf450r-tecnologia-inyeccion.jpg 712w, https:\/\/pueyrredonmotos.com\/honda\/wp-content\/uploads\/2023\/09\/crf450r-tecnologia-inyeccion-300x119.jpg 300w\" sizes=\"auto, (max-width: 712px) 100vw, 712px\" \/><\/p>\n<p><strong>ARRANQUE ELECTRICO:<\/strong> El arranque el\u00e9ctrico (opcional en la versi\u00f3n 2017) fue incorporado de manera est\u00e1ndar en 2018, y se dej\u00f3 de lado el pedal de arranque por completo para ahorrar peso. Los arrancadores el\u00e9ctricos y las bater\u00edas de iones de litio son tan livianos y tan buenos que ponerlos en una moto hace que ganar sea la \u00fanica opci\u00f3n. Y ganar es de lo que se trata en una CRF450R.<\/p>\n<p><img loading=\"lazy\" decoding=\"async\" class=\"alignnone size-full wp-image-7704\" src=\"https:\/\/pueyrredonmotos.com\/honda\/wp-content\/uploads\/2023\/09\/crf450r-tecnologia-arranque.jpg\" alt=\"\" width=\"712\" height=\"282\" srcset=\"https:\/\/pueyrredonmotos.com\/honda\/wp-content\/uploads\/2023\/09\/crf450r-tecnologia-arranque.jpg 712w, https:\/\/pueyrredonmotos.com\/honda\/wp-content\/uploads\/2023\/09\/crf450r-tecnologia-arranque-300x119.jpg 300w\" sizes=\"auto, (max-width: 712px) 100vw, 712px\" \/><\/p>\n<p><strong>MANEJO<\/strong><\/p>\n<p><strong>HORQUILLA SHOWA\u00ae:<\/strong> La horquilla Showa\u00ae de 49mm presenta un dise\u00f1o convencional que ayuda a aumentar la precisi\u00f3n, el manejo y la sensaci\u00f3n de la suspensi\u00f3n delantera de la CRF450R. Adem\u00e1s ofrece una mejor resistencia al desgaste y un mejor manejo.<\/p>\n<p><img loading=\"lazy\" decoding=\"async\" class=\"alignnone size-full wp-image-7705\" src=\"https:\/\/pueyrredonmotos.com\/honda\/wp-content\/uploads\/2023\/09\/crf450r-manejo.jpg\" alt=\"\" width=\"712\" height=\"282\" srcset=\"https:\/\/pueyrredonmotos.com\/honda\/wp-content\/uploads\/2023\/09\/crf450r-manejo.jpg 712w, https:\/\/pueyrredonmotos.com\/honda\/wp-content\/uploads\/2023\/09\/crf450r-manejo-300x119.jpg 300w\" sizes=\"auto, (max-width: 712px) 100vw, 712px\" \/><\/p>\n<p><strong>SUSPENSI\u00d3N<\/strong><\/p>\n<p><strong>CUERPO DE ALUMINIO DE NUEVA GENERACI\u00d3N:<\/strong> El bastidor de aluminio de m\u00e1stil gemelo Next-Gen de la CRF450R posiciona el punto de montaje del amortiguador trasero m\u00e1s bajo, abriendo el \u00e1rea del filtro de aire y contribuyendo a un centro de gravedad m\u00e1s bajo para lograr el holeshot. La geometr\u00eda del bastidor tambi\u00e9n ayuda a mejorar la tracci\u00f3n, la sensaci\u00f3n y la precisi\u00f3n de la direcci\u00f3n.<\/p>\n<p><img loading=\"lazy\" decoding=\"async\" class=\"alignnone size-full wp-image-7706\" src=\"https:\/\/pueyrredonmotos.com\/honda\/wp-content\/uploads\/2023\/09\/crf450r-suspension.jpg\" alt=\"\" width=\"712\" height=\"282\" srcset=\"https:\/\/pueyrredonmotos.com\/honda\/wp-content\/uploads\/2023\/09\/crf450r-suspension.jpg 712w, https:\/\/pueyrredonmotos.com\/honda\/wp-content\/uploads\/2023\/09\/crf450r-suspension-300x119.jpg 300w\" sizes=\"auto, (max-width: 712px) 100vw, 712px\" \/><\/p>\n<!-- Popup open button -->\r\n<div class=\"wws-popup__open-btn wws--bg-color wws--text-color wws-shadow\">\r\n<span> Consultas por Whatsapp<\/span>\r\n<\/div>\r\n<p>&nbsp;<\/p>\r\n<p>&nbsp;<\/p>\r\n\n","protected":false},"excerpt":{"rendered":"<p><strong>Honda CRF 450R:<\/strong> Una m\u00e1quina que desaf\u00eda los l\u00edmites con un dise\u00f1o pensado para dominar el motocross. Su tecnolog\u00eda de inyecci\u00f3n downdraft y arranque el\u00e9ctrico te impulsan hacia la victoria desde el primer segundo. Equipada con una horquilla Showa\u00ae de 49mm y un chasis de aluminio de nueva generaci\u00f3n, esta moto est\u00e1 dise\u00f1ada para marcar la diferencia en la pista. Siente la emoci\u00f3n de liderar en cada curva con la CRF 450R<\/p>\n<p>Encontrala en <strong>Pueyrred\u00f3n Motos<\/strong>, Concesionario Oficial Honda.<\/p>\n<p>[wpcode id=\"10175\"]<br \/>\n<\/p>\n<hr \/>\n","protected":false},"featured_media":8411,"template":"","meta":[],"product_brand":[],"product_cat":[15],"product_tag":[43],"class_list":{"0":"post-7700","1":"product","2":"type-product","3":"status-publish","4":"has-post-thumbnail","6":"product_cat-motos-0km","7":"product_tag-off-road","8":"pa_marca-honda","9":"pa_modelo-crf-450r","11":"first","12":"instock","13":"shipping-taxable","14":"purchasable","15":"product-type-simple"},"yoast_head":"<!-- This site is optimized with the Yoast SEO Premium plugin v21.2 (Yoast SEO v27.3) - https:\/\/yoast.com\/product\/yoast-seo-premium-wordpress\/ -->\n<title>Honda CRF 450R - Pueyrred\u00f3n Motos<\/title>\n<meta name=\"robots\" content=\"index, follow, max-snippet:-1, max-image-preview:large, max-video-preview:-1\" \/>\n<link rel=\"canonical\" href=\"https:\/\/pueyrredonmotos.com\/honda\/producto\/honda-crf-450r\/\" \/>\n<meta property=\"og:locale\" content=\"es_ES\" \/>\n<meta property=\"og:type\" content=\"article\" \/>\n<meta property=\"og:title\" content=\"Honda CRF 450R\" \/>\n<meta property=\"og:description\" content=\"Honda CRF 450R: Una m\u00e1quina que desaf\u00eda los l\u00edmites con un dise\u00f1o pensado para dominar el motocross. Su tecnolog\u00eda de inyecci\u00f3n downdraft y arranque el\u00e9ctrico te impulsan hacia la victoria desde el primer segundo. Equipada con una horquilla Showa\u00ae de 49mm y un chasis de aluminio de nueva generaci\u00f3n, esta moto est\u00e1 dise\u00f1ada para marcar la diferencia en la pista. Siente la emoci\u00f3n de liderar en cada curva con la CRF 450R  Encontrala en Pueyrred\u00f3n Motos, Concesionario Oficial Honda.\" \/>\n<meta property=\"og:url\" content=\"https:\/\/pueyrredonmotos.com\/honda\/producto\/honda-crf-450r\/\" \/>\n<meta property=\"og:site_name\" content=\"Pueyrred\u00f3n Motos\" \/>\n<meta property=\"article:publisher\" content=\"https:\/\/www.facebook.com\/pueyrredonmotos.honda\" \/>\n<meta property=\"article:modified_time\" content=\"2024-08-12T03:05:33+00:00\" \/>\n<meta property=\"og:image\" content=\"https:\/\/pueyrredonmotos.com\/honda\/wp-content\/uploads\/2023\/09\/crf450-roja.jpg\" \/>\n\t<meta property=\"og:image:width\" content=\"752\" \/>\n\t<meta property=\"og:image:height\" content=\"752\" \/>\n\t<meta property=\"og:image:type\" content=\"image\/jpeg\" \/>\n<meta name=\"twitter:card\" content=\"summary_large_image\" \/>\n<meta name=\"twitter:label1\" content=\"Tiempo de lectura\" \/>\n\t<meta name=\"twitter:data1\" content=\"4 minutos\" \/>\n<script type=\"application\/ld+json\" class=\"yoast-schema-graph\">{\"@context\":\"https:\\\/\\\/schema.org\",\"@graph\":[{\"@type\":\"WebPage\",\"@id\":\"https:\\\/\\\/pueyrredonmotos.com\\\/honda\\\/producto\\\/honda-crf-450r\\\/\",\"url\":\"https:\\\/\\\/pueyrredonmotos.com\\\/honda\\\/producto\\\/honda-crf-450r\\\/\",\"name\":\"Honda CRF 450R - Pueyrred\u00f3n Motos\",\"isPartOf\":{\"@id\":\"https:\\\/\\\/pueyrredonmotos.com\\\/honda\\\/#website\"},\"primaryImageOfPage\":{\"@id\":\"https:\\\/\\\/pueyrredonmotos.com\\\/honda\\\/producto\\\/honda-crf-450r\\\/#primaryimage\"},\"image\":{\"@id\":\"https:\\\/\\\/pueyrredonmotos.com\\\/honda\\\/producto\\\/honda-crf-450r\\\/#primaryimage\"},\"thumbnailUrl\":\"https:\\\/\\\/pueyrredonmotos.com\\\/honda\\\/wp-content\\\/uploads\\\/2023\\\/09\\\/crf450-roja.jpg\",\"datePublished\":\"2023-09-23T17:01:41+00:00\",\"dateModified\":\"2024-08-12T03:05:33+00:00\",\"breadcrumb\":{\"@id\":\"https:\\\/\\\/pueyrredonmotos.com\\\/honda\\\/producto\\\/honda-crf-450r\\\/#breadcrumb\"},\"inLanguage\":\"es\",\"potentialAction\":[{\"@type\":\"ReadAction\",\"target\":[\"https:\\\/\\\/pueyrredonmotos.com\\\/honda\\\/producto\\\/honda-crf-450r\\\/\"]}]},{\"@type\":\"ImageObject\",\"inLanguage\":\"es\",\"@id\":\"https:\\\/\\\/pueyrredonmotos.com\\\/honda\\\/producto\\\/honda-crf-450r\\\/#primaryimage\",\"url\":\"https:\\\/\\\/pueyrredonmotos.com\\\/honda\\\/wp-content\\\/uploads\\\/2023\\\/09\\\/crf450-roja.jpg\",\"contentUrl\":\"https:\\\/\\\/pueyrredonmotos.com\\\/honda\\\/wp-content\\\/uploads\\\/2023\\\/09\\\/crf450-roja.jpg\",\"width\":752,\"height\":752},{\"@type\":\"BreadcrumbList\",\"@id\":\"https:\\\/\\\/pueyrredonmotos.com\\\/honda\\\/producto\\\/honda-crf-450r\\\/#breadcrumb\",\"itemListElement\":[{\"@type\":\"ListItem\",\"position\":1,\"name\":\"Home\",\"item\":\"https:\\\/\\\/pueyrredonmotos.com\\\/honda\\\/\"},{\"@type\":\"ListItem\",\"position\":2,\"name\":\"Cat\u00e1logo\",\"item\":\"https:\\\/\\\/pueyrredonmotos.com\\\/honda\\\/catalogo\\\/\"},{\"@type\":\"ListItem\",\"position\":3,\"name\":\"Honda CRF 450R\"}]},{\"@type\":\"WebSite\",\"@id\":\"https:\\\/\\\/pueyrredonmotos.com\\\/honda\\\/#website\",\"url\":\"https:\\\/\\\/pueyrredonmotos.com\\\/honda\\\/\",\"name\":\"Pueyrred\u00f3n Motos\",\"description\":\"Concesionario Oficial Honda\",\"publisher\":{\"@id\":\"https:\\\/\\\/pueyrredonmotos.com\\\/honda\\\/#organization\"},\"potentialAction\":[{\"@type\":\"SearchAction\",\"target\":{\"@type\":\"EntryPoint\",\"urlTemplate\":\"https:\\\/\\\/pueyrredonmotos.com\\\/honda\\\/?s={search_term_string}\"},\"query-input\":{\"@type\":\"PropertyValueSpecification\",\"valueRequired\":true,\"valueName\":\"search_term_string\"}}],\"inLanguage\":\"es\"},{\"@type\":\"Organization\",\"@id\":\"https:\\\/\\\/pueyrredonmotos.com\\\/honda\\\/#organization\",\"name\":\"Pueyrred\u00f3n Motos\",\"url\":\"https:\\\/\\\/pueyrredonmotos.com\\\/honda\\\/\",\"logo\":{\"@type\":\"ImageObject\",\"inLanguage\":\"es\",\"@id\":\"https:\\\/\\\/pueyrredonmotos.com\\\/honda\\\/#\\\/schema\\\/logo\\\/image\\\/\",\"url\":\"https:\\\/\\\/pueyrredonmotos.com\\\/honda\\\/wp-content\\\/uploads\\\/2023\\\/09\\\/logo-180-66.png\",\"contentUrl\":\"https:\\\/\\\/pueyrredonmotos.com\\\/honda\\\/wp-content\\\/uploads\\\/2023\\\/09\\\/logo-180-66.png\",\"width\":180,\"height\":66,\"caption\":\"Pueyrred\u00f3n Motos\"},\"image\":{\"@id\":\"https:\\\/\\\/pueyrredonmotos.com\\\/honda\\\/#\\\/schema\\\/logo\\\/image\\\/\"},\"sameAs\":[\"https:\\\/\\\/www.facebook.com\\\/pueyrredonmotos.honda\",\"https:\\\/\\\/www.instagram.com\\\/pueyrredonmotos.honda\\\/\"]}]}<\/script>\n<!-- \/ Yoast SEO Premium plugin. -->","yoast_head_json":{"title":"Honda CRF 450R - Pueyrred\u00f3n Motos","robots":{"index":"index","follow":"follow","max-snippet":"max-snippet:-1","max-image-preview":"max-image-preview:large","max-video-preview":"max-video-preview:-1"},"canonical":"https:\/\/pueyrredonmotos.com\/honda\/producto\/honda-crf-450r\/","og_locale":"es_ES","og_type":"article","og_title":"Honda CRF 450R","og_description":"Honda CRF 450R: Una m\u00e1quina que desaf\u00eda los l\u00edmites con un dise\u00f1o pensado para dominar el motocross. Su tecnolog\u00eda de inyecci\u00f3n downdraft y arranque el\u00e9ctrico te impulsan hacia la victoria desde el primer segundo. Equipada con una horquilla Showa\u00ae de 49mm y un chasis de aluminio de nueva generaci\u00f3n, esta moto est\u00e1 dise\u00f1ada para marcar la diferencia en la pista. Siente la emoci\u00f3n de liderar en cada curva con la CRF 450R  Encontrala en Pueyrred\u00f3n Motos, Concesionario Oficial Honda.","og_url":"https:\/\/pueyrredonmotos.com\/honda\/producto\/honda-crf-450r\/","og_site_name":"Pueyrred\u00f3n Motos","article_publisher":"https:\/\/www.facebook.com\/pueyrredonmotos.honda","article_modified_time":"2024-08-12T03:05:33+00:00","og_image":[{"width":752,"height":752,"url":"https:\/\/pueyrredonmotos.com\/honda\/wp-content\/uploads\/2023\/09\/crf450-roja.jpg","type":"image\/jpeg"}],"twitter_card":"summary_large_image","twitter_misc":{"Tiempo de lectura":"4 minutos"},"schema":{"@context":"https:\/\/schema.org","@graph":[{"@type":"WebPage","@id":"https:\/\/pueyrredonmotos.com\/honda\/producto\/honda-crf-450r\/","url":"https:\/\/pueyrredonmotos.com\/honda\/producto\/honda-crf-450r\/","name":"Honda CRF 450R - Pueyrred\u00f3n Motos","isPartOf":{"@id":"https:\/\/pueyrredonmotos.com\/honda\/#website"},"primaryImageOfPage":{"@id":"https:\/\/pueyrredonmotos.com\/honda\/producto\/honda-crf-450r\/#primaryimage"},"image":{"@id":"https:\/\/pueyrredonmotos.com\/honda\/producto\/honda-crf-450r\/#primaryimage"},"thumbnailUrl":"https:\/\/pueyrredonmotos.com\/honda\/wp-content\/uploads\/2023\/09\/crf450-roja.jpg","datePublished":"2023-09-23T17:01:41+00:00","dateModified":"2024-08-12T03:05:33+00:00","breadcrumb":{"@id":"https:\/\/pueyrredonmotos.com\/honda\/producto\/honda-crf-450r\/#breadcrumb"},"inLanguage":"es","potentialAction":[{"@type":"ReadAction","target":["https:\/\/pueyrredonmotos.com\/honda\/producto\/honda-crf-450r\/"]}]},{"@type":"ImageObject","inLanguage":"es","@id":"https:\/\/pueyrredonmotos.com\/honda\/producto\/honda-crf-450r\/#primaryimage","url":"https:\/\/pueyrredonmotos.com\/honda\/wp-content\/uploads\/2023\/09\/crf450-roja.jpg","contentUrl":"https:\/\/pueyrredonmotos.com\/honda\/wp-content\/uploads\/2023\/09\/crf450-roja.jpg","width":752,"height":752},{"@type":"BreadcrumbList","@id":"https:\/\/pueyrredonmotos.com\/honda\/producto\/honda-crf-450r\/#breadcrumb","itemListElement":[{"@type":"ListItem","position":1,"name":"Home","item":"https:\/\/pueyrredonmotos.com\/honda\/"},{"@type":"ListItem","position":2,"name":"Cat\u00e1logo","item":"https:\/\/pueyrredonmotos.com\/honda\/catalogo\/"},{"@type":"ListItem","position":3,"name":"Honda CRF 450R"}]},{"@type":"WebSite","@id":"https:\/\/pueyrredonmotos.com\/honda\/#website","url":"https:\/\/pueyrredonmotos.com\/honda\/","name":"Pueyrred\u00f3n Motos","description":"Concesionario Oficial Honda","publisher":{"@id":"https:\/\/pueyrredonmotos.com\/honda\/#organization"},"potentialAction":[{"@type":"SearchAction","target":{"@type":"EntryPoint","urlTemplate":"https:\/\/pueyrredonmotos.com\/honda\/?s={search_term_string}"},"query-input":{"@type":"PropertyValueSpecification","valueRequired":true,"valueName":"search_term_string"}}],"inLanguage":"es"},{"@type":"Organization","@id":"https:\/\/pueyrredonmotos.com\/honda\/#organization","name":"Pueyrred\u00f3n Motos","url":"https:\/\/pueyrredonmotos.com\/honda\/","logo":{"@type":"ImageObject","inLanguage":"es","@id":"https:\/\/pueyrredonmotos.com\/honda\/#\/schema\/logo\/image\/","url":"https:\/\/pueyrredonmotos.com\/honda\/wp-content\/uploads\/2023\/09\/logo-180-66.png","contentUrl":"https:\/\/pueyrredonmotos.com\/honda\/wp-content\/uploads\/2023\/09\/logo-180-66.png","width":180,"height":66,"caption":"Pueyrred\u00f3n Motos"},"image":{"@id":"https:\/\/pueyrredonmotos.com\/honda\/#\/schema\/logo\/image\/"},"sameAs":["https:\/\/www.facebook.com\/pueyrredonmotos.honda","https:\/\/www.instagram.com\/pueyrredonmotos.honda\/"]}]}},"_links":{"self":[{"href":"https:\/\/pueyrredonmotos.com\/honda\/wp-json\/wp\/v2\/product\/7700","targetHints":{"allow":["GET"]}}],"collection":[{"href":"https:\/\/pueyrredonmotos.com\/honda\/wp-json\/wp\/v2\/product"}],"about":[{"href":"https:\/\/pueyrredonmotos.com\/honda\/wp-json\/wp\/v2\/types\/product"}],"wp:featuredmedia":[{"embeddable":true,"href":"https:\/\/pueyrredonmotos.com\/honda\/wp-json\/wp\/v2\/media\/8411"}],"wp:attachment":[{"href":"https:\/\/pueyrredonmotos.com\/honda\/wp-json\/wp\/v2\/media?parent=7700"}],"wp:term":[{"taxonomy":"product_brand","embeddable":true,"href":"https:\/\/pueyrredonmotos.com\/honda\/wp-json\/wp\/v2\/product_brand?post=7700"},{"taxonomy":"product_cat","embeddable":true,"href":"https:\/\/pueyrredonmotos.com\/honda\/wp-json\/wp\/v2\/product_cat?post=7700"},{"taxonomy":"product_tag","embeddable":true,"href":"https:\/\/pueyrredonmotos.com\/honda\/wp-json\/wp\/v2\/product_tag?post=7700"}],"curies":[{"name":"wp","href":"https:\/\/api.w.org\/{rel}","templated":true}]}}