{"id":7621,"date":"2023-09-22T12:49:48","date_gmt":"2023-09-22T15:49:48","guid":{"rendered":"https:\/\/pueyrredonmotos.com\/honda\/?post_type=product&#038;p=7621"},"modified":"2024-08-11T23:59:53","modified_gmt":"2024-08-12T02:59:53","slug":"honda-xr250-tornado","status":"publish","type":"product","link":"https:\/\/pueyrredonmotos.com\/honda\/producto\/honda-xr250-tornado\/","title":{"rendered":"Honda XR250 Tornado"},"content":{"rendered":"<p><iframe loading=\"lazy\" title=\"YouTube video player\" src=\"https:\/\/www.youtube.com\/embed\/sJl2cocRars?si=NHmiU3vlV14cRRgp\" width=\"820\" height=\"461\" frameborder=\"0\" allowfullscreen=\"allowfullscreen\"><\/iframe><\/p>\n<p><strong>DISE\u00d1O: ADN XR<\/strong><br \/>\nEl dise\u00f1o ic\u00f3nico de la XR250 Tornado transmite sensaciones de adrenalina y aventura que la convierten en la referente indiscutida del segmento On\/Off.<\/p>\n<p><i class=\"fa fa-file-pdf-o\" aria-hidden=\"true\"><\/i> <a href=\"https:\/\/motos.honda.com.ar\/uploads\/modelos\/28\/fichas_tecnicas\/28c-0ficha-tecnica-xr250-tornado.pdf\">Ficha T\u00e9cnica<\/a><\/p>\n<p><img loading=\"lazy\" decoding=\"async\" class=\"alignnone size-full wp-image-7622\" src=\"https:\/\/pueyrredonmotos.com\/honda\/wp-content\/uploads\/2023\/09\/Honda-XR250-tornado.jpg\" alt=\"\" width=\"1400\" height=\"593\" srcset=\"https:\/\/pueyrredonmotos.com\/honda\/wp-content\/uploads\/2023\/09\/Honda-XR250-tornado.jpg 1400w, https:\/\/pueyrredonmotos.com\/honda\/wp-content\/uploads\/2023\/09\/Honda-XR250-tornado-800x339.jpg 800w, https:\/\/pueyrredonmotos.com\/honda\/wp-content\/uploads\/2023\/09\/Honda-XR250-tornado-300x127.jpg 300w, https:\/\/pueyrredonmotos.com\/honda\/wp-content\/uploads\/2023\/09\/Honda-XR250-tornado-1024x434.jpg 1024w, https:\/\/pueyrredonmotos.com\/honda\/wp-content\/uploads\/2023\/09\/Honda-XR250-tornado-768x325.jpg 768w\" sizes=\"auto, (max-width: 1400px) 100vw, 1400px\" \/><\/p>\n<p><img loading=\"lazy\" decoding=\"async\" class=\"alignnone size-full wp-image-7623\" src=\"https:\/\/pueyrredonmotos.com\/honda\/wp-content\/uploads\/2023\/09\/xr250-diseno.jpg\" alt=\"\" width=\"1010\" height=\"401\" srcset=\"https:\/\/pueyrredonmotos.com\/honda\/wp-content\/uploads\/2023\/09\/xr250-diseno.jpg 1010w, https:\/\/pueyrredonmotos.com\/honda\/wp-content\/uploads\/2023\/09\/xr250-diseno-800x318.jpg 800w, https:\/\/pueyrredonmotos.com\/honda\/wp-content\/uploads\/2023\/09\/xr250-diseno-300x119.jpg 300w, https:\/\/pueyrredonmotos.com\/honda\/wp-content\/uploads\/2023\/09\/xr250-diseno-768x305.jpg 768w\" sizes=\"auto, (max-width: 1010px) 100vw, 1010px\" \/><\/p>\n<p><strong>TECNOLOG\u00cdA:<\/strong> Tablero 100% digital y suspensi\u00f3n trasera PRO-LINK que le otorga m\u00e1s tracci\u00f3n sobre cualquier tipo de terreno.<\/p>\n<p><img loading=\"lazy\" decoding=\"async\" class=\"alignnone size-full wp-image-7624\" src=\"https:\/\/pueyrredonmotos.com\/honda\/wp-content\/uploads\/2023\/09\/xr250-tecnologia1.jpg\" alt=\"\" width=\"1010\" height=\"401\" srcset=\"https:\/\/pueyrredonmotos.com\/honda\/wp-content\/uploads\/2023\/09\/xr250-tecnologia1.jpg 1010w, https:\/\/pueyrredonmotos.com\/honda\/wp-content\/uploads\/2023\/09\/xr250-tecnologia1-800x318.jpg 800w, https:\/\/pueyrredonmotos.com\/honda\/wp-content\/uploads\/2023\/09\/xr250-tecnologia1-300x119.jpg 300w, https:\/\/pueyrredonmotos.com\/honda\/wp-content\/uploads\/2023\/09\/xr250-tecnologia1-768x305.jpg 768w\" sizes=\"auto, (max-width: 1010px) 100vw, 1010px\" \/> <img loading=\"lazy\" decoding=\"async\" class=\"alignnone size-full wp-image-7625\" src=\"https:\/\/pueyrredonmotos.com\/honda\/wp-content\/uploads\/2023\/09\/xr250-tecnologia2.jpg\" alt=\"\" width=\"1010\" height=\"401\" srcset=\"https:\/\/pueyrredonmotos.com\/honda\/wp-content\/uploads\/2023\/09\/xr250-tecnologia2.jpg 1010w, https:\/\/pueyrredonmotos.com\/honda\/wp-content\/uploads\/2023\/09\/xr250-tecnologia2-800x318.jpg 800w, https:\/\/pueyrredonmotos.com\/honda\/wp-content\/uploads\/2023\/09\/xr250-tecnologia2-300x119.jpg 300w, https:\/\/pueyrredonmotos.com\/honda\/wp-content\/uploads\/2023\/09\/xr250-tecnologia2-768x305.jpg 768w\" sizes=\"auto, (max-width: 1010px) 100vw, 1010px\" \/> <img loading=\"lazy\" decoding=\"async\" class=\"alignnone size-full wp-image-7626\" src=\"https:\/\/pueyrredonmotos.com\/honda\/wp-content\/uploads\/2023\/09\/xr250-tecnologia3.jpg\" alt=\"\" width=\"1010\" height=\"401\" srcset=\"https:\/\/pueyrredonmotos.com\/honda\/wp-content\/uploads\/2023\/09\/xr250-tecnologia3.jpg 1010w, https:\/\/pueyrredonmotos.com\/honda\/wp-content\/uploads\/2023\/09\/xr250-tecnologia3-800x318.jpg 800w, https:\/\/pueyrredonmotos.com\/honda\/wp-content\/uploads\/2023\/09\/xr250-tecnologia3-300x119.jpg 300w, https:\/\/pueyrredonmotos.com\/honda\/wp-content\/uploads\/2023\/09\/xr250-tecnologia3-768x305.jpg 768w\" sizes=\"auto, (max-width: 1010px) 100vw, 1010px\" \/><\/p>\n<p><strong>MOTOR:<\/strong> La Honda XR250 Tornado cuenta con un potente motor de 249cc, con doble \u00e1rbol de levas, refrigerado por aire y asociado a una caja de 6 velocidades. Una combinaci\u00f3n perfecta que te permitir\u00e1 explotar al m\u00e1ximo su desempe\u00f1o.<\/p>\n<p><img loading=\"lazy\" decoding=\"async\" class=\"alignnone size-full wp-image-7627\" src=\"https:\/\/pueyrredonmotos.com\/honda\/wp-content\/uploads\/2023\/09\/xr250-motor.jpg\" alt=\"\" width=\"1010\" height=\"401\" srcset=\"https:\/\/pueyrredonmotos.com\/honda\/wp-content\/uploads\/2023\/09\/xr250-motor.jpg 1010w, https:\/\/pueyrredonmotos.com\/honda\/wp-content\/uploads\/2023\/09\/xr250-motor-800x318.jpg 800w, https:\/\/pueyrredonmotos.com\/honda\/wp-content\/uploads\/2023\/09\/xr250-motor-300x119.jpg 300w, https:\/\/pueyrredonmotos.com\/honda\/wp-content\/uploads\/2023\/09\/xr250-motor-768x305.jpg 768w\" sizes=\"auto, (max-width: 1010px) 100vw, 1010px\" \/><\/p>\n<p><strong>VERSATILIDAD:<\/strong> La versatilidad de la Honda XR250 Tornado la convierte en una motocicleta con dos personalidades que conviven en perfecta armon\u00eda. Se desplaza con total naturalidad en el d\u00eda a d\u00eda como una \u00e1gil moto de calle y ofrece una incre\u00edble explosi\u00f3n de adrenalina en cada salida off-road.<\/p>\n<p><img loading=\"lazy\" decoding=\"async\" class=\"alignnone size-full wp-image-7628\" src=\"https:\/\/pueyrredonmotos.com\/honda\/wp-content\/uploads\/2023\/09\/xr250-versatilidad.jpg\" alt=\"\" width=\"1010\" height=\"401\" srcset=\"https:\/\/pueyrredonmotos.com\/honda\/wp-content\/uploads\/2023\/09\/xr250-versatilidad.jpg 1010w, https:\/\/pueyrredonmotos.com\/honda\/wp-content\/uploads\/2023\/09\/xr250-versatilidad-800x318.jpg 800w, https:\/\/pueyrredonmotos.com\/honda\/wp-content\/uploads\/2023\/09\/xr250-versatilidad-300x119.jpg 300w, https:\/\/pueyrredonmotos.com\/honda\/wp-content\/uploads\/2023\/09\/xr250-versatilidad-768x305.jpg 768w\" sizes=\"auto, (max-width: 1010px) 100vw, 1010px\" \/><\/p>\n<!-- Popup open button -->\r\n<div class=\"wws-popup__open-btn wws--bg-color wws--text-color wws-shadow\">\r\n<span> Consultas por Whatsapp<\/span>\r\n<\/div>\r\n<p>&nbsp;<\/p>\r\n<p>&nbsp;<\/p>\r\n\n","protected":false},"excerpt":{"rendered":"<p><strong>Honda XR250 Tornado:<\/strong> Con su ic\u00f3nico dise\u00f1o y tecnolog\u00eda avanzada, ofrece una combinaci\u00f3n perfecta de potencia y versatilidad. Su motor de 249cc, doble \u00e1rbol de levas y caja de 6 velocidades garantizan un desempe\u00f1o excepcional. Desde la rutina diaria hasta emocionantes aventuras off-road, la XR250 Tornado es la elecci\u00f3n definitiva para quienes buscan pasi\u00f3n y versatilidad en una sola moto. Familia XR donde el On y Off se unen.<\/p>\n<p>Encontrala en <strong>Pueyrred\u00f3n Motos<\/strong>, Concesionario Oficial Honda.<\/p>\n<p>[wpcode id=\"10175\"]<br \/>\n<\/p>\n<hr \/>\n","protected":false},"featured_media":7631,"template":"","meta":[],"product_brand":[],"product_cat":[15],"product_tag":[38],"class_list":{"0":"post-7621","1":"product","2":"type-product","3":"status-publish","4":"has-post-thumbnail","6":"product_cat-motos-0km","7":"product_tag-on-off","8":"pa_marca-honda","9":"pa_modelo-xr250-tornado","11":"first","12":"instock","13":"shipping-taxable","14":"purchasable","15":"product-type-simple"},"yoast_head":"<!-- This site is optimized with the Yoast SEO Premium plugin v21.2 (Yoast SEO v27.3) - https:\/\/yoast.com\/product\/yoast-seo-premium-wordpress\/ -->\n<title>Honda XR250 Tornado - Pueyrred\u00f3n Motos<\/title>\n<meta name=\"robots\" content=\"index, follow, max-snippet:-1, max-image-preview:large, max-video-preview:-1\" \/>\n<link rel=\"canonical\" href=\"https:\/\/pueyrredonmotos.com\/honda\/producto\/honda-xr250-tornado\/\" \/>\n<meta property=\"og:locale\" content=\"es_ES\" \/>\n<meta property=\"og:type\" content=\"article\" \/>\n<meta property=\"og:title\" content=\"Honda XR250 Tornado\" \/>\n<meta property=\"og:description\" content=\"Honda XR250 Tornado: Con su ic\u00f3nico dise\u00f1o y tecnolog\u00eda avanzada, ofrece una combinaci\u00f3n perfecta de potencia y versatilidad. Su motor de 249cc, doble \u00e1rbol de levas y caja de 6 velocidades garantizan un desempe\u00f1o excepcional. Desde la rutina diaria hasta emocionantes aventuras off-road, la XR250 Tornado es la elecci\u00f3n definitiva para quienes buscan pasi\u00f3n y versatilidad en una sola moto. Familia XR donde el On y Off se unen.  Encontrala en Pueyrred\u00f3n Motos, Concesionario Oficial Honda.\" \/>\n<meta property=\"og:url\" content=\"https:\/\/pueyrredonmotos.com\/honda\/producto\/honda-xr250-tornado\/\" \/>\n<meta property=\"og:site_name\" content=\"Pueyrred\u00f3n Motos\" \/>\n<meta property=\"article:publisher\" content=\"https:\/\/www.facebook.com\/pueyrredonmotos.honda\" \/>\n<meta property=\"article:modified_time\" content=\"2024-08-12T02:59:53+00:00\" \/>\n<meta property=\"og:image\" content=\"https:\/\/pueyrredonmotos.com\/honda\/wp-content\/uploads\/2023\/09\/xr250-colores-roja.jpg\" \/>\n\t<meta property=\"og:image:width\" content=\"600\" \/>\n\t<meta property=\"og:image:height\" content=\"600\" \/>\n\t<meta property=\"og:image:type\" content=\"image\/jpeg\" \/>\n<meta name=\"twitter:card\" content=\"summary_large_image\" \/>\n<meta name=\"twitter:label1\" content=\"Tiempo de lectura\" \/>\n\t<meta name=\"twitter:data1\" content=\"3 minutos\" \/>\n<script type=\"application\/ld+json\" class=\"yoast-schema-graph\">{\"@context\":\"https:\\\/\\\/schema.org\",\"@graph\":[{\"@type\":\"WebPage\",\"@id\":\"https:\\\/\\\/pueyrredonmotos.com\\\/honda\\\/producto\\\/honda-xr250-tornado\\\/\",\"url\":\"https:\\\/\\\/pueyrredonmotos.com\\\/honda\\\/producto\\\/honda-xr250-tornado\\\/\",\"name\":\"Honda XR250 Tornado - Pueyrred\u00f3n Motos\",\"isPartOf\":{\"@id\":\"https:\\\/\\\/pueyrredonmotos.com\\\/honda\\\/#website\"},\"primaryImageOfPage\":{\"@id\":\"https:\\\/\\\/pueyrredonmotos.com\\\/honda\\\/producto\\\/honda-xr250-tornado\\\/#primaryimage\"},\"image\":{\"@id\":\"https:\\\/\\\/pueyrredonmotos.com\\\/honda\\\/producto\\\/honda-xr250-tornado\\\/#primaryimage\"},\"thumbnailUrl\":\"https:\\\/\\\/pueyrredonmotos.com\\\/honda\\\/wp-content\\\/uploads\\\/2023\\\/09\\\/xr250-colores-roja.jpg\",\"datePublished\":\"2023-09-22T15:49:48+00:00\",\"dateModified\":\"2024-08-12T02:59:53+00:00\",\"breadcrumb\":{\"@id\":\"https:\\\/\\\/pueyrredonmotos.com\\\/honda\\\/producto\\\/honda-xr250-tornado\\\/#breadcrumb\"},\"inLanguage\":\"es\",\"potentialAction\":[{\"@type\":\"ReadAction\",\"target\":[\"https:\\\/\\\/pueyrredonmotos.com\\\/honda\\\/producto\\\/honda-xr250-tornado\\\/\"]}]},{\"@type\":\"ImageObject\",\"inLanguage\":\"es\",\"@id\":\"https:\\\/\\\/pueyrredonmotos.com\\\/honda\\\/producto\\\/honda-xr250-tornado\\\/#primaryimage\",\"url\":\"https:\\\/\\\/pueyrredonmotos.com\\\/honda\\\/wp-content\\\/uploads\\\/2023\\\/09\\\/xr250-colores-roja.jpg\",\"contentUrl\":\"https:\\\/\\\/pueyrredonmotos.com\\\/honda\\\/wp-content\\\/uploads\\\/2023\\\/09\\\/xr250-colores-roja.jpg\",\"width\":600,\"height\":600},{\"@type\":\"BreadcrumbList\",\"@id\":\"https:\\\/\\\/pueyrredonmotos.com\\\/honda\\\/producto\\\/honda-xr250-tornado\\\/#breadcrumb\",\"itemListElement\":[{\"@type\":\"ListItem\",\"position\":1,\"name\":\"Home\",\"item\":\"https:\\\/\\\/pueyrredonmotos.com\\\/honda\\\/\"},{\"@type\":\"ListItem\",\"position\":2,\"name\":\"Cat\u00e1logo\",\"item\":\"https:\\\/\\\/pueyrredonmotos.com\\\/honda\\\/catalogo\\\/\"},{\"@type\":\"ListItem\",\"position\":3,\"name\":\"Honda XR250 Tornado\"}]},{\"@type\":\"WebSite\",\"@id\":\"https:\\\/\\\/pueyrredonmotos.com\\\/honda\\\/#website\",\"url\":\"https:\\\/\\\/pueyrredonmotos.com\\\/honda\\\/\",\"name\":\"Pueyrred\u00f3n Motos\",\"description\":\"Concesionario Oficial Honda\",\"publisher\":{\"@id\":\"https:\\\/\\\/pueyrredonmotos.com\\\/honda\\\/#organization\"},\"potentialAction\":[{\"@type\":\"SearchAction\",\"target\":{\"@type\":\"EntryPoint\",\"urlTemplate\":\"https:\\\/\\\/pueyrredonmotos.com\\\/honda\\\/?s={search_term_string}\"},\"query-input\":{\"@type\":\"PropertyValueSpecification\",\"valueRequired\":true,\"valueName\":\"search_term_string\"}}],\"inLanguage\":\"es\"},{\"@type\":\"Organization\",\"@id\":\"https:\\\/\\\/pueyrredonmotos.com\\\/honda\\\/#organization\",\"name\":\"Pueyrred\u00f3n Motos\",\"url\":\"https:\\\/\\\/pueyrredonmotos.com\\\/honda\\\/\",\"logo\":{\"@type\":\"ImageObject\",\"inLanguage\":\"es\",\"@id\":\"https:\\\/\\\/pueyrredonmotos.com\\\/honda\\\/#\\\/schema\\\/logo\\\/image\\\/\",\"url\":\"https:\\\/\\\/pueyrredonmotos.com\\\/honda\\\/wp-content\\\/uploads\\\/2023\\\/09\\\/logo-180-66.png\",\"contentUrl\":\"https:\\\/\\\/pueyrredonmotos.com\\\/honda\\\/wp-content\\\/uploads\\\/2023\\\/09\\\/logo-180-66.png\",\"width\":180,\"height\":66,\"caption\":\"Pueyrred\u00f3n Motos\"},\"image\":{\"@id\":\"https:\\\/\\\/pueyrredonmotos.com\\\/honda\\\/#\\\/schema\\\/logo\\\/image\\\/\"},\"sameAs\":[\"https:\\\/\\\/www.facebook.com\\\/pueyrredonmotos.honda\",\"https:\\\/\\\/www.instagram.com\\\/pueyrredonmotos.honda\\\/\"]}]}<\/script>\n<!-- \/ Yoast SEO Premium plugin. -->","yoast_head_json":{"title":"Honda XR250 Tornado - Pueyrred\u00f3n Motos","robots":{"index":"index","follow":"follow","max-snippet":"max-snippet:-1","max-image-preview":"max-image-preview:large","max-video-preview":"max-video-preview:-1"},"canonical":"https:\/\/pueyrredonmotos.com\/honda\/producto\/honda-xr250-tornado\/","og_locale":"es_ES","og_type":"article","og_title":"Honda XR250 Tornado","og_description":"Honda XR250 Tornado: Con su ic\u00f3nico dise\u00f1o y tecnolog\u00eda avanzada, ofrece una combinaci\u00f3n perfecta de potencia y versatilidad. Su motor de 249cc, doble \u00e1rbol de levas y caja de 6 velocidades garantizan un desempe\u00f1o excepcional. Desde la rutina diaria hasta emocionantes aventuras off-road, la XR250 Tornado es la elecci\u00f3n definitiva para quienes buscan pasi\u00f3n y versatilidad en una sola moto. Familia XR donde el On y Off se unen.  Encontrala en Pueyrred\u00f3n Motos, Concesionario Oficial Honda.","og_url":"https:\/\/pueyrredonmotos.com\/honda\/producto\/honda-xr250-tornado\/","og_site_name":"Pueyrred\u00f3n Motos","article_publisher":"https:\/\/www.facebook.com\/pueyrredonmotos.honda","article_modified_time":"2024-08-12T02:59:53+00:00","og_image":[{"width":600,"height":600,"url":"https:\/\/pueyrredonmotos.com\/honda\/wp-content\/uploads\/2023\/09\/xr250-colores-roja.jpg","type":"image\/jpeg"}],"twitter_card":"summary_large_image","twitter_misc":{"Tiempo de lectura":"3 minutos"},"schema":{"@context":"https:\/\/schema.org","@graph":[{"@type":"WebPage","@id":"https:\/\/pueyrredonmotos.com\/honda\/producto\/honda-xr250-tornado\/","url":"https:\/\/pueyrredonmotos.com\/honda\/producto\/honda-xr250-tornado\/","name":"Honda XR250 Tornado - Pueyrred\u00f3n Motos","isPartOf":{"@id":"https:\/\/pueyrredonmotos.com\/honda\/#website"},"primaryImageOfPage":{"@id":"https:\/\/pueyrredonmotos.com\/honda\/producto\/honda-xr250-tornado\/#primaryimage"},"image":{"@id":"https:\/\/pueyrredonmotos.com\/honda\/producto\/honda-xr250-tornado\/#primaryimage"},"thumbnailUrl":"https:\/\/pueyrredonmotos.com\/honda\/wp-content\/uploads\/2023\/09\/xr250-colores-roja.jpg","datePublished":"2023-09-22T15:49:48+00:00","dateModified":"2024-08-12T02:59:53+00:00","breadcrumb":{"@id":"https:\/\/pueyrredonmotos.com\/honda\/producto\/honda-xr250-tornado\/#breadcrumb"},"inLanguage":"es","potentialAction":[{"@type":"ReadAction","target":["https:\/\/pueyrredonmotos.com\/honda\/producto\/honda-xr250-tornado\/"]}]},{"@type":"ImageObject","inLanguage":"es","@id":"https:\/\/pueyrredonmotos.com\/honda\/producto\/honda-xr250-tornado\/#primaryimage","url":"https:\/\/pueyrredonmotos.com\/honda\/wp-content\/uploads\/2023\/09\/xr250-colores-roja.jpg","contentUrl":"https:\/\/pueyrredonmotos.com\/honda\/wp-content\/uploads\/2023\/09\/xr250-colores-roja.jpg","width":600,"height":600},{"@type":"BreadcrumbList","@id":"https:\/\/pueyrredonmotos.com\/honda\/producto\/honda-xr250-tornado\/#breadcrumb","itemListElement":[{"@type":"ListItem","position":1,"name":"Home","item":"https:\/\/pueyrredonmotos.com\/honda\/"},{"@type":"ListItem","position":2,"name":"Cat\u00e1logo","item":"https:\/\/pueyrredonmotos.com\/honda\/catalogo\/"},{"@type":"ListItem","position":3,"name":"Honda XR250 Tornado"}]},{"@type":"WebSite","@id":"https:\/\/pueyrredonmotos.com\/honda\/#website","url":"https:\/\/pueyrredonmotos.com\/honda\/","name":"Pueyrred\u00f3n Motos","description":"Concesionario Oficial Honda","publisher":{"@id":"https:\/\/pueyrredonmotos.com\/honda\/#organization"},"potentialAction":[{"@type":"SearchAction","target":{"@type":"EntryPoint","urlTemplate":"https:\/\/pueyrredonmotos.com\/honda\/?s={search_term_string}"},"query-input":{"@type":"PropertyValueSpecification","valueRequired":true,"valueName":"search_term_string"}}],"inLanguage":"es"},{"@type":"Organization","@id":"https:\/\/pueyrredonmotos.com\/honda\/#organization","name":"Pueyrred\u00f3n Motos","url":"https:\/\/pueyrredonmotos.com\/honda\/","logo":{"@type":"ImageObject","inLanguage":"es","@id":"https:\/\/pueyrredonmotos.com\/honda\/#\/schema\/logo\/image\/","url":"https:\/\/pueyrredonmotos.com\/honda\/wp-content\/uploads\/2023\/09\/logo-180-66.png","contentUrl":"https:\/\/pueyrredonmotos.com\/honda\/wp-content\/uploads\/2023\/09\/logo-180-66.png","width":180,"height":66,"caption":"Pueyrred\u00f3n Motos"},"image":{"@id":"https:\/\/pueyrredonmotos.com\/honda\/#\/schema\/logo\/image\/"},"sameAs":["https:\/\/www.facebook.com\/pueyrredonmotos.honda","https:\/\/www.instagram.com\/pueyrredonmotos.honda\/"]}]}},"_links":{"self":[{"href":"https:\/\/pueyrredonmotos.com\/honda\/wp-json\/wp\/v2\/product\/7621","targetHints":{"allow":["GET"]}}],"collection":[{"href":"https:\/\/pueyrredonmotos.com\/honda\/wp-json\/wp\/v2\/product"}],"about":[{"href":"https:\/\/pueyrredonmotos.com\/honda\/wp-json\/wp\/v2\/types\/product"}],"wp:featuredmedia":[{"embeddable":true,"href":"https:\/\/pueyrredonmotos.com\/honda\/wp-json\/wp\/v2\/media\/7631"}],"wp:attachment":[{"href":"https:\/\/pueyrredonmotos.com\/honda\/wp-json\/wp\/v2\/media?parent=7621"}],"wp:term":[{"taxonomy":"product_brand","embeddable":true,"href":"https:\/\/pueyrredonmotos.com\/honda\/wp-json\/wp\/v2\/product_brand?post=7621"},{"taxonomy":"product_cat","embeddable":true,"href":"https:\/\/pueyrredonmotos.com\/honda\/wp-json\/wp\/v2\/product_cat?post=7621"},{"taxonomy":"product_tag","embeddable":true,"href":"https:\/\/pueyrredonmotos.com\/honda\/wp-json\/wp\/v2\/product_tag?post=7621"}],"curies":[{"name":"wp","href":"https:\/\/api.w.org\/{rel}","templated":true}]}}