{"id":7551,"date":"2023-09-21T19:34:02","date_gmt":"2023-09-21T22:34:02","guid":{"rendered":"https:\/\/pueyrredonmotos.com\/honda\/?post_type=product&#038;p=7551"},"modified":"2024-08-11T23:53:51","modified_gmt":"2024-08-12T02:53:51","slug":"honda-new-elite","status":"publish","type":"product","link":"https:\/\/pueyrredonmotos.com\/honda\/producto\/honda-new-elite\/","title":{"rendered":"Honda New Elite"},"content":{"rendered":"<p><img loading=\"lazy\" decoding=\"async\" class=\"alignnone size-full wp-image-7552\" src=\"https:\/\/pueyrredonmotos.com\/honda\/wp-content\/uploads\/2023\/09\/Honda-NewElite.jpg\" alt=\"\" width=\"1400\" height=\"593\" srcset=\"https:\/\/pueyrredonmotos.com\/honda\/wp-content\/uploads\/2023\/09\/Honda-NewElite.jpg 1400w, https:\/\/pueyrredonmotos.com\/honda\/wp-content\/uploads\/2023\/09\/Honda-NewElite-800x339.jpg 800w, https:\/\/pueyrredonmotos.com\/honda\/wp-content\/uploads\/2023\/09\/Honda-NewElite-300x127.jpg 300w, https:\/\/pueyrredonmotos.com\/honda\/wp-content\/uploads\/2023\/09\/Honda-NewElite-1024x434.jpg 1024w, https:\/\/pueyrredonmotos.com\/honda\/wp-content\/uploads\/2023\/09\/Honda-NewElite-768x325.jpg 768w\" sizes=\"auto, (max-width: 1400px) 100vw, 1400px\" \/><\/p>\n<p><strong>DISE\u00d1O:<\/strong> Cuenta con el respaldo de la marca l\u00edder del mundo en motocicletas. Su dise\u00f1o es m\u00e1s deportivo y su aerodin\u00e1mica presenta mayor maniobrabilidad. Est\u00e1 inspirada en un estilo de vida urbano y sofisticado, con el fin de poder movilizarse con gran comodidad. Su versi\u00f3n tricolor muestra su esp\u00edritu racing de origen.<\/p>\n<p><img loading=\"lazy\" decoding=\"async\" class=\"alignnone size-full wp-image-7553\" src=\"https:\/\/pueyrredonmotos.com\/honda\/wp-content\/uploads\/2023\/09\/diseo-1.jpg\" alt=\"\" width=\"1010\" height=\"401\" srcset=\"https:\/\/pueyrredonmotos.com\/honda\/wp-content\/uploads\/2023\/09\/diseo-1.jpg 1010w, https:\/\/pueyrredonmotos.com\/honda\/wp-content\/uploads\/2023\/09\/diseo-1-800x318.jpg 800w, https:\/\/pueyrredonmotos.com\/honda\/wp-content\/uploads\/2023\/09\/diseo-1-300x119.jpg 300w, https:\/\/pueyrredonmotos.com\/honda\/wp-content\/uploads\/2023\/09\/diseo-1-768x305.jpg 768w\" sizes=\"auto, (max-width: 1010px) 100vw, 1010px\" \/><\/p>\n<p><strong>INYECCI\u00d3N ELECTR\u00d3NICA:<\/strong> La New Elite posee el sistema PGM-MI o inyecci\u00f3n programada de combustible, la cual le brinda una mejor autonom\u00eda en consumo y un mayor rendimiento en performance.<\/p>\n<p><img loading=\"lazy\" decoding=\"async\" class=\"alignnone size-full wp-image-7554\" src=\"https:\/\/pueyrredonmotos.com\/honda\/wp-content\/uploads\/2023\/09\/inyeccion-electronica.jpg\" alt=\"\" width=\"1010\" height=\"401\" srcset=\"https:\/\/pueyrredonmotos.com\/honda\/wp-content\/uploads\/2023\/09\/inyeccion-electronica.jpg 1010w, https:\/\/pueyrredonmotos.com\/honda\/wp-content\/uploads\/2023\/09\/inyeccion-electronica-800x318.jpg 800w, https:\/\/pueyrredonmotos.com\/honda\/wp-content\/uploads\/2023\/09\/inyeccion-electronica-300x119.jpg 300w, https:\/\/pueyrredonmotos.com\/honda\/wp-content\/uploads\/2023\/09\/inyeccion-electronica-768x305.jpg 768w\" sizes=\"auto, (max-width: 1010px) 100vw, 1010px\" \/><\/p>\n<p><strong>LUCES DELANTERAS LED:<\/strong> Sus faros LED, adem\u00e1s de ahorrar energ\u00eda, le dan a la moto una personalidad m\u00e1s agresiva y deportiva.<\/p>\n<p><img loading=\"lazy\" decoding=\"async\" class=\"alignnone size-full wp-image-7555\" src=\"https:\/\/pueyrredonmotos.com\/honda\/wp-content\/uploads\/2023\/09\/luces-delanteras-led.jpg\" alt=\"\" width=\"1010\" height=\"401\" srcset=\"https:\/\/pueyrredonmotos.com\/honda\/wp-content\/uploads\/2023\/09\/luces-delanteras-led.jpg 1010w, https:\/\/pueyrredonmotos.com\/honda\/wp-content\/uploads\/2023\/09\/luces-delanteras-led-800x318.jpg 800w, https:\/\/pueyrredonmotos.com\/honda\/wp-content\/uploads\/2023\/09\/luces-delanteras-led-300x119.jpg 300w, https:\/\/pueyrredonmotos.com\/honda\/wp-content\/uploads\/2023\/09\/luces-delanteras-led-768x305.jpg 768w\" sizes=\"auto, (max-width: 1010px) 100vw, 1010px\" \/><\/p>\n<p><strong>TABLERO DIGITAL<\/strong><\/p>\n<p><img loading=\"lazy\" decoding=\"async\" class=\"alignnone size-full wp-image-7557\" src=\"https:\/\/pueyrredonmotos.com\/honda\/wp-content\/uploads\/2023\/09\/tablero-digital.jpg\" alt=\"\" width=\"1010\" height=\"401\" srcset=\"https:\/\/pueyrredonmotos.com\/honda\/wp-content\/uploads\/2023\/09\/tablero-digital.jpg 1010w, https:\/\/pueyrredonmotos.com\/honda\/wp-content\/uploads\/2023\/09\/tablero-digital-800x318.jpg 800w, https:\/\/pueyrredonmotos.com\/honda\/wp-content\/uploads\/2023\/09\/tablero-digital-300x119.jpg 300w, https:\/\/pueyrredonmotos.com\/honda\/wp-content\/uploads\/2023\/09\/tablero-digital-768x305.jpg 768w\" sizes=\"auto, (max-width: 1010px) 100vw, 1010px\" \/><\/p>\n<p><strong>FRENOS:<\/strong> La New Elite posee unos frenos que junto con el sistema CBS (Combined Break System), distribuye el frenado entre la rueda trasera y delantera de manera equilibrada, garantizando una mayor seguridad para el piloto.<\/p>\n<p><img loading=\"lazy\" decoding=\"async\" class=\"alignnone size-full wp-image-7558\" src=\"https:\/\/pueyrredonmotos.com\/honda\/wp-content\/uploads\/2023\/09\/frenos.jpg\" alt=\"\" width=\"1010\" height=\"401\" srcset=\"https:\/\/pueyrredonmotos.com\/honda\/wp-content\/uploads\/2023\/09\/frenos.jpg 1010w, https:\/\/pueyrredonmotos.com\/honda\/wp-content\/uploads\/2023\/09\/frenos-800x318.jpg 800w, https:\/\/pueyrredonmotos.com\/honda\/wp-content\/uploads\/2023\/09\/frenos-300x119.jpg 300w, https:\/\/pueyrredonmotos.com\/honda\/wp-content\/uploads\/2023\/09\/frenos-768x305.jpg 768w\" sizes=\"auto, (max-width: 1010px) 100vw, 1010px\" \/><\/p>\n<p><strong>PORTA OBJETOS<\/strong><\/p>\n<p><img loading=\"lazy\" decoding=\"async\" class=\"alignnone size-full wp-image-7559\" src=\"https:\/\/pueyrredonmotos.com\/honda\/wp-content\/uploads\/2023\/09\/porta-objetos.jpg\" alt=\"\" width=\"1010\" height=\"401\" srcset=\"https:\/\/pueyrredonmotos.com\/honda\/wp-content\/uploads\/2023\/09\/porta-objetos.jpg 1010w, https:\/\/pueyrredonmotos.com\/honda\/wp-content\/uploads\/2023\/09\/porta-objetos-800x318.jpg 800w, https:\/\/pueyrredonmotos.com\/honda\/wp-content\/uploads\/2023\/09\/porta-objetos-300x119.jpg 300w, https:\/\/pueyrredonmotos.com\/honda\/wp-content\/uploads\/2023\/09\/porta-objetos-768x305.jpg 768w\" sizes=\"auto, (max-width: 1010px) 100vw, 1010px\" \/><\/p>\n<!-- Popup open button -->\r\n<div class=\"wws-popup__open-btn wws--bg-color wws--text-color wws-shadow\">\r\n<span> Consultas por Whatsapp<\/span>\r\n<\/div>\r\n<p>&nbsp;<\/p>\r\n<p>&nbsp;<\/p>\r\n\n","protected":false},"excerpt":{"rendered":"<p><strong>Honda New Elite:<\/strong> Una moto respaldada por la marca l\u00edder mundial en motocicletas. Su dise\u00f1o deportivo y aerodin\u00e1mico no solo luce impresionante, sino que tambi\u00e9n ofrece una mayor maniobrabilidad en entornos urbanos. Inspirada en un estilo de vida sofisticado y urbano, te proporciona comodidad sin igual en cada viaje.<\/p>\n<p>Encontrala en <strong>Pueyrred\u00f3n Motos<\/strong>, Concesionario Oficial Honda.<\/p>\n<p>[wpcode id=\"10175\"]<br \/>\n<\/p>\n<hr \/>\n","protected":false},"featured_media":7562,"template":"","meta":[],"product_brand":[],"product_cat":[15],"product_tag":[32],"class_list":{"0":"post-7551","1":"product","2":"type-product","3":"status-publish","4":"has-post-thumbnail","6":"product_cat-motos-0km","7":"product_tag-scooter","8":"pa_marca-honda","9":"pa_modelo-new-elite","11":"first","12":"instock","13":"shipping-taxable","14":"purchasable","15":"product-type-simple"},"yoast_head":"<!-- This site is optimized with the Yoast SEO Premium plugin v21.2 (Yoast SEO v27.3) - https:\/\/yoast.com\/product\/yoast-seo-premium-wordpress\/ -->\n<title>Honda New Elite - Pueyrred\u00f3n Motos<\/title>\n<meta name=\"robots\" content=\"index, follow, max-snippet:-1, max-image-preview:large, max-video-preview:-1\" \/>\n<link rel=\"canonical\" href=\"https:\/\/pueyrredonmotos.com\/honda\/producto\/honda-new-elite\/\" \/>\n<meta property=\"og:locale\" content=\"es_ES\" \/>\n<meta property=\"og:type\" content=\"article\" \/>\n<meta property=\"og:title\" content=\"Honda New Elite\" \/>\n<meta property=\"og:description\" content=\"Honda New Elite: Una moto respaldada por la marca l\u00edder mundial en motocicletas. Su dise\u00f1o deportivo y aerodin\u00e1mico no solo luce impresionante, sino que tambi\u00e9n ofrece una mayor maniobrabilidad en entornos urbanos. Inspirada en un estilo de vida sofisticado y urbano, te proporciona comodidad sin igual en cada viaje.  Encontrala en Pueyrred\u00f3n Motos, Concesionario Oficial Honda.\" \/>\n<meta property=\"og:url\" content=\"https:\/\/pueyrredonmotos.com\/honda\/producto\/honda-new-elite\/\" \/>\n<meta property=\"og:site_name\" content=\"Pueyrred\u00f3n Motos\" \/>\n<meta property=\"article:publisher\" content=\"https:\/\/www.facebook.com\/pueyrredonmotos.honda\" \/>\n<meta property=\"article:modified_time\" content=\"2024-08-12T02:53:51+00:00\" \/>\n<meta property=\"og:image\" content=\"https:\/\/pueyrredonmotos.com\/honda\/wp-content\/uploads\/2023\/09\/new-elite-tricolor.jpg\" \/>\n\t<meta property=\"og:image:width\" content=\"600\" \/>\n\t<meta property=\"og:image:height\" content=\"600\" \/>\n\t<meta property=\"og:image:type\" content=\"image\/jpeg\" \/>\n<meta name=\"twitter:card\" content=\"summary_large_image\" \/>\n<meta name=\"twitter:label1\" content=\"Tiempo de lectura\" \/>\n\t<meta name=\"twitter:data1\" content=\"3 minutos\" \/>\n<script type=\"application\/ld+json\" class=\"yoast-schema-graph\">{\"@context\":\"https:\\\/\\\/schema.org\",\"@graph\":[{\"@type\":\"WebPage\",\"@id\":\"https:\\\/\\\/pueyrredonmotos.com\\\/honda\\\/producto\\\/honda-new-elite\\\/\",\"url\":\"https:\\\/\\\/pueyrredonmotos.com\\\/honda\\\/producto\\\/honda-new-elite\\\/\",\"name\":\"Honda New Elite - Pueyrred\u00f3n Motos\",\"isPartOf\":{\"@id\":\"https:\\\/\\\/pueyrredonmotos.com\\\/honda\\\/#website\"},\"primaryImageOfPage\":{\"@id\":\"https:\\\/\\\/pueyrredonmotos.com\\\/honda\\\/producto\\\/honda-new-elite\\\/#primaryimage\"},\"image\":{\"@id\":\"https:\\\/\\\/pueyrredonmotos.com\\\/honda\\\/producto\\\/honda-new-elite\\\/#primaryimage\"},\"thumbnailUrl\":\"https:\\\/\\\/pueyrredonmotos.com\\\/honda\\\/wp-content\\\/uploads\\\/2023\\\/09\\\/new-elite-tricolor.jpg\",\"datePublished\":\"2023-09-21T22:34:02+00:00\",\"dateModified\":\"2024-08-12T02:53:51+00:00\",\"breadcrumb\":{\"@id\":\"https:\\\/\\\/pueyrredonmotos.com\\\/honda\\\/producto\\\/honda-new-elite\\\/#breadcrumb\"},\"inLanguage\":\"es\",\"potentialAction\":[{\"@type\":\"ReadAction\",\"target\":[\"https:\\\/\\\/pueyrredonmotos.com\\\/honda\\\/producto\\\/honda-new-elite\\\/\"]}]},{\"@type\":\"ImageObject\",\"inLanguage\":\"es\",\"@id\":\"https:\\\/\\\/pueyrredonmotos.com\\\/honda\\\/producto\\\/honda-new-elite\\\/#primaryimage\",\"url\":\"https:\\\/\\\/pueyrredonmotos.com\\\/honda\\\/wp-content\\\/uploads\\\/2023\\\/09\\\/new-elite-tricolor.jpg\",\"contentUrl\":\"https:\\\/\\\/pueyrredonmotos.com\\\/honda\\\/wp-content\\\/uploads\\\/2023\\\/09\\\/new-elite-tricolor.jpg\",\"width\":600,\"height\":600},{\"@type\":\"BreadcrumbList\",\"@id\":\"https:\\\/\\\/pueyrredonmotos.com\\\/honda\\\/producto\\\/honda-new-elite\\\/#breadcrumb\",\"itemListElement\":[{\"@type\":\"ListItem\",\"position\":1,\"name\":\"Home\",\"item\":\"https:\\\/\\\/pueyrredonmotos.com\\\/honda\\\/\"},{\"@type\":\"ListItem\",\"position\":2,\"name\":\"Cat\u00e1logo\",\"item\":\"https:\\\/\\\/pueyrredonmotos.com\\\/honda\\\/catalogo\\\/\"},{\"@type\":\"ListItem\",\"position\":3,\"name\":\"Honda New Elite\"}]},{\"@type\":\"WebSite\",\"@id\":\"https:\\\/\\\/pueyrredonmotos.com\\\/honda\\\/#website\",\"url\":\"https:\\\/\\\/pueyrredonmotos.com\\\/honda\\\/\",\"name\":\"Pueyrred\u00f3n Motos\",\"description\":\"Concesionario Oficial Honda\",\"publisher\":{\"@id\":\"https:\\\/\\\/pueyrredonmotos.com\\\/honda\\\/#organization\"},\"potentialAction\":[{\"@type\":\"SearchAction\",\"target\":{\"@type\":\"EntryPoint\",\"urlTemplate\":\"https:\\\/\\\/pueyrredonmotos.com\\\/honda\\\/?s={search_term_string}\"},\"query-input\":{\"@type\":\"PropertyValueSpecification\",\"valueRequired\":true,\"valueName\":\"search_term_string\"}}],\"inLanguage\":\"es\"},{\"@type\":\"Organization\",\"@id\":\"https:\\\/\\\/pueyrredonmotos.com\\\/honda\\\/#organization\",\"name\":\"Pueyrred\u00f3n Motos\",\"url\":\"https:\\\/\\\/pueyrredonmotos.com\\\/honda\\\/\",\"logo\":{\"@type\":\"ImageObject\",\"inLanguage\":\"es\",\"@id\":\"https:\\\/\\\/pueyrredonmotos.com\\\/honda\\\/#\\\/schema\\\/logo\\\/image\\\/\",\"url\":\"https:\\\/\\\/pueyrredonmotos.com\\\/honda\\\/wp-content\\\/uploads\\\/2023\\\/09\\\/logo-180-66.png\",\"contentUrl\":\"https:\\\/\\\/pueyrredonmotos.com\\\/honda\\\/wp-content\\\/uploads\\\/2023\\\/09\\\/logo-180-66.png\",\"width\":180,\"height\":66,\"caption\":\"Pueyrred\u00f3n Motos\"},\"image\":{\"@id\":\"https:\\\/\\\/pueyrredonmotos.com\\\/honda\\\/#\\\/schema\\\/logo\\\/image\\\/\"},\"sameAs\":[\"https:\\\/\\\/www.facebook.com\\\/pueyrredonmotos.honda\",\"https:\\\/\\\/www.instagram.com\\\/pueyrredonmotos.honda\\\/\"]}]}<\/script>\n<!-- \/ Yoast SEO Premium plugin. -->","yoast_head_json":{"title":"Honda New Elite - Pueyrred\u00f3n Motos","robots":{"index":"index","follow":"follow","max-snippet":"max-snippet:-1","max-image-preview":"max-image-preview:large","max-video-preview":"max-video-preview:-1"},"canonical":"https:\/\/pueyrredonmotos.com\/honda\/producto\/honda-new-elite\/","og_locale":"es_ES","og_type":"article","og_title":"Honda New Elite","og_description":"Honda New Elite: Una moto respaldada por la marca l\u00edder mundial en motocicletas. Su dise\u00f1o deportivo y aerodin\u00e1mico no solo luce impresionante, sino que tambi\u00e9n ofrece una mayor maniobrabilidad en entornos urbanos. Inspirada en un estilo de vida sofisticado y urbano, te proporciona comodidad sin igual en cada viaje.  Encontrala en Pueyrred\u00f3n Motos, Concesionario Oficial Honda.","og_url":"https:\/\/pueyrredonmotos.com\/honda\/producto\/honda-new-elite\/","og_site_name":"Pueyrred\u00f3n Motos","article_publisher":"https:\/\/www.facebook.com\/pueyrredonmotos.honda","article_modified_time":"2024-08-12T02:53:51+00:00","og_image":[{"width":600,"height":600,"url":"https:\/\/pueyrredonmotos.com\/honda\/wp-content\/uploads\/2023\/09\/new-elite-tricolor.jpg","type":"image\/jpeg"}],"twitter_card":"summary_large_image","twitter_misc":{"Tiempo de lectura":"3 minutos"},"schema":{"@context":"https:\/\/schema.org","@graph":[{"@type":"WebPage","@id":"https:\/\/pueyrredonmotos.com\/honda\/producto\/honda-new-elite\/","url":"https:\/\/pueyrredonmotos.com\/honda\/producto\/honda-new-elite\/","name":"Honda New Elite - Pueyrred\u00f3n Motos","isPartOf":{"@id":"https:\/\/pueyrredonmotos.com\/honda\/#website"},"primaryImageOfPage":{"@id":"https:\/\/pueyrredonmotos.com\/honda\/producto\/honda-new-elite\/#primaryimage"},"image":{"@id":"https:\/\/pueyrredonmotos.com\/honda\/producto\/honda-new-elite\/#primaryimage"},"thumbnailUrl":"https:\/\/pueyrredonmotos.com\/honda\/wp-content\/uploads\/2023\/09\/new-elite-tricolor.jpg","datePublished":"2023-09-21T22:34:02+00:00","dateModified":"2024-08-12T02:53:51+00:00","breadcrumb":{"@id":"https:\/\/pueyrredonmotos.com\/honda\/producto\/honda-new-elite\/#breadcrumb"},"inLanguage":"es","potentialAction":[{"@type":"ReadAction","target":["https:\/\/pueyrredonmotos.com\/honda\/producto\/honda-new-elite\/"]}]},{"@type":"ImageObject","inLanguage":"es","@id":"https:\/\/pueyrredonmotos.com\/honda\/producto\/honda-new-elite\/#primaryimage","url":"https:\/\/pueyrredonmotos.com\/honda\/wp-content\/uploads\/2023\/09\/new-elite-tricolor.jpg","contentUrl":"https:\/\/pueyrredonmotos.com\/honda\/wp-content\/uploads\/2023\/09\/new-elite-tricolor.jpg","width":600,"height":600},{"@type":"BreadcrumbList","@id":"https:\/\/pueyrredonmotos.com\/honda\/producto\/honda-new-elite\/#breadcrumb","itemListElement":[{"@type":"ListItem","position":1,"name":"Home","item":"https:\/\/pueyrredonmotos.com\/honda\/"},{"@type":"ListItem","position":2,"name":"Cat\u00e1logo","item":"https:\/\/pueyrredonmotos.com\/honda\/catalogo\/"},{"@type":"ListItem","position":3,"name":"Honda New Elite"}]},{"@type":"WebSite","@id":"https:\/\/pueyrredonmotos.com\/honda\/#website","url":"https:\/\/pueyrredonmotos.com\/honda\/","name":"Pueyrred\u00f3n Motos","description":"Concesionario Oficial Honda","publisher":{"@id":"https:\/\/pueyrredonmotos.com\/honda\/#organization"},"potentialAction":[{"@type":"SearchAction","target":{"@type":"EntryPoint","urlTemplate":"https:\/\/pueyrredonmotos.com\/honda\/?s={search_term_string}"},"query-input":{"@type":"PropertyValueSpecification","valueRequired":true,"valueName":"search_term_string"}}],"inLanguage":"es"},{"@type":"Organization","@id":"https:\/\/pueyrredonmotos.com\/honda\/#organization","name":"Pueyrred\u00f3n Motos","url":"https:\/\/pueyrredonmotos.com\/honda\/","logo":{"@type":"ImageObject","inLanguage":"es","@id":"https:\/\/pueyrredonmotos.com\/honda\/#\/schema\/logo\/image\/","url":"https:\/\/pueyrredonmotos.com\/honda\/wp-content\/uploads\/2023\/09\/logo-180-66.png","contentUrl":"https:\/\/pueyrredonmotos.com\/honda\/wp-content\/uploads\/2023\/09\/logo-180-66.png","width":180,"height":66,"caption":"Pueyrred\u00f3n Motos"},"image":{"@id":"https:\/\/pueyrredonmotos.com\/honda\/#\/schema\/logo\/image\/"},"sameAs":["https:\/\/www.facebook.com\/pueyrredonmotos.honda","https:\/\/www.instagram.com\/pueyrredonmotos.honda\/"]}]}},"_links":{"self":[{"href":"https:\/\/pueyrredonmotos.com\/honda\/wp-json\/wp\/v2\/product\/7551","targetHints":{"allow":["GET"]}}],"collection":[{"href":"https:\/\/pueyrredonmotos.com\/honda\/wp-json\/wp\/v2\/product"}],"about":[{"href":"https:\/\/pueyrredonmotos.com\/honda\/wp-json\/wp\/v2\/types\/product"}],"wp:featuredmedia":[{"embeddable":true,"href":"https:\/\/pueyrredonmotos.com\/honda\/wp-json\/wp\/v2\/media\/7562"}],"wp:attachment":[{"href":"https:\/\/pueyrredonmotos.com\/honda\/wp-json\/wp\/v2\/media?parent=7551"}],"wp:term":[{"taxonomy":"product_brand","embeddable":true,"href":"https:\/\/pueyrredonmotos.com\/honda\/wp-json\/wp\/v2\/product_brand?post=7551"},{"taxonomy":"product_cat","embeddable":true,"href":"https:\/\/pueyrredonmotos.com\/honda\/wp-json\/wp\/v2\/product_cat?post=7551"},{"taxonomy":"product_tag","embeddable":true,"href":"https:\/\/pueyrredonmotos.com\/honda\/wp-json\/wp\/v2\/product_tag?post=7551"}],"curies":[{"name":"wp","href":"https:\/\/api.w.org\/{rel}","templated":true}]}}