{"id":10976,"date":"2025-09-30T18:13:26","date_gmt":"2025-09-30T21:13:26","guid":{"rendered":"https:\/\/pueyrredonmotos.com\/honda\/?post_type=product&#038;p=10976"},"modified":"2025-09-30T18:17:00","modified_gmt":"2025-09-30T21:17:00","slug":"cardera-para-cuatriciclos-genesis-catv1200-15hp","status":"publish","type":"product","link":"https:\/\/pueyrredonmotos.com\/honda\/producto\/cardera-para-cuatriciclos-genesis-catv1200-15hp\/","title":{"rendered":"Cardera para Cuatriciclos Genesis CATV1200 \u2013 15HP"},"content":{"rendered":"<h3>Descripci\u00f3n<\/h3>\n<p>Las carderas de la serie Genesis CATV, en 1-1,2-1,5mts de ancho de trabajo, se han desarrollado para satisfacer las necesidades de contratistas, agricultores y hacendados de peque\u00f1as necesidades. Son muy adecuadas para controlar la vegetaci\u00f3n densa, es decir, arbustos, helechos, hierbas altas y para el mantenimiento de las zonas forestales y bosques de baja densidad. Equipadas con embrague manual (opcional centr\u00edfugo) y correas de alto torque, le permiten a la trituradora realizar trabajos en condiciones dif\u00edciles y sin los problemas de sobrecalentamiento inherentes asociados con un embrague centr\u00edfugo. Desarrolladas para satisfacer las exigentes necesidades de los contratistas, las carderas de la serie Genesis CATV son la herramienta ideal para los hacendados y los agricultores que desean controlar la vegetaci\u00f3n de manera simple, econ\u00f3mica y con alto rendimiento. Adem\u00e1s de poder realizar tareas intensivas en el mantenimiento de zonas forestales y bosques. Dise\u00f1adas para complementar perfectamente la versatilidad y capacidad de \u00abir a cualquier lado\u201d de un ATV o UTV est\u00e1n construidas para funcionar en las condiciones m\u00e1s exigentes durante todo el a\u00f1o. Los neum\u00e1ticos en los laterales de la m\u00e1quina, en l\u00ednea con el rotor, aseguran el copiado del terreno con gran precisi\u00f3n, esta configuraci\u00f3n otorga a la m\u00e1quina un excelente equilibrio y el peso en la barra de tiro es m\u00ednimo, lo que hace que engancharla al cuatriciclo sea una operaci\u00f3n f\u00e1cil. Opcionalmente se las puede equipar con ruedas traseras, un requerimiento necesario para cercos y alambrados.<\/p>\n<p>Caracter\u00edsticas principales<\/p>\n<ul>\n<li>Trituradora de alta capacidad dise\u00f1adas para su uso con ATV y UTV<\/li>\n<li>Disponible en tama\u00f1os de 1m 1,2 m y 1,5 m con motores de 9HP a 15HP seg\u00fan modelo y requerimientos.<\/li>\n<li>Dos variantes de configuraci\u00f3n de rueda.<\/li>\n<li>Accionamiento manual de rotor para alto rendimiento y larga vida de las correas, opcionalmente se puede equipar con embrague centr\u00edfugo.<\/li>\n<li>Dos \u00f3 Tres correas de accionamiento que transmiten al rotor un alto rendimiento, y un embrague manual. En el trabajo rudo y material denso, este sistema es m\u00e1s eficiente que un embrague centr\u00edfugo y permite que la cortadora pueda hacer frente a las condiciones m\u00e1s exigentes.<\/li>\n<li>Chapa de acero moldeada de 3\/16\u201d de espesor para una mayor durabilidad y resistencia.<\/li>\n<li>Opcionalmente se equipan con accionamiento remoto de interruptor de parada \u2013 para cumplir con las regulaciones de salud y seguridad todas las trituradoras de la serie Genesis CATV est\u00e1n equipadas con un interruptor de apagado remoto del motor. Esto asegura que el motor de cortadora puede ser detenido de inmediato y sin que el operador tenga que dejar su asiento.<\/li>\n<li>Rango de altura de corte de entre 10 mm \u2013 160 mm<\/li>\n<li>Cuchillas de alta resistencia dobles que forman una \u201cY\u201d distribuyendo uniformemente los desechos a trav\u00e9s de la anchura completa de la m\u00e1quina.<\/li>\n<li>Sistema regulador de altura a tornillo. Un mecanismo simple que ubicado en la parte trasera de la m\u00e1quina regula la posici\u00f3n de las ruedas, mientras que un criket en la lanza de remolque regula el angulo de ataque y corte deseado.<\/li>\n<li>Barra de tracci\u00f3n ajustable para permitir a la trituradora el corte a un lado del veh\u00edculo todo terreno, esto es particularmente \u00fatil cuando corte a un borde.<\/li>\n<li>Enganche a bola con traba de seguridad.<\/li>\n<\/ul>\n<p>&nbsp;<\/p>\n","protected":false},"excerpt":{"rendered":"<p><strong>Cardera para Cuatriciclos Genesis CATV1200 \u2013 15HP<\/strong><\/p>\n<p>Cardera de arrastre para ATV y UTV, ideal para desmalezar y triturar vegetaci\u00f3n densa. Equipada con motor de 15HP, cuchillas en \u201cY\u201d y chasis reforzado, ofrece alta resistencia, corte eficiente y f\u00e1cil regulaci\u00f3n de altura.<\/p>\n","protected":false},"featured_media":10977,"template":"","meta":[],"product_brand":[],"product_cat":[36],"product_tag":[196,308],"class_list":{"0":"post-10976","1":"product","2":"type-product","3":"status-publish","4":"has-post-thumbnail","6":"product_cat-accesorios","7":"product_tag-atv","8":"product_tag-carderas","10":"first","11":"instock","12":"shipping-taxable","13":"purchasable","14":"product-type-simple"},"yoast_head":"<!-- This site is optimized with the Yoast SEO Premium plugin v21.2 (Yoast SEO v27.3) - https:\/\/yoast.com\/product\/yoast-seo-premium-wordpress\/ -->\n<title>Cardera para Cuatriciclos Genesis CATV1200 \u2013 15HP - Pueyrred\u00f3n Motos<\/title>\n<meta name=\"robots\" content=\"index, follow, max-snippet:-1, max-image-preview:large, max-video-preview:-1\" \/>\n<link rel=\"canonical\" href=\"https:\/\/pueyrredonmotos.com\/honda\/producto\/cardera-para-cuatriciclos-genesis-catv1200-15hp\/\" \/>\n<meta property=\"og:locale\" content=\"es_ES\" \/>\n<meta property=\"og:type\" content=\"article\" \/>\n<meta property=\"og:title\" content=\"Cardera para Cuatriciclos Genesis CATV1200 \u2013 15HP\" \/>\n<meta property=\"og:description\" content=\"Cardera para Cuatriciclos Genesis CATV1200 \u2013 15HP  Cardera de arrastre para ATV y UTV, ideal para desmalezar y triturar vegetaci\u00f3n densa. Equipada con motor de 15HP, cuchillas en \u201cY\u201d y chasis reforzado, ofrece alta resistencia, corte eficiente y f\u00e1cil regulaci\u00f3n de altura.\" \/>\n<meta property=\"og:url\" content=\"https:\/\/pueyrredonmotos.com\/honda\/producto\/cardera-para-cuatriciclos-genesis-catv1200-15hp\/\" \/>\n<meta property=\"og:site_name\" content=\"Pueyrred\u00f3n Motos\" \/>\n<meta property=\"article:publisher\" content=\"https:\/\/www.facebook.com\/pueyrredonmotos.honda\" \/>\n<meta property=\"article:modified_time\" content=\"2025-09-30T21:17:00+00:00\" \/>\n<meta property=\"og:image\" content=\"https:\/\/pueyrredonmotos.com\/honda\/wp-content\/uploads\/2025\/09\/CATV1200-1500-1.jpg\" \/>\n\t<meta property=\"og:image:width\" content=\"500\" \/>\n\t<meta property=\"og:image:height\" content=\"500\" \/>\n\t<meta property=\"og:image:type\" content=\"image\/jpeg\" \/>\n<meta name=\"twitter:card\" content=\"summary_large_image\" \/>\n<meta name=\"twitter:label1\" content=\"Tiempo de lectura\" \/>\n\t<meta name=\"twitter:data1\" content=\"3 minutos\" \/>\n<script type=\"application\/ld+json\" class=\"yoast-schema-graph\">{\"@context\":\"https:\\\/\\\/schema.org\",\"@graph\":[{\"@type\":\"WebPage\",\"@id\":\"https:\\\/\\\/pueyrredonmotos.com\\\/honda\\\/producto\\\/cardera-para-cuatriciclos-genesis-catv1200-15hp\\\/\",\"url\":\"https:\\\/\\\/pueyrredonmotos.com\\\/honda\\\/producto\\\/cardera-para-cuatriciclos-genesis-catv1200-15hp\\\/\",\"name\":\"Cardera para Cuatriciclos Genesis CATV1200 \u2013 15HP - Pueyrred\u00f3n Motos\",\"isPartOf\":{\"@id\":\"https:\\\/\\\/pueyrredonmotos.com\\\/honda\\\/#website\"},\"primaryImageOfPage\":{\"@id\":\"https:\\\/\\\/pueyrredonmotos.com\\\/honda\\\/producto\\\/cardera-para-cuatriciclos-genesis-catv1200-15hp\\\/#primaryimage\"},\"image\":{\"@id\":\"https:\\\/\\\/pueyrredonmotos.com\\\/honda\\\/producto\\\/cardera-para-cuatriciclos-genesis-catv1200-15hp\\\/#primaryimage\"},\"thumbnailUrl\":\"https:\\\/\\\/pueyrredonmotos.com\\\/honda\\\/wp-content\\\/uploads\\\/2025\\\/09\\\/CATV1200-1500-1.jpg\",\"datePublished\":\"2025-09-30T21:13:26+00:00\",\"dateModified\":\"2025-09-30T21:17:00+00:00\",\"breadcrumb\":{\"@id\":\"https:\\\/\\\/pueyrredonmotos.com\\\/honda\\\/producto\\\/cardera-para-cuatriciclos-genesis-catv1200-15hp\\\/#breadcrumb\"},\"inLanguage\":\"es\",\"potentialAction\":[{\"@type\":\"ReadAction\",\"target\":[\"https:\\\/\\\/pueyrredonmotos.com\\\/honda\\\/producto\\\/cardera-para-cuatriciclos-genesis-catv1200-15hp\\\/\"]}]},{\"@type\":\"ImageObject\",\"inLanguage\":\"es\",\"@id\":\"https:\\\/\\\/pueyrredonmotos.com\\\/honda\\\/producto\\\/cardera-para-cuatriciclos-genesis-catv1200-15hp\\\/#primaryimage\",\"url\":\"https:\\\/\\\/pueyrredonmotos.com\\\/honda\\\/wp-content\\\/uploads\\\/2025\\\/09\\\/CATV1200-1500-1.jpg\",\"contentUrl\":\"https:\\\/\\\/pueyrredonmotos.com\\\/honda\\\/wp-content\\\/uploads\\\/2025\\\/09\\\/CATV1200-1500-1.jpg\",\"width\":500,\"height\":500},{\"@type\":\"BreadcrumbList\",\"@id\":\"https:\\\/\\\/pueyrredonmotos.com\\\/honda\\\/producto\\\/cardera-para-cuatriciclos-genesis-catv1200-15hp\\\/#breadcrumb\",\"itemListElement\":[{\"@type\":\"ListItem\",\"position\":1,\"name\":\"Home\",\"item\":\"https:\\\/\\\/pueyrredonmotos.com\\\/honda\\\/\"},{\"@type\":\"ListItem\",\"position\":2,\"name\":\"Cat\u00e1logo\",\"item\":\"https:\\\/\\\/pueyrredonmotos.com\\\/honda\\\/catalogo\\\/\"},{\"@type\":\"ListItem\",\"position\":3,\"name\":\"Cardera para Cuatriciclos Genesis CATV1200 \u2013 15HP\"}]},{\"@type\":\"WebSite\",\"@id\":\"https:\\\/\\\/pueyrredonmotos.com\\\/honda\\\/#website\",\"url\":\"https:\\\/\\\/pueyrredonmotos.com\\\/honda\\\/\",\"name\":\"Pueyrred\u00f3n Motos\",\"description\":\"Concesionario Oficial Honda\",\"publisher\":{\"@id\":\"https:\\\/\\\/pueyrredonmotos.com\\\/honda\\\/#organization\"},\"potentialAction\":[{\"@type\":\"SearchAction\",\"target\":{\"@type\":\"EntryPoint\",\"urlTemplate\":\"https:\\\/\\\/pueyrredonmotos.com\\\/honda\\\/?s={search_term_string}\"},\"query-input\":{\"@type\":\"PropertyValueSpecification\",\"valueRequired\":true,\"valueName\":\"search_term_string\"}}],\"inLanguage\":\"es\"},{\"@type\":\"Organization\",\"@id\":\"https:\\\/\\\/pueyrredonmotos.com\\\/honda\\\/#organization\",\"name\":\"Pueyrred\u00f3n Motos\",\"url\":\"https:\\\/\\\/pueyrredonmotos.com\\\/honda\\\/\",\"logo\":{\"@type\":\"ImageObject\",\"inLanguage\":\"es\",\"@id\":\"https:\\\/\\\/pueyrredonmotos.com\\\/honda\\\/#\\\/schema\\\/logo\\\/image\\\/\",\"url\":\"https:\\\/\\\/pueyrredonmotos.com\\\/honda\\\/wp-content\\\/uploads\\\/2023\\\/09\\\/logo-180-66.png\",\"contentUrl\":\"https:\\\/\\\/pueyrredonmotos.com\\\/honda\\\/wp-content\\\/uploads\\\/2023\\\/09\\\/logo-180-66.png\",\"width\":180,\"height\":66,\"caption\":\"Pueyrred\u00f3n Motos\"},\"image\":{\"@id\":\"https:\\\/\\\/pueyrredonmotos.com\\\/honda\\\/#\\\/schema\\\/logo\\\/image\\\/\"},\"sameAs\":[\"https:\\\/\\\/www.facebook.com\\\/pueyrredonmotos.honda\",\"https:\\\/\\\/www.instagram.com\\\/pueyrredonmotos.honda\\\/\"]}]}<\/script>\n<!-- \/ Yoast SEO Premium plugin. -->","yoast_head_json":{"title":"Cardera para Cuatriciclos Genesis CATV1200 \u2013 15HP - Pueyrred\u00f3n Motos","robots":{"index":"index","follow":"follow","max-snippet":"max-snippet:-1","max-image-preview":"max-image-preview:large","max-video-preview":"max-video-preview:-1"},"canonical":"https:\/\/pueyrredonmotos.com\/honda\/producto\/cardera-para-cuatriciclos-genesis-catv1200-15hp\/","og_locale":"es_ES","og_type":"article","og_title":"Cardera para Cuatriciclos Genesis CATV1200 \u2013 15HP","og_description":"Cardera para Cuatriciclos Genesis CATV1200 \u2013 15HP  Cardera de arrastre para ATV y UTV, ideal para desmalezar y triturar vegetaci\u00f3n densa. Equipada con motor de 15HP, cuchillas en \u201cY\u201d y chasis reforzado, ofrece alta resistencia, corte eficiente y f\u00e1cil regulaci\u00f3n de altura.","og_url":"https:\/\/pueyrredonmotos.com\/honda\/producto\/cardera-para-cuatriciclos-genesis-catv1200-15hp\/","og_site_name":"Pueyrred\u00f3n Motos","article_publisher":"https:\/\/www.facebook.com\/pueyrredonmotos.honda","article_modified_time":"2025-09-30T21:17:00+00:00","og_image":[{"width":500,"height":500,"url":"https:\/\/pueyrredonmotos.com\/honda\/wp-content\/uploads\/2025\/09\/CATV1200-1500-1.jpg","type":"image\/jpeg"}],"twitter_card":"summary_large_image","twitter_misc":{"Tiempo de lectura":"3 minutos"},"schema":{"@context":"https:\/\/schema.org","@graph":[{"@type":"WebPage","@id":"https:\/\/pueyrredonmotos.com\/honda\/producto\/cardera-para-cuatriciclos-genesis-catv1200-15hp\/","url":"https:\/\/pueyrredonmotos.com\/honda\/producto\/cardera-para-cuatriciclos-genesis-catv1200-15hp\/","name":"Cardera para Cuatriciclos Genesis CATV1200 \u2013 15HP - Pueyrred\u00f3n Motos","isPartOf":{"@id":"https:\/\/pueyrredonmotos.com\/honda\/#website"},"primaryImageOfPage":{"@id":"https:\/\/pueyrredonmotos.com\/honda\/producto\/cardera-para-cuatriciclos-genesis-catv1200-15hp\/#primaryimage"},"image":{"@id":"https:\/\/pueyrredonmotos.com\/honda\/producto\/cardera-para-cuatriciclos-genesis-catv1200-15hp\/#primaryimage"},"thumbnailUrl":"https:\/\/pueyrredonmotos.com\/honda\/wp-content\/uploads\/2025\/09\/CATV1200-1500-1.jpg","datePublished":"2025-09-30T21:13:26+00:00","dateModified":"2025-09-30T21:17:00+00:00","breadcrumb":{"@id":"https:\/\/pueyrredonmotos.com\/honda\/producto\/cardera-para-cuatriciclos-genesis-catv1200-15hp\/#breadcrumb"},"inLanguage":"es","potentialAction":[{"@type":"ReadAction","target":["https:\/\/pueyrredonmotos.com\/honda\/producto\/cardera-para-cuatriciclos-genesis-catv1200-15hp\/"]}]},{"@type":"ImageObject","inLanguage":"es","@id":"https:\/\/pueyrredonmotos.com\/honda\/producto\/cardera-para-cuatriciclos-genesis-catv1200-15hp\/#primaryimage","url":"https:\/\/pueyrredonmotos.com\/honda\/wp-content\/uploads\/2025\/09\/CATV1200-1500-1.jpg","contentUrl":"https:\/\/pueyrredonmotos.com\/honda\/wp-content\/uploads\/2025\/09\/CATV1200-1500-1.jpg","width":500,"height":500},{"@type":"BreadcrumbList","@id":"https:\/\/pueyrredonmotos.com\/honda\/producto\/cardera-para-cuatriciclos-genesis-catv1200-15hp\/#breadcrumb","itemListElement":[{"@type":"ListItem","position":1,"name":"Home","item":"https:\/\/pueyrredonmotos.com\/honda\/"},{"@type":"ListItem","position":2,"name":"Cat\u00e1logo","item":"https:\/\/pueyrredonmotos.com\/honda\/catalogo\/"},{"@type":"ListItem","position":3,"name":"Cardera para Cuatriciclos Genesis CATV1200 \u2013 15HP"}]},{"@type":"WebSite","@id":"https:\/\/pueyrredonmotos.com\/honda\/#website","url":"https:\/\/pueyrredonmotos.com\/honda\/","name":"Pueyrred\u00f3n Motos","description":"Concesionario Oficial Honda","publisher":{"@id":"https:\/\/pueyrredonmotos.com\/honda\/#organization"},"potentialAction":[{"@type":"SearchAction","target":{"@type":"EntryPoint","urlTemplate":"https:\/\/pueyrredonmotos.com\/honda\/?s={search_term_string}"},"query-input":{"@type":"PropertyValueSpecification","valueRequired":true,"valueName":"search_term_string"}}],"inLanguage":"es"},{"@type":"Organization","@id":"https:\/\/pueyrredonmotos.com\/honda\/#organization","name":"Pueyrred\u00f3n Motos","url":"https:\/\/pueyrredonmotos.com\/honda\/","logo":{"@type":"ImageObject","inLanguage":"es","@id":"https:\/\/pueyrredonmotos.com\/honda\/#\/schema\/logo\/image\/","url":"https:\/\/pueyrredonmotos.com\/honda\/wp-content\/uploads\/2023\/09\/logo-180-66.png","contentUrl":"https:\/\/pueyrredonmotos.com\/honda\/wp-content\/uploads\/2023\/09\/logo-180-66.png","width":180,"height":66,"caption":"Pueyrred\u00f3n Motos"},"image":{"@id":"https:\/\/pueyrredonmotos.com\/honda\/#\/schema\/logo\/image\/"},"sameAs":["https:\/\/www.facebook.com\/pueyrredonmotos.honda","https:\/\/www.instagram.com\/pueyrredonmotos.honda\/"]}]}},"_links":{"self":[{"href":"https:\/\/pueyrredonmotos.com\/honda\/wp-json\/wp\/v2\/product\/10976","targetHints":{"allow":["GET"]}}],"collection":[{"href":"https:\/\/pueyrredonmotos.com\/honda\/wp-json\/wp\/v2\/product"}],"about":[{"href":"https:\/\/pueyrredonmotos.com\/honda\/wp-json\/wp\/v2\/types\/product"}],"wp:featuredmedia":[{"embeddable":true,"href":"https:\/\/pueyrredonmotos.com\/honda\/wp-json\/wp\/v2\/media\/10977"}],"wp:attachment":[{"href":"https:\/\/pueyrredonmotos.com\/honda\/wp-json\/wp\/v2\/media?parent=10976"}],"wp:term":[{"taxonomy":"product_brand","embeddable":true,"href":"https:\/\/pueyrredonmotos.com\/honda\/wp-json\/wp\/v2\/product_brand?post=10976"},{"taxonomy":"product_cat","embeddable":true,"href":"https:\/\/pueyrredonmotos.com\/honda\/wp-json\/wp\/v2\/product_cat?post=10976"},{"taxonomy":"product_tag","embeddable":true,"href":"https:\/\/pueyrredonmotos.com\/honda\/wp-json\/wp\/v2\/product_tag?post=10976"}],"curies":[{"name":"wp","href":"https:\/\/api.w.org\/{rel}","templated":true}]}}