{"id":10973,"date":"2025-09-30T18:07:16","date_gmt":"2025-09-30T21:07:16","guid":{"rendered":"https:\/\/pueyrredonmotos.com\/honda\/?post_type=product&#038;p=10973"},"modified":"2025-09-30T18:07:17","modified_gmt":"2025-09-30T21:07:17","slug":"arados-para-cuatriciclos-minitractores-y-utilitarios","status":"publish","type":"product","link":"https:\/\/pueyrredonmotos.com\/honda\/producto\/arados-para-cuatriciclos-minitractores-y-utilitarios\/","title":{"rendered":"Arados para cuatriciclos, minitractores y utilitarios."},"content":{"rendered":"<h3>Descripci\u00f3n<\/h3>\n<p>La familia de arados de la serie Genesis AR ha sido dise\u00f1ada para dar al usuario un excelente desempe\u00f1o en su trabajo, incorporando los residuos al suelo m\u00e1s eficientemente y desintegrando adecuadamente los terrones cortados. Su chasis principal ha sido dise\u00f1ado para una mayor resistencia estructural que permite adaptarse a las necesidades del terreno.<br \/>\nSus caracter\u00edsticas y beneficios de resistencia, durabilidad y dise\u00f1o, les convierten en una excelente opci\u00f3n para micro y peque\u00f1as producciones, huertas, quintas, o simplemente para el mantenimiento hogare\u00f1o de espacios verdes.<br \/>\nLos arados de vertedera de la serie Genesis AR, nos brindan un mejor trabajo del suelo, redundando en menor tiempo para la preparaci\u00f3n de tierra para la siembra, por requerir menos pasadas de la rastra para desmenuzar los terrones.<br \/>\nTodo esto genera mayor ahorro al productor. Cuenta con un tornillo fusible en cada vertedera y adem\u00e1s una regulaci\u00f3n de \u00e1ngulo de ataque individual, lo cual lo hace muy econ\u00f3mico en su mantenimiento para operaci\u00f3n.<br \/>\nSus vertederas de acero tratado al boro otorgan m\u00e1xima resistencia y durabilidad, cuentan con cuchillas de corte de succi\u00f3n penetrando con facilidad en terrenos duros y se pueden equipar con cuchillas onduladas o turbo. Los arados de la serie Genesis AR pueden operar en condiciones altas de humedad con vertederas de tefl\u00f3n opcionales.<\/p>\n<p>Se adapta a equipos que utilicen cualquier enganche de manga (no incluido). Puede adquirirse del fabricante de su tractor.<br \/>\nSe adapta a los modelos: Todos los modelos de tractores de jard\u00edn, ATV y UTV, deben estar equipados con un enganche de manga<\/p>\n<p>Chasis: acero<br \/>\nMaterial: acero<br \/>\nAltura del producto: 60cm<br \/>\nLongitud del producto: 110cm<br \/>\nAncho del producto: 35cm<br \/>\nColor: Negro<br \/>\nAccesorio: Enganche de manga<br \/>\nOpcional: Cuchilla de corte<\/p>\n<p>&nbsp;<\/p>\n","protected":false},"excerpt":{"rendered":"<p><strong>Arados para Cuatriciclos, Minitractores y Utilitarios \u2013 Serie Genesis AR<\/strong><\/p>\n<p>Arado robusto y duradero, ideal para huertas, quintas y peque\u00f1as producciones. Con vertederas de acero al boro y chasis reforzado, garantiza un trabajo eficiente del suelo con menor esfuerzo y mantenimiento econ\u00f3mico.<\/p>\n","protected":false},"featured_media":10974,"template":"","meta":[],"product_brand":[],"product_cat":[36],"product_tag":[306,196],"class_list":{"0":"post-10973","1":"product","2":"type-product","3":"status-publish","4":"has-post-thumbnail","6":"product_cat-accesorios","7":"product_tag-arados","8":"product_tag-atv","10":"first","11":"instock","12":"shipping-taxable","13":"purchasable","14":"product-type-simple"},"yoast_head":"<!-- This site is optimized with the Yoast SEO Premium plugin v21.2 (Yoast SEO v27.3) - https:\/\/yoast.com\/product\/yoast-seo-premium-wordpress\/ -->\n<title>Arados para cuatriciclos, minitractores y utilitarios. - Pueyrred\u00f3n Motos<\/title>\n<meta name=\"robots\" content=\"index, follow, max-snippet:-1, max-image-preview:large, max-video-preview:-1\" \/>\n<link rel=\"canonical\" href=\"https:\/\/pueyrredonmotos.com\/honda\/producto\/arados-para-cuatriciclos-minitractores-y-utilitarios\/\" \/>\n<meta property=\"og:locale\" content=\"es_ES\" \/>\n<meta property=\"og:type\" content=\"article\" \/>\n<meta property=\"og:title\" content=\"Arados para cuatriciclos, minitractores y utilitarios.\" \/>\n<meta property=\"og:description\" content=\"Arados para Cuatriciclos, Minitractores y Utilitarios \u2013 Serie Genesis AR  Arado robusto y duradero, ideal para huertas, quintas y peque\u00f1as producciones. Con vertederas de acero al boro y chasis reforzado, garantiza un trabajo eficiente del suelo con menor esfuerzo y mantenimiento econ\u00f3mico.\" \/>\n<meta property=\"og:url\" content=\"https:\/\/pueyrredonmotos.com\/honda\/producto\/arados-para-cuatriciclos-minitractores-y-utilitarios\/\" \/>\n<meta property=\"og:site_name\" content=\"Pueyrred\u00f3n Motos\" \/>\n<meta property=\"article:publisher\" content=\"https:\/\/www.facebook.com\/pueyrredonmotos.honda\" \/>\n<meta property=\"article:modified_time\" content=\"2025-09-30T21:07:17+00:00\" \/>\n<meta property=\"og:image\" content=\"https:\/\/pueyrredonmotos.com\/honda\/wp-content\/uploads\/2025\/09\/AR1-1.jpg\" \/>\n\t<meta property=\"og:image:width\" content=\"500\" \/>\n\t<meta property=\"og:image:height\" content=\"500\" \/>\n\t<meta property=\"og:image:type\" content=\"image\/jpeg\" \/>\n<meta name=\"twitter:card\" content=\"summary_large_image\" \/>\n<meta name=\"twitter:label1\" content=\"Tiempo de lectura\" \/>\n\t<meta name=\"twitter:data1\" content=\"2 minutos\" \/>\n<script type=\"application\/ld+json\" class=\"yoast-schema-graph\">{\"@context\":\"https:\\\/\\\/schema.org\",\"@graph\":[{\"@type\":\"WebPage\",\"@id\":\"https:\\\/\\\/pueyrredonmotos.com\\\/honda\\\/producto\\\/arados-para-cuatriciclos-minitractores-y-utilitarios\\\/\",\"url\":\"https:\\\/\\\/pueyrredonmotos.com\\\/honda\\\/producto\\\/arados-para-cuatriciclos-minitractores-y-utilitarios\\\/\",\"name\":\"Arados para cuatriciclos, minitractores y utilitarios. - Pueyrred\u00f3n Motos\",\"isPartOf\":{\"@id\":\"https:\\\/\\\/pueyrredonmotos.com\\\/honda\\\/#website\"},\"primaryImageOfPage\":{\"@id\":\"https:\\\/\\\/pueyrredonmotos.com\\\/honda\\\/producto\\\/arados-para-cuatriciclos-minitractores-y-utilitarios\\\/#primaryimage\"},\"image\":{\"@id\":\"https:\\\/\\\/pueyrredonmotos.com\\\/honda\\\/producto\\\/arados-para-cuatriciclos-minitractores-y-utilitarios\\\/#primaryimage\"},\"thumbnailUrl\":\"https:\\\/\\\/pueyrredonmotos.com\\\/honda\\\/wp-content\\\/uploads\\\/2025\\\/09\\\/AR1-1.jpg\",\"datePublished\":\"2025-09-30T21:07:16+00:00\",\"dateModified\":\"2025-09-30T21:07:17+00:00\",\"breadcrumb\":{\"@id\":\"https:\\\/\\\/pueyrredonmotos.com\\\/honda\\\/producto\\\/arados-para-cuatriciclos-minitractores-y-utilitarios\\\/#breadcrumb\"},\"inLanguage\":\"es\",\"potentialAction\":[{\"@type\":\"ReadAction\",\"target\":[\"https:\\\/\\\/pueyrredonmotos.com\\\/honda\\\/producto\\\/arados-para-cuatriciclos-minitractores-y-utilitarios\\\/\"]}]},{\"@type\":\"ImageObject\",\"inLanguage\":\"es\",\"@id\":\"https:\\\/\\\/pueyrredonmotos.com\\\/honda\\\/producto\\\/arados-para-cuatriciclos-minitractores-y-utilitarios\\\/#primaryimage\",\"url\":\"https:\\\/\\\/pueyrredonmotos.com\\\/honda\\\/wp-content\\\/uploads\\\/2025\\\/09\\\/AR1-1.jpg\",\"contentUrl\":\"https:\\\/\\\/pueyrredonmotos.com\\\/honda\\\/wp-content\\\/uploads\\\/2025\\\/09\\\/AR1-1.jpg\",\"width\":500,\"height\":500},{\"@type\":\"BreadcrumbList\",\"@id\":\"https:\\\/\\\/pueyrredonmotos.com\\\/honda\\\/producto\\\/arados-para-cuatriciclos-minitractores-y-utilitarios\\\/#breadcrumb\",\"itemListElement\":[{\"@type\":\"ListItem\",\"position\":1,\"name\":\"Home\",\"item\":\"https:\\\/\\\/pueyrredonmotos.com\\\/honda\\\/\"},{\"@type\":\"ListItem\",\"position\":2,\"name\":\"Cat\u00e1logo\",\"item\":\"https:\\\/\\\/pueyrredonmotos.com\\\/honda\\\/catalogo\\\/\"},{\"@type\":\"ListItem\",\"position\":3,\"name\":\"Arados para cuatriciclos, minitractores y utilitarios.\"}]},{\"@type\":\"WebSite\",\"@id\":\"https:\\\/\\\/pueyrredonmotos.com\\\/honda\\\/#website\",\"url\":\"https:\\\/\\\/pueyrredonmotos.com\\\/honda\\\/\",\"name\":\"Pueyrred\u00f3n Motos\",\"description\":\"Concesionario Oficial Honda\",\"publisher\":{\"@id\":\"https:\\\/\\\/pueyrredonmotos.com\\\/honda\\\/#organization\"},\"potentialAction\":[{\"@type\":\"SearchAction\",\"target\":{\"@type\":\"EntryPoint\",\"urlTemplate\":\"https:\\\/\\\/pueyrredonmotos.com\\\/honda\\\/?s={search_term_string}\"},\"query-input\":{\"@type\":\"PropertyValueSpecification\",\"valueRequired\":true,\"valueName\":\"search_term_string\"}}],\"inLanguage\":\"es\"},{\"@type\":\"Organization\",\"@id\":\"https:\\\/\\\/pueyrredonmotos.com\\\/honda\\\/#organization\",\"name\":\"Pueyrred\u00f3n Motos\",\"url\":\"https:\\\/\\\/pueyrredonmotos.com\\\/honda\\\/\",\"logo\":{\"@type\":\"ImageObject\",\"inLanguage\":\"es\",\"@id\":\"https:\\\/\\\/pueyrredonmotos.com\\\/honda\\\/#\\\/schema\\\/logo\\\/image\\\/\",\"url\":\"https:\\\/\\\/pueyrredonmotos.com\\\/honda\\\/wp-content\\\/uploads\\\/2023\\\/09\\\/logo-180-66.png\",\"contentUrl\":\"https:\\\/\\\/pueyrredonmotos.com\\\/honda\\\/wp-content\\\/uploads\\\/2023\\\/09\\\/logo-180-66.png\",\"width\":180,\"height\":66,\"caption\":\"Pueyrred\u00f3n Motos\"},\"image\":{\"@id\":\"https:\\\/\\\/pueyrredonmotos.com\\\/honda\\\/#\\\/schema\\\/logo\\\/image\\\/\"},\"sameAs\":[\"https:\\\/\\\/www.facebook.com\\\/pueyrredonmotos.honda\",\"https:\\\/\\\/www.instagram.com\\\/pueyrredonmotos.honda\\\/\"]}]}<\/script>\n<!-- \/ Yoast SEO Premium plugin. -->","yoast_head_json":{"title":"Arados para cuatriciclos, minitractores y utilitarios. - Pueyrred\u00f3n Motos","robots":{"index":"index","follow":"follow","max-snippet":"max-snippet:-1","max-image-preview":"max-image-preview:large","max-video-preview":"max-video-preview:-1"},"canonical":"https:\/\/pueyrredonmotos.com\/honda\/producto\/arados-para-cuatriciclos-minitractores-y-utilitarios\/","og_locale":"es_ES","og_type":"article","og_title":"Arados para cuatriciclos, minitractores y utilitarios.","og_description":"Arados para Cuatriciclos, Minitractores y Utilitarios \u2013 Serie Genesis AR  Arado robusto y duradero, ideal para huertas, quintas y peque\u00f1as producciones. Con vertederas de acero al boro y chasis reforzado, garantiza un trabajo eficiente del suelo con menor esfuerzo y mantenimiento econ\u00f3mico.","og_url":"https:\/\/pueyrredonmotos.com\/honda\/producto\/arados-para-cuatriciclos-minitractores-y-utilitarios\/","og_site_name":"Pueyrred\u00f3n Motos","article_publisher":"https:\/\/www.facebook.com\/pueyrredonmotos.honda","article_modified_time":"2025-09-30T21:07:17+00:00","og_image":[{"width":500,"height":500,"url":"https:\/\/pueyrredonmotos.com\/honda\/wp-content\/uploads\/2025\/09\/AR1-1.jpg","type":"image\/jpeg"}],"twitter_card":"summary_large_image","twitter_misc":{"Tiempo de lectura":"2 minutos"},"schema":{"@context":"https:\/\/schema.org","@graph":[{"@type":"WebPage","@id":"https:\/\/pueyrredonmotos.com\/honda\/producto\/arados-para-cuatriciclos-minitractores-y-utilitarios\/","url":"https:\/\/pueyrredonmotos.com\/honda\/producto\/arados-para-cuatriciclos-minitractores-y-utilitarios\/","name":"Arados para cuatriciclos, minitractores y utilitarios. - Pueyrred\u00f3n Motos","isPartOf":{"@id":"https:\/\/pueyrredonmotos.com\/honda\/#website"},"primaryImageOfPage":{"@id":"https:\/\/pueyrredonmotos.com\/honda\/producto\/arados-para-cuatriciclos-minitractores-y-utilitarios\/#primaryimage"},"image":{"@id":"https:\/\/pueyrredonmotos.com\/honda\/producto\/arados-para-cuatriciclos-minitractores-y-utilitarios\/#primaryimage"},"thumbnailUrl":"https:\/\/pueyrredonmotos.com\/honda\/wp-content\/uploads\/2025\/09\/AR1-1.jpg","datePublished":"2025-09-30T21:07:16+00:00","dateModified":"2025-09-30T21:07:17+00:00","breadcrumb":{"@id":"https:\/\/pueyrredonmotos.com\/honda\/producto\/arados-para-cuatriciclos-minitractores-y-utilitarios\/#breadcrumb"},"inLanguage":"es","potentialAction":[{"@type":"ReadAction","target":["https:\/\/pueyrredonmotos.com\/honda\/producto\/arados-para-cuatriciclos-minitractores-y-utilitarios\/"]}]},{"@type":"ImageObject","inLanguage":"es","@id":"https:\/\/pueyrredonmotos.com\/honda\/producto\/arados-para-cuatriciclos-minitractores-y-utilitarios\/#primaryimage","url":"https:\/\/pueyrredonmotos.com\/honda\/wp-content\/uploads\/2025\/09\/AR1-1.jpg","contentUrl":"https:\/\/pueyrredonmotos.com\/honda\/wp-content\/uploads\/2025\/09\/AR1-1.jpg","width":500,"height":500},{"@type":"BreadcrumbList","@id":"https:\/\/pueyrredonmotos.com\/honda\/producto\/arados-para-cuatriciclos-minitractores-y-utilitarios\/#breadcrumb","itemListElement":[{"@type":"ListItem","position":1,"name":"Home","item":"https:\/\/pueyrredonmotos.com\/honda\/"},{"@type":"ListItem","position":2,"name":"Cat\u00e1logo","item":"https:\/\/pueyrredonmotos.com\/honda\/catalogo\/"},{"@type":"ListItem","position":3,"name":"Arados para cuatriciclos, minitractores y utilitarios."}]},{"@type":"WebSite","@id":"https:\/\/pueyrredonmotos.com\/honda\/#website","url":"https:\/\/pueyrredonmotos.com\/honda\/","name":"Pueyrred\u00f3n Motos","description":"Concesionario Oficial Honda","publisher":{"@id":"https:\/\/pueyrredonmotos.com\/honda\/#organization"},"potentialAction":[{"@type":"SearchAction","target":{"@type":"EntryPoint","urlTemplate":"https:\/\/pueyrredonmotos.com\/honda\/?s={search_term_string}"},"query-input":{"@type":"PropertyValueSpecification","valueRequired":true,"valueName":"search_term_string"}}],"inLanguage":"es"},{"@type":"Organization","@id":"https:\/\/pueyrredonmotos.com\/honda\/#organization","name":"Pueyrred\u00f3n Motos","url":"https:\/\/pueyrredonmotos.com\/honda\/","logo":{"@type":"ImageObject","inLanguage":"es","@id":"https:\/\/pueyrredonmotos.com\/honda\/#\/schema\/logo\/image\/","url":"https:\/\/pueyrredonmotos.com\/honda\/wp-content\/uploads\/2023\/09\/logo-180-66.png","contentUrl":"https:\/\/pueyrredonmotos.com\/honda\/wp-content\/uploads\/2023\/09\/logo-180-66.png","width":180,"height":66,"caption":"Pueyrred\u00f3n Motos"},"image":{"@id":"https:\/\/pueyrredonmotos.com\/honda\/#\/schema\/logo\/image\/"},"sameAs":["https:\/\/www.facebook.com\/pueyrredonmotos.honda","https:\/\/www.instagram.com\/pueyrredonmotos.honda\/"]}]}},"_links":{"self":[{"href":"https:\/\/pueyrredonmotos.com\/honda\/wp-json\/wp\/v2\/product\/10973","targetHints":{"allow":["GET"]}}],"collection":[{"href":"https:\/\/pueyrredonmotos.com\/honda\/wp-json\/wp\/v2\/product"}],"about":[{"href":"https:\/\/pueyrredonmotos.com\/honda\/wp-json\/wp\/v2\/types\/product"}],"wp:featuredmedia":[{"embeddable":true,"href":"https:\/\/pueyrredonmotos.com\/honda\/wp-json\/wp\/v2\/media\/10974"}],"wp:attachment":[{"href":"https:\/\/pueyrredonmotos.com\/honda\/wp-json\/wp\/v2\/media?parent=10973"}],"wp:term":[{"taxonomy":"product_brand","embeddable":true,"href":"https:\/\/pueyrredonmotos.com\/honda\/wp-json\/wp\/v2\/product_brand?post=10973"},{"taxonomy":"product_cat","embeddable":true,"href":"https:\/\/pueyrredonmotos.com\/honda\/wp-json\/wp\/v2\/product_cat?post=10973"},{"taxonomy":"product_tag","embeddable":true,"href":"https:\/\/pueyrredonmotos.com\/honda\/wp-json\/wp\/v2\/product_tag?post=10973"}],"curies":[{"name":"wp","href":"https:\/\/api.w.org\/{rel}","templated":true}]}}