{"id":10969,"date":"2025-09-30T17:49:27","date_gmt":"2025-09-30T20:49:27","guid":{"rendered":"https:\/\/pueyrredonmotos.com\/honda\/?post_type=product&#038;p=10969"},"modified":"2025-09-30T17:49:28","modified_gmt":"2025-09-30T20:49:28","slug":"pulverizador-de-arrastre-para-cuatriciclo-genesis-patv210-15mts","status":"publish","type":"product","link":"https:\/\/pueyrredonmotos.com\/honda\/producto\/pulverizador-de-arrastre-para-cuatriciclo-genesis-patv210-15mts\/","title":{"rendered":"Pulverizador de arrastre para cuatriciclo Genesis PATV210 1,5mts"},"content":{"rendered":"<h3>Descripci\u00f3n<\/h3>\n<p>La l\u00ednea de pulverizadores Genesis PATV para cuatriciclos, ATV, UTV, tienen las caracter\u00edsticas comparables a los modelos m\u00e1s grandes fabricados por nuestra empresa madre IMA, hechos a escala para un trabajo acorde. Robusto chasis estampado, eje reforzado, rodamientos sellados de libre mantenimiento, ruedas neum\u00e1ticas o macizas libres de pinchaduras.<br \/>\nSi usted tiene regularmente la necesidad de controlar malezas en un \u00e1rea grande, usted puede considerar si un pulverizador de arrastre ser\u00eda m\u00e1s eficiente que uno tipo mochila o de a bordo. Todos hacen la misma tarea b\u00e1sica, pero el pulverizador de a bordo necesita ser montado en un veh\u00edculo (dise\u00f1ado para quads pero podr\u00eda ser fijado en un 4\u00d74, o el minitractor). Una unidad de arrastre puede ser remolcada por cualquier veh\u00edculo adecuado y tiene especificaciones b\u00e1sicas excelentes, siendo capaz de atender la mayor\u00eda de los tama\u00f1os de trabajos de pulverizaci\u00f3n. Le podr\u00e1 dar un excelente ritmo de trabajo a una gran cantidad de terreno que cubrir y, como dicen, el tiempo es dinero.<br \/>\nSi tiene la necesidad de controlar hierbas Ud. debe identificar todas las plantas que se producen en sus terrenos y hacer frente a las indeseables. La pulverizaci\u00f3n es el m\u00e9todo aceptado para el control de malezas en muchos casos.<br \/>\nSiga las instrucciones del fabricante del producto qu\u00edmico para donde y cuando debe rociar, prestando especial atenci\u00f3n a la cantidad de tiempo despu\u00e9s de la pulverizaci\u00f3n que tiene que dejar actuar el producto. Ya sea que est\u00e9 rociando en una amplia zona con botal\u00f3n, o puntualmente con lanza de mano, un pulverizador de arrastre, le pone toda la fuerza al trabajo con m\u00e1xima comodidad y rapidez.<br \/>\nSu funcionamiento es simple, el producto qu\u00edmico se mezcla en el tanque. Usted tiene la opci\u00f3n de usar una configuraci\u00f3n de botal\u00f3n(una serie de boquillas con anchos de hasta 3,5 metros) o una lanza de mano que se puede conectar a un carrete de manguera para el trabajo a pie (por ejemplo, cuando se trabaja en lugares restringidos donde acomodar el veh\u00edculo). La bomba el\u00e9ctrica integral (12v) proporciona la presi\u00f3n suficiente para la unidad, y el mando a distancia permite que la fumigaci\u00f3n pueda ser detenida e iniciada desde el asiento del conductor. Tenemos una muy amplia gama de configuraciones de pulverizador de arrastre con distintas capacidades y accesorios.<\/p>\n","protected":false},"excerpt":{"rendered":"<p><strong>Pulverizador de arrastre Genesis PATV210<\/strong><\/p>\n<p>Compacto y robusto, ideal para cuatriciclos y minitractores. Con tanque de 210 L y bomba el\u00e9ctrica de 12V, permite pulverizar con botal\u00f3n de hasta 3,5 mts o lanza de mano, ofreciendo rapidez y eficiencia en \u00e1reas medianas y grandes.<\/p>\n","protected":false},"featured_media":10970,"template":"","meta":[],"product_brand":[],"product_cat":[36],"product_tag":[196,304],"class_list":{"0":"post-10969","1":"product","2":"type-product","3":"status-publish","4":"has-post-thumbnail","6":"product_cat-accesorios","7":"product_tag-atv","8":"product_tag-pulverizadores-fumigadores","10":"first","11":"instock","12":"shipping-taxable","13":"purchasable","14":"product-type-simple"},"yoast_head":"<!-- This site is optimized with the Yoast SEO Premium plugin v21.2 (Yoast SEO v27.3) - https:\/\/yoast.com\/product\/yoast-seo-premium-wordpress\/ -->\n<title>Pulverizador de arrastre para cuatriciclo Genesis PATV210 1,5mts - Pueyrred\u00f3n Motos<\/title>\n<meta name=\"robots\" content=\"index, follow, max-snippet:-1, max-image-preview:large, max-video-preview:-1\" \/>\n<link rel=\"canonical\" href=\"https:\/\/pueyrredonmotos.com\/honda\/producto\/pulverizador-de-arrastre-para-cuatriciclo-genesis-patv210-15mts\/\" \/>\n<meta property=\"og:locale\" content=\"es_ES\" \/>\n<meta property=\"og:type\" content=\"article\" \/>\n<meta property=\"og:title\" content=\"Pulverizador de arrastre para cuatriciclo Genesis PATV210 1,5mts\" \/>\n<meta property=\"og:description\" content=\"Pulverizador de arrastre Genesis PATV210  Compacto y robusto, ideal para cuatriciclos y minitractores. Con tanque de 210 L y bomba el\u00e9ctrica de 12V, permite pulverizar con botal\u00f3n de hasta 3,5 mts o lanza de mano, ofreciendo rapidez y eficiencia en \u00e1reas medianas y grandes.\" \/>\n<meta property=\"og:url\" content=\"https:\/\/pueyrredonmotos.com\/honda\/producto\/pulverizador-de-arrastre-para-cuatriciclo-genesis-patv210-15mts\/\" \/>\n<meta property=\"og:site_name\" content=\"Pueyrred\u00f3n Motos\" \/>\n<meta property=\"article:publisher\" content=\"https:\/\/www.facebook.com\/pueyrredonmotos.honda\" \/>\n<meta property=\"article:modified_time\" content=\"2025-09-30T20:49:28+00:00\" \/>\n<meta property=\"og:image\" content=\"https:\/\/pueyrredonmotos.com\/honda\/wp-content\/uploads\/2025\/09\/PATV210-MK2-1.jpg\" \/>\n\t<meta property=\"og:image:width\" content=\"500\" \/>\n\t<meta property=\"og:image:height\" content=\"500\" \/>\n\t<meta property=\"og:image:type\" content=\"image\/jpeg\" \/>\n<meta name=\"twitter:card\" content=\"summary_large_image\" \/>\n<meta name=\"twitter:label1\" content=\"Tiempo de lectura\" \/>\n\t<meta name=\"twitter:data1\" content=\"2 minutos\" \/>\n<script type=\"application\/ld+json\" class=\"yoast-schema-graph\">{\"@context\":\"https:\\\/\\\/schema.org\",\"@graph\":[{\"@type\":\"WebPage\",\"@id\":\"https:\\\/\\\/pueyrredonmotos.com\\\/honda\\\/producto\\\/pulverizador-de-arrastre-para-cuatriciclo-genesis-patv210-15mts\\\/\",\"url\":\"https:\\\/\\\/pueyrredonmotos.com\\\/honda\\\/producto\\\/pulverizador-de-arrastre-para-cuatriciclo-genesis-patv210-15mts\\\/\",\"name\":\"Pulverizador de arrastre para cuatriciclo Genesis PATV210 1,5mts - Pueyrred\u00f3n Motos\",\"isPartOf\":{\"@id\":\"https:\\\/\\\/pueyrredonmotos.com\\\/honda\\\/#website\"},\"primaryImageOfPage\":{\"@id\":\"https:\\\/\\\/pueyrredonmotos.com\\\/honda\\\/producto\\\/pulverizador-de-arrastre-para-cuatriciclo-genesis-patv210-15mts\\\/#primaryimage\"},\"image\":{\"@id\":\"https:\\\/\\\/pueyrredonmotos.com\\\/honda\\\/producto\\\/pulverizador-de-arrastre-para-cuatriciclo-genesis-patv210-15mts\\\/#primaryimage\"},\"thumbnailUrl\":\"https:\\\/\\\/pueyrredonmotos.com\\\/honda\\\/wp-content\\\/uploads\\\/2025\\\/09\\\/PATV210-MK2-1.jpg\",\"datePublished\":\"2025-09-30T20:49:27+00:00\",\"dateModified\":\"2025-09-30T20:49:28+00:00\",\"breadcrumb\":{\"@id\":\"https:\\\/\\\/pueyrredonmotos.com\\\/honda\\\/producto\\\/pulverizador-de-arrastre-para-cuatriciclo-genesis-patv210-15mts\\\/#breadcrumb\"},\"inLanguage\":\"es\",\"potentialAction\":[{\"@type\":\"ReadAction\",\"target\":[\"https:\\\/\\\/pueyrredonmotos.com\\\/honda\\\/producto\\\/pulverizador-de-arrastre-para-cuatriciclo-genesis-patv210-15mts\\\/\"]}]},{\"@type\":\"ImageObject\",\"inLanguage\":\"es\",\"@id\":\"https:\\\/\\\/pueyrredonmotos.com\\\/honda\\\/producto\\\/pulverizador-de-arrastre-para-cuatriciclo-genesis-patv210-15mts\\\/#primaryimage\",\"url\":\"https:\\\/\\\/pueyrredonmotos.com\\\/honda\\\/wp-content\\\/uploads\\\/2025\\\/09\\\/PATV210-MK2-1.jpg\",\"contentUrl\":\"https:\\\/\\\/pueyrredonmotos.com\\\/honda\\\/wp-content\\\/uploads\\\/2025\\\/09\\\/PATV210-MK2-1.jpg\",\"width\":500,\"height\":500},{\"@type\":\"BreadcrumbList\",\"@id\":\"https:\\\/\\\/pueyrredonmotos.com\\\/honda\\\/producto\\\/pulverizador-de-arrastre-para-cuatriciclo-genesis-patv210-15mts\\\/#breadcrumb\",\"itemListElement\":[{\"@type\":\"ListItem\",\"position\":1,\"name\":\"Home\",\"item\":\"https:\\\/\\\/pueyrredonmotos.com\\\/honda\\\/\"},{\"@type\":\"ListItem\",\"position\":2,\"name\":\"Cat\u00e1logo\",\"item\":\"https:\\\/\\\/pueyrredonmotos.com\\\/honda\\\/catalogo\\\/\"},{\"@type\":\"ListItem\",\"position\":3,\"name\":\"Pulverizador de arrastre para cuatriciclo Genesis PATV210 1,5mts\"}]},{\"@type\":\"WebSite\",\"@id\":\"https:\\\/\\\/pueyrredonmotos.com\\\/honda\\\/#website\",\"url\":\"https:\\\/\\\/pueyrredonmotos.com\\\/honda\\\/\",\"name\":\"Pueyrred\u00f3n Motos\",\"description\":\"Concesionario Oficial Honda\",\"publisher\":{\"@id\":\"https:\\\/\\\/pueyrredonmotos.com\\\/honda\\\/#organization\"},\"potentialAction\":[{\"@type\":\"SearchAction\",\"target\":{\"@type\":\"EntryPoint\",\"urlTemplate\":\"https:\\\/\\\/pueyrredonmotos.com\\\/honda\\\/?s={search_term_string}\"},\"query-input\":{\"@type\":\"PropertyValueSpecification\",\"valueRequired\":true,\"valueName\":\"search_term_string\"}}],\"inLanguage\":\"es\"},{\"@type\":\"Organization\",\"@id\":\"https:\\\/\\\/pueyrredonmotos.com\\\/honda\\\/#organization\",\"name\":\"Pueyrred\u00f3n Motos\",\"url\":\"https:\\\/\\\/pueyrredonmotos.com\\\/honda\\\/\",\"logo\":{\"@type\":\"ImageObject\",\"inLanguage\":\"es\",\"@id\":\"https:\\\/\\\/pueyrredonmotos.com\\\/honda\\\/#\\\/schema\\\/logo\\\/image\\\/\",\"url\":\"https:\\\/\\\/pueyrredonmotos.com\\\/honda\\\/wp-content\\\/uploads\\\/2023\\\/09\\\/logo-180-66.png\",\"contentUrl\":\"https:\\\/\\\/pueyrredonmotos.com\\\/honda\\\/wp-content\\\/uploads\\\/2023\\\/09\\\/logo-180-66.png\",\"width\":180,\"height\":66,\"caption\":\"Pueyrred\u00f3n Motos\"},\"image\":{\"@id\":\"https:\\\/\\\/pueyrredonmotos.com\\\/honda\\\/#\\\/schema\\\/logo\\\/image\\\/\"},\"sameAs\":[\"https:\\\/\\\/www.facebook.com\\\/pueyrredonmotos.honda\",\"https:\\\/\\\/www.instagram.com\\\/pueyrredonmotos.honda\\\/\"]}]}<\/script>\n<!-- \/ Yoast SEO Premium plugin. -->","yoast_head_json":{"title":"Pulverizador de arrastre para cuatriciclo Genesis PATV210 1,5mts - Pueyrred\u00f3n Motos","robots":{"index":"index","follow":"follow","max-snippet":"max-snippet:-1","max-image-preview":"max-image-preview:large","max-video-preview":"max-video-preview:-1"},"canonical":"https:\/\/pueyrredonmotos.com\/honda\/producto\/pulverizador-de-arrastre-para-cuatriciclo-genesis-patv210-15mts\/","og_locale":"es_ES","og_type":"article","og_title":"Pulverizador de arrastre para cuatriciclo Genesis PATV210 1,5mts","og_description":"Pulverizador de arrastre Genesis PATV210  Compacto y robusto, ideal para cuatriciclos y minitractores. Con tanque de 210 L y bomba el\u00e9ctrica de 12V, permite pulverizar con botal\u00f3n de hasta 3,5 mts o lanza de mano, ofreciendo rapidez y eficiencia en \u00e1reas medianas y grandes.","og_url":"https:\/\/pueyrredonmotos.com\/honda\/producto\/pulverizador-de-arrastre-para-cuatriciclo-genesis-patv210-15mts\/","og_site_name":"Pueyrred\u00f3n Motos","article_publisher":"https:\/\/www.facebook.com\/pueyrredonmotos.honda","article_modified_time":"2025-09-30T20:49:28+00:00","og_image":[{"width":500,"height":500,"url":"https:\/\/pueyrredonmotos.com\/honda\/wp-content\/uploads\/2025\/09\/PATV210-MK2-1.jpg","type":"image\/jpeg"}],"twitter_card":"summary_large_image","twitter_misc":{"Tiempo de lectura":"2 minutos"},"schema":{"@context":"https:\/\/schema.org","@graph":[{"@type":"WebPage","@id":"https:\/\/pueyrredonmotos.com\/honda\/producto\/pulverizador-de-arrastre-para-cuatriciclo-genesis-patv210-15mts\/","url":"https:\/\/pueyrredonmotos.com\/honda\/producto\/pulverizador-de-arrastre-para-cuatriciclo-genesis-patv210-15mts\/","name":"Pulverizador de arrastre para cuatriciclo Genesis PATV210 1,5mts - Pueyrred\u00f3n Motos","isPartOf":{"@id":"https:\/\/pueyrredonmotos.com\/honda\/#website"},"primaryImageOfPage":{"@id":"https:\/\/pueyrredonmotos.com\/honda\/producto\/pulverizador-de-arrastre-para-cuatriciclo-genesis-patv210-15mts\/#primaryimage"},"image":{"@id":"https:\/\/pueyrredonmotos.com\/honda\/producto\/pulverizador-de-arrastre-para-cuatriciclo-genesis-patv210-15mts\/#primaryimage"},"thumbnailUrl":"https:\/\/pueyrredonmotos.com\/honda\/wp-content\/uploads\/2025\/09\/PATV210-MK2-1.jpg","datePublished":"2025-09-30T20:49:27+00:00","dateModified":"2025-09-30T20:49:28+00:00","breadcrumb":{"@id":"https:\/\/pueyrredonmotos.com\/honda\/producto\/pulverizador-de-arrastre-para-cuatriciclo-genesis-patv210-15mts\/#breadcrumb"},"inLanguage":"es","potentialAction":[{"@type":"ReadAction","target":["https:\/\/pueyrredonmotos.com\/honda\/producto\/pulverizador-de-arrastre-para-cuatriciclo-genesis-patv210-15mts\/"]}]},{"@type":"ImageObject","inLanguage":"es","@id":"https:\/\/pueyrredonmotos.com\/honda\/producto\/pulverizador-de-arrastre-para-cuatriciclo-genesis-patv210-15mts\/#primaryimage","url":"https:\/\/pueyrredonmotos.com\/honda\/wp-content\/uploads\/2025\/09\/PATV210-MK2-1.jpg","contentUrl":"https:\/\/pueyrredonmotos.com\/honda\/wp-content\/uploads\/2025\/09\/PATV210-MK2-1.jpg","width":500,"height":500},{"@type":"BreadcrumbList","@id":"https:\/\/pueyrredonmotos.com\/honda\/producto\/pulverizador-de-arrastre-para-cuatriciclo-genesis-patv210-15mts\/#breadcrumb","itemListElement":[{"@type":"ListItem","position":1,"name":"Home","item":"https:\/\/pueyrredonmotos.com\/honda\/"},{"@type":"ListItem","position":2,"name":"Cat\u00e1logo","item":"https:\/\/pueyrredonmotos.com\/honda\/catalogo\/"},{"@type":"ListItem","position":3,"name":"Pulverizador de arrastre para cuatriciclo Genesis PATV210 1,5mts"}]},{"@type":"WebSite","@id":"https:\/\/pueyrredonmotos.com\/honda\/#website","url":"https:\/\/pueyrredonmotos.com\/honda\/","name":"Pueyrred\u00f3n Motos","description":"Concesionario Oficial Honda","publisher":{"@id":"https:\/\/pueyrredonmotos.com\/honda\/#organization"},"potentialAction":[{"@type":"SearchAction","target":{"@type":"EntryPoint","urlTemplate":"https:\/\/pueyrredonmotos.com\/honda\/?s={search_term_string}"},"query-input":{"@type":"PropertyValueSpecification","valueRequired":true,"valueName":"search_term_string"}}],"inLanguage":"es"},{"@type":"Organization","@id":"https:\/\/pueyrredonmotos.com\/honda\/#organization","name":"Pueyrred\u00f3n Motos","url":"https:\/\/pueyrredonmotos.com\/honda\/","logo":{"@type":"ImageObject","inLanguage":"es","@id":"https:\/\/pueyrredonmotos.com\/honda\/#\/schema\/logo\/image\/","url":"https:\/\/pueyrredonmotos.com\/honda\/wp-content\/uploads\/2023\/09\/logo-180-66.png","contentUrl":"https:\/\/pueyrredonmotos.com\/honda\/wp-content\/uploads\/2023\/09\/logo-180-66.png","width":180,"height":66,"caption":"Pueyrred\u00f3n Motos"},"image":{"@id":"https:\/\/pueyrredonmotos.com\/honda\/#\/schema\/logo\/image\/"},"sameAs":["https:\/\/www.facebook.com\/pueyrredonmotos.honda","https:\/\/www.instagram.com\/pueyrredonmotos.honda\/"]}]}},"_links":{"self":[{"href":"https:\/\/pueyrredonmotos.com\/honda\/wp-json\/wp\/v2\/product\/10969","targetHints":{"allow":["GET"]}}],"collection":[{"href":"https:\/\/pueyrredonmotos.com\/honda\/wp-json\/wp\/v2\/product"}],"about":[{"href":"https:\/\/pueyrredonmotos.com\/honda\/wp-json\/wp\/v2\/types\/product"}],"wp:featuredmedia":[{"embeddable":true,"href":"https:\/\/pueyrredonmotos.com\/honda\/wp-json\/wp\/v2\/media\/10970"}],"wp:attachment":[{"href":"https:\/\/pueyrredonmotos.com\/honda\/wp-json\/wp\/v2\/media?parent=10969"}],"wp:term":[{"taxonomy":"product_brand","embeddable":true,"href":"https:\/\/pueyrredonmotos.com\/honda\/wp-json\/wp\/v2\/product_brand?post=10969"},{"taxonomy":"product_cat","embeddable":true,"href":"https:\/\/pueyrredonmotos.com\/honda\/wp-json\/wp\/v2\/product_cat?post=10969"},{"taxonomy":"product_tag","embeddable":true,"href":"https:\/\/pueyrredonmotos.com\/honda\/wp-json\/wp\/v2\/product_tag?post=10969"}],"curies":[{"name":"wp","href":"https:\/\/api.w.org\/{rel}","templated":true}]}}