{"id":10965,"date":"2025-09-30T13:19:28","date_gmt":"2025-09-30T16:19:28","guid":{"rendered":"https:\/\/pueyrredonmotos.com\/honda\/?post_type=product&#038;p=10965"},"modified":"2025-09-30T13:19:29","modified_gmt":"2025-09-30T16:19:29","slug":"mini-pulverizador-genesis-patv210-4lts-min-c-lanza","status":"publish","type":"product","link":"https:\/\/pueyrredonmotos.com\/honda\/producto\/mini-pulverizador-genesis-patv210-4lts-min-c-lanza\/","title":{"rendered":"Mini Pulverizador Genesis PATV210 4Lts\/min c\/Lanza"},"content":{"rendered":"<h3>Descripci\u00f3n<\/h3>\n<p>Si usted tiene la necesidad de controlar malezas o plagas en un \u00e1rea peque\u00f1a o mediana, regularmente y el trabajo con una mochila se hace pesado, puede considerar si un pulverizador de arrastre o de montar, ser\u00eda m\u00e1s eficiente. Todos hacen la misma tarea b\u00e1sica, pero los pulverizadores de la serie PATV se pueden montar o tirar con un veh\u00edculo (dise\u00f1ado para quads pero podr\u00eda ser fijado en un 4\u00d74, o el minitractor, por ejemplo). Con nuestros equipos le podr\u00e1 dar un excelente ritmo de trabajo a una gran cantidad de terreno que cubrir, de manera simple, agil y al menor costo.<br \/>\nLa l\u00ednea de pulverizadores Genesis PATV para cuatriciclos, ATV, UTV, tienen las caracter\u00edsticas de robustez, confiabilidad, rendimiento y calidad, comparables a los modelos m\u00e1s grandes fabricados por nuestra empresa madre IMA, hechos a escala para un trabajo acorde. Sus distintas capacidades y configuraciones los vuelven equipos verrs\u00e1tiles, adaptables al uso en cada necesidad espec\u00edfica. Sea para pulverizar parques, canchas de f\u00fatbol, quintas, frutales, caminos, etc. nuestros equipos le har\u00e1n la tarea de pulverizaci\u00f3n y fumigaci\u00f3n m\u00e1s simple.<br \/>\nSi tiene la necesidad de controlar hierbas Ud. debe identificar todas las plantas que se producen en sus terrenos y hacer frente a las indeseables. La pulverizaci\u00f3n es el m\u00e9todo aceptado para el control de malezas en muchos casos. Siga las instrucciones del fabricante del producto qu\u00edmico para donde y cuando debe rociar, prestando especial atenci\u00f3n a la cantidad de tiempo despu\u00e9s de la pulverizaci\u00f3n que tiene que dejar actuar el producto.<br \/>\nYa sea que est\u00e9 rociando en una amplia zona con botal\u00f3n, o puntualmente con lanza de mano, nuestros pulverizadores, le pone toda la fuerza al trabajo con m\u00e1xima comodidad y rapidez. Su funcionamiento es simple, el producto qu\u00edmico se mezcla en el tanque. Usted tiene la opci\u00f3n de usar una configuraci\u00f3n de botal\u00f3n(una serie de boquillas con anchos de hasta 6 metros) o una lanza de mano para el trabajo a pie de manchoneo o por ejemplo, cuando se trabaja en lugares restringidos donde acomodar el veh\u00edculo. La bomba el\u00e9ctrica integral (12v) proporciona la presi\u00f3n suficiente para la unidad, y el mando a distancia permite que la fumigaci\u00f3n pueda ser detenida e iniciada desde el asiento del conductor. Tenemos una muy amplia gama de configuraciones de pulverizador de arrastre con distintas capacidades y accesorios.<br \/>\nLa gama de pulverizadores Genesis PATV es adecuada para muchos trabajos de pulverizaci\u00f3n peque\u00f1os a medianos, incluidos tratamientos localizados, m\u00e1rgenes de campo, almacenes de cultivos, senderos, potreros, c\u00e9sped deportivo, \u00e1reas de recreaci\u00f3n y grandes jardines. Las dimensiones compactas de nuestros equipos la mantienen dentro del ancho de la mayor\u00eda de los veh\u00edculos, lo que permite un f\u00e1cil acceso a todas las \u00e1reas y reduce el da\u00f1o por colisi\u00f3n.<\/p>\n<p>Ning\u00fan trabajo de pulverizaci\u00f3n es demasiado peque\u00f1o \u2026<\/p>\n<p>Nuestros pulverizadores est\u00e1n destinados a aquellos usuarios con veh\u00edculos y trabajos de pulverizaci\u00f3n m\u00e1s peque\u00f1os tales como la agricultura familiar, las econom\u00edas regionales y son una excelente alternativa a la pulverizaci\u00f3n de mochila. Consulte por el equipo a la medida de sus necesidades.<\/p>\n<p>-Capacidad: 210lts<br \/>\n-Bomba REMCO EconomyPlus<br \/>\n-Funcionamiento: A diafragma<br \/>\n-Valvulas: Viton<br \/>\n-Alimentacion: 12 volts<br \/>\n-Encendido: Automatico<br \/>\n-Entrada-Salida: 3\/8\u2033<br \/>\n-Presion (PSI): 40 PSI<br \/>\n-Caudal: 3,8 L\/M<br \/>\n-Consumo: 4 Amp\/h<br \/>\n-Manguera de 3mts<br \/>\n-Lanza ARAG de bronce a gatillo con pico regulable<\/p>\n<p>&nbsp;<\/p>\n","protected":false},"excerpt":{"rendered":"<p><strong>Mini Pulverizador Genesis PATV210 4Lts\/min c\/Lanza<\/strong><\/p>\n<p>Pulverizador de 210 Lts para cuatriciclos y minitractores. Compacto, con bomba el\u00e9ctrica REMCO 12V, lanza ARAG y manguera de 3 mts. Caudal 3,8 L\/min y presi\u00f3n 40 PSI para aplicaciones r\u00e1pidas y precisas.<\/p>\n","protected":false},"featured_media":10966,"template":"","meta":[],"product_brand":[],"product_cat":[36],"product_tag":[196,304],"class_list":{"0":"post-10965","1":"product","2":"type-product","3":"status-publish","4":"has-post-thumbnail","6":"product_cat-accesorios","7":"product_tag-atv","8":"product_tag-pulverizadores-fumigadores","10":"first","11":"instock","12":"shipping-taxable","13":"purchasable","14":"product-type-simple"},"yoast_head":"<!-- This site is optimized with the Yoast SEO Premium plugin v21.2 (Yoast SEO v27.3) - https:\/\/yoast.com\/product\/yoast-seo-premium-wordpress\/ -->\n<title>Mini Pulverizador Genesis PATV210 4Lts\/min c\/Lanza - Pueyrred\u00f3n Motos<\/title>\n<meta name=\"robots\" content=\"index, follow, max-snippet:-1, max-image-preview:large, max-video-preview:-1\" \/>\n<link rel=\"canonical\" href=\"https:\/\/pueyrredonmotos.com\/honda\/producto\/mini-pulverizador-genesis-patv210-4lts-min-c-lanza\/\" \/>\n<meta property=\"og:locale\" content=\"es_ES\" \/>\n<meta property=\"og:type\" content=\"article\" \/>\n<meta property=\"og:title\" content=\"Mini Pulverizador Genesis PATV210 4Lts\/min c\/Lanza\" \/>\n<meta property=\"og:description\" content=\"Mini Pulverizador Genesis PATV210 4Lts\/min c\/Lanza  Pulverizador de 210 Lts para cuatriciclos y minitractores. Compacto, con bomba el\u00e9ctrica REMCO 12V, lanza ARAG y manguera de 3 mts. Caudal 3,8 L\/min y presi\u00f3n 40 PSI para aplicaciones r\u00e1pidas y precisas.\" \/>\n<meta property=\"og:url\" content=\"https:\/\/pueyrredonmotos.com\/honda\/producto\/mini-pulverizador-genesis-patv210-4lts-min-c-lanza\/\" \/>\n<meta property=\"og:site_name\" content=\"Pueyrred\u00f3n Motos\" \/>\n<meta property=\"article:publisher\" content=\"https:\/\/www.facebook.com\/pueyrredonmotos.honda\" \/>\n<meta property=\"article:modified_time\" content=\"2025-09-30T16:19:29+00:00\" \/>\n<meta property=\"og:image\" content=\"https:\/\/pueyrredonmotos.com\/honda\/wp-content\/uploads\/2025\/09\/PATV210S.jpg\" \/>\n\t<meta property=\"og:image:width\" content=\"500\" \/>\n\t<meta property=\"og:image:height\" content=\"500\" \/>\n\t<meta property=\"og:image:type\" content=\"image\/jpeg\" \/>\n<meta name=\"twitter:card\" content=\"summary_large_image\" \/>\n<meta name=\"twitter:label1\" content=\"Tiempo de lectura\" \/>\n\t<meta name=\"twitter:data1\" content=\"3 minutos\" \/>\n<script type=\"application\/ld+json\" class=\"yoast-schema-graph\">{\"@context\":\"https:\\\/\\\/schema.org\",\"@graph\":[{\"@type\":\"WebPage\",\"@id\":\"https:\\\/\\\/pueyrredonmotos.com\\\/honda\\\/producto\\\/mini-pulverizador-genesis-patv210-4lts-min-c-lanza\\\/\",\"url\":\"https:\\\/\\\/pueyrredonmotos.com\\\/honda\\\/producto\\\/mini-pulverizador-genesis-patv210-4lts-min-c-lanza\\\/\",\"name\":\"Mini Pulverizador Genesis PATV210 4Lts\\\/min c\\\/Lanza - Pueyrred\u00f3n Motos\",\"isPartOf\":{\"@id\":\"https:\\\/\\\/pueyrredonmotos.com\\\/honda\\\/#website\"},\"primaryImageOfPage\":{\"@id\":\"https:\\\/\\\/pueyrredonmotos.com\\\/honda\\\/producto\\\/mini-pulverizador-genesis-patv210-4lts-min-c-lanza\\\/#primaryimage\"},\"image\":{\"@id\":\"https:\\\/\\\/pueyrredonmotos.com\\\/honda\\\/producto\\\/mini-pulverizador-genesis-patv210-4lts-min-c-lanza\\\/#primaryimage\"},\"thumbnailUrl\":\"https:\\\/\\\/pueyrredonmotos.com\\\/honda\\\/wp-content\\\/uploads\\\/2025\\\/09\\\/PATV210S.jpg\",\"datePublished\":\"2025-09-30T16:19:28+00:00\",\"dateModified\":\"2025-09-30T16:19:29+00:00\",\"breadcrumb\":{\"@id\":\"https:\\\/\\\/pueyrredonmotos.com\\\/honda\\\/producto\\\/mini-pulverizador-genesis-patv210-4lts-min-c-lanza\\\/#breadcrumb\"},\"inLanguage\":\"es\",\"potentialAction\":[{\"@type\":\"ReadAction\",\"target\":[\"https:\\\/\\\/pueyrredonmotos.com\\\/honda\\\/producto\\\/mini-pulverizador-genesis-patv210-4lts-min-c-lanza\\\/\"]}]},{\"@type\":\"ImageObject\",\"inLanguage\":\"es\",\"@id\":\"https:\\\/\\\/pueyrredonmotos.com\\\/honda\\\/producto\\\/mini-pulverizador-genesis-patv210-4lts-min-c-lanza\\\/#primaryimage\",\"url\":\"https:\\\/\\\/pueyrredonmotos.com\\\/honda\\\/wp-content\\\/uploads\\\/2025\\\/09\\\/PATV210S.jpg\",\"contentUrl\":\"https:\\\/\\\/pueyrredonmotos.com\\\/honda\\\/wp-content\\\/uploads\\\/2025\\\/09\\\/PATV210S.jpg\",\"width\":500,\"height\":500},{\"@type\":\"BreadcrumbList\",\"@id\":\"https:\\\/\\\/pueyrredonmotos.com\\\/honda\\\/producto\\\/mini-pulverizador-genesis-patv210-4lts-min-c-lanza\\\/#breadcrumb\",\"itemListElement\":[{\"@type\":\"ListItem\",\"position\":1,\"name\":\"Home\",\"item\":\"https:\\\/\\\/pueyrredonmotos.com\\\/honda\\\/\"},{\"@type\":\"ListItem\",\"position\":2,\"name\":\"Cat\u00e1logo\",\"item\":\"https:\\\/\\\/pueyrredonmotos.com\\\/honda\\\/catalogo\\\/\"},{\"@type\":\"ListItem\",\"position\":3,\"name\":\"Mini Pulverizador Genesis PATV210 4Lts\\\/min c\\\/Lanza\"}]},{\"@type\":\"WebSite\",\"@id\":\"https:\\\/\\\/pueyrredonmotos.com\\\/honda\\\/#website\",\"url\":\"https:\\\/\\\/pueyrredonmotos.com\\\/honda\\\/\",\"name\":\"Pueyrred\u00f3n Motos\",\"description\":\"Concesionario Oficial Honda\",\"publisher\":{\"@id\":\"https:\\\/\\\/pueyrredonmotos.com\\\/honda\\\/#organization\"},\"potentialAction\":[{\"@type\":\"SearchAction\",\"target\":{\"@type\":\"EntryPoint\",\"urlTemplate\":\"https:\\\/\\\/pueyrredonmotos.com\\\/honda\\\/?s={search_term_string}\"},\"query-input\":{\"@type\":\"PropertyValueSpecification\",\"valueRequired\":true,\"valueName\":\"search_term_string\"}}],\"inLanguage\":\"es\"},{\"@type\":\"Organization\",\"@id\":\"https:\\\/\\\/pueyrredonmotos.com\\\/honda\\\/#organization\",\"name\":\"Pueyrred\u00f3n Motos\",\"url\":\"https:\\\/\\\/pueyrredonmotos.com\\\/honda\\\/\",\"logo\":{\"@type\":\"ImageObject\",\"inLanguage\":\"es\",\"@id\":\"https:\\\/\\\/pueyrredonmotos.com\\\/honda\\\/#\\\/schema\\\/logo\\\/image\\\/\",\"url\":\"https:\\\/\\\/pueyrredonmotos.com\\\/honda\\\/wp-content\\\/uploads\\\/2023\\\/09\\\/logo-180-66.png\",\"contentUrl\":\"https:\\\/\\\/pueyrredonmotos.com\\\/honda\\\/wp-content\\\/uploads\\\/2023\\\/09\\\/logo-180-66.png\",\"width\":180,\"height\":66,\"caption\":\"Pueyrred\u00f3n Motos\"},\"image\":{\"@id\":\"https:\\\/\\\/pueyrredonmotos.com\\\/honda\\\/#\\\/schema\\\/logo\\\/image\\\/\"},\"sameAs\":[\"https:\\\/\\\/www.facebook.com\\\/pueyrredonmotos.honda\",\"https:\\\/\\\/www.instagram.com\\\/pueyrredonmotos.honda\\\/\"]}]}<\/script>\n<!-- \/ Yoast SEO Premium plugin. -->","yoast_head_json":{"title":"Mini Pulverizador Genesis PATV210 4Lts\/min c\/Lanza - Pueyrred\u00f3n Motos","robots":{"index":"index","follow":"follow","max-snippet":"max-snippet:-1","max-image-preview":"max-image-preview:large","max-video-preview":"max-video-preview:-1"},"canonical":"https:\/\/pueyrredonmotos.com\/honda\/producto\/mini-pulverizador-genesis-patv210-4lts-min-c-lanza\/","og_locale":"es_ES","og_type":"article","og_title":"Mini Pulverizador Genesis PATV210 4Lts\/min c\/Lanza","og_description":"Mini Pulverizador Genesis PATV210 4Lts\/min c\/Lanza  Pulverizador de 210 Lts para cuatriciclos y minitractores. Compacto, con bomba el\u00e9ctrica REMCO 12V, lanza ARAG y manguera de 3 mts. Caudal 3,8 L\/min y presi\u00f3n 40 PSI para aplicaciones r\u00e1pidas y precisas.","og_url":"https:\/\/pueyrredonmotos.com\/honda\/producto\/mini-pulverizador-genesis-patv210-4lts-min-c-lanza\/","og_site_name":"Pueyrred\u00f3n Motos","article_publisher":"https:\/\/www.facebook.com\/pueyrredonmotos.honda","article_modified_time":"2025-09-30T16:19:29+00:00","og_image":[{"width":500,"height":500,"url":"https:\/\/pueyrredonmotos.com\/honda\/wp-content\/uploads\/2025\/09\/PATV210S.jpg","type":"image\/jpeg"}],"twitter_card":"summary_large_image","twitter_misc":{"Tiempo de lectura":"3 minutos"},"schema":{"@context":"https:\/\/schema.org","@graph":[{"@type":"WebPage","@id":"https:\/\/pueyrredonmotos.com\/honda\/producto\/mini-pulverizador-genesis-patv210-4lts-min-c-lanza\/","url":"https:\/\/pueyrredonmotos.com\/honda\/producto\/mini-pulverizador-genesis-patv210-4lts-min-c-lanza\/","name":"Mini Pulverizador Genesis PATV210 4Lts\/min c\/Lanza - Pueyrred\u00f3n Motos","isPartOf":{"@id":"https:\/\/pueyrredonmotos.com\/honda\/#website"},"primaryImageOfPage":{"@id":"https:\/\/pueyrredonmotos.com\/honda\/producto\/mini-pulverizador-genesis-patv210-4lts-min-c-lanza\/#primaryimage"},"image":{"@id":"https:\/\/pueyrredonmotos.com\/honda\/producto\/mini-pulverizador-genesis-patv210-4lts-min-c-lanza\/#primaryimage"},"thumbnailUrl":"https:\/\/pueyrredonmotos.com\/honda\/wp-content\/uploads\/2025\/09\/PATV210S.jpg","datePublished":"2025-09-30T16:19:28+00:00","dateModified":"2025-09-30T16:19:29+00:00","breadcrumb":{"@id":"https:\/\/pueyrredonmotos.com\/honda\/producto\/mini-pulverizador-genesis-patv210-4lts-min-c-lanza\/#breadcrumb"},"inLanguage":"es","potentialAction":[{"@type":"ReadAction","target":["https:\/\/pueyrredonmotos.com\/honda\/producto\/mini-pulverizador-genesis-patv210-4lts-min-c-lanza\/"]}]},{"@type":"ImageObject","inLanguage":"es","@id":"https:\/\/pueyrredonmotos.com\/honda\/producto\/mini-pulverizador-genesis-patv210-4lts-min-c-lanza\/#primaryimage","url":"https:\/\/pueyrredonmotos.com\/honda\/wp-content\/uploads\/2025\/09\/PATV210S.jpg","contentUrl":"https:\/\/pueyrredonmotos.com\/honda\/wp-content\/uploads\/2025\/09\/PATV210S.jpg","width":500,"height":500},{"@type":"BreadcrumbList","@id":"https:\/\/pueyrredonmotos.com\/honda\/producto\/mini-pulverizador-genesis-patv210-4lts-min-c-lanza\/#breadcrumb","itemListElement":[{"@type":"ListItem","position":1,"name":"Home","item":"https:\/\/pueyrredonmotos.com\/honda\/"},{"@type":"ListItem","position":2,"name":"Cat\u00e1logo","item":"https:\/\/pueyrredonmotos.com\/honda\/catalogo\/"},{"@type":"ListItem","position":3,"name":"Mini Pulverizador Genesis PATV210 4Lts\/min c\/Lanza"}]},{"@type":"WebSite","@id":"https:\/\/pueyrredonmotos.com\/honda\/#website","url":"https:\/\/pueyrredonmotos.com\/honda\/","name":"Pueyrred\u00f3n Motos","description":"Concesionario Oficial Honda","publisher":{"@id":"https:\/\/pueyrredonmotos.com\/honda\/#organization"},"potentialAction":[{"@type":"SearchAction","target":{"@type":"EntryPoint","urlTemplate":"https:\/\/pueyrredonmotos.com\/honda\/?s={search_term_string}"},"query-input":{"@type":"PropertyValueSpecification","valueRequired":true,"valueName":"search_term_string"}}],"inLanguage":"es"},{"@type":"Organization","@id":"https:\/\/pueyrredonmotos.com\/honda\/#organization","name":"Pueyrred\u00f3n Motos","url":"https:\/\/pueyrredonmotos.com\/honda\/","logo":{"@type":"ImageObject","inLanguage":"es","@id":"https:\/\/pueyrredonmotos.com\/honda\/#\/schema\/logo\/image\/","url":"https:\/\/pueyrredonmotos.com\/honda\/wp-content\/uploads\/2023\/09\/logo-180-66.png","contentUrl":"https:\/\/pueyrredonmotos.com\/honda\/wp-content\/uploads\/2023\/09\/logo-180-66.png","width":180,"height":66,"caption":"Pueyrred\u00f3n Motos"},"image":{"@id":"https:\/\/pueyrredonmotos.com\/honda\/#\/schema\/logo\/image\/"},"sameAs":["https:\/\/www.facebook.com\/pueyrredonmotos.honda","https:\/\/www.instagram.com\/pueyrredonmotos.honda\/"]}]}},"_links":{"self":[{"href":"https:\/\/pueyrredonmotos.com\/honda\/wp-json\/wp\/v2\/product\/10965","targetHints":{"allow":["GET"]}}],"collection":[{"href":"https:\/\/pueyrredonmotos.com\/honda\/wp-json\/wp\/v2\/product"}],"about":[{"href":"https:\/\/pueyrredonmotos.com\/honda\/wp-json\/wp\/v2\/types\/product"}],"wp:featuredmedia":[{"embeddable":true,"href":"https:\/\/pueyrredonmotos.com\/honda\/wp-json\/wp\/v2\/media\/10966"}],"wp:attachment":[{"href":"https:\/\/pueyrredonmotos.com\/honda\/wp-json\/wp\/v2\/media?parent=10965"}],"wp:term":[{"taxonomy":"product_brand","embeddable":true,"href":"https:\/\/pueyrredonmotos.com\/honda\/wp-json\/wp\/v2\/product_brand?post=10965"},{"taxonomy":"product_cat","embeddable":true,"href":"https:\/\/pueyrredonmotos.com\/honda\/wp-json\/wp\/v2\/product_cat?post=10965"},{"taxonomy":"product_tag","embeddable":true,"href":"https:\/\/pueyrredonmotos.com\/honda\/wp-json\/wp\/v2\/product_tag?post=10965"}],"curies":[{"name":"wp","href":"https:\/\/api.w.org\/{rel}","templated":true}]}}