{"id":10958,"date":"2025-09-30T12:56:38","date_gmt":"2025-09-30T15:56:38","guid":{"rendered":"https:\/\/pueyrredonmotos.com\/honda\/?post_type=product&#038;p=10958"},"modified":"2025-09-30T12:56:39","modified_gmt":"2025-09-30T15:56:39","slug":"mini-pulverizador-patv120-neo","status":"publish","type":"product","link":"https:\/\/pueyrredonmotos.com\/honda\/producto\/mini-pulverizador-patv120-neo\/","title":{"rendered":"Mini Pulverizador PATV120 NEO"},"content":{"rendered":"<h3>Descripci\u00f3n<\/h3>\n<p>Si usted tiene la necesidad de controlar malezas o plagas en un \u00e1rea peque\u00f1a o mediana, regularmente y el trabajo con una mochila se hace pesado, puede considerar si un pulverizador de arrastre o de montar, ser\u00eda m\u00e1s eficiente. Todos hacen la misma tarea b\u00e1sica, pero los pulverizadores de la serie PATV se pueden montar o tirar con un veh\u00edculo (dise\u00f1ado para quads pero podr\u00eda ser fijado en un 4\u00d74, o el minitractor, por ejemplo). Con nuestros equipos le podr\u00e1 dar un excelente ritmo de trabajo a una gran cantidad de terreno que cubrir, de manera simple, agil y al menor costo.<br \/>\nLa l\u00ednea de pulverizadores Genesis PATV para cuatriciclos, ATV, UTV, tienen las caracter\u00edsticas de robustez, confiabilidad, rendimiento y calidad, comparables a los modelos m\u00e1s grandes fabricados por nuestra empresa madre IMA, hechos a escala para un trabajo acorde. Sus distintas capacidades y configuraciones los vuelven equipos verrs\u00e1tiles, adaptables al uso en cada necesidad espec\u00edfica. Sea para pulverizar parques, canchas de f\u00fatbol, quintas, frutales, caminos, etc. nuestros equipos le har\u00e1n la tarea de pulverizaci\u00f3n y fumigaci\u00f3n m\u00e1s simple.<br \/>\nSi tiene la necesidad de controlar hierbas Ud. debe identificar todas las plantas que se producen en sus terrenos y hacer frente a las indeseables. La pulverizaci\u00f3n es el m\u00e9todo aceptado para el control de malezas en muchos casos. Siga las instrucciones del fabricante del producto qu\u00edmico para donde y cuando debe rociar, prestando especial atenci\u00f3n a la cantidad de tiempo despu\u00e9s de la pulverizaci\u00f3n que tiene que dejar actuar el producto.<br \/>\nYa sea que est\u00e9 rociando en una amplia zona con botal\u00f3n, o puntualmente con lanza de mano, nuestros pulverizadores, le pone toda la fuerza al trabajo con m\u00e1xima comodidad y rapidez. Su funcionamiento es simple, el producto qu\u00edmico se mezcla en el tanque. Usted tiene la opci\u00f3n de usar una configuraci\u00f3n de botal\u00f3n(una serie de boquillas con anchos de hasta 6 metros) o una lanza de mano para el trabajo a pie de manchoneo o por ejemplo, cuando se trabaja en lugares restringidos donde acomodar el veh\u00edculo. La bomba el\u00e9ctrica integral (12v) proporciona la presi\u00f3n suficiente para la unidad, y el mando a distancia permite que la fumigaci\u00f3n pueda ser detenida e iniciada desde el asiento del conductor. Tenemos una muy amplia gama de configuraciones de pulverizador de arrastre con distintas capacidades y accesorios.<br \/>\nLa gama de pulverizadores Genesis PATV es adecuada para muchos trabajos de pulverizaci\u00f3n peque\u00f1os a medianos, incluidos tratamientos localizados, m\u00e1rgenes de campo, almacenes de cultivos, senderos, potreros, c\u00e9sped deportivo, \u00e1reas de recreaci\u00f3n y grandes jardines. Las dimensiones compactas de nuestros equipos la mantienen dentro del ancho de la mayor\u00eda de los veh\u00edculos, lo que permite un f\u00e1cil acceso a todas las \u00e1reas y reduce el da\u00f1o por colisi\u00f3n.<\/p>\n<p>Ning\u00fan trabajo de pulverizaci\u00f3n es demasiado peque\u00f1o \u2026<\/p>\n<p>Nuestros pulverizadores est\u00e1n destinados a aquellos usuarios con veh\u00edculos y trabajos de pulverizaci\u00f3n m\u00e1s peque\u00f1os tales como la agricultura familiar, las econom\u00edas regionales y son una excelente alternativa a la pulverizaci\u00f3n de mochila. Consulte por el equipo a la medida de sus necesidades.<\/p>\n<p>-Capacidad: 120lts<br \/>\n-Dep\u00f3sito adicional de 5Lts<br \/>\n-Bomba REMCO EconomyPlus<\/p>\n<ul>\n<li>Tipo: 2 c\u00e1maras de desplazamiento positivo de diafragma autocebante, capaz de funcionar en seco.<\/li>\n<li>Temperatura m\u00e1xima: 110\u00b0 F (43\u00b0 C).<\/li>\n<li>Capacidades de cebado: 1,2 metros de altura de aspiraci\u00f3n.<\/li>\n<li>Presi\u00f3n m\u00e1xima: 40 PSI (2.8 bar).<\/li>\n<li>V\u00e1lvula: Viton.<\/li>\n<li>Entrada\/Salida: Porta-mangueras 3\/8\u201d<\/li>\n<li>Peso: 0,57 kilogramos.<\/li>\n<li>Ciclo de trabajo: intermitente.<\/li>\n<li>Caudal: 3,8 L\/M<\/li>\n<\/ul>\n<p>-Manguera de 5mts<br \/>\n-Lanza ARAG de bronce a gatillo con pico regulable<br \/>\n-Instalaci\u00f3n el\u00e9ctrica con cables de 3mts y pinzas para bater\u00eda.<\/p>\n<p>&nbsp;<\/p>\n","protected":false},"excerpt":{"rendered":"<p><strong>Mini Pulverizador PATV120 NEO<\/strong><br \/>\nPulverizador compacto de 120 Lts con dep\u00f3sito adicional de 5 Lts. Ideal para control de malezas y plagas en \u00e1reas peque\u00f1as y medianas, adaptable a cuatriciclos y minitractores. Incluye bomba el\u00e9ctrica 12V REMCO EconomyPlus, lanza ARAG de bronce regulable y manguera de 5mts.<\/p>\n<p>&nbsp;<\/p>\n","protected":false},"featured_media":10961,"template":"","meta":[],"product_brand":[],"product_cat":[36],"product_tag":[196,304],"class_list":{"0":"post-10958","1":"product","2":"type-product","3":"status-publish","4":"has-post-thumbnail","6":"product_cat-accesorios","7":"product_tag-atv","8":"product_tag-pulverizadores-fumigadores","10":"first","11":"instock","12":"shipping-taxable","13":"purchasable","14":"product-type-simple"},"yoast_head":"<!-- This site is optimized with the Yoast SEO Premium plugin v21.2 (Yoast SEO v27.3) - https:\/\/yoast.com\/product\/yoast-seo-premium-wordpress\/ -->\n<title>Mini Pulverizador PATV120 NEO - Pueyrred\u00f3n Motos<\/title>\n<meta name=\"robots\" content=\"index, follow, max-snippet:-1, max-image-preview:large, max-video-preview:-1\" \/>\n<link rel=\"canonical\" href=\"https:\/\/pueyrredonmotos.com\/honda\/producto\/mini-pulverizador-patv120-neo\/\" \/>\n<meta property=\"og:locale\" content=\"es_ES\" \/>\n<meta property=\"og:type\" content=\"article\" \/>\n<meta property=\"og:title\" content=\"Mini Pulverizador PATV120 NEO\" \/>\n<meta property=\"og:description\" content=\"Mini Pulverizador PATV120 NEO Pulverizador compacto de 120 Lts con dep\u00f3sito adicional de 5 Lts. Ideal para control de malezas y plagas en \u00e1reas peque\u00f1as y medianas, adaptable a cuatriciclos y minitractores. Incluye bomba el\u00e9ctrica 12V REMCO EconomyPlus, lanza ARAG de bronce regulable y manguera de 5mts.  &nbsp;\" \/>\n<meta property=\"og:url\" content=\"https:\/\/pueyrredonmotos.com\/honda\/producto\/mini-pulverizador-patv120-neo\/\" \/>\n<meta property=\"og:site_name\" content=\"Pueyrred\u00f3n Motos\" \/>\n<meta property=\"article:publisher\" content=\"https:\/\/www.facebook.com\/pueyrredonmotos.honda\" \/>\n<meta property=\"article:modified_time\" content=\"2025-09-30T15:56:39+00:00\" \/>\n<meta property=\"og:image\" content=\"https:\/\/pueyrredonmotos.com\/honda\/wp-content\/uploads\/2025\/09\/mini-pulv-patv120-1.jpg\" \/>\n\t<meta property=\"og:image:width\" content=\"500\" \/>\n\t<meta property=\"og:image:height\" content=\"500\" \/>\n\t<meta property=\"og:image:type\" content=\"image\/jpeg\" \/>\n<meta name=\"twitter:card\" content=\"summary_large_image\" \/>\n<meta name=\"twitter:label1\" content=\"Tiempo de lectura\" \/>\n\t<meta name=\"twitter:data1\" content=\"3 minutos\" \/>\n<script type=\"application\/ld+json\" class=\"yoast-schema-graph\">{\"@context\":\"https:\\\/\\\/schema.org\",\"@graph\":[{\"@type\":\"WebPage\",\"@id\":\"https:\\\/\\\/pueyrredonmotos.com\\\/honda\\\/producto\\\/mini-pulverizador-patv120-neo\\\/\",\"url\":\"https:\\\/\\\/pueyrredonmotos.com\\\/honda\\\/producto\\\/mini-pulverizador-patv120-neo\\\/\",\"name\":\"Mini Pulverizador PATV120 NEO - Pueyrred\u00f3n Motos\",\"isPartOf\":{\"@id\":\"https:\\\/\\\/pueyrredonmotos.com\\\/honda\\\/#website\"},\"primaryImageOfPage\":{\"@id\":\"https:\\\/\\\/pueyrredonmotos.com\\\/honda\\\/producto\\\/mini-pulverizador-patv120-neo\\\/#primaryimage\"},\"image\":{\"@id\":\"https:\\\/\\\/pueyrredonmotos.com\\\/honda\\\/producto\\\/mini-pulverizador-patv120-neo\\\/#primaryimage\"},\"thumbnailUrl\":\"https:\\\/\\\/pueyrredonmotos.com\\\/honda\\\/wp-content\\\/uploads\\\/2025\\\/09\\\/mini-pulv-patv120-1.jpg\",\"datePublished\":\"2025-09-30T15:56:38+00:00\",\"dateModified\":\"2025-09-30T15:56:39+00:00\",\"breadcrumb\":{\"@id\":\"https:\\\/\\\/pueyrredonmotos.com\\\/honda\\\/producto\\\/mini-pulverizador-patv120-neo\\\/#breadcrumb\"},\"inLanguage\":\"es\",\"potentialAction\":[{\"@type\":\"ReadAction\",\"target\":[\"https:\\\/\\\/pueyrredonmotos.com\\\/honda\\\/producto\\\/mini-pulverizador-patv120-neo\\\/\"]}]},{\"@type\":\"ImageObject\",\"inLanguage\":\"es\",\"@id\":\"https:\\\/\\\/pueyrredonmotos.com\\\/honda\\\/producto\\\/mini-pulverizador-patv120-neo\\\/#primaryimage\",\"url\":\"https:\\\/\\\/pueyrredonmotos.com\\\/honda\\\/wp-content\\\/uploads\\\/2025\\\/09\\\/mini-pulv-patv120-1.jpg\",\"contentUrl\":\"https:\\\/\\\/pueyrredonmotos.com\\\/honda\\\/wp-content\\\/uploads\\\/2025\\\/09\\\/mini-pulv-patv120-1.jpg\",\"width\":500,\"height\":500},{\"@type\":\"BreadcrumbList\",\"@id\":\"https:\\\/\\\/pueyrredonmotos.com\\\/honda\\\/producto\\\/mini-pulverizador-patv120-neo\\\/#breadcrumb\",\"itemListElement\":[{\"@type\":\"ListItem\",\"position\":1,\"name\":\"Home\",\"item\":\"https:\\\/\\\/pueyrredonmotos.com\\\/honda\\\/\"},{\"@type\":\"ListItem\",\"position\":2,\"name\":\"Cat\u00e1logo\",\"item\":\"https:\\\/\\\/pueyrredonmotos.com\\\/honda\\\/catalogo\\\/\"},{\"@type\":\"ListItem\",\"position\":3,\"name\":\"Mini Pulverizador PATV120 NEO\"}]},{\"@type\":\"WebSite\",\"@id\":\"https:\\\/\\\/pueyrredonmotos.com\\\/honda\\\/#website\",\"url\":\"https:\\\/\\\/pueyrredonmotos.com\\\/honda\\\/\",\"name\":\"Pueyrred\u00f3n Motos\",\"description\":\"Concesionario Oficial Honda\",\"publisher\":{\"@id\":\"https:\\\/\\\/pueyrredonmotos.com\\\/honda\\\/#organization\"},\"potentialAction\":[{\"@type\":\"SearchAction\",\"target\":{\"@type\":\"EntryPoint\",\"urlTemplate\":\"https:\\\/\\\/pueyrredonmotos.com\\\/honda\\\/?s={search_term_string}\"},\"query-input\":{\"@type\":\"PropertyValueSpecification\",\"valueRequired\":true,\"valueName\":\"search_term_string\"}}],\"inLanguage\":\"es\"},{\"@type\":\"Organization\",\"@id\":\"https:\\\/\\\/pueyrredonmotos.com\\\/honda\\\/#organization\",\"name\":\"Pueyrred\u00f3n Motos\",\"url\":\"https:\\\/\\\/pueyrredonmotos.com\\\/honda\\\/\",\"logo\":{\"@type\":\"ImageObject\",\"inLanguage\":\"es\",\"@id\":\"https:\\\/\\\/pueyrredonmotos.com\\\/honda\\\/#\\\/schema\\\/logo\\\/image\\\/\",\"url\":\"https:\\\/\\\/pueyrredonmotos.com\\\/honda\\\/wp-content\\\/uploads\\\/2023\\\/09\\\/logo-180-66.png\",\"contentUrl\":\"https:\\\/\\\/pueyrredonmotos.com\\\/honda\\\/wp-content\\\/uploads\\\/2023\\\/09\\\/logo-180-66.png\",\"width\":180,\"height\":66,\"caption\":\"Pueyrred\u00f3n Motos\"},\"image\":{\"@id\":\"https:\\\/\\\/pueyrredonmotos.com\\\/honda\\\/#\\\/schema\\\/logo\\\/image\\\/\"},\"sameAs\":[\"https:\\\/\\\/www.facebook.com\\\/pueyrredonmotos.honda\",\"https:\\\/\\\/www.instagram.com\\\/pueyrredonmotos.honda\\\/\"]}]}<\/script>\n<!-- \/ Yoast SEO Premium plugin. -->","yoast_head_json":{"title":"Mini Pulverizador PATV120 NEO - Pueyrred\u00f3n Motos","robots":{"index":"index","follow":"follow","max-snippet":"max-snippet:-1","max-image-preview":"max-image-preview:large","max-video-preview":"max-video-preview:-1"},"canonical":"https:\/\/pueyrredonmotos.com\/honda\/producto\/mini-pulverizador-patv120-neo\/","og_locale":"es_ES","og_type":"article","og_title":"Mini Pulverizador PATV120 NEO","og_description":"Mini Pulverizador PATV120 NEO Pulverizador compacto de 120 Lts con dep\u00f3sito adicional de 5 Lts. Ideal para control de malezas y plagas en \u00e1reas peque\u00f1as y medianas, adaptable a cuatriciclos y minitractores. Incluye bomba el\u00e9ctrica 12V REMCO EconomyPlus, lanza ARAG de bronce regulable y manguera de 5mts.  &nbsp;","og_url":"https:\/\/pueyrredonmotos.com\/honda\/producto\/mini-pulverizador-patv120-neo\/","og_site_name":"Pueyrred\u00f3n Motos","article_publisher":"https:\/\/www.facebook.com\/pueyrredonmotos.honda","article_modified_time":"2025-09-30T15:56:39+00:00","og_image":[{"width":500,"height":500,"url":"https:\/\/pueyrredonmotos.com\/honda\/wp-content\/uploads\/2025\/09\/mini-pulv-patv120-1.jpg","type":"image\/jpeg"}],"twitter_card":"summary_large_image","twitter_misc":{"Tiempo de lectura":"3 minutos"},"schema":{"@context":"https:\/\/schema.org","@graph":[{"@type":"WebPage","@id":"https:\/\/pueyrredonmotos.com\/honda\/producto\/mini-pulverizador-patv120-neo\/","url":"https:\/\/pueyrredonmotos.com\/honda\/producto\/mini-pulverizador-patv120-neo\/","name":"Mini Pulverizador PATV120 NEO - Pueyrred\u00f3n Motos","isPartOf":{"@id":"https:\/\/pueyrredonmotos.com\/honda\/#website"},"primaryImageOfPage":{"@id":"https:\/\/pueyrredonmotos.com\/honda\/producto\/mini-pulverizador-patv120-neo\/#primaryimage"},"image":{"@id":"https:\/\/pueyrredonmotos.com\/honda\/producto\/mini-pulverizador-patv120-neo\/#primaryimage"},"thumbnailUrl":"https:\/\/pueyrredonmotos.com\/honda\/wp-content\/uploads\/2025\/09\/mini-pulv-patv120-1.jpg","datePublished":"2025-09-30T15:56:38+00:00","dateModified":"2025-09-30T15:56:39+00:00","breadcrumb":{"@id":"https:\/\/pueyrredonmotos.com\/honda\/producto\/mini-pulverizador-patv120-neo\/#breadcrumb"},"inLanguage":"es","potentialAction":[{"@type":"ReadAction","target":["https:\/\/pueyrredonmotos.com\/honda\/producto\/mini-pulverizador-patv120-neo\/"]}]},{"@type":"ImageObject","inLanguage":"es","@id":"https:\/\/pueyrredonmotos.com\/honda\/producto\/mini-pulverizador-patv120-neo\/#primaryimage","url":"https:\/\/pueyrredonmotos.com\/honda\/wp-content\/uploads\/2025\/09\/mini-pulv-patv120-1.jpg","contentUrl":"https:\/\/pueyrredonmotos.com\/honda\/wp-content\/uploads\/2025\/09\/mini-pulv-patv120-1.jpg","width":500,"height":500},{"@type":"BreadcrumbList","@id":"https:\/\/pueyrredonmotos.com\/honda\/producto\/mini-pulverizador-patv120-neo\/#breadcrumb","itemListElement":[{"@type":"ListItem","position":1,"name":"Home","item":"https:\/\/pueyrredonmotos.com\/honda\/"},{"@type":"ListItem","position":2,"name":"Cat\u00e1logo","item":"https:\/\/pueyrredonmotos.com\/honda\/catalogo\/"},{"@type":"ListItem","position":3,"name":"Mini Pulverizador PATV120 NEO"}]},{"@type":"WebSite","@id":"https:\/\/pueyrredonmotos.com\/honda\/#website","url":"https:\/\/pueyrredonmotos.com\/honda\/","name":"Pueyrred\u00f3n Motos","description":"Concesionario Oficial Honda","publisher":{"@id":"https:\/\/pueyrredonmotos.com\/honda\/#organization"},"potentialAction":[{"@type":"SearchAction","target":{"@type":"EntryPoint","urlTemplate":"https:\/\/pueyrredonmotos.com\/honda\/?s={search_term_string}"},"query-input":{"@type":"PropertyValueSpecification","valueRequired":true,"valueName":"search_term_string"}}],"inLanguage":"es"},{"@type":"Organization","@id":"https:\/\/pueyrredonmotos.com\/honda\/#organization","name":"Pueyrred\u00f3n Motos","url":"https:\/\/pueyrredonmotos.com\/honda\/","logo":{"@type":"ImageObject","inLanguage":"es","@id":"https:\/\/pueyrredonmotos.com\/honda\/#\/schema\/logo\/image\/","url":"https:\/\/pueyrredonmotos.com\/honda\/wp-content\/uploads\/2023\/09\/logo-180-66.png","contentUrl":"https:\/\/pueyrredonmotos.com\/honda\/wp-content\/uploads\/2023\/09\/logo-180-66.png","width":180,"height":66,"caption":"Pueyrred\u00f3n Motos"},"image":{"@id":"https:\/\/pueyrredonmotos.com\/honda\/#\/schema\/logo\/image\/"},"sameAs":["https:\/\/www.facebook.com\/pueyrredonmotos.honda","https:\/\/www.instagram.com\/pueyrredonmotos.honda\/"]}]}},"_links":{"self":[{"href":"https:\/\/pueyrredonmotos.com\/honda\/wp-json\/wp\/v2\/product\/10958","targetHints":{"allow":["GET"]}}],"collection":[{"href":"https:\/\/pueyrredonmotos.com\/honda\/wp-json\/wp\/v2\/product"}],"about":[{"href":"https:\/\/pueyrredonmotos.com\/honda\/wp-json\/wp\/v2\/types\/product"}],"wp:featuredmedia":[{"embeddable":true,"href":"https:\/\/pueyrredonmotos.com\/honda\/wp-json\/wp\/v2\/media\/10961"}],"wp:attachment":[{"href":"https:\/\/pueyrredonmotos.com\/honda\/wp-json\/wp\/v2\/media?parent=10958"}],"wp:term":[{"taxonomy":"product_brand","embeddable":true,"href":"https:\/\/pueyrredonmotos.com\/honda\/wp-json\/wp\/v2\/product_brand?post=10958"},{"taxonomy":"product_cat","embeddable":true,"href":"https:\/\/pueyrredonmotos.com\/honda\/wp-json\/wp\/v2\/product_cat?post=10958"},{"taxonomy":"product_tag","embeddable":true,"href":"https:\/\/pueyrredonmotos.com\/honda\/wp-json\/wp\/v2\/product_tag?post=10958"}],"curies":[{"name":"wp","href":"https:\/\/api.w.org\/{rel}","templated":true}]}}