{"id":10938,"date":"2025-09-29T22:04:31","date_gmt":"2025-09-30T01:04:31","guid":{"rendered":"https:\/\/pueyrredonmotos.com\/honda\/?post_type=product&#038;p=10938"},"modified":"2025-09-29T22:04:31","modified_gmt":"2025-09-30T01:04:31","slug":"pulverizador-de-arrastre-para-cuatriciclo-genesis-patv120-15mts","status":"publish","type":"product","link":"https:\/\/pueyrredonmotos.com\/honda\/producto\/pulverizador-de-arrastre-para-cuatriciclo-genesis-patv120-15mts\/","title":{"rendered":"Pulverizador de arrastre para cuatriciclo Genesis PATV120 1,5mts"},"content":{"rendered":"<h3>Descripci\u00f3n<\/h3>\n<p>Si usted tiene la necesidad de controlar malezas o plagas en un \u00e1rea peque\u00f1a o mediana, regularmente y el trabajo con una mochila se hace pesado, puede considerar si un pulverizador de arrastre o de montar, ser\u00eda m\u00e1s eficiente. Todos hacen la misma tarea b\u00e1sica, pero los pulverizadores de la serie PATV se pueden montar o tirar con un veh\u00edculo (dise\u00f1ado para quads pero podr\u00eda ser fijado en un 4\u00d74, o el minitractor, por ejemplo). Con nuestros equipos le podr\u00e1 dar un excelente ritmo de trabajo a una gran cantidad de terreno que cubrir, de manera simple, agil y al menor costo.<br \/>\nLa l\u00ednea de pulverizadores Genesis PATV para cuatriciclos, ATV, UTV, tienen las caracter\u00edsticas de robustez, confiabilidad, rendimiento y calidad, comparables a los modelos m\u00e1s grandes fabricados por nuestra empresa madre IMA, hechos a escala para un trabajo acorde. Sus distintas capacidades y configuraciones los vuelven equipos verrs\u00e1tiles, adaptables al uso en cada necesidad espec\u00edfica. Sea para pulverizar parques, canchas de f\u00fatbol, quintas, frutales, caminos, etc. nuestros equipos le har\u00e1n la tarea de pulverizaci\u00f3n y fumigaci\u00f3n m\u00e1s simple.<br \/>\nSi tiene la necesidad de controlar hierbas Ud. debe identificar todas las plantas que se producen en sus terrenos y hacer frente a las indeseables. La pulverizaci\u00f3n es el m\u00e9todo aceptado para el control de malezas en muchos casos. Siga las instrucciones del fabricante del producto qu\u00edmico para donde y cuando debe rociar, prestando especial atenci\u00f3n a la cantidad de tiempo despu\u00e9s de la pulverizaci\u00f3n que tiene que dejar actuar el producto.<br \/>\nYa sea que est\u00e9 rociando en una amplia zona con botal\u00f3n, o puntualmente con lanza de mano, nuestros pulverizadores, le pone toda la fuerza al trabajo con m\u00e1xima comodidad y rapidez. Su funcionamiento es simple, el producto qu\u00edmico se mezcla en el tanque. Usted tiene la opci\u00f3n de usar una configuraci\u00f3n de botal\u00f3n(una serie de boquillas con anchos de hasta 6 metros) o una lanza de mano para el trabajo a pie de manchoneo o por ejemplo, cuando se trabaja en lugares restringidos donde acomodar el veh\u00edculo. La bomba el\u00e9ctrica integral (12v) proporciona la presi\u00f3n suficiente para la unidad, y el mando a distancia permite que la fumigaci\u00f3n pueda ser detenida e iniciada desde el asiento del conductor. Tenemos una muy amplia gama de configuraciones de pulverizador de arrastre con distintas capacidades y accesorios.<br \/>\nLa gama de pulverizadores Genesis PATV es adecuada para muchos trabajos de pulverizaci\u00f3n peque\u00f1os a medianos, incluidos tratamientos localizados, m\u00e1rgenes de campo, almacenes de cultivos, senderos, potreros, c\u00e9sped deportivo, \u00e1reas de recreaci\u00f3n y grandes jardines. Las dimensiones compactas de nuestros equipos la mantienen dentro del ancho de la mayor\u00eda de los veh\u00edculos, lo que permite un f\u00e1cil acceso a todas las \u00e1reas y reduce el da\u00f1o por colisi\u00f3n.<\/p>\n<p>Ning\u00fan trabajo de pulverizaci\u00f3n es demasiado peque\u00f1o \u2026<\/p>\n<p>Nuestros pulverizadores est\u00e1n destinados a aquellos usuarios con veh\u00edculos y trabajos de pulverizaci\u00f3n m\u00e1s peque\u00f1os tales como la agricultura familiar, las econom\u00edas regionales y son una excelente alternativa a la pulverizaci\u00f3n de mochila. Consulte por el equipo a la medida de sus necesidades.<\/p>\n<h4>Estructura<\/h4>\n<ul>\n<li>Chasis: Acero estructural con soportes de tanque plegados<\/li>\n<li>Tanque: 120 Lts con tapa tipo ARAG con respiradero, fijado con sunchos de acero<\/li>\n<li>Botal\u00f3n: 1,5 mts<\/li>\n<li>Enganche: Tipo ojal<\/li>\n<li>Ruedas: Neum\u00e1ticas 250\u00d780<\/li>\n<\/ul>\n<h4>Equipo<\/h4>\n<ul>\n<li><strong>Bomba:<\/strong> REMCO EconomyPlus, 4 Lts\/min, 2 c\u00e1maras a diafragma, autocebante, capaz de funcionar en seco<\/li>\n<li><strong>Modo:<\/strong> Bajo demanda<\/li>\n<li><strong>Temperatura m\u00e1xima:<\/strong> 110\u00b0 F (43\u00b0 C)<\/li>\n<li><strong>Capacidad de cebado:<\/strong> 1,2 m<\/li>\n<li><strong>Presi\u00f3n m\u00e1xima:<\/strong> 40 PSI (2,8 bar)<\/li>\n<li><strong>Entrada\/Salida:<\/strong> Porta mangueras 3\/8\u201d<\/li>\n<li><strong>Peso:<\/strong> 0,57 kg<\/li>\n<li><strong>Medidas:<\/strong> 4,5\u201d de largo<\/li>\n<li><strong>V\u00e1lvula:<\/strong> Viton<\/li>\n<\/ul>\n<h4>Accesorios<\/h4>\n<ul>\n<li>Llave esf\u00e9rica de corte para botal\u00f3n<\/li>\n<li>3 picos Unijet con antigoteo, pastilla normal y filtro<\/li>\n<li>Cobertura efectiva: 1 mt<\/li>\n<li>Lanza de bronce ARAG<\/li>\n<\/ul>\n","protected":false},"excerpt":{"rendered":"<p><strong>Pulverizador de Arrastre Genesis PATV (120L \u2013 12V)<\/strong><\/p>\n<p>Pulverizador de arrastre Genesis PATV, compacto y vers\u00e1til, dise\u00f1ado para cuatriciclos y minitractores. Ideal para control de malezas y plagas en \u00e1reas peque\u00f1as y medianas, con tanque de 120 L, bomba el\u00e9ctrica de 12V y opciones de botal\u00f3n o lanza de mano.<\/p>\n","protected":false},"featured_media":10941,"template":"","meta":[],"product_brand":[],"product_cat":[36],"product_tag":[196,304],"class_list":{"0":"post-10938","1":"product","2":"type-product","3":"status-publish","4":"has-post-thumbnail","6":"product_cat-accesorios","7":"product_tag-atv","8":"product_tag-pulverizadores-fumigadores","10":"first","11":"instock","12":"shipping-taxable","13":"purchasable","14":"product-type-simple"},"yoast_head":"<!-- This site is optimized with the Yoast SEO Premium plugin v21.2 (Yoast SEO v27.3) - https:\/\/yoast.com\/product\/yoast-seo-premium-wordpress\/ -->\n<title>Pulverizador de arrastre para cuatriciclo Genesis PATV120 1,5mts - Pueyrred\u00f3n Motos<\/title>\n<meta name=\"robots\" content=\"index, follow, max-snippet:-1, max-image-preview:large, max-video-preview:-1\" \/>\n<link rel=\"canonical\" href=\"https:\/\/pueyrredonmotos.com\/honda\/producto\/pulverizador-de-arrastre-para-cuatriciclo-genesis-patv120-15mts\/\" \/>\n<meta property=\"og:locale\" content=\"es_ES\" \/>\n<meta property=\"og:type\" content=\"article\" \/>\n<meta property=\"og:title\" content=\"Pulverizador de arrastre para cuatriciclo Genesis PATV120 1,5mts\" \/>\n<meta property=\"og:description\" content=\"Pulverizador de Arrastre Genesis PATV (120L \u2013 12V)  Pulverizador de arrastre Genesis PATV, compacto y vers\u00e1til, dise\u00f1ado para cuatriciclos y minitractores. Ideal para control de malezas y plagas en \u00e1reas peque\u00f1as y medianas, con tanque de 120 L, bomba el\u00e9ctrica de 12V y opciones de botal\u00f3n o lanza de mano.\" \/>\n<meta property=\"og:url\" content=\"https:\/\/pueyrredonmotos.com\/honda\/producto\/pulverizador-de-arrastre-para-cuatriciclo-genesis-patv120-15mts\/\" \/>\n<meta property=\"og:site_name\" content=\"Pueyrred\u00f3n Motos\" \/>\n<meta property=\"article:publisher\" content=\"https:\/\/www.facebook.com\/pueyrredonmotos.honda\" \/>\n<meta property=\"og:image\" content=\"https:\/\/pueyrredonmotos.com\/honda\/wp-content\/uploads\/2025\/09\/PATV120_arrastre1mts-1.jpg\" \/>\n\t<meta property=\"og:image:width\" content=\"500\" \/>\n\t<meta property=\"og:image:height\" content=\"500\" \/>\n\t<meta property=\"og:image:type\" content=\"image\/jpeg\" \/>\n<meta name=\"twitter:card\" content=\"summary_large_image\" \/>\n<meta name=\"twitter:label1\" content=\"Tiempo de lectura\" \/>\n\t<meta name=\"twitter:data1\" content=\"3 minutos\" \/>\n<script type=\"application\/ld+json\" class=\"yoast-schema-graph\">{\"@context\":\"https:\\\/\\\/schema.org\",\"@graph\":[{\"@type\":\"WebPage\",\"@id\":\"https:\\\/\\\/pueyrredonmotos.com\\\/honda\\\/producto\\\/pulverizador-de-arrastre-para-cuatriciclo-genesis-patv120-15mts\\\/\",\"url\":\"https:\\\/\\\/pueyrredonmotos.com\\\/honda\\\/producto\\\/pulverizador-de-arrastre-para-cuatriciclo-genesis-patv120-15mts\\\/\",\"name\":\"Pulverizador de arrastre para cuatriciclo Genesis PATV120 1,5mts - Pueyrred\u00f3n Motos\",\"isPartOf\":{\"@id\":\"https:\\\/\\\/pueyrredonmotos.com\\\/honda\\\/#website\"},\"primaryImageOfPage\":{\"@id\":\"https:\\\/\\\/pueyrredonmotos.com\\\/honda\\\/producto\\\/pulverizador-de-arrastre-para-cuatriciclo-genesis-patv120-15mts\\\/#primaryimage\"},\"image\":{\"@id\":\"https:\\\/\\\/pueyrredonmotos.com\\\/honda\\\/producto\\\/pulverizador-de-arrastre-para-cuatriciclo-genesis-patv120-15mts\\\/#primaryimage\"},\"thumbnailUrl\":\"https:\\\/\\\/pueyrredonmotos.com\\\/honda\\\/wp-content\\\/uploads\\\/2025\\\/09\\\/PATV120_arrastre1mts-1.jpg\",\"datePublished\":\"2025-09-30T01:04:31+00:00\",\"breadcrumb\":{\"@id\":\"https:\\\/\\\/pueyrredonmotos.com\\\/honda\\\/producto\\\/pulverizador-de-arrastre-para-cuatriciclo-genesis-patv120-15mts\\\/#breadcrumb\"},\"inLanguage\":\"es\",\"potentialAction\":[{\"@type\":\"ReadAction\",\"target\":[\"https:\\\/\\\/pueyrredonmotos.com\\\/honda\\\/producto\\\/pulverizador-de-arrastre-para-cuatriciclo-genesis-patv120-15mts\\\/\"]}]},{\"@type\":\"ImageObject\",\"inLanguage\":\"es\",\"@id\":\"https:\\\/\\\/pueyrredonmotos.com\\\/honda\\\/producto\\\/pulverizador-de-arrastre-para-cuatriciclo-genesis-patv120-15mts\\\/#primaryimage\",\"url\":\"https:\\\/\\\/pueyrredonmotos.com\\\/honda\\\/wp-content\\\/uploads\\\/2025\\\/09\\\/PATV120_arrastre1mts-1.jpg\",\"contentUrl\":\"https:\\\/\\\/pueyrredonmotos.com\\\/honda\\\/wp-content\\\/uploads\\\/2025\\\/09\\\/PATV120_arrastre1mts-1.jpg\",\"width\":500,\"height\":500},{\"@type\":\"BreadcrumbList\",\"@id\":\"https:\\\/\\\/pueyrredonmotos.com\\\/honda\\\/producto\\\/pulverizador-de-arrastre-para-cuatriciclo-genesis-patv120-15mts\\\/#breadcrumb\",\"itemListElement\":[{\"@type\":\"ListItem\",\"position\":1,\"name\":\"Home\",\"item\":\"https:\\\/\\\/pueyrredonmotos.com\\\/honda\\\/\"},{\"@type\":\"ListItem\",\"position\":2,\"name\":\"Cat\u00e1logo\",\"item\":\"https:\\\/\\\/pueyrredonmotos.com\\\/honda\\\/catalogo\\\/\"},{\"@type\":\"ListItem\",\"position\":3,\"name\":\"Pulverizador de arrastre para cuatriciclo Genesis PATV120 1,5mts\"}]},{\"@type\":\"WebSite\",\"@id\":\"https:\\\/\\\/pueyrredonmotos.com\\\/honda\\\/#website\",\"url\":\"https:\\\/\\\/pueyrredonmotos.com\\\/honda\\\/\",\"name\":\"Pueyrred\u00f3n Motos\",\"description\":\"Concesionario Oficial Honda\",\"publisher\":{\"@id\":\"https:\\\/\\\/pueyrredonmotos.com\\\/honda\\\/#organization\"},\"potentialAction\":[{\"@type\":\"SearchAction\",\"target\":{\"@type\":\"EntryPoint\",\"urlTemplate\":\"https:\\\/\\\/pueyrredonmotos.com\\\/honda\\\/?s={search_term_string}\"},\"query-input\":{\"@type\":\"PropertyValueSpecification\",\"valueRequired\":true,\"valueName\":\"search_term_string\"}}],\"inLanguage\":\"es\"},{\"@type\":\"Organization\",\"@id\":\"https:\\\/\\\/pueyrredonmotos.com\\\/honda\\\/#organization\",\"name\":\"Pueyrred\u00f3n Motos\",\"url\":\"https:\\\/\\\/pueyrredonmotos.com\\\/honda\\\/\",\"logo\":{\"@type\":\"ImageObject\",\"inLanguage\":\"es\",\"@id\":\"https:\\\/\\\/pueyrredonmotos.com\\\/honda\\\/#\\\/schema\\\/logo\\\/image\\\/\",\"url\":\"https:\\\/\\\/pueyrredonmotos.com\\\/honda\\\/wp-content\\\/uploads\\\/2023\\\/09\\\/logo-180-66.png\",\"contentUrl\":\"https:\\\/\\\/pueyrredonmotos.com\\\/honda\\\/wp-content\\\/uploads\\\/2023\\\/09\\\/logo-180-66.png\",\"width\":180,\"height\":66,\"caption\":\"Pueyrred\u00f3n Motos\"},\"image\":{\"@id\":\"https:\\\/\\\/pueyrredonmotos.com\\\/honda\\\/#\\\/schema\\\/logo\\\/image\\\/\"},\"sameAs\":[\"https:\\\/\\\/www.facebook.com\\\/pueyrredonmotos.honda\",\"https:\\\/\\\/www.instagram.com\\\/pueyrredonmotos.honda\\\/\"]}]}<\/script>\n<!-- \/ Yoast SEO Premium plugin. -->","yoast_head_json":{"title":"Pulverizador de arrastre para cuatriciclo Genesis PATV120 1,5mts - Pueyrred\u00f3n Motos","robots":{"index":"index","follow":"follow","max-snippet":"max-snippet:-1","max-image-preview":"max-image-preview:large","max-video-preview":"max-video-preview:-1"},"canonical":"https:\/\/pueyrredonmotos.com\/honda\/producto\/pulverizador-de-arrastre-para-cuatriciclo-genesis-patv120-15mts\/","og_locale":"es_ES","og_type":"article","og_title":"Pulverizador de arrastre para cuatriciclo Genesis PATV120 1,5mts","og_description":"Pulverizador de Arrastre Genesis PATV (120L \u2013 12V)  Pulverizador de arrastre Genesis PATV, compacto y vers\u00e1til, dise\u00f1ado para cuatriciclos y minitractores. Ideal para control de malezas y plagas en \u00e1reas peque\u00f1as y medianas, con tanque de 120 L, bomba el\u00e9ctrica de 12V y opciones de botal\u00f3n o lanza de mano.","og_url":"https:\/\/pueyrredonmotos.com\/honda\/producto\/pulverizador-de-arrastre-para-cuatriciclo-genesis-patv120-15mts\/","og_site_name":"Pueyrred\u00f3n Motos","article_publisher":"https:\/\/www.facebook.com\/pueyrredonmotos.honda","og_image":[{"width":500,"height":500,"url":"https:\/\/pueyrredonmotos.com\/honda\/wp-content\/uploads\/2025\/09\/PATV120_arrastre1mts-1.jpg","type":"image\/jpeg"}],"twitter_card":"summary_large_image","twitter_misc":{"Tiempo de lectura":"3 minutos"},"schema":{"@context":"https:\/\/schema.org","@graph":[{"@type":"WebPage","@id":"https:\/\/pueyrredonmotos.com\/honda\/producto\/pulverizador-de-arrastre-para-cuatriciclo-genesis-patv120-15mts\/","url":"https:\/\/pueyrredonmotos.com\/honda\/producto\/pulverizador-de-arrastre-para-cuatriciclo-genesis-patv120-15mts\/","name":"Pulverizador de arrastre para cuatriciclo Genesis PATV120 1,5mts - Pueyrred\u00f3n Motos","isPartOf":{"@id":"https:\/\/pueyrredonmotos.com\/honda\/#website"},"primaryImageOfPage":{"@id":"https:\/\/pueyrredonmotos.com\/honda\/producto\/pulverizador-de-arrastre-para-cuatriciclo-genesis-patv120-15mts\/#primaryimage"},"image":{"@id":"https:\/\/pueyrredonmotos.com\/honda\/producto\/pulverizador-de-arrastre-para-cuatriciclo-genesis-patv120-15mts\/#primaryimage"},"thumbnailUrl":"https:\/\/pueyrredonmotos.com\/honda\/wp-content\/uploads\/2025\/09\/PATV120_arrastre1mts-1.jpg","datePublished":"2025-09-30T01:04:31+00:00","breadcrumb":{"@id":"https:\/\/pueyrredonmotos.com\/honda\/producto\/pulverizador-de-arrastre-para-cuatriciclo-genesis-patv120-15mts\/#breadcrumb"},"inLanguage":"es","potentialAction":[{"@type":"ReadAction","target":["https:\/\/pueyrredonmotos.com\/honda\/producto\/pulverizador-de-arrastre-para-cuatriciclo-genesis-patv120-15mts\/"]}]},{"@type":"ImageObject","inLanguage":"es","@id":"https:\/\/pueyrredonmotos.com\/honda\/producto\/pulverizador-de-arrastre-para-cuatriciclo-genesis-patv120-15mts\/#primaryimage","url":"https:\/\/pueyrredonmotos.com\/honda\/wp-content\/uploads\/2025\/09\/PATV120_arrastre1mts-1.jpg","contentUrl":"https:\/\/pueyrredonmotos.com\/honda\/wp-content\/uploads\/2025\/09\/PATV120_arrastre1mts-1.jpg","width":500,"height":500},{"@type":"BreadcrumbList","@id":"https:\/\/pueyrredonmotos.com\/honda\/producto\/pulverizador-de-arrastre-para-cuatriciclo-genesis-patv120-15mts\/#breadcrumb","itemListElement":[{"@type":"ListItem","position":1,"name":"Home","item":"https:\/\/pueyrredonmotos.com\/honda\/"},{"@type":"ListItem","position":2,"name":"Cat\u00e1logo","item":"https:\/\/pueyrredonmotos.com\/honda\/catalogo\/"},{"@type":"ListItem","position":3,"name":"Pulverizador de arrastre para cuatriciclo Genesis PATV120 1,5mts"}]},{"@type":"WebSite","@id":"https:\/\/pueyrredonmotos.com\/honda\/#website","url":"https:\/\/pueyrredonmotos.com\/honda\/","name":"Pueyrred\u00f3n Motos","description":"Concesionario Oficial Honda","publisher":{"@id":"https:\/\/pueyrredonmotos.com\/honda\/#organization"},"potentialAction":[{"@type":"SearchAction","target":{"@type":"EntryPoint","urlTemplate":"https:\/\/pueyrredonmotos.com\/honda\/?s={search_term_string}"},"query-input":{"@type":"PropertyValueSpecification","valueRequired":true,"valueName":"search_term_string"}}],"inLanguage":"es"},{"@type":"Organization","@id":"https:\/\/pueyrredonmotos.com\/honda\/#organization","name":"Pueyrred\u00f3n Motos","url":"https:\/\/pueyrredonmotos.com\/honda\/","logo":{"@type":"ImageObject","inLanguage":"es","@id":"https:\/\/pueyrredonmotos.com\/honda\/#\/schema\/logo\/image\/","url":"https:\/\/pueyrredonmotos.com\/honda\/wp-content\/uploads\/2023\/09\/logo-180-66.png","contentUrl":"https:\/\/pueyrredonmotos.com\/honda\/wp-content\/uploads\/2023\/09\/logo-180-66.png","width":180,"height":66,"caption":"Pueyrred\u00f3n Motos"},"image":{"@id":"https:\/\/pueyrredonmotos.com\/honda\/#\/schema\/logo\/image\/"},"sameAs":["https:\/\/www.facebook.com\/pueyrredonmotos.honda","https:\/\/www.instagram.com\/pueyrredonmotos.honda\/"]}]}},"_links":{"self":[{"href":"https:\/\/pueyrredonmotos.com\/honda\/wp-json\/wp\/v2\/product\/10938","targetHints":{"allow":["GET"]}}],"collection":[{"href":"https:\/\/pueyrredonmotos.com\/honda\/wp-json\/wp\/v2\/product"}],"about":[{"href":"https:\/\/pueyrredonmotos.com\/honda\/wp-json\/wp\/v2\/types\/product"}],"wp:featuredmedia":[{"embeddable":true,"href":"https:\/\/pueyrredonmotos.com\/honda\/wp-json\/wp\/v2\/media\/10941"}],"wp:attachment":[{"href":"https:\/\/pueyrredonmotos.com\/honda\/wp-json\/wp\/v2\/media?parent=10938"}],"wp:term":[{"taxonomy":"product_brand","embeddable":true,"href":"https:\/\/pueyrredonmotos.com\/honda\/wp-json\/wp\/v2\/product_brand?post=10938"},{"taxonomy":"product_cat","embeddable":true,"href":"https:\/\/pueyrredonmotos.com\/honda\/wp-json\/wp\/v2\/product_cat?post=10938"},{"taxonomy":"product_tag","embeddable":true,"href":"https:\/\/pueyrredonmotos.com\/honda\/wp-json\/wp\/v2\/product_tag?post=10938"}],"curies":[{"name":"wp","href":"https:\/\/api.w.org\/{rel}","templated":true}]}}