{"id":10930,"date":"2025-09-29T21:32:26","date_gmt":"2025-09-30T00:32:26","guid":{"rendered":"https:\/\/pueyrredonmotos.com\/honda\/?post_type=product&#038;p=10930"},"modified":"2025-09-29T21:32:27","modified_gmt":"2025-09-30T00:32:27","slug":"rastras-de-discos-excentrica-para-cuatriciclos-genesis-rde1014-10-discos","status":"publish","type":"product","link":"https:\/\/pueyrredonmotos.com\/honda\/producto\/rastras-de-discos-excentrica-para-cuatriciclos-genesis-rde1014-10-discos\/","title":{"rendered":"Rastras de Discos Exc\u00e9ntrica para Cuatriciclos Genesis RDE1014 (10 discos)"},"content":{"rendered":"<h3>Descripci\u00f3n<\/h3>\n<p>Las rastras de disco para cuatriciclos, ATV, UTV, Genesis tienen muchas de sus caracter\u00edsticas comparables a nuestros modelos m\u00e1s grandes. Robusto chasis tubular cuadrado, ejes reforzados, rodamientos sellados de libre mantenimiento, Discos de 14? de acero al boro lisos y dentados, dise\u00f1adas para que una sola persona pueda realizar el enganche y regulaci\u00f3n para trabajo. El dise\u00f1o de su tren de rodaje facilita el buen funcionamiento en labor y transporte. Se regula el equipo con la simple acci\u00f3n de una manivela. Su tama\u00f1o y ancho de labor o transporte facilita el acceso a zonas dif\u00edciles \u00f3 peque\u00f1as superficies de tierra, destac\u00e1ndose as\u00ed su versatilidad. Es Perfecta para trabajar en la espesura del bosque, parcelas de parques, quintas, frutales, jardines, para un cultivo hogare\u00f1o o simplemente para la preparaci\u00f3n de su patio. La serie Genesis RATV es f\u00e1cilmente arrastrada por cualquier cuatriciclo, tractor de jard\u00edn y tractores sub-compactos<\/p>\n<p><strong>Caracter\u00edsticas<\/strong>:<br \/>\n\u2013 Material: Acero<br \/>\n\u2013 Ancho de trabajo: 900mm<br \/>\n\u2013 Separaci\u00f3n entre discos: 180mm<br \/>\n\u2013 Bancadas: Bolillero blindados no relubricables<br \/>\n\u2013 Discos: Delanteros dentados de 14\u2033 \/ Traseros lisos de 14\u2033<br \/>\n\u2013 Rodado: Neum\u00e1tico 350x80mm<br \/>\n\u2013 Regulaci\u00f3n de altura: Cricket telesc\u00f3pico<br \/>\n\u2013 Regulaci\u00f3n de lanza: Cricket de doble efecto<br \/>\n\u2013 Enganche a ojal<\/p>\n<p><strong>Opcionales<\/strong>:<br \/>\n\u2013 Discos dentados delanteros y traseros<br \/>\n\u2013 Carcaza de enganche a bolita<br \/>\n\u2013 Rodado macizo<\/p>\n<p>&nbsp;<\/p>\n","protected":false},"excerpt":{"rendered":"<p><strong>Rastras de Discos Exc\u00e9ntrica para Cuatriciclos Genesis RDE1014 (10 discos)<\/strong><\/p>\n<p>Rastra exc\u00e9ntrica de 10 discos de acero al boro (14&#8243;), con chasis reforzado y rodamientos sellados. Ancho de labor de 90 cm, rodado neum\u00e1tico y regulaci\u00f3n telesc\u00f3pica. Ideal para preparar peque\u00f1as parcelas, quintas y jardines con un equipo compacto, resistente y f\u00e1cil de usar.<\/p>\n","protected":false},"featured_media":10931,"template":"","meta":[],"product_brand":[],"product_cat":[36],"product_tag":[196,303],"class_list":{"0":"post-10930","1":"product","2":"type-product","3":"status-publish","4":"has-post-thumbnail","6":"product_cat-accesorios","7":"product_tag-atv","8":"product_tag-rastras","10":"first","11":"instock","12":"shipping-taxable","13":"purchasable","14":"product-type-simple"},"yoast_head":"<!-- This site is optimized with the Yoast SEO Premium plugin v21.2 (Yoast SEO v27.3) - https:\/\/yoast.com\/product\/yoast-seo-premium-wordpress\/ -->\n<title>Rastras de Discos Exc\u00e9ntrica para Cuatriciclos Genesis RDE1014 (10 discos) - Pueyrred\u00f3n Motos<\/title>\n<meta name=\"robots\" content=\"index, follow, max-snippet:-1, max-image-preview:large, max-video-preview:-1\" \/>\n<link rel=\"canonical\" href=\"https:\/\/pueyrredonmotos.com\/honda\/producto\/rastras-de-discos-excentrica-para-cuatriciclos-genesis-rde1014-10-discos\/\" \/>\n<meta property=\"og:locale\" content=\"es_ES\" \/>\n<meta property=\"og:type\" content=\"article\" \/>\n<meta property=\"og:title\" content=\"Rastras de Discos Exc\u00e9ntrica para Cuatriciclos Genesis RDE1014 (10 discos)\" \/>\n<meta property=\"og:description\" content=\"Rastras de Discos Exc\u00e9ntrica para Cuatriciclos Genesis RDE1014 (10 discos)  Rastra exc\u00e9ntrica de 10 discos de acero al boro (14&quot;), con chasis reforzado y rodamientos sellados. Ancho de labor de 90 cm, rodado neum\u00e1tico y regulaci\u00f3n telesc\u00f3pica. Ideal para preparar peque\u00f1as parcelas, quintas y jardines con un equipo compacto, resistente y f\u00e1cil de usar.\" \/>\n<meta property=\"og:url\" content=\"https:\/\/pueyrredonmotos.com\/honda\/producto\/rastras-de-discos-excentrica-para-cuatriciclos-genesis-rde1014-10-discos\/\" \/>\n<meta property=\"og:site_name\" content=\"Pueyrred\u00f3n Motos\" \/>\n<meta property=\"article:publisher\" content=\"https:\/\/www.facebook.com\/pueyrredonmotos.honda\" \/>\n<meta property=\"article:modified_time\" content=\"2025-09-30T00:32:27+00:00\" \/>\n<meta property=\"og:image\" content=\"https:\/\/pueyrredonmotos.com\/honda\/wp-content\/uploads\/2025\/09\/RATV1014-500x500-1.jpg\" \/>\n\t<meta property=\"og:image:width\" content=\"500\" \/>\n\t<meta property=\"og:image:height\" content=\"500\" \/>\n\t<meta property=\"og:image:type\" content=\"image\/jpeg\" \/>\n<meta name=\"twitter:card\" content=\"summary_large_image\" \/>\n<meta name=\"twitter:label1\" content=\"Tiempo de lectura\" \/>\n\t<meta name=\"twitter:data1\" content=\"2 minutos\" \/>\n<script type=\"application\/ld+json\" class=\"yoast-schema-graph\">{\"@context\":\"https:\\\/\\\/schema.org\",\"@graph\":[{\"@type\":\"WebPage\",\"@id\":\"https:\\\/\\\/pueyrredonmotos.com\\\/honda\\\/producto\\\/rastras-de-discos-excentrica-para-cuatriciclos-genesis-rde1014-10-discos\\\/\",\"url\":\"https:\\\/\\\/pueyrredonmotos.com\\\/honda\\\/producto\\\/rastras-de-discos-excentrica-para-cuatriciclos-genesis-rde1014-10-discos\\\/\",\"name\":\"Rastras de Discos Exc\u00e9ntrica para Cuatriciclos Genesis RDE1014 (10 discos) - Pueyrred\u00f3n Motos\",\"isPartOf\":{\"@id\":\"https:\\\/\\\/pueyrredonmotos.com\\\/honda\\\/#website\"},\"primaryImageOfPage\":{\"@id\":\"https:\\\/\\\/pueyrredonmotos.com\\\/honda\\\/producto\\\/rastras-de-discos-excentrica-para-cuatriciclos-genesis-rde1014-10-discos\\\/#primaryimage\"},\"image\":{\"@id\":\"https:\\\/\\\/pueyrredonmotos.com\\\/honda\\\/producto\\\/rastras-de-discos-excentrica-para-cuatriciclos-genesis-rde1014-10-discos\\\/#primaryimage\"},\"thumbnailUrl\":\"https:\\\/\\\/pueyrredonmotos.com\\\/honda\\\/wp-content\\\/uploads\\\/2025\\\/09\\\/RATV1014-500x500-1.jpg\",\"datePublished\":\"2025-09-30T00:32:26+00:00\",\"dateModified\":\"2025-09-30T00:32:27+00:00\",\"breadcrumb\":{\"@id\":\"https:\\\/\\\/pueyrredonmotos.com\\\/honda\\\/producto\\\/rastras-de-discos-excentrica-para-cuatriciclos-genesis-rde1014-10-discos\\\/#breadcrumb\"},\"inLanguage\":\"es\",\"potentialAction\":[{\"@type\":\"ReadAction\",\"target\":[\"https:\\\/\\\/pueyrredonmotos.com\\\/honda\\\/producto\\\/rastras-de-discos-excentrica-para-cuatriciclos-genesis-rde1014-10-discos\\\/\"]}]},{\"@type\":\"ImageObject\",\"inLanguage\":\"es\",\"@id\":\"https:\\\/\\\/pueyrredonmotos.com\\\/honda\\\/producto\\\/rastras-de-discos-excentrica-para-cuatriciclos-genesis-rde1014-10-discos\\\/#primaryimage\",\"url\":\"https:\\\/\\\/pueyrredonmotos.com\\\/honda\\\/wp-content\\\/uploads\\\/2025\\\/09\\\/RATV1014-500x500-1.jpg\",\"contentUrl\":\"https:\\\/\\\/pueyrredonmotos.com\\\/honda\\\/wp-content\\\/uploads\\\/2025\\\/09\\\/RATV1014-500x500-1.jpg\",\"width\":500,\"height\":500},{\"@type\":\"BreadcrumbList\",\"@id\":\"https:\\\/\\\/pueyrredonmotos.com\\\/honda\\\/producto\\\/rastras-de-discos-excentrica-para-cuatriciclos-genesis-rde1014-10-discos\\\/#breadcrumb\",\"itemListElement\":[{\"@type\":\"ListItem\",\"position\":1,\"name\":\"Home\",\"item\":\"https:\\\/\\\/pueyrredonmotos.com\\\/honda\\\/\"},{\"@type\":\"ListItem\",\"position\":2,\"name\":\"Cat\u00e1logo\",\"item\":\"https:\\\/\\\/pueyrredonmotos.com\\\/honda\\\/catalogo\\\/\"},{\"@type\":\"ListItem\",\"position\":3,\"name\":\"Rastras de Discos Exc\u00e9ntrica para Cuatriciclos Genesis RDE1014 (10 discos)\"}]},{\"@type\":\"WebSite\",\"@id\":\"https:\\\/\\\/pueyrredonmotos.com\\\/honda\\\/#website\",\"url\":\"https:\\\/\\\/pueyrredonmotos.com\\\/honda\\\/\",\"name\":\"Pueyrred\u00f3n Motos\",\"description\":\"Concesionario Oficial Honda\",\"publisher\":{\"@id\":\"https:\\\/\\\/pueyrredonmotos.com\\\/honda\\\/#organization\"},\"potentialAction\":[{\"@type\":\"SearchAction\",\"target\":{\"@type\":\"EntryPoint\",\"urlTemplate\":\"https:\\\/\\\/pueyrredonmotos.com\\\/honda\\\/?s={search_term_string}\"},\"query-input\":{\"@type\":\"PropertyValueSpecification\",\"valueRequired\":true,\"valueName\":\"search_term_string\"}}],\"inLanguage\":\"es\"},{\"@type\":\"Organization\",\"@id\":\"https:\\\/\\\/pueyrredonmotos.com\\\/honda\\\/#organization\",\"name\":\"Pueyrred\u00f3n Motos\",\"url\":\"https:\\\/\\\/pueyrredonmotos.com\\\/honda\\\/\",\"logo\":{\"@type\":\"ImageObject\",\"inLanguage\":\"es\",\"@id\":\"https:\\\/\\\/pueyrredonmotos.com\\\/honda\\\/#\\\/schema\\\/logo\\\/image\\\/\",\"url\":\"https:\\\/\\\/pueyrredonmotos.com\\\/honda\\\/wp-content\\\/uploads\\\/2023\\\/09\\\/logo-180-66.png\",\"contentUrl\":\"https:\\\/\\\/pueyrredonmotos.com\\\/honda\\\/wp-content\\\/uploads\\\/2023\\\/09\\\/logo-180-66.png\",\"width\":180,\"height\":66,\"caption\":\"Pueyrred\u00f3n Motos\"},\"image\":{\"@id\":\"https:\\\/\\\/pueyrredonmotos.com\\\/honda\\\/#\\\/schema\\\/logo\\\/image\\\/\"},\"sameAs\":[\"https:\\\/\\\/www.facebook.com\\\/pueyrredonmotos.honda\",\"https:\\\/\\\/www.instagram.com\\\/pueyrredonmotos.honda\\\/\"]}]}<\/script>\n<!-- \/ Yoast SEO Premium plugin. -->","yoast_head_json":{"title":"Rastras de Discos Exc\u00e9ntrica para Cuatriciclos Genesis RDE1014 (10 discos) - Pueyrred\u00f3n Motos","robots":{"index":"index","follow":"follow","max-snippet":"max-snippet:-1","max-image-preview":"max-image-preview:large","max-video-preview":"max-video-preview:-1"},"canonical":"https:\/\/pueyrredonmotos.com\/honda\/producto\/rastras-de-discos-excentrica-para-cuatriciclos-genesis-rde1014-10-discos\/","og_locale":"es_ES","og_type":"article","og_title":"Rastras de Discos Exc\u00e9ntrica para Cuatriciclos Genesis RDE1014 (10 discos)","og_description":"Rastras de Discos Exc\u00e9ntrica para Cuatriciclos Genesis RDE1014 (10 discos)  Rastra exc\u00e9ntrica de 10 discos de acero al boro (14\"), con chasis reforzado y rodamientos sellados. Ancho de labor de 90 cm, rodado neum\u00e1tico y regulaci\u00f3n telesc\u00f3pica. Ideal para preparar peque\u00f1as parcelas, quintas y jardines con un equipo compacto, resistente y f\u00e1cil de usar.","og_url":"https:\/\/pueyrredonmotos.com\/honda\/producto\/rastras-de-discos-excentrica-para-cuatriciclos-genesis-rde1014-10-discos\/","og_site_name":"Pueyrred\u00f3n Motos","article_publisher":"https:\/\/www.facebook.com\/pueyrredonmotos.honda","article_modified_time":"2025-09-30T00:32:27+00:00","og_image":[{"width":500,"height":500,"url":"https:\/\/pueyrredonmotos.com\/honda\/wp-content\/uploads\/2025\/09\/RATV1014-500x500-1.jpg","type":"image\/jpeg"}],"twitter_card":"summary_large_image","twitter_misc":{"Tiempo de lectura":"2 minutos"},"schema":{"@context":"https:\/\/schema.org","@graph":[{"@type":"WebPage","@id":"https:\/\/pueyrredonmotos.com\/honda\/producto\/rastras-de-discos-excentrica-para-cuatriciclos-genesis-rde1014-10-discos\/","url":"https:\/\/pueyrredonmotos.com\/honda\/producto\/rastras-de-discos-excentrica-para-cuatriciclos-genesis-rde1014-10-discos\/","name":"Rastras de Discos Exc\u00e9ntrica para Cuatriciclos Genesis RDE1014 (10 discos) - Pueyrred\u00f3n Motos","isPartOf":{"@id":"https:\/\/pueyrredonmotos.com\/honda\/#website"},"primaryImageOfPage":{"@id":"https:\/\/pueyrredonmotos.com\/honda\/producto\/rastras-de-discos-excentrica-para-cuatriciclos-genesis-rde1014-10-discos\/#primaryimage"},"image":{"@id":"https:\/\/pueyrredonmotos.com\/honda\/producto\/rastras-de-discos-excentrica-para-cuatriciclos-genesis-rde1014-10-discos\/#primaryimage"},"thumbnailUrl":"https:\/\/pueyrredonmotos.com\/honda\/wp-content\/uploads\/2025\/09\/RATV1014-500x500-1.jpg","datePublished":"2025-09-30T00:32:26+00:00","dateModified":"2025-09-30T00:32:27+00:00","breadcrumb":{"@id":"https:\/\/pueyrredonmotos.com\/honda\/producto\/rastras-de-discos-excentrica-para-cuatriciclos-genesis-rde1014-10-discos\/#breadcrumb"},"inLanguage":"es","potentialAction":[{"@type":"ReadAction","target":["https:\/\/pueyrredonmotos.com\/honda\/producto\/rastras-de-discos-excentrica-para-cuatriciclos-genesis-rde1014-10-discos\/"]}]},{"@type":"ImageObject","inLanguage":"es","@id":"https:\/\/pueyrredonmotos.com\/honda\/producto\/rastras-de-discos-excentrica-para-cuatriciclos-genesis-rde1014-10-discos\/#primaryimage","url":"https:\/\/pueyrredonmotos.com\/honda\/wp-content\/uploads\/2025\/09\/RATV1014-500x500-1.jpg","contentUrl":"https:\/\/pueyrredonmotos.com\/honda\/wp-content\/uploads\/2025\/09\/RATV1014-500x500-1.jpg","width":500,"height":500},{"@type":"BreadcrumbList","@id":"https:\/\/pueyrredonmotos.com\/honda\/producto\/rastras-de-discos-excentrica-para-cuatriciclos-genesis-rde1014-10-discos\/#breadcrumb","itemListElement":[{"@type":"ListItem","position":1,"name":"Home","item":"https:\/\/pueyrredonmotos.com\/honda\/"},{"@type":"ListItem","position":2,"name":"Cat\u00e1logo","item":"https:\/\/pueyrredonmotos.com\/honda\/catalogo\/"},{"@type":"ListItem","position":3,"name":"Rastras de Discos Exc\u00e9ntrica para Cuatriciclos Genesis RDE1014 (10 discos)"}]},{"@type":"WebSite","@id":"https:\/\/pueyrredonmotos.com\/honda\/#website","url":"https:\/\/pueyrredonmotos.com\/honda\/","name":"Pueyrred\u00f3n Motos","description":"Concesionario Oficial Honda","publisher":{"@id":"https:\/\/pueyrredonmotos.com\/honda\/#organization"},"potentialAction":[{"@type":"SearchAction","target":{"@type":"EntryPoint","urlTemplate":"https:\/\/pueyrredonmotos.com\/honda\/?s={search_term_string}"},"query-input":{"@type":"PropertyValueSpecification","valueRequired":true,"valueName":"search_term_string"}}],"inLanguage":"es"},{"@type":"Organization","@id":"https:\/\/pueyrredonmotos.com\/honda\/#organization","name":"Pueyrred\u00f3n Motos","url":"https:\/\/pueyrredonmotos.com\/honda\/","logo":{"@type":"ImageObject","inLanguage":"es","@id":"https:\/\/pueyrredonmotos.com\/honda\/#\/schema\/logo\/image\/","url":"https:\/\/pueyrredonmotos.com\/honda\/wp-content\/uploads\/2023\/09\/logo-180-66.png","contentUrl":"https:\/\/pueyrredonmotos.com\/honda\/wp-content\/uploads\/2023\/09\/logo-180-66.png","width":180,"height":66,"caption":"Pueyrred\u00f3n Motos"},"image":{"@id":"https:\/\/pueyrredonmotos.com\/honda\/#\/schema\/logo\/image\/"},"sameAs":["https:\/\/www.facebook.com\/pueyrredonmotos.honda","https:\/\/www.instagram.com\/pueyrredonmotos.honda\/"]}]}},"_links":{"self":[{"href":"https:\/\/pueyrredonmotos.com\/honda\/wp-json\/wp\/v2\/product\/10930","targetHints":{"allow":["GET"]}}],"collection":[{"href":"https:\/\/pueyrredonmotos.com\/honda\/wp-json\/wp\/v2\/product"}],"about":[{"href":"https:\/\/pueyrredonmotos.com\/honda\/wp-json\/wp\/v2\/types\/product"}],"wp:featuredmedia":[{"embeddable":true,"href":"https:\/\/pueyrredonmotos.com\/honda\/wp-json\/wp\/v2\/media\/10931"}],"wp:attachment":[{"href":"https:\/\/pueyrredonmotos.com\/honda\/wp-json\/wp\/v2\/media?parent=10930"}],"wp:term":[{"taxonomy":"product_brand","embeddable":true,"href":"https:\/\/pueyrredonmotos.com\/honda\/wp-json\/wp\/v2\/product_brand?post=10930"},{"taxonomy":"product_cat","embeddable":true,"href":"https:\/\/pueyrredonmotos.com\/honda\/wp-json\/wp\/v2\/product_cat?post=10930"},{"taxonomy":"product_tag","embeddable":true,"href":"https:\/\/pueyrredonmotos.com\/honda\/wp-json\/wp\/v2\/product_tag?post=10930"}],"curies":[{"name":"wp","href":"https:\/\/api.w.org\/{rel}","templated":true}]}}