{"id":10895,"date":"2025-09-27T18:42:09","date_gmt":"2025-09-27T21:42:09","guid":{"rendered":"https:\/\/pueyrredonmotos.com\/honda\/?post_type=product&#038;p=10895"},"modified":"2025-09-27T18:42:10","modified_gmt":"2025-09-27T21:42:10","slug":"desmalezadoras-para-cuatriciclos-genesis-datv1000-13hp","status":"publish","type":"product","link":"https:\/\/pueyrredonmotos.com\/honda\/producto\/desmalezadoras-para-cuatriciclos-genesis-datv1000-13hp\/","title":{"rendered":"Desmalezadoras para Cuatriciclos Genesis DATV1000 (13HP)"},"content":{"rendered":"<h3>Descripci\u00f3n<\/h3>\n<p>La desmalezadora de arrastre para cuatriciclos (ATV) KCM GENESIS D1000 cuenta con su chasis\/caparaz\u00f3n integrados y resistentes a las rigurosas exigencias del desmalezado cotidiano. El caparaz\u00f3n al ser de una sola pieza y reduciendo al m\u00ednimo los puntos de soldadura y uniones, no deja formar oxidaci\u00f3n, logrando mas vida \u00fatil. Adem\u00e1s las ruedas se instalan en un chasis independiente que pivota sobre el caparaz\u00f3n y equilibra los pesos de manera uniforme para hacerla m\u00e1s liviana en todas las tareas.<br \/>\nLa desmalezadora KCM GENESIS D1000 se fabrica en 12 versiones que cuentan con distintas potencias y variedad de accesorios. Los motores de 5,5HP a 15HP brindan un rango de potencias acordes a cada necesidad. Las transmisiones a correa son de simple mantenimiento y bajo costo de reemplazo. Se puede incluir dentro de los opcionales: Embrague y freno de cuchilla, patines, extensi\u00f3n de lanza, variedad de rodados, rodado dual, motores con eje horizontal o vertical y mucho m\u00e1s.<br \/>\nEl sistema de corte puede estar equipado con una cuchilla fija o dos cuchillas oscilantes que ofrecen m\u00e1xima resistencia, durabilidad, facilidad de operaci\u00f3n y sencillez de mantenimiento. Adem\u00e1s de garantizar un corte suave y preciso, usted puede contar con la versatilidad del chasis para los trabajos mas severos en el desmalezado hogare\u00f1o y de peque\u00f1as a medianas superficies.<\/p>\n<p><strong>\u00bfCansado de zanjas, campos y cercas cubiertas por maleza?<\/strong><\/p>\n<p>Abra caminos o limpie campos todo el a\u00f1o con este caballo de batalla robusto y confiable. Enganche una Genesis D1000 a su veh\u00edculo todo terreno o tractor de c\u00e9sped y limpie las zonas m\u00e1s duras con mayor facilidad.<br \/>\nLa desmalezadora KCM GENESIS D1000 de 1mt de corte, ha sido dise\u00f1ada para cubrir las m\u00e1s variadas necesidades de desmalezado, triturado de rastrojos, caminos, etc., en peque\u00f1as y medianas extensiones. Gracias a su robusta estructura totalmente reforzada es especial para los trabajos cotidianos en chacras, quintas, parques, etc. donde no se cuenta con un tractor cortapasto y se puede acoplar a cualquier cuatriciclo o ATV disponible.<\/p>\n<ul>\n<li>Para aplicaciones de corte de maleza<\/li>\n<li>Plataforma de corte de 1 metro<\/li>\n<li>Corta la mayor\u00eda de los materiales le\u00f1osos de hasta 1-1\/2 \u201cde di\u00e1metro (seg\u00fan potencia de motor solicitada)<\/li>\n<li>Construida en chapa de acero reforzado de 1\/8?<\/li>\n<li>Cuchilla de corte simple \u00f3 doble con cuchillas oscilantes (opcional)<\/li>\n<li>Pr\u00e1ctico ajuste de altura de corte en un solo punto.<\/li>\n<li>Descarga trasera<\/li>\n<li>Embrague y freno de cuchilla a distancia para m\u00e1xima seguridad (opcional) en equipos con motor de eje vertical.<\/li>\n<li>Enganche universal de acople r\u00e1pido a bolita.<\/li>\n<li>F\u00e1cil ajuste de enganche de izquierda a derecha que permite cortar en la misma l\u00ednea recta o hacia un lado (izquierda, derecha) directamente detr\u00e1s de su veh\u00edculo todo terreno o tractor<\/li>\n<\/ul>\n<p>&nbsp;<\/p>\n","protected":false},"excerpt":{"rendered":"<p><strong>Desmalezadora de Arrastre Genesis D1000<\/strong><br \/>\nCompacta y resistente, con 1 metro de corte y chasis reforzado. Ideal para acoplar a cuatriciclos o tractores, ofrece cuchilla fija u oscilante y m\u00faltiples configuraciones para desmalezar, triturar rastrojos y mantener caminos con resultados profesionales.<\/p>\n","protected":false},"featured_media":10896,"template":"","meta":[],"product_brand":[],"product_cat":[36],"product_tag":[196,302],"class_list":{"0":"post-10895","1":"product","2":"type-product","3":"status-publish","4":"has-post-thumbnail","6":"product_cat-accesorios","7":"product_tag-atv","8":"product_tag-desmalezadoras","10":"first","11":"instock","12":"shipping-taxable","13":"purchasable","14":"product-type-simple"},"yoast_head":"<!-- This site is optimized with the Yoast SEO Premium plugin v21.2 (Yoast SEO v27.3) - https:\/\/yoast.com\/product\/yoast-seo-premium-wordpress\/ -->\n<title>Desmalezadoras para Cuatriciclos Genesis DATV1000 (13HP) - Pueyrred\u00f3n Motos<\/title>\n<meta name=\"robots\" content=\"index, follow, max-snippet:-1, max-image-preview:large, max-video-preview:-1\" \/>\n<link rel=\"canonical\" href=\"https:\/\/pueyrredonmotos.com\/honda\/producto\/desmalezadoras-para-cuatriciclos-genesis-datv1000-13hp\/\" \/>\n<meta property=\"og:locale\" content=\"es_ES\" \/>\n<meta property=\"og:type\" content=\"article\" \/>\n<meta property=\"og:title\" content=\"Desmalezadoras para Cuatriciclos Genesis DATV1000 (13HP)\" \/>\n<meta property=\"og:description\" content=\"Desmalezadora de Arrastre Genesis D1000 Compacta y resistente, con 1 metro de corte y chasis reforzado. Ideal para acoplar a cuatriciclos o tractores, ofrece cuchilla fija u oscilante y m\u00faltiples configuraciones para desmalezar, triturar rastrojos y mantener caminos con resultados profesionales.\" \/>\n<meta property=\"og:url\" content=\"https:\/\/pueyrredonmotos.com\/honda\/producto\/desmalezadoras-para-cuatriciclos-genesis-datv1000-13hp\/\" \/>\n<meta property=\"og:site_name\" content=\"Pueyrred\u00f3n Motos\" \/>\n<meta property=\"article:publisher\" content=\"https:\/\/www.facebook.com\/pueyrredonmotos.honda\" \/>\n<meta property=\"article:modified_time\" content=\"2025-09-27T21:42:10+00:00\" \/>\n<meta property=\"og:image\" content=\"https:\/\/pueyrredonmotos.com\/honda\/wp-content\/uploads\/2025\/09\/DATV1000-1.jpg\" \/>\n\t<meta property=\"og:image:width\" content=\"500\" \/>\n\t<meta property=\"og:image:height\" content=\"500\" \/>\n\t<meta property=\"og:image:type\" content=\"image\/jpeg\" \/>\n<meta name=\"twitter:card\" content=\"summary_large_image\" \/>\n<meta name=\"twitter:label1\" content=\"Tiempo de lectura\" \/>\n\t<meta name=\"twitter:data1\" content=\"3 minutos\" \/>\n<script type=\"application\/ld+json\" class=\"yoast-schema-graph\">{\"@context\":\"https:\\\/\\\/schema.org\",\"@graph\":[{\"@type\":\"WebPage\",\"@id\":\"https:\\\/\\\/pueyrredonmotos.com\\\/honda\\\/producto\\\/desmalezadoras-para-cuatriciclos-genesis-datv1000-13hp\\\/\",\"url\":\"https:\\\/\\\/pueyrredonmotos.com\\\/honda\\\/producto\\\/desmalezadoras-para-cuatriciclos-genesis-datv1000-13hp\\\/\",\"name\":\"Desmalezadoras para Cuatriciclos Genesis DATV1000 (13HP) - Pueyrred\u00f3n Motos\",\"isPartOf\":{\"@id\":\"https:\\\/\\\/pueyrredonmotos.com\\\/honda\\\/#website\"},\"primaryImageOfPage\":{\"@id\":\"https:\\\/\\\/pueyrredonmotos.com\\\/honda\\\/producto\\\/desmalezadoras-para-cuatriciclos-genesis-datv1000-13hp\\\/#primaryimage\"},\"image\":{\"@id\":\"https:\\\/\\\/pueyrredonmotos.com\\\/honda\\\/producto\\\/desmalezadoras-para-cuatriciclos-genesis-datv1000-13hp\\\/#primaryimage\"},\"thumbnailUrl\":\"https:\\\/\\\/pueyrredonmotos.com\\\/honda\\\/wp-content\\\/uploads\\\/2025\\\/09\\\/DATV1000-1.jpg\",\"datePublished\":\"2025-09-27T21:42:09+00:00\",\"dateModified\":\"2025-09-27T21:42:10+00:00\",\"breadcrumb\":{\"@id\":\"https:\\\/\\\/pueyrredonmotos.com\\\/honda\\\/producto\\\/desmalezadoras-para-cuatriciclos-genesis-datv1000-13hp\\\/#breadcrumb\"},\"inLanguage\":\"es\",\"potentialAction\":[{\"@type\":\"ReadAction\",\"target\":[\"https:\\\/\\\/pueyrredonmotos.com\\\/honda\\\/producto\\\/desmalezadoras-para-cuatriciclos-genesis-datv1000-13hp\\\/\"]}]},{\"@type\":\"ImageObject\",\"inLanguage\":\"es\",\"@id\":\"https:\\\/\\\/pueyrredonmotos.com\\\/honda\\\/producto\\\/desmalezadoras-para-cuatriciclos-genesis-datv1000-13hp\\\/#primaryimage\",\"url\":\"https:\\\/\\\/pueyrredonmotos.com\\\/honda\\\/wp-content\\\/uploads\\\/2025\\\/09\\\/DATV1000-1.jpg\",\"contentUrl\":\"https:\\\/\\\/pueyrredonmotos.com\\\/honda\\\/wp-content\\\/uploads\\\/2025\\\/09\\\/DATV1000-1.jpg\",\"width\":500,\"height\":500},{\"@type\":\"BreadcrumbList\",\"@id\":\"https:\\\/\\\/pueyrredonmotos.com\\\/honda\\\/producto\\\/desmalezadoras-para-cuatriciclos-genesis-datv1000-13hp\\\/#breadcrumb\",\"itemListElement\":[{\"@type\":\"ListItem\",\"position\":1,\"name\":\"Home\",\"item\":\"https:\\\/\\\/pueyrredonmotos.com\\\/honda\\\/\"},{\"@type\":\"ListItem\",\"position\":2,\"name\":\"Cat\u00e1logo\",\"item\":\"https:\\\/\\\/pueyrredonmotos.com\\\/honda\\\/catalogo\\\/\"},{\"@type\":\"ListItem\",\"position\":3,\"name\":\"Desmalezadoras para Cuatriciclos Genesis DATV1000 (13HP)\"}]},{\"@type\":\"WebSite\",\"@id\":\"https:\\\/\\\/pueyrredonmotos.com\\\/honda\\\/#website\",\"url\":\"https:\\\/\\\/pueyrredonmotos.com\\\/honda\\\/\",\"name\":\"Pueyrred\u00f3n Motos\",\"description\":\"Concesionario Oficial Honda\",\"publisher\":{\"@id\":\"https:\\\/\\\/pueyrredonmotos.com\\\/honda\\\/#organization\"},\"potentialAction\":[{\"@type\":\"SearchAction\",\"target\":{\"@type\":\"EntryPoint\",\"urlTemplate\":\"https:\\\/\\\/pueyrredonmotos.com\\\/honda\\\/?s={search_term_string}\"},\"query-input\":{\"@type\":\"PropertyValueSpecification\",\"valueRequired\":true,\"valueName\":\"search_term_string\"}}],\"inLanguage\":\"es\"},{\"@type\":\"Organization\",\"@id\":\"https:\\\/\\\/pueyrredonmotos.com\\\/honda\\\/#organization\",\"name\":\"Pueyrred\u00f3n Motos\",\"url\":\"https:\\\/\\\/pueyrredonmotos.com\\\/honda\\\/\",\"logo\":{\"@type\":\"ImageObject\",\"inLanguage\":\"es\",\"@id\":\"https:\\\/\\\/pueyrredonmotos.com\\\/honda\\\/#\\\/schema\\\/logo\\\/image\\\/\",\"url\":\"https:\\\/\\\/pueyrredonmotos.com\\\/honda\\\/wp-content\\\/uploads\\\/2023\\\/09\\\/logo-180-66.png\",\"contentUrl\":\"https:\\\/\\\/pueyrredonmotos.com\\\/honda\\\/wp-content\\\/uploads\\\/2023\\\/09\\\/logo-180-66.png\",\"width\":180,\"height\":66,\"caption\":\"Pueyrred\u00f3n Motos\"},\"image\":{\"@id\":\"https:\\\/\\\/pueyrredonmotos.com\\\/honda\\\/#\\\/schema\\\/logo\\\/image\\\/\"},\"sameAs\":[\"https:\\\/\\\/www.facebook.com\\\/pueyrredonmotos.honda\",\"https:\\\/\\\/www.instagram.com\\\/pueyrredonmotos.honda\\\/\"]}]}<\/script>\n<!-- \/ Yoast SEO Premium plugin. -->","yoast_head_json":{"title":"Desmalezadoras para Cuatriciclos Genesis DATV1000 (13HP) - Pueyrred\u00f3n Motos","robots":{"index":"index","follow":"follow","max-snippet":"max-snippet:-1","max-image-preview":"max-image-preview:large","max-video-preview":"max-video-preview:-1"},"canonical":"https:\/\/pueyrredonmotos.com\/honda\/producto\/desmalezadoras-para-cuatriciclos-genesis-datv1000-13hp\/","og_locale":"es_ES","og_type":"article","og_title":"Desmalezadoras para Cuatriciclos Genesis DATV1000 (13HP)","og_description":"Desmalezadora de Arrastre Genesis D1000 Compacta y resistente, con 1 metro de corte y chasis reforzado. Ideal para acoplar a cuatriciclos o tractores, ofrece cuchilla fija u oscilante y m\u00faltiples configuraciones para desmalezar, triturar rastrojos y mantener caminos con resultados profesionales.","og_url":"https:\/\/pueyrredonmotos.com\/honda\/producto\/desmalezadoras-para-cuatriciclos-genesis-datv1000-13hp\/","og_site_name":"Pueyrred\u00f3n Motos","article_publisher":"https:\/\/www.facebook.com\/pueyrredonmotos.honda","article_modified_time":"2025-09-27T21:42:10+00:00","og_image":[{"width":500,"height":500,"url":"https:\/\/pueyrredonmotos.com\/honda\/wp-content\/uploads\/2025\/09\/DATV1000-1.jpg","type":"image\/jpeg"}],"twitter_card":"summary_large_image","twitter_misc":{"Tiempo de lectura":"3 minutos"},"schema":{"@context":"https:\/\/schema.org","@graph":[{"@type":"WebPage","@id":"https:\/\/pueyrredonmotos.com\/honda\/producto\/desmalezadoras-para-cuatriciclos-genesis-datv1000-13hp\/","url":"https:\/\/pueyrredonmotos.com\/honda\/producto\/desmalezadoras-para-cuatriciclos-genesis-datv1000-13hp\/","name":"Desmalezadoras para Cuatriciclos Genesis DATV1000 (13HP) - Pueyrred\u00f3n Motos","isPartOf":{"@id":"https:\/\/pueyrredonmotos.com\/honda\/#website"},"primaryImageOfPage":{"@id":"https:\/\/pueyrredonmotos.com\/honda\/producto\/desmalezadoras-para-cuatriciclos-genesis-datv1000-13hp\/#primaryimage"},"image":{"@id":"https:\/\/pueyrredonmotos.com\/honda\/producto\/desmalezadoras-para-cuatriciclos-genesis-datv1000-13hp\/#primaryimage"},"thumbnailUrl":"https:\/\/pueyrredonmotos.com\/honda\/wp-content\/uploads\/2025\/09\/DATV1000-1.jpg","datePublished":"2025-09-27T21:42:09+00:00","dateModified":"2025-09-27T21:42:10+00:00","breadcrumb":{"@id":"https:\/\/pueyrredonmotos.com\/honda\/producto\/desmalezadoras-para-cuatriciclos-genesis-datv1000-13hp\/#breadcrumb"},"inLanguage":"es","potentialAction":[{"@type":"ReadAction","target":["https:\/\/pueyrredonmotos.com\/honda\/producto\/desmalezadoras-para-cuatriciclos-genesis-datv1000-13hp\/"]}]},{"@type":"ImageObject","inLanguage":"es","@id":"https:\/\/pueyrredonmotos.com\/honda\/producto\/desmalezadoras-para-cuatriciclos-genesis-datv1000-13hp\/#primaryimage","url":"https:\/\/pueyrredonmotos.com\/honda\/wp-content\/uploads\/2025\/09\/DATV1000-1.jpg","contentUrl":"https:\/\/pueyrredonmotos.com\/honda\/wp-content\/uploads\/2025\/09\/DATV1000-1.jpg","width":500,"height":500},{"@type":"BreadcrumbList","@id":"https:\/\/pueyrredonmotos.com\/honda\/producto\/desmalezadoras-para-cuatriciclos-genesis-datv1000-13hp\/#breadcrumb","itemListElement":[{"@type":"ListItem","position":1,"name":"Home","item":"https:\/\/pueyrredonmotos.com\/honda\/"},{"@type":"ListItem","position":2,"name":"Cat\u00e1logo","item":"https:\/\/pueyrredonmotos.com\/honda\/catalogo\/"},{"@type":"ListItem","position":3,"name":"Desmalezadoras para Cuatriciclos Genesis DATV1000 (13HP)"}]},{"@type":"WebSite","@id":"https:\/\/pueyrredonmotos.com\/honda\/#website","url":"https:\/\/pueyrredonmotos.com\/honda\/","name":"Pueyrred\u00f3n Motos","description":"Concesionario Oficial Honda","publisher":{"@id":"https:\/\/pueyrredonmotos.com\/honda\/#organization"},"potentialAction":[{"@type":"SearchAction","target":{"@type":"EntryPoint","urlTemplate":"https:\/\/pueyrredonmotos.com\/honda\/?s={search_term_string}"},"query-input":{"@type":"PropertyValueSpecification","valueRequired":true,"valueName":"search_term_string"}}],"inLanguage":"es"},{"@type":"Organization","@id":"https:\/\/pueyrredonmotos.com\/honda\/#organization","name":"Pueyrred\u00f3n Motos","url":"https:\/\/pueyrredonmotos.com\/honda\/","logo":{"@type":"ImageObject","inLanguage":"es","@id":"https:\/\/pueyrredonmotos.com\/honda\/#\/schema\/logo\/image\/","url":"https:\/\/pueyrredonmotos.com\/honda\/wp-content\/uploads\/2023\/09\/logo-180-66.png","contentUrl":"https:\/\/pueyrredonmotos.com\/honda\/wp-content\/uploads\/2023\/09\/logo-180-66.png","width":180,"height":66,"caption":"Pueyrred\u00f3n Motos"},"image":{"@id":"https:\/\/pueyrredonmotos.com\/honda\/#\/schema\/logo\/image\/"},"sameAs":["https:\/\/www.facebook.com\/pueyrredonmotos.honda","https:\/\/www.instagram.com\/pueyrredonmotos.honda\/"]}]}},"_links":{"self":[{"href":"https:\/\/pueyrredonmotos.com\/honda\/wp-json\/wp\/v2\/product\/10895","targetHints":{"allow":["GET"]}}],"collection":[{"href":"https:\/\/pueyrredonmotos.com\/honda\/wp-json\/wp\/v2\/product"}],"about":[{"href":"https:\/\/pueyrredonmotos.com\/honda\/wp-json\/wp\/v2\/types\/product"}],"wp:featuredmedia":[{"embeddable":true,"href":"https:\/\/pueyrredonmotos.com\/honda\/wp-json\/wp\/v2\/media\/10896"}],"wp:attachment":[{"href":"https:\/\/pueyrredonmotos.com\/honda\/wp-json\/wp\/v2\/media?parent=10895"}],"wp:term":[{"taxonomy":"product_brand","embeddable":true,"href":"https:\/\/pueyrredonmotos.com\/honda\/wp-json\/wp\/v2\/product_brand?post=10895"},{"taxonomy":"product_cat","embeddable":true,"href":"https:\/\/pueyrredonmotos.com\/honda\/wp-json\/wp\/v2\/product_cat?post=10895"},{"taxonomy":"product_tag","embeddable":true,"href":"https:\/\/pueyrredonmotos.com\/honda\/wp-json\/wp\/v2\/product_tag?post=10895"}],"curies":[{"name":"wp","href":"https:\/\/api.w.org\/{rel}","templated":true}]}}