{"id":10856,"date":"2025-09-27T11:44:41","date_gmt":"2025-09-27T14:44:41","guid":{"rendered":"https:\/\/pueyrredonmotos.com\/honda\/?post_type=product&#038;p=10856"},"modified":"2025-09-27T11:44:42","modified_gmt":"2025-09-27T14:44:42","slug":"rolo-aireador-lr1200a","status":"publish","type":"product","link":"https:\/\/pueyrredonmotos.com\/honda\/producto\/rolo-aireador-lr1200a\/","title":{"rendered":"Rolo Aireador LR1200A"},"content":{"rendered":"<h3>Descripci\u00f3n<\/h3>\n<p>Los rolos aireadores de la Serie Genesis LR est\u00e1n dise\u00f1ados para realizar un excelente trabajo sobre superficies verdes en la que se necesita de un mantenimiento y microperforado para el tratamiento del suelo. Canchas, praderas, pistas h\u00edpicas y toda superficie de c\u00e9sped que requiera de aireaci\u00f3n para ayudar a estimular el crecimiento saludable del invierno, son los trabajos que les encanta hacer a nuestros rolos aireadores. Los peque\u00f1os agujeros creados durante la aireaci\u00f3n permiten que el aire, el agua y los nutrientes lleguen m\u00e1s f\u00e1cilmente a las ra\u00edces, lo que promueve un crecimiento vigoroso y un c\u00e9sped m\u00e1s denso.<br \/>\nYa sea se pretenda remolcar detr\u00e1s de un cuatriciclo, UTV, tractor compacto, un 4\u00d74 o un veh\u00edculo todo terreno, los rolos aireadores Genesis LR ofrecer\u00e1n un acabado perfecto. Est\u00e1n construidos en chapa cilindrada de buen espesor, con cuchillas dispuestas en la medida perfecta para realizar sus tareas, montados sobre rodamientos con soportes instalados en el chasis. El chasis est\u00e1 construidos con perfiles \u201cL\u201d y ca\u00f1os estructurales soldados que dan optima rigidez y m\u00e1xima durabilidad. Los rolos de la serie Genesis LR vienen provistos de enganche a ojal y opcionalmente pueden equiparse con carcasa de enganche a bolita, con acople r\u00e1pido y traba de seguridad.<\/p>\n<p>\u00bfNecesita m\u00e1s peso? No hay problema \u2013 s\u00f3lo tiene que a\u00f1adir agua y ya est\u00e1 listo para rodar!<\/p>\n<p>Los rolos de la Serie Genesis LR pueden salir con tratamiento epoxi interior para una mayor durabilidad a la hora de usarlos con lastre. Poseen dos tapones laterales para carga, descarga y venteo, que facilitan su llenado y vaciado de forma simple y r\u00e1pida. Adem\u00e1s cuentan con la posibilidad de equiparlos opcionalmente con ruedas para su transporte.<\/p>\n<p><strong>Caracteristicas:<\/strong><br \/>\n\u2013 Modelo: LR1200A<br \/>\n\u2013 Ancho de Labor: 1200mm<br \/>\n\u2013 Di\u00e1metro: 480mm<br \/>\n\u2013 Peso sin lastre: 104,5Kgs<br \/>\n\u2013 Lastre: 0,22m3 = 220Lts<br \/>\n\u2013 Bolilleros: Tipo autocentrante (UCF)<br \/>\n\u2013 Cantidad de dientes: 52 (Dispuestos en 8 l\u00edneas con separaci\u00f3n intercalada de 10cm entre dientes.)<br \/>\n\u2013 Enganche a ojal<\/p>\n<p><strong>Opcionales:<\/strong><br \/>\n\u2013 Recubrimiento interior epoxi<br \/>\n\u2013 Carcasa de enganche a bolita<br \/>\n\u2013 Capot de seguridad<br \/>\n\u2013 Ruedas de traslado<\/p>\n<p>&nbsp;<\/p>\n","protected":false},"excerpt":{"rendered":"<p><strong>Rolo Aireador LR1200A: compacto y eficiente<\/strong><\/p>\n<p>Con 1,2 m de ancho de labor y 52 cuchillas reforzadas, el LR1200A airea el suelo para un c\u00e9sped m\u00e1s denso y saludable. Durable, pr\u00e1ctico y adaptable a distintos veh\u00edculos.<\/p>\n","protected":false},"featured_media":10857,"template":"","meta":[],"product_brand":[],"product_cat":[36],"product_tag":[196,299],"class_list":{"0":"post-10856","1":"product","2":"type-product","3":"status-publish","4":"has-post-thumbnail","6":"product_cat-accesorios","7":"product_tag-atv","8":"product_tag-rolos","10":"first","11":"instock","12":"shipping-taxable","13":"purchasable","14":"product-type-simple"},"yoast_head":"<!-- This site is optimized with the Yoast SEO Premium plugin v21.2 (Yoast SEO v27.3) - https:\/\/yoast.com\/product\/yoast-seo-premium-wordpress\/ -->\n<title>Rolo Aireador LR1200A - Pueyrred\u00f3n Motos<\/title>\n<meta name=\"robots\" content=\"index, follow, max-snippet:-1, max-image-preview:large, max-video-preview:-1\" \/>\n<link rel=\"canonical\" href=\"https:\/\/pueyrredonmotos.com\/honda\/producto\/rolo-aireador-lr1200a\/\" \/>\n<meta property=\"og:locale\" content=\"es_ES\" \/>\n<meta property=\"og:type\" content=\"article\" \/>\n<meta property=\"og:title\" content=\"Rolo Aireador LR1200A\" \/>\n<meta property=\"og:description\" content=\"Rolo Aireador LR1200A: compacto y eficiente  Con 1,2 m de ancho de labor y 52 cuchillas reforzadas, el LR1200A airea el suelo para un c\u00e9sped m\u00e1s denso y saludable. Durable, pr\u00e1ctico y adaptable a distintos veh\u00edculos.\" \/>\n<meta property=\"og:url\" content=\"https:\/\/pueyrredonmotos.com\/honda\/producto\/rolo-aireador-lr1200a\/\" \/>\n<meta property=\"og:site_name\" content=\"Pueyrred\u00f3n Motos\" \/>\n<meta property=\"article:publisher\" content=\"https:\/\/www.facebook.com\/pueyrredonmotos.honda\" \/>\n<meta property=\"article:modified_time\" content=\"2025-09-27T14:44:42+00:00\" \/>\n<meta property=\"og:image\" content=\"https:\/\/pueyrredonmotos.com\/honda\/wp-content\/uploads\/2025\/09\/LRA1200-1.jpg\" \/>\n\t<meta property=\"og:image:width\" content=\"500\" \/>\n\t<meta property=\"og:image:height\" content=\"500\" \/>\n\t<meta property=\"og:image:type\" content=\"image\/jpeg\" \/>\n<meta name=\"twitter:card\" content=\"summary_large_image\" \/>\n<meta name=\"twitter:label1\" content=\"Tiempo de lectura\" \/>\n\t<meta name=\"twitter:data1\" content=\"2 minutos\" \/>\n<script type=\"application\/ld+json\" class=\"yoast-schema-graph\">{\"@context\":\"https:\\\/\\\/schema.org\",\"@graph\":[{\"@type\":\"WebPage\",\"@id\":\"https:\\\/\\\/pueyrredonmotos.com\\\/honda\\\/producto\\\/rolo-aireador-lr1200a\\\/\",\"url\":\"https:\\\/\\\/pueyrredonmotos.com\\\/honda\\\/producto\\\/rolo-aireador-lr1200a\\\/\",\"name\":\"Rolo Aireador LR1200A - Pueyrred\u00f3n Motos\",\"isPartOf\":{\"@id\":\"https:\\\/\\\/pueyrredonmotos.com\\\/honda\\\/#website\"},\"primaryImageOfPage\":{\"@id\":\"https:\\\/\\\/pueyrredonmotos.com\\\/honda\\\/producto\\\/rolo-aireador-lr1200a\\\/#primaryimage\"},\"image\":{\"@id\":\"https:\\\/\\\/pueyrredonmotos.com\\\/honda\\\/producto\\\/rolo-aireador-lr1200a\\\/#primaryimage\"},\"thumbnailUrl\":\"https:\\\/\\\/pueyrredonmotos.com\\\/honda\\\/wp-content\\\/uploads\\\/2025\\\/09\\\/LRA1200-1.jpg\",\"datePublished\":\"2025-09-27T14:44:41+00:00\",\"dateModified\":\"2025-09-27T14:44:42+00:00\",\"breadcrumb\":{\"@id\":\"https:\\\/\\\/pueyrredonmotos.com\\\/honda\\\/producto\\\/rolo-aireador-lr1200a\\\/#breadcrumb\"},\"inLanguage\":\"es\",\"potentialAction\":[{\"@type\":\"ReadAction\",\"target\":[\"https:\\\/\\\/pueyrredonmotos.com\\\/honda\\\/producto\\\/rolo-aireador-lr1200a\\\/\"]}]},{\"@type\":\"ImageObject\",\"inLanguage\":\"es\",\"@id\":\"https:\\\/\\\/pueyrredonmotos.com\\\/honda\\\/producto\\\/rolo-aireador-lr1200a\\\/#primaryimage\",\"url\":\"https:\\\/\\\/pueyrredonmotos.com\\\/honda\\\/wp-content\\\/uploads\\\/2025\\\/09\\\/LRA1200-1.jpg\",\"contentUrl\":\"https:\\\/\\\/pueyrredonmotos.com\\\/honda\\\/wp-content\\\/uploads\\\/2025\\\/09\\\/LRA1200-1.jpg\",\"width\":500,\"height\":500},{\"@type\":\"BreadcrumbList\",\"@id\":\"https:\\\/\\\/pueyrredonmotos.com\\\/honda\\\/producto\\\/rolo-aireador-lr1200a\\\/#breadcrumb\",\"itemListElement\":[{\"@type\":\"ListItem\",\"position\":1,\"name\":\"Home\",\"item\":\"https:\\\/\\\/pueyrredonmotos.com\\\/honda\\\/\"},{\"@type\":\"ListItem\",\"position\":2,\"name\":\"Cat\u00e1logo\",\"item\":\"https:\\\/\\\/pueyrredonmotos.com\\\/honda\\\/catalogo\\\/\"},{\"@type\":\"ListItem\",\"position\":3,\"name\":\"Rolo Aireador LR1200A\"}]},{\"@type\":\"WebSite\",\"@id\":\"https:\\\/\\\/pueyrredonmotos.com\\\/honda\\\/#website\",\"url\":\"https:\\\/\\\/pueyrredonmotos.com\\\/honda\\\/\",\"name\":\"Pueyrred\u00f3n Motos\",\"description\":\"Concesionario Oficial Honda\",\"publisher\":{\"@id\":\"https:\\\/\\\/pueyrredonmotos.com\\\/honda\\\/#organization\"},\"potentialAction\":[{\"@type\":\"SearchAction\",\"target\":{\"@type\":\"EntryPoint\",\"urlTemplate\":\"https:\\\/\\\/pueyrredonmotos.com\\\/honda\\\/?s={search_term_string}\"},\"query-input\":{\"@type\":\"PropertyValueSpecification\",\"valueRequired\":true,\"valueName\":\"search_term_string\"}}],\"inLanguage\":\"es\"},{\"@type\":\"Organization\",\"@id\":\"https:\\\/\\\/pueyrredonmotos.com\\\/honda\\\/#organization\",\"name\":\"Pueyrred\u00f3n Motos\",\"url\":\"https:\\\/\\\/pueyrredonmotos.com\\\/honda\\\/\",\"logo\":{\"@type\":\"ImageObject\",\"inLanguage\":\"es\",\"@id\":\"https:\\\/\\\/pueyrredonmotos.com\\\/honda\\\/#\\\/schema\\\/logo\\\/image\\\/\",\"url\":\"https:\\\/\\\/pueyrredonmotos.com\\\/honda\\\/wp-content\\\/uploads\\\/2023\\\/09\\\/logo-180-66.png\",\"contentUrl\":\"https:\\\/\\\/pueyrredonmotos.com\\\/honda\\\/wp-content\\\/uploads\\\/2023\\\/09\\\/logo-180-66.png\",\"width\":180,\"height\":66,\"caption\":\"Pueyrred\u00f3n Motos\"},\"image\":{\"@id\":\"https:\\\/\\\/pueyrredonmotos.com\\\/honda\\\/#\\\/schema\\\/logo\\\/image\\\/\"},\"sameAs\":[\"https:\\\/\\\/www.facebook.com\\\/pueyrredonmotos.honda\",\"https:\\\/\\\/www.instagram.com\\\/pueyrredonmotos.honda\\\/\"]}]}<\/script>\n<!-- \/ Yoast SEO Premium plugin. -->","yoast_head_json":{"title":"Rolo Aireador LR1200A - Pueyrred\u00f3n Motos","robots":{"index":"index","follow":"follow","max-snippet":"max-snippet:-1","max-image-preview":"max-image-preview:large","max-video-preview":"max-video-preview:-1"},"canonical":"https:\/\/pueyrredonmotos.com\/honda\/producto\/rolo-aireador-lr1200a\/","og_locale":"es_ES","og_type":"article","og_title":"Rolo Aireador LR1200A","og_description":"Rolo Aireador LR1200A: compacto y eficiente  Con 1,2 m de ancho de labor y 52 cuchillas reforzadas, el LR1200A airea el suelo para un c\u00e9sped m\u00e1s denso y saludable. Durable, pr\u00e1ctico y adaptable a distintos veh\u00edculos.","og_url":"https:\/\/pueyrredonmotos.com\/honda\/producto\/rolo-aireador-lr1200a\/","og_site_name":"Pueyrred\u00f3n Motos","article_publisher":"https:\/\/www.facebook.com\/pueyrredonmotos.honda","article_modified_time":"2025-09-27T14:44:42+00:00","og_image":[{"width":500,"height":500,"url":"https:\/\/pueyrredonmotos.com\/honda\/wp-content\/uploads\/2025\/09\/LRA1200-1.jpg","type":"image\/jpeg"}],"twitter_card":"summary_large_image","twitter_misc":{"Tiempo de lectura":"2 minutos"},"schema":{"@context":"https:\/\/schema.org","@graph":[{"@type":"WebPage","@id":"https:\/\/pueyrredonmotos.com\/honda\/producto\/rolo-aireador-lr1200a\/","url":"https:\/\/pueyrredonmotos.com\/honda\/producto\/rolo-aireador-lr1200a\/","name":"Rolo Aireador LR1200A - Pueyrred\u00f3n Motos","isPartOf":{"@id":"https:\/\/pueyrredonmotos.com\/honda\/#website"},"primaryImageOfPage":{"@id":"https:\/\/pueyrredonmotos.com\/honda\/producto\/rolo-aireador-lr1200a\/#primaryimage"},"image":{"@id":"https:\/\/pueyrredonmotos.com\/honda\/producto\/rolo-aireador-lr1200a\/#primaryimage"},"thumbnailUrl":"https:\/\/pueyrredonmotos.com\/honda\/wp-content\/uploads\/2025\/09\/LRA1200-1.jpg","datePublished":"2025-09-27T14:44:41+00:00","dateModified":"2025-09-27T14:44:42+00:00","breadcrumb":{"@id":"https:\/\/pueyrredonmotos.com\/honda\/producto\/rolo-aireador-lr1200a\/#breadcrumb"},"inLanguage":"es","potentialAction":[{"@type":"ReadAction","target":["https:\/\/pueyrredonmotos.com\/honda\/producto\/rolo-aireador-lr1200a\/"]}]},{"@type":"ImageObject","inLanguage":"es","@id":"https:\/\/pueyrredonmotos.com\/honda\/producto\/rolo-aireador-lr1200a\/#primaryimage","url":"https:\/\/pueyrredonmotos.com\/honda\/wp-content\/uploads\/2025\/09\/LRA1200-1.jpg","contentUrl":"https:\/\/pueyrredonmotos.com\/honda\/wp-content\/uploads\/2025\/09\/LRA1200-1.jpg","width":500,"height":500},{"@type":"BreadcrumbList","@id":"https:\/\/pueyrredonmotos.com\/honda\/producto\/rolo-aireador-lr1200a\/#breadcrumb","itemListElement":[{"@type":"ListItem","position":1,"name":"Home","item":"https:\/\/pueyrredonmotos.com\/honda\/"},{"@type":"ListItem","position":2,"name":"Cat\u00e1logo","item":"https:\/\/pueyrredonmotos.com\/honda\/catalogo\/"},{"@type":"ListItem","position":3,"name":"Rolo Aireador LR1200A"}]},{"@type":"WebSite","@id":"https:\/\/pueyrredonmotos.com\/honda\/#website","url":"https:\/\/pueyrredonmotos.com\/honda\/","name":"Pueyrred\u00f3n Motos","description":"Concesionario Oficial Honda","publisher":{"@id":"https:\/\/pueyrredonmotos.com\/honda\/#organization"},"potentialAction":[{"@type":"SearchAction","target":{"@type":"EntryPoint","urlTemplate":"https:\/\/pueyrredonmotos.com\/honda\/?s={search_term_string}"},"query-input":{"@type":"PropertyValueSpecification","valueRequired":true,"valueName":"search_term_string"}}],"inLanguage":"es"},{"@type":"Organization","@id":"https:\/\/pueyrredonmotos.com\/honda\/#organization","name":"Pueyrred\u00f3n Motos","url":"https:\/\/pueyrredonmotos.com\/honda\/","logo":{"@type":"ImageObject","inLanguage":"es","@id":"https:\/\/pueyrredonmotos.com\/honda\/#\/schema\/logo\/image\/","url":"https:\/\/pueyrredonmotos.com\/honda\/wp-content\/uploads\/2023\/09\/logo-180-66.png","contentUrl":"https:\/\/pueyrredonmotos.com\/honda\/wp-content\/uploads\/2023\/09\/logo-180-66.png","width":180,"height":66,"caption":"Pueyrred\u00f3n Motos"},"image":{"@id":"https:\/\/pueyrredonmotos.com\/honda\/#\/schema\/logo\/image\/"},"sameAs":["https:\/\/www.facebook.com\/pueyrredonmotos.honda","https:\/\/www.instagram.com\/pueyrredonmotos.honda\/"]}]}},"_links":{"self":[{"href":"https:\/\/pueyrredonmotos.com\/honda\/wp-json\/wp\/v2\/product\/10856","targetHints":{"allow":["GET"]}}],"collection":[{"href":"https:\/\/pueyrredonmotos.com\/honda\/wp-json\/wp\/v2\/product"}],"about":[{"href":"https:\/\/pueyrredonmotos.com\/honda\/wp-json\/wp\/v2\/types\/product"}],"wp:featuredmedia":[{"embeddable":true,"href":"https:\/\/pueyrredonmotos.com\/honda\/wp-json\/wp\/v2\/media\/10857"}],"wp:attachment":[{"href":"https:\/\/pueyrredonmotos.com\/honda\/wp-json\/wp\/v2\/media?parent=10856"}],"wp:term":[{"taxonomy":"product_brand","embeddable":true,"href":"https:\/\/pueyrredonmotos.com\/honda\/wp-json\/wp\/v2\/product_brand?post=10856"},{"taxonomy":"product_cat","embeddable":true,"href":"https:\/\/pueyrredonmotos.com\/honda\/wp-json\/wp\/v2\/product_cat?post=10856"},{"taxonomy":"product_tag","embeddable":true,"href":"https:\/\/pueyrredonmotos.com\/honda\/wp-json\/wp\/v2\/product_tag?post=10856"}],"curies":[{"name":"wp","href":"https:\/\/api.w.org\/{rel}","templated":true}]}}