{"id":10740,"date":"2025-07-24T22:44:51","date_gmt":"2025-07-25T01:44:51","guid":{"rendered":"https:\/\/pueyrredonmotos.com\/honda\/?post_type=product&#038;p=10740"},"modified":"2025-07-24T22:44:51","modified_gmt":"2025-07-25T01:44:51","slug":"honda-xr150l","status":"publish","type":"product","link":"https:\/\/pueyrredonmotos.com\/honda\/producto\/honda-xr150l\/","title":{"rendered":"Honda XR150L"},"content":{"rendered":"<p><a href=\"https:\/\/pueyrredonmotos.com\/honda\/wp-content\/uploads\/2025\/07\/Honda-xr150l-banner.jpg\"><img loading=\"lazy\" decoding=\"async\" class=\"alignnone size-full wp-image-10741\" src=\"https:\/\/pueyrredonmotos.com\/honda\/wp-content\/uploads\/2025\/07\/Honda-xr150l-banner.jpg\" alt=\"\" width=\"1400\" height=\"593\" srcset=\"https:\/\/pueyrredonmotos.com\/honda\/wp-content\/uploads\/2025\/07\/Honda-xr150l-banner.jpg 1400w, https:\/\/pueyrredonmotos.com\/honda\/wp-content\/uploads\/2025\/07\/Honda-xr150l-banner-300x127.jpg 300w, https:\/\/pueyrredonmotos.com\/honda\/wp-content\/uploads\/2025\/07\/Honda-xr150l-banner-1024x434.jpg 1024w, https:\/\/pueyrredonmotos.com\/honda\/wp-content\/uploads\/2025\/07\/Honda-xr150l-banner-768x325.jpg 768w, https:\/\/pueyrredonmotos.com\/honda\/wp-content\/uploads\/2025\/07\/Honda-xr150l-banner-800x339.jpg 800w\" sizes=\"auto, (max-width: 1400px) 100vw, 1400px\" \/><\/a><\/p>\n<h3>DISE\u00d1O<\/h3>\n<p><a href=\"https:\/\/pueyrredonmotos.com\/honda\/wp-content\/uploads\/2025\/07\/Honda-xr150l-diseno.jpg\"><img loading=\"lazy\" decoding=\"async\" class=\"alignnone size-full wp-image-10742\" src=\"https:\/\/pueyrredonmotos.com\/honda\/wp-content\/uploads\/2025\/07\/Honda-xr150l-diseno.jpg\" alt=\"\" width=\"1010\" height=\"401\" srcset=\"https:\/\/pueyrredonmotos.com\/honda\/wp-content\/uploads\/2025\/07\/Honda-xr150l-diseno.jpg 1010w, https:\/\/pueyrredonmotos.com\/honda\/wp-content\/uploads\/2025\/07\/Honda-xr150l-diseno-300x119.jpg 300w, https:\/\/pueyrredonmotos.com\/honda\/wp-content\/uploads\/2025\/07\/Honda-xr150l-diseno-768x305.jpg 768w, https:\/\/pueyrredonmotos.com\/honda\/wp-content\/uploads\/2025\/07\/Honda-xr150l-diseno-800x318.jpg 800w\" sizes=\"auto, (max-width: 1010px) 100vw, 1010px\" \/><\/a><\/p>\n<p><b>Descargar <\/b> <a href=\"https:\/\/motos.honda.com.ar\/uploads\/modelos\/72\/fichas_tecnicas\/72c-1ficha-tecnica-xr150l.pdf\" target=\"_blank\" rel=\"noopener\">Ficha T\u00e9cnica<\/a><\/p>\n<p><strong>CREADA PARA ACOMPA\u00d1ARTE EN CADA AVENTURA<\/strong><br \/>\nEl dise\u00f1o renovado de la XR150L combina resistencia y estilo para que disfrutes de cada recorrido, sin importar el terreno. Pensada para acompa\u00f1arte en cada aventura, ofrece la versatilidad que necesit\u00e1s en una moto doble prop\u00f3sito.<\/p>\n<h3>MOTOR Y TRANSMISI\u00d3N<\/h3>\n<p><a href=\"https:\/\/pueyrredonmotos.com\/honda\/wp-content\/uploads\/2025\/07\/Honda-xr150l-motor.jpg\"><img loading=\"lazy\" decoding=\"async\" class=\"alignnone size-full wp-image-10743\" src=\"https:\/\/pueyrredonmotos.com\/honda\/wp-content\/uploads\/2025\/07\/Honda-xr150l-motor.jpg\" alt=\"\" width=\"1010\" height=\"401\" srcset=\"https:\/\/pueyrredonmotos.com\/honda\/wp-content\/uploads\/2025\/07\/Honda-xr150l-motor.jpg 1010w, https:\/\/pueyrredonmotos.com\/honda\/wp-content\/uploads\/2025\/07\/Honda-xr150l-motor-300x119.jpg 300w, https:\/\/pueyrredonmotos.com\/honda\/wp-content\/uploads\/2025\/07\/Honda-xr150l-motor-768x305.jpg 768w, https:\/\/pueyrredonmotos.com\/honda\/wp-content\/uploads\/2025\/07\/Honda-xr150l-motor-800x318.jpg 800w\" sizes=\"auto, (max-width: 1010px) 100vw, 1010px\" \/><\/a><\/p>\n<p><strong>RENDIMIENTO CONFIABLE PARA CUALQUIER DESAF\u00cdO<\/strong><br \/>\nEl confiable motor de 149cc, alimentado por carburador, junto a su transmisi\u00f3n de 5 velocidades ofrecen potencia y precisi\u00f3n. Suavidad en la ciudad, firmeza en terrenos exigentes y la confiabilidad de Honda en cada marcha.<\/p>\n<h3>SEGURIDAD<\/h3>\n<p><a href=\"https:\/\/pueyrredonmotos.com\/honda\/wp-content\/uploads\/2025\/07\/Honda-xr150l-seguridad.png\"><img loading=\"lazy\" decoding=\"async\" class=\"alignnone size-full wp-image-10744\" src=\"https:\/\/pueyrredonmotos.com\/honda\/wp-content\/uploads\/2025\/07\/Honda-xr150l-seguridad.png\" alt=\"\" width=\"1010\" height=\"401\" srcset=\"https:\/\/pueyrredonmotos.com\/honda\/wp-content\/uploads\/2025\/07\/Honda-xr150l-seguridad.png 1010w, https:\/\/pueyrredonmotos.com\/honda\/wp-content\/uploads\/2025\/07\/Honda-xr150l-seguridad-300x119.png 300w, https:\/\/pueyrredonmotos.com\/honda\/wp-content\/uploads\/2025\/07\/Honda-xr150l-seguridad-768x305.png 768w, https:\/\/pueyrredonmotos.com\/honda\/wp-content\/uploads\/2025\/07\/Honda-xr150l-seguridad-800x318.png 800w\" sizes=\"auto, (max-width: 1010px) 100vw, 1010px\" \/><\/a><\/p>\n<p><strong>MAYOR ESTABILIDAD Y CONTROL EN CUALQUIER SUPERFICIE<\/strong><br \/>\nEl freno a disco delantero ahora es firmado por Nissin e incorpora sistema ABS de un canal, que ofrece una frenada eficiente y mayor seguridad. En la rueda trasera, el freno de tambor complementa el sistema para un desempe\u00f1o equilibrado en cualquier terreno, brindando mayor estabilidad en frenadas bruscas o superficies resbaladizas.<\/p>\n<h3>TECNOLOG\u00cdA<\/h3>\n<p><a href=\"https:\/\/pueyrredonmotos.com\/honda\/wp-content\/uploads\/2025\/07\/Honda-xr150l-tecnologia.jpg\"><img loading=\"lazy\" decoding=\"async\" class=\"alignnone size-full wp-image-10745\" src=\"https:\/\/pueyrredonmotos.com\/honda\/wp-content\/uploads\/2025\/07\/Honda-xr150l-tecnologia.jpg\" alt=\"\" width=\"1010\" height=\"401\" srcset=\"https:\/\/pueyrredonmotos.com\/honda\/wp-content\/uploads\/2025\/07\/Honda-xr150l-tecnologia.jpg 1010w, https:\/\/pueyrredonmotos.com\/honda\/wp-content\/uploads\/2025\/07\/Honda-xr150l-tecnologia-300x119.jpg 300w, https:\/\/pueyrredonmotos.com\/honda\/wp-content\/uploads\/2025\/07\/Honda-xr150l-tecnologia-768x305.jpg 768w, https:\/\/pueyrredonmotos.com\/honda\/wp-content\/uploads\/2025\/07\/Honda-xr150l-tecnologia-800x318.jpg 800w\" sizes=\"auto, (max-width: 1010px) 100vw, 1010px\" \/><\/a><\/p>\n<p><strong>INFORMACI\u00d3N CLARA PARA UNA CONDUCCI\u00d3N PRECISA<\/strong><br \/>\nEl nuevo tablero digital ofrece una lectura r\u00e1pida y precisa de la informaci\u00f3n esencial, optimizando la experiencia de conducci\u00f3n. Su dise\u00f1o moderno y funcional mejora la visibilidad en cualquier condici\u00f3n.<\/p>\n<h3>SUSPENSI\u00d3N<\/h3>\n<p><a href=\"https:\/\/pueyrredonmotos.com\/honda\/wp-content\/uploads\/2025\/07\/Honda-xr150l-suspension.jpg\"><img loading=\"lazy\" decoding=\"async\" class=\"alignnone size-full wp-image-10746\" src=\"https:\/\/pueyrredonmotos.com\/honda\/wp-content\/uploads\/2025\/07\/Honda-xr150l-suspension.jpg\" alt=\"\" width=\"1010\" height=\"401\" srcset=\"https:\/\/pueyrredonmotos.com\/honda\/wp-content\/uploads\/2025\/07\/Honda-xr150l-suspension.jpg 1010w, https:\/\/pueyrredonmotos.com\/honda\/wp-content\/uploads\/2025\/07\/Honda-xr150l-suspension-300x119.jpg 300w, https:\/\/pueyrredonmotos.com\/honda\/wp-content\/uploads\/2025\/07\/Honda-xr150l-suspension-768x305.jpg 768w, https:\/\/pueyrredonmotos.com\/honda\/wp-content\/uploads\/2025\/07\/Honda-xr150l-suspension-800x318.jpg 800w\" sizes=\"auto, (max-width: 1010px) 100vw, 1010px\" \/><\/a><\/p>\n<p><strong>LISTA PARA CUALQUIER TERRENO<\/strong><br \/>\nLa horquilla telesc\u00f3pica delantera y el amortiguador trasero monoshock garantizan estabilidad y control en todo tipo de caminos. Dise\u00f1ada para absorber irregularidades del terreno, ofrece una conducci\u00f3n c\u00f3moda sin sacrificar rendimiento.<\/p>\n<h3>SISTEMA DE ENCENDIDO<\/h3>\n<p><a href=\"https:\/\/pueyrredonmotos.com\/honda\/wp-content\/uploads\/2025\/07\/Honda-xr150l-encendido.jpg\"><img loading=\"lazy\" decoding=\"async\" class=\"alignnone size-full wp-image-10747\" src=\"https:\/\/pueyrredonmotos.com\/honda\/wp-content\/uploads\/2025\/07\/Honda-xr150l-encendido.jpg\" alt=\"\" width=\"1010\" height=\"401\" srcset=\"https:\/\/pueyrredonmotos.com\/honda\/wp-content\/uploads\/2025\/07\/Honda-xr150l-encendido.jpg 1010w, https:\/\/pueyrredonmotos.com\/honda\/wp-content\/uploads\/2025\/07\/Honda-xr150l-encendido-300x119.jpg 300w, https:\/\/pueyrredonmotos.com\/honda\/wp-content\/uploads\/2025\/07\/Honda-xr150l-encendido-768x305.jpg 768w, https:\/\/pueyrredonmotos.com\/honda\/wp-content\/uploads\/2025\/07\/Honda-xr150l-encendido-800x318.jpg 800w\" sizes=\"auto, (max-width: 1010px) 100vw, 1010px\" \/><\/a><\/p>\n<p><strong>DOBLE OPCI\u00d3N PARA MAYOR CONFIANZA<\/strong><br \/>\nCuenta con arranque el\u00e9ctrico y a pedal, brindando practicidad en el d\u00eda a d\u00eda y una alternativa confiable en cualquier situaci\u00f3n.\u200b<\/p>\n<h3>SOPORTE DE CARGA<\/h3>\n<h3><a href=\"https:\/\/pueyrredonmotos.com\/honda\/wp-content\/uploads\/2025\/07\/Honda-xr150l-carga.jpg\"><img loading=\"lazy\" decoding=\"async\" class=\"alignnone size-full wp-image-10748\" src=\"https:\/\/pueyrredonmotos.com\/honda\/wp-content\/uploads\/2025\/07\/Honda-xr150l-carga.jpg\" alt=\"\" width=\"1010\" height=\"401\" srcset=\"https:\/\/pueyrredonmotos.com\/honda\/wp-content\/uploads\/2025\/07\/Honda-xr150l-carga.jpg 1010w, https:\/\/pueyrredonmotos.com\/honda\/wp-content\/uploads\/2025\/07\/Honda-xr150l-carga-300x119.jpg 300w, https:\/\/pueyrredonmotos.com\/honda\/wp-content\/uploads\/2025\/07\/Honda-xr150l-carga-768x305.jpg 768w, https:\/\/pueyrredonmotos.com\/honda\/wp-content\/uploads\/2025\/07\/Honda-xr150l-carga-800x318.jpg 800w\" sizes=\"auto, (max-width: 1010px) 100vw, 1010px\" \/><\/a><\/h3>\n<p><strong>PR\u00c1CTICO Y RESISTENTE PARA TU D\u00cdA A D\u00cdA<\/strong><br \/>\nEl soporte trasero ofrece practicidad y seguridad para transportar objetos en cualquier trayecto. Su dise\u00f1o resistente lo hace ideal tanto para el uso citadino como para aventuras fueras de la ciudad.<\/p>\n<!-- Popup open button -->\r\n<div class=\"wws-popup__open-btn wws--bg-color wws--text-color wws-shadow\">\r\n<span> Consultas por Whatsapp<\/span>\r\n<\/div>\r\n<p>&nbsp;<\/p>\r\n<p>&nbsp;<\/p>\r\n\n<p>&nbsp;<\/p>\n","protected":false},"excerpt":{"rendered":"<p><strong>Honda XR150L<\/strong>: versatilidad que te acompa\u00f1a en cada terreno.<br \/>\nCon un dise\u00f1o renovado y resistente, motor de 149 cc y transmisi\u00f3n de 5 marchas, esta doble prop\u00f3sito ofrece rendimiento confiable en ciudad o caminos dif\u00edciles. Equipada con ABS delantero, suspensi\u00f3n adaptable y tablero digital, combina seguridad, confort y tecnolog\u00eda para que disfrutes cada aventura con total confianza.<\/p>\n<p>&nbsp;<\/p>\n<p>&nbsp;<\/p>\n","protected":false},"featured_media":10749,"template":"","meta":[],"product_brand":[],"product_cat":[15],"product_tag":[38],"class_list":{"0":"post-10740","1":"product","2":"type-product","3":"status-publish","4":"has-post-thumbnail","6":"product_cat-motos-0km","7":"product_tag-on-off","8":"pa_marca-honda","9":"pa_modelo-xr150l","11":"first","12":"instock","13":"shipping-taxable","14":"purchasable","15":"product-type-simple"},"yoast_head":"<!-- This site is optimized with the Yoast SEO Premium plugin v21.2 (Yoast SEO v27.3) - https:\/\/yoast.com\/product\/yoast-seo-premium-wordpress\/ -->\n<title>Honda XR150L - Pueyrred\u00f3n Motos<\/title>\n<meta name=\"robots\" content=\"index, follow, max-snippet:-1, max-image-preview:large, max-video-preview:-1\" \/>\n<link rel=\"canonical\" href=\"https:\/\/pueyrredonmotos.com\/honda\/producto\/honda-xr150l\/\" \/>\n<meta property=\"og:locale\" content=\"es_ES\" \/>\n<meta property=\"og:type\" content=\"article\" \/>\n<meta property=\"og:title\" content=\"Honda XR150L\" \/>\n<meta property=\"og:description\" content=\"Honda XR150L: versatilidad que te acompa\u00f1a en cada terreno. Con un dise\u00f1o renovado y resistente, motor de 149 cc y transmisi\u00f3n de 5 marchas, esta doble prop\u00f3sito ofrece rendimiento confiable en ciudad o caminos dif\u00edciles. Equipada con ABS delantero, suspensi\u00f3n adaptable y tablero digital, combina seguridad, confort y tecnolog\u00eda para que disfrutes cada aventura con total confianza.  &nbsp;  &nbsp;\" \/>\n<meta property=\"og:url\" content=\"https:\/\/pueyrredonmotos.com\/honda\/producto\/honda-xr150l\/\" \/>\n<meta property=\"og:site_name\" content=\"Pueyrred\u00f3n Motos\" \/>\n<meta property=\"article:publisher\" content=\"https:\/\/www.facebook.com\/pueyrredonmotos.honda\" \/>\n<meta property=\"og:image\" content=\"https:\/\/pueyrredonmotos.com\/honda\/wp-content\/uploads\/2025\/07\/Honda-xr150l-color-rojo-400x400-1.png\" \/>\n\t<meta property=\"og:image:width\" content=\"400\" \/>\n\t<meta property=\"og:image:height\" content=\"400\" \/>\n\t<meta property=\"og:image:type\" content=\"image\/png\" \/>\n<meta name=\"twitter:card\" content=\"summary_large_image\" \/>\n<meta name=\"twitter:label1\" content=\"Tiempo de lectura\" \/>\n\t<meta name=\"twitter:data1\" content=\"4 minutos\" \/>\n<script type=\"application\/ld+json\" class=\"yoast-schema-graph\">{\"@context\":\"https:\\\/\\\/schema.org\",\"@graph\":[{\"@type\":\"WebPage\",\"@id\":\"https:\\\/\\\/pueyrredonmotos.com\\\/honda\\\/producto\\\/honda-xr150l\\\/\",\"url\":\"https:\\\/\\\/pueyrredonmotos.com\\\/honda\\\/producto\\\/honda-xr150l\\\/\",\"name\":\"Honda XR150L - Pueyrred\u00f3n Motos\",\"isPartOf\":{\"@id\":\"https:\\\/\\\/pueyrredonmotos.com\\\/honda\\\/#website\"},\"primaryImageOfPage\":{\"@id\":\"https:\\\/\\\/pueyrredonmotos.com\\\/honda\\\/producto\\\/honda-xr150l\\\/#primaryimage\"},\"image\":{\"@id\":\"https:\\\/\\\/pueyrredonmotos.com\\\/honda\\\/producto\\\/honda-xr150l\\\/#primaryimage\"},\"thumbnailUrl\":\"https:\\\/\\\/pueyrredonmotos.com\\\/honda\\\/wp-content\\\/uploads\\\/2025\\\/07\\\/Honda-xr150l-color-rojo-400x400-1.png\",\"datePublished\":\"2025-07-25T01:44:51+00:00\",\"breadcrumb\":{\"@id\":\"https:\\\/\\\/pueyrredonmotos.com\\\/honda\\\/producto\\\/honda-xr150l\\\/#breadcrumb\"},\"inLanguage\":\"es\",\"potentialAction\":[{\"@type\":\"ReadAction\",\"target\":[\"https:\\\/\\\/pueyrredonmotos.com\\\/honda\\\/producto\\\/honda-xr150l\\\/\"]}]},{\"@type\":\"ImageObject\",\"inLanguage\":\"es\",\"@id\":\"https:\\\/\\\/pueyrredonmotos.com\\\/honda\\\/producto\\\/honda-xr150l\\\/#primaryimage\",\"url\":\"https:\\\/\\\/pueyrredonmotos.com\\\/honda\\\/wp-content\\\/uploads\\\/2025\\\/07\\\/Honda-xr150l-color-rojo-400x400-1.png\",\"contentUrl\":\"https:\\\/\\\/pueyrredonmotos.com\\\/honda\\\/wp-content\\\/uploads\\\/2025\\\/07\\\/Honda-xr150l-color-rojo-400x400-1.png\",\"width\":400,\"height\":400},{\"@type\":\"BreadcrumbList\",\"@id\":\"https:\\\/\\\/pueyrredonmotos.com\\\/honda\\\/producto\\\/honda-xr150l\\\/#breadcrumb\",\"itemListElement\":[{\"@type\":\"ListItem\",\"position\":1,\"name\":\"Home\",\"item\":\"https:\\\/\\\/pueyrredonmotos.com\\\/honda\\\/\"},{\"@type\":\"ListItem\",\"position\":2,\"name\":\"Cat\u00e1logo\",\"item\":\"https:\\\/\\\/pueyrredonmotos.com\\\/honda\\\/catalogo\\\/\"},{\"@type\":\"ListItem\",\"position\":3,\"name\":\"Honda XR150L\"}]},{\"@type\":\"WebSite\",\"@id\":\"https:\\\/\\\/pueyrredonmotos.com\\\/honda\\\/#website\",\"url\":\"https:\\\/\\\/pueyrredonmotos.com\\\/honda\\\/\",\"name\":\"Pueyrred\u00f3n Motos\",\"description\":\"Concesionario Oficial Honda\",\"publisher\":{\"@id\":\"https:\\\/\\\/pueyrredonmotos.com\\\/honda\\\/#organization\"},\"potentialAction\":[{\"@type\":\"SearchAction\",\"target\":{\"@type\":\"EntryPoint\",\"urlTemplate\":\"https:\\\/\\\/pueyrredonmotos.com\\\/honda\\\/?s={search_term_string}\"},\"query-input\":{\"@type\":\"PropertyValueSpecification\",\"valueRequired\":true,\"valueName\":\"search_term_string\"}}],\"inLanguage\":\"es\"},{\"@type\":\"Organization\",\"@id\":\"https:\\\/\\\/pueyrredonmotos.com\\\/honda\\\/#organization\",\"name\":\"Pueyrred\u00f3n Motos\",\"url\":\"https:\\\/\\\/pueyrredonmotos.com\\\/honda\\\/\",\"logo\":{\"@type\":\"ImageObject\",\"inLanguage\":\"es\",\"@id\":\"https:\\\/\\\/pueyrredonmotos.com\\\/honda\\\/#\\\/schema\\\/logo\\\/image\\\/\",\"url\":\"https:\\\/\\\/pueyrredonmotos.com\\\/honda\\\/wp-content\\\/uploads\\\/2023\\\/09\\\/logo-180-66.png\",\"contentUrl\":\"https:\\\/\\\/pueyrredonmotos.com\\\/honda\\\/wp-content\\\/uploads\\\/2023\\\/09\\\/logo-180-66.png\",\"width\":180,\"height\":66,\"caption\":\"Pueyrred\u00f3n Motos\"},\"image\":{\"@id\":\"https:\\\/\\\/pueyrredonmotos.com\\\/honda\\\/#\\\/schema\\\/logo\\\/image\\\/\"},\"sameAs\":[\"https:\\\/\\\/www.facebook.com\\\/pueyrredonmotos.honda\",\"https:\\\/\\\/www.instagram.com\\\/pueyrredonmotos.honda\\\/\"]}]}<\/script>\n<!-- \/ Yoast SEO Premium plugin. -->","yoast_head_json":{"title":"Honda XR150L - Pueyrred\u00f3n Motos","robots":{"index":"index","follow":"follow","max-snippet":"max-snippet:-1","max-image-preview":"max-image-preview:large","max-video-preview":"max-video-preview:-1"},"canonical":"https:\/\/pueyrredonmotos.com\/honda\/producto\/honda-xr150l\/","og_locale":"es_ES","og_type":"article","og_title":"Honda XR150L","og_description":"Honda XR150L: versatilidad que te acompa\u00f1a en cada terreno. Con un dise\u00f1o renovado y resistente, motor de 149 cc y transmisi\u00f3n de 5 marchas, esta doble prop\u00f3sito ofrece rendimiento confiable en ciudad o caminos dif\u00edciles. Equipada con ABS delantero, suspensi\u00f3n adaptable y tablero digital, combina seguridad, confort y tecnolog\u00eda para que disfrutes cada aventura con total confianza.  &nbsp;  &nbsp;","og_url":"https:\/\/pueyrredonmotos.com\/honda\/producto\/honda-xr150l\/","og_site_name":"Pueyrred\u00f3n Motos","article_publisher":"https:\/\/www.facebook.com\/pueyrredonmotos.honda","og_image":[{"width":400,"height":400,"url":"https:\/\/pueyrredonmotos.com\/honda\/wp-content\/uploads\/2025\/07\/Honda-xr150l-color-rojo-400x400-1.png","type":"image\/png"}],"twitter_card":"summary_large_image","twitter_misc":{"Tiempo de lectura":"4 minutos"},"schema":{"@context":"https:\/\/schema.org","@graph":[{"@type":"WebPage","@id":"https:\/\/pueyrredonmotos.com\/honda\/producto\/honda-xr150l\/","url":"https:\/\/pueyrredonmotos.com\/honda\/producto\/honda-xr150l\/","name":"Honda XR150L - Pueyrred\u00f3n Motos","isPartOf":{"@id":"https:\/\/pueyrredonmotos.com\/honda\/#website"},"primaryImageOfPage":{"@id":"https:\/\/pueyrredonmotos.com\/honda\/producto\/honda-xr150l\/#primaryimage"},"image":{"@id":"https:\/\/pueyrredonmotos.com\/honda\/producto\/honda-xr150l\/#primaryimage"},"thumbnailUrl":"https:\/\/pueyrredonmotos.com\/honda\/wp-content\/uploads\/2025\/07\/Honda-xr150l-color-rojo-400x400-1.png","datePublished":"2025-07-25T01:44:51+00:00","breadcrumb":{"@id":"https:\/\/pueyrredonmotos.com\/honda\/producto\/honda-xr150l\/#breadcrumb"},"inLanguage":"es","potentialAction":[{"@type":"ReadAction","target":["https:\/\/pueyrredonmotos.com\/honda\/producto\/honda-xr150l\/"]}]},{"@type":"ImageObject","inLanguage":"es","@id":"https:\/\/pueyrredonmotos.com\/honda\/producto\/honda-xr150l\/#primaryimage","url":"https:\/\/pueyrredonmotos.com\/honda\/wp-content\/uploads\/2025\/07\/Honda-xr150l-color-rojo-400x400-1.png","contentUrl":"https:\/\/pueyrredonmotos.com\/honda\/wp-content\/uploads\/2025\/07\/Honda-xr150l-color-rojo-400x400-1.png","width":400,"height":400},{"@type":"BreadcrumbList","@id":"https:\/\/pueyrredonmotos.com\/honda\/producto\/honda-xr150l\/#breadcrumb","itemListElement":[{"@type":"ListItem","position":1,"name":"Home","item":"https:\/\/pueyrredonmotos.com\/honda\/"},{"@type":"ListItem","position":2,"name":"Cat\u00e1logo","item":"https:\/\/pueyrredonmotos.com\/honda\/catalogo\/"},{"@type":"ListItem","position":3,"name":"Honda XR150L"}]},{"@type":"WebSite","@id":"https:\/\/pueyrredonmotos.com\/honda\/#website","url":"https:\/\/pueyrredonmotos.com\/honda\/","name":"Pueyrred\u00f3n Motos","description":"Concesionario Oficial Honda","publisher":{"@id":"https:\/\/pueyrredonmotos.com\/honda\/#organization"},"potentialAction":[{"@type":"SearchAction","target":{"@type":"EntryPoint","urlTemplate":"https:\/\/pueyrredonmotos.com\/honda\/?s={search_term_string}"},"query-input":{"@type":"PropertyValueSpecification","valueRequired":true,"valueName":"search_term_string"}}],"inLanguage":"es"},{"@type":"Organization","@id":"https:\/\/pueyrredonmotos.com\/honda\/#organization","name":"Pueyrred\u00f3n Motos","url":"https:\/\/pueyrredonmotos.com\/honda\/","logo":{"@type":"ImageObject","inLanguage":"es","@id":"https:\/\/pueyrredonmotos.com\/honda\/#\/schema\/logo\/image\/","url":"https:\/\/pueyrredonmotos.com\/honda\/wp-content\/uploads\/2023\/09\/logo-180-66.png","contentUrl":"https:\/\/pueyrredonmotos.com\/honda\/wp-content\/uploads\/2023\/09\/logo-180-66.png","width":180,"height":66,"caption":"Pueyrred\u00f3n Motos"},"image":{"@id":"https:\/\/pueyrredonmotos.com\/honda\/#\/schema\/logo\/image\/"},"sameAs":["https:\/\/www.facebook.com\/pueyrredonmotos.honda","https:\/\/www.instagram.com\/pueyrredonmotos.honda\/"]}]}},"_links":{"self":[{"href":"https:\/\/pueyrredonmotos.com\/honda\/wp-json\/wp\/v2\/product\/10740","targetHints":{"allow":["GET"]}}],"collection":[{"href":"https:\/\/pueyrredonmotos.com\/honda\/wp-json\/wp\/v2\/product"}],"about":[{"href":"https:\/\/pueyrredonmotos.com\/honda\/wp-json\/wp\/v2\/types\/product"}],"wp:featuredmedia":[{"embeddable":true,"href":"https:\/\/pueyrredonmotos.com\/honda\/wp-json\/wp\/v2\/media\/10749"}],"wp:attachment":[{"href":"https:\/\/pueyrredonmotos.com\/honda\/wp-json\/wp\/v2\/media?parent=10740"}],"wp:term":[{"taxonomy":"product_brand","embeddable":true,"href":"https:\/\/pueyrredonmotos.com\/honda\/wp-json\/wp\/v2\/product_brand?post=10740"},{"taxonomy":"product_cat","embeddable":true,"href":"https:\/\/pueyrredonmotos.com\/honda\/wp-json\/wp\/v2\/product_cat?post=10740"},{"taxonomy":"product_tag","embeddable":true,"href":"https:\/\/pueyrredonmotos.com\/honda\/wp-json\/wp\/v2\/product_tag?post=10740"}],"curies":[{"name":"wp","href":"https:\/\/api.w.org\/{rel}","templated":true}]}}