{"id":10600,"date":"2025-06-16T15:55:13","date_gmt":"2025-06-16T18:55:13","guid":{"rendered":"https:\/\/pueyrredonmotos.com\/honda\/?post_type=product&#038;p=10600"},"modified":"2025-06-16T15:55:13","modified_gmt":"2025-06-16T18:55:13","slug":"honda-crf-250rx","status":"publish","type":"product","link":"https:\/\/pueyrredonmotos.com\/honda\/producto\/honda-crf-250rx\/","title":{"rendered":"Honda CRF 250RX"},"content":{"rendered":"<p><a href=\"https:\/\/pueyrredonmotos.com\/honda\/wp-content\/uploads\/2025\/06\/Honda-crf250rx-banner.jpg\"><img loading=\"lazy\" decoding=\"async\" class=\"alignnone size-full wp-image-10601\" src=\"https:\/\/pueyrredonmotos.com\/honda\/wp-content\/uploads\/2025\/06\/Honda-crf250rx-banner.jpg\" alt=\"\" width=\"1400\" height=\"593\" srcset=\"https:\/\/pueyrredonmotos.com\/honda\/wp-content\/uploads\/2025\/06\/Honda-crf250rx-banner.jpg 1400w, https:\/\/pueyrredonmotos.com\/honda\/wp-content\/uploads\/2025\/06\/Honda-crf250rx-banner-300x127.jpg 300w, https:\/\/pueyrredonmotos.com\/honda\/wp-content\/uploads\/2025\/06\/Honda-crf250rx-banner-1024x434.jpg 1024w, https:\/\/pueyrredonmotos.com\/honda\/wp-content\/uploads\/2025\/06\/Honda-crf250rx-banner-768x325.jpg 768w, https:\/\/pueyrredonmotos.com\/honda\/wp-content\/uploads\/2025\/06\/Honda-crf250rx-banner-800x339.jpg 800w\" sizes=\"auto, (max-width: 1400px) 100vw, 1400px\" \/><\/a><\/p>\n<h3>DISE\u00d1O<\/h3>\n<p><a href=\"https:\/\/pueyrredonmotos.com\/honda\/wp-content\/uploads\/2025\/06\/Honda-crf250rx-diseno.jpg\"><img loading=\"lazy\" decoding=\"async\" class=\"alignnone size-full wp-image-10602\" src=\"https:\/\/pueyrredonmotos.com\/honda\/wp-content\/uploads\/2025\/06\/Honda-crf250rx-diseno.jpg\" alt=\"\" width=\"1010\" height=\"401\" srcset=\"https:\/\/pueyrredonmotos.com\/honda\/wp-content\/uploads\/2025\/06\/Honda-crf250rx-diseno.jpg 1010w, https:\/\/pueyrredonmotos.com\/honda\/wp-content\/uploads\/2025\/06\/Honda-crf250rx-diseno-300x119.jpg 300w, https:\/\/pueyrredonmotos.com\/honda\/wp-content\/uploads\/2025\/06\/Honda-crf250rx-diseno-768x305.jpg 768w, https:\/\/pueyrredonmotos.com\/honda\/wp-content\/uploads\/2025\/06\/Honda-crf250rx-diseno-800x318.jpg 800w\" sizes=\"auto, (max-width: 1010px) 100vw, 1010px\" \/><\/a><\/p>\n<p><b>Descargar <\/b> <a href=\"https:\/\/motos.honda.com.ar\/uploads\/modelos\/69\/fichas_tecnicas\/69c-0ft-crf250rx.pdf\" target=\"_blank\" rel=\"noopener\">Ficha T\u00e9cnica<\/a><\/p>\n<p><strong>TODO-TERRENO EN CADA DETALLE<\/strong><br \/>\nDesde los cubrepu\u00f1os de serie, pasando por las gr\u00e1ficas \u201cen molde\u201d de m\u00e1xima durabilidad, hasta los neum\u00e1ticos Dunlop Geomax pensados para este tipo de uso, la nueva CRF 250RX est\u00e1 espec\u00edficamente dise\u00f1ada para el enduro m\u00e1s exigente, desde subidas dif\u00edciles hasta terrenos t\u00e9cnicos intensos.<\/p>\n<h3>MOTOR Y TRANSMISI\u00d3N<\/h3>\n<p><a href=\"https:\/\/pueyrredonmotos.com\/honda\/wp-content\/uploads\/2025\/06\/Honda-crf250rx-motor.jpg\"><img loading=\"lazy\" decoding=\"async\" class=\"alignnone size-full wp-image-10603\" src=\"https:\/\/pueyrredonmotos.com\/honda\/wp-content\/uploads\/2025\/06\/Honda-crf250rx-motor.jpg\" alt=\"\" width=\"1010\" height=\"401\" srcset=\"https:\/\/pueyrredonmotos.com\/honda\/wp-content\/uploads\/2025\/06\/Honda-crf250rx-motor.jpg 1010w, https:\/\/pueyrredonmotos.com\/honda\/wp-content\/uploads\/2025\/06\/Honda-crf250rx-motor-300x119.jpg 300w, https:\/\/pueyrredonmotos.com\/honda\/wp-content\/uploads\/2025\/06\/Honda-crf250rx-motor-768x305.jpg 768w, https:\/\/pueyrredonmotos.com\/honda\/wp-content\/uploads\/2025\/06\/Honda-crf250rx-motor-800x318.jpg 800w\" sizes=\"auto, (max-width: 1010px) 100vw, 1010px\" \/><\/a><\/p>\n<p><strong>RENDIMIENTO EXCEPCIONAL<\/strong><br \/>\nEl motor DOHC de 249cc est\u00e1 alimentado por inyecci\u00f3n electr\u00f3nica, maximizando la eficiencia en la entrega de potencia y torque. El di\u00e1metro ancho y la carrera corta se combinan perfectamente para ofrecer una performance explosiva, maximizada por la revisi\u00f3n de componentes del motor. La transmisi\u00f3n de 5 velocidades cuenta con un embrague de 9 discos, disminuyendo el deslizamiento a altas revoluciones y mejorando la durabilidad.<\/p>\n<h3>PERFORMANCE<\/h3>\n<p><a href=\"https:\/\/pueyrredonmotos.com\/honda\/wp-content\/uploads\/2025\/06\/Honda-crf250rx-performance-1.jpg\"><img loading=\"lazy\" decoding=\"async\" class=\"alignnone size-full wp-image-10604\" src=\"https:\/\/pueyrredonmotos.com\/honda\/wp-content\/uploads\/2025\/06\/Honda-crf250rx-performance-1.jpg\" alt=\"\" width=\"1010\" height=\"401\" srcset=\"https:\/\/pueyrredonmotos.com\/honda\/wp-content\/uploads\/2025\/06\/Honda-crf250rx-performance-1.jpg 1010w, https:\/\/pueyrredonmotos.com\/honda\/wp-content\/uploads\/2025\/06\/Honda-crf250rx-performance-1-300x119.jpg 300w, https:\/\/pueyrredonmotos.com\/honda\/wp-content\/uploads\/2025\/06\/Honda-crf250rx-performance-1-768x305.jpg 768w, https:\/\/pueyrredonmotos.com\/honda\/wp-content\/uploads\/2025\/06\/Honda-crf250rx-performance-1-800x318.jpg 800w\" sizes=\"auto, (max-width: 1010px) 100vw, 1010px\" \/><\/a><\/p>\n<p><strong>UNA ESTRUCTURA PENSADA PARA EL ENDURO<\/strong><br \/>\nCon un 70% de componentes del chasis nuevos y ajustes en la suspensi\u00f3n y en la direcci\u00f3n, la nueva CRF 250RX ofrece rigidez y respuesta en la conducci\u00f3n todo-terreno.<\/p>\n<p><a href=\"https:\/\/pueyrredonmotos.com\/honda\/wp-content\/uploads\/2025\/06\/Honda-crf250rx-performance-2.jpg\"><img loading=\"lazy\" decoding=\"async\" class=\"alignnone size-full wp-image-10605\" src=\"https:\/\/pueyrredonmotos.com\/honda\/wp-content\/uploads\/2025\/06\/Honda-crf250rx-performance-2.jpg\" alt=\"\" width=\"1010\" height=\"401\" srcset=\"https:\/\/pueyrredonmotos.com\/honda\/wp-content\/uploads\/2025\/06\/Honda-crf250rx-performance-2.jpg 1010w, https:\/\/pueyrredonmotos.com\/honda\/wp-content\/uploads\/2025\/06\/Honda-crf250rx-performance-2-300x119.jpg 300w, https:\/\/pueyrredonmotos.com\/honda\/wp-content\/uploads\/2025\/06\/Honda-crf250rx-performance-2-768x305.jpg 768w, https:\/\/pueyrredonmotos.com\/honda\/wp-content\/uploads\/2025\/06\/Honda-crf250rx-performance-2-800x318.jpg 800w\" sizes=\"auto, (max-width: 1010px) 100vw, 1010px\" \/><\/a><\/p>\n<p><strong>ERGONOM\u00cdA<\/strong><br \/>\nLa altura del asiento y la delgadez de la carrocer\u00eda fueron ajustadas precisamente para que al piloto le sea f\u00e1cil moverse sobre la moto, mejorando considerablemente el confort.<\/p>\n<p><a href=\"https:\/\/pueyrredonmotos.com\/honda\/wp-content\/uploads\/2025\/06\/Honda-crf250rx-performance-3.jpg\"><img loading=\"lazy\" decoding=\"async\" class=\"alignnone size-full wp-image-10606\" src=\"https:\/\/pueyrredonmotos.com\/honda\/wp-content\/uploads\/2025\/06\/Honda-crf250rx-performance-3.jpg\" alt=\"\" width=\"1010\" height=\"401\" srcset=\"https:\/\/pueyrredonmotos.com\/honda\/wp-content\/uploads\/2025\/06\/Honda-crf250rx-performance-3.jpg 1010w, https:\/\/pueyrredonmotos.com\/honda\/wp-content\/uploads\/2025\/06\/Honda-crf250rx-performance-3-300x119.jpg 300w, https:\/\/pueyrredonmotos.com\/honda\/wp-content\/uploads\/2025\/06\/Honda-crf250rx-performance-3-768x305.jpg 768w, https:\/\/pueyrredonmotos.com\/honda\/wp-content\/uploads\/2025\/06\/Honda-crf250rx-performance-3-800x318.jpg 800w\" sizes=\"auto, (max-width: 1010px) 100vw, 1010px\" \/><\/a><\/p>\n<p><strong>TANQUE DE COMBUSTIBLE<\/strong><br \/>\nCon una capacidad aumentada de 8L, el tanque de combustible permite una mayor autonom\u00eda en las aventuras off-road.<\/p>\n<p><a href=\"https:\/\/pueyrredonmotos.com\/honda\/wp-content\/uploads\/2025\/06\/Honda-crf250rx-performance-4.jpg\"><img loading=\"lazy\" decoding=\"async\" class=\"alignnone size-full wp-image-10607\" src=\"https:\/\/pueyrredonmotos.com\/honda\/wp-content\/uploads\/2025\/06\/Honda-crf250rx-performance-4.jpg\" alt=\"\" width=\"1010\" height=\"401\" srcset=\"https:\/\/pueyrredonmotos.com\/honda\/wp-content\/uploads\/2025\/06\/Honda-crf250rx-performance-4.jpg 1010w, https:\/\/pueyrredonmotos.com\/honda\/wp-content\/uploads\/2025\/06\/Honda-crf250rx-performance-4-300x119.jpg 300w, https:\/\/pueyrredonmotos.com\/honda\/wp-content\/uploads\/2025\/06\/Honda-crf250rx-performance-4-768x305.jpg 768w, https:\/\/pueyrredonmotos.com\/honda\/wp-content\/uploads\/2025\/06\/Honda-crf250rx-performance-4-800x318.jpg 800w\" sizes=\"auto, (max-width: 1010px) 100vw, 1010px\" \/><\/a><\/p>\n<p><strong>ESCAPE<\/strong><br \/>\nAdem\u00e1s de entregar un sonido exquisito, el escape est\u00e1 construido con materiales livianos para optimizar la distribuci\u00f3n del peso.<\/p>\n<p><a href=\"https:\/\/pueyrredonmotos.com\/honda\/wp-content\/uploads\/2025\/06\/Honda-crf250rx-performance-5.jpg\"><img loading=\"lazy\" decoding=\"async\" class=\"alignnone size-full wp-image-10608\" src=\"https:\/\/pueyrredonmotos.com\/honda\/wp-content\/uploads\/2025\/06\/Honda-crf250rx-performance-5.jpg\" alt=\"\" width=\"1010\" height=\"401\" srcset=\"https:\/\/pueyrredonmotos.com\/honda\/wp-content\/uploads\/2025\/06\/Honda-crf250rx-performance-5.jpg 1010w, https:\/\/pueyrredonmotos.com\/honda\/wp-content\/uploads\/2025\/06\/Honda-crf250rx-performance-5-300x119.jpg 300w, https:\/\/pueyrredonmotos.com\/honda\/wp-content\/uploads\/2025\/06\/Honda-crf250rx-performance-5-768x305.jpg 768w, https:\/\/pueyrredonmotos.com\/honda\/wp-content\/uploads\/2025\/06\/Honda-crf250rx-performance-5-800x318.jpg 800w\" sizes=\"auto, (max-width: 1010px) 100vw, 1010px\" \/><\/a><\/p>\n<p><strong>CABALLETE LATERAL<\/strong><br \/>\nToda moto de enduro necesita un caballete lateral, y el de la CRF 250RX est\u00e1 dise\u00f1ado para aportar el m\u00ednimo peso al conjunto y plegarse cuidadosamente sin interferir en los movimientos de la moto o del piloto.<\/p>\n<h3>TECNOLOG\u00cdA<\/h3>\n<p><a href=\"https:\/\/pueyrredonmotos.com\/honda\/wp-content\/uploads\/2025\/06\/Honda-crf250rx-tecnologia.jpg\"><img loading=\"lazy\" decoding=\"async\" class=\"alignnone size-full wp-image-10609\" src=\"https:\/\/pueyrredonmotos.com\/honda\/wp-content\/uploads\/2025\/06\/Honda-crf250rx-tecnologia.jpg\" alt=\"\" width=\"1010\" height=\"401\" srcset=\"https:\/\/pueyrredonmotos.com\/honda\/wp-content\/uploads\/2025\/06\/Honda-crf250rx-tecnologia.jpg 1010w, https:\/\/pueyrredonmotos.com\/honda\/wp-content\/uploads\/2025\/06\/Honda-crf250rx-tecnologia-300x119.jpg 300w, https:\/\/pueyrredonmotos.com\/honda\/wp-content\/uploads\/2025\/06\/Honda-crf250rx-tecnologia-768x305.jpg 768w, https:\/\/pueyrredonmotos.com\/honda\/wp-content\/uploads\/2025\/06\/Honda-crf250rx-tecnologia-800x318.jpg 800w\" sizes=\"auto, (max-width: 1010px) 100vw, 1010px\" \/><\/a><\/p>\n<p><strong>COMPORTAMIENTO DIN\u00c1MICO CONFIGURABLE<\/strong><br \/>\nLa ECU realiza un mapeo personalizado del motor para cada marcha, lo que optimiza la potencia entregada y maximiza el rendimiento. El EMSB (Engine Mode Select Button), combinado con el HRC Launch Control, permite ajustar con detalle el comportamiento de la nueva CRF 250RX para todo tipo de condiciones de manejo todo-terreno.<\/p>\n<h3>SUSPENSI\u00d3N Y FRENOS<\/h3>\n<p><a href=\"https:\/\/pueyrredonmotos.com\/honda\/wp-content\/uploads\/2025\/06\/Honda-crf250rx-suspension1.jpg\"><img loading=\"lazy\" decoding=\"async\" class=\"alignnone size-full wp-image-10610\" src=\"https:\/\/pueyrredonmotos.com\/honda\/wp-content\/uploads\/2025\/06\/Honda-crf250rx-suspension1.jpg\" alt=\"\" width=\"1010\" height=\"401\" srcset=\"https:\/\/pueyrredonmotos.com\/honda\/wp-content\/uploads\/2025\/06\/Honda-crf250rx-suspension1.jpg 1010w, https:\/\/pueyrredonmotos.com\/honda\/wp-content\/uploads\/2025\/06\/Honda-crf250rx-suspension1-300x119.jpg 300w, https:\/\/pueyrredonmotos.com\/honda\/wp-content\/uploads\/2025\/06\/Honda-crf250rx-suspension1-768x305.jpg 768w, https:\/\/pueyrredonmotos.com\/honda\/wp-content\/uploads\/2025\/06\/Honda-crf250rx-suspension1-800x318.jpg 800w\" sizes=\"auto, (max-width: 1010px) 100vw, 1010px\" \/><\/a> <a href=\"https:\/\/pueyrredonmotos.com\/honda\/wp-content\/uploads\/2025\/06\/Honda-crf250rx-suspension2.jpg\"><img loading=\"lazy\" decoding=\"async\" class=\"alignnone size-full wp-image-10611\" src=\"https:\/\/pueyrredonmotos.com\/honda\/wp-content\/uploads\/2025\/06\/Honda-crf250rx-suspension2.jpg\" alt=\"\" width=\"1010\" height=\"401\" srcset=\"https:\/\/pueyrredonmotos.com\/honda\/wp-content\/uploads\/2025\/06\/Honda-crf250rx-suspension2.jpg 1010w, https:\/\/pueyrredonmotos.com\/honda\/wp-content\/uploads\/2025\/06\/Honda-crf250rx-suspension2-300x119.jpg 300w, https:\/\/pueyrredonmotos.com\/honda\/wp-content\/uploads\/2025\/06\/Honda-crf250rx-suspension2-768x305.jpg 768w, https:\/\/pueyrredonmotos.com\/honda\/wp-content\/uploads\/2025\/06\/Honda-crf250rx-suspension2-800x318.jpg 800w\" sizes=\"auto, (max-width: 1010px) 100vw, 1010px\" \/><\/a><\/p>\n<p><strong>PREPARADOS PARA TODO<\/strong><br \/>\nLa suspensi\u00f3n ajustable Showa se compone de una horquilla delantera invertida de 310mm de recorrido y de un monoshock trasero Pro-Link\u00ae de 308mm de recorrido. Los frenos (disco de 260mm adelante, disco de 240mm atr\u00e1s) incluyen cubrediscos de serie y est\u00e1n accionados por pinzas Nissin.<\/p>\n<!-- Popup open button -->\r\n<div class=\"wws-popup__open-btn wws--bg-color wws--text-color wws-shadow\">\r\n<span> Consultas por Whatsapp<\/span>\r\n<\/div>\r\n<p>&nbsp;<\/p>\r\n<p>&nbsp;<\/p>\r\n\n<p>&nbsp;<\/p>\n","protected":false},"excerpt":{"rendered":"<p>Dise\u00f1ada para conquistar los desaf\u00edos m\u00e1s duros del enduro, la Honda <strong>CRF250RX<\/strong> combina un chasis liviano y preciso con un motor DOHC de 249 cc optimizado para ofrecer potencia explosiva en cualquier terreno. Su carrocer\u00eda delgada, gr\u00e1ficos durables \u201cen molde\u201d y cubrepu\u00f1os de serie se suman a una suspensi\u00f3n Showa ajustable y frenos Nissin listos para todo. Con tanque de 8L, escape liviano y tecnolog\u00eda como el HRC Launch Control y EMSB, cada detalle est\u00e1 pensado para el rendimiento total fuera del camino.<\/p>\n<p>&nbsp;<\/p>\n","protected":false},"featured_media":10613,"template":"","meta":[],"product_brand":[],"product_cat":[15],"product_tag":[43],"class_list":{"0":"post-10600","1":"product","2":"type-product","3":"status-publish","4":"has-post-thumbnail","6":"product_cat-motos-0km","7":"product_tag-off-road","8":"pa_marca-honda","9":"pa_modelo-crf-250rx","11":"first","12":"instock","13":"shipping-taxable","14":"purchasable","15":"product-type-simple"},"yoast_head":"<!-- This site is optimized with the Yoast SEO Premium plugin v21.2 (Yoast SEO v27.3) - https:\/\/yoast.com\/product\/yoast-seo-premium-wordpress\/ -->\n<title>Honda CRF 250RX - Pueyrred\u00f3n Motos<\/title>\n<meta name=\"robots\" content=\"index, follow, max-snippet:-1, max-image-preview:large, max-video-preview:-1\" \/>\n<link rel=\"canonical\" href=\"https:\/\/pueyrredonmotos.com\/honda\/producto\/honda-crf-250rx\/\" \/>\n<meta property=\"og:locale\" content=\"es_ES\" \/>\n<meta property=\"og:type\" content=\"article\" \/>\n<meta property=\"og:title\" content=\"Honda CRF 250RX\" \/>\n<meta property=\"og:description\" content=\"Dise\u00f1ada para conquistar los desaf\u00edos m\u00e1s duros del enduro, la Honda CRF250RX combina un chasis liviano y preciso con un motor DOHC de 249 cc optimizado para ofrecer potencia explosiva en cualquier terreno. Su carrocer\u00eda delgada, gr\u00e1ficos durables \u201cen molde\u201d y cubrepu\u00f1os de serie se suman a una suspensi\u00f3n Showa ajustable y frenos Nissin listos para todo. Con tanque de 8L, escape liviano y tecnolog\u00eda como el HRC Launch Control y EMSB, cada detalle est\u00e1 pensado para el rendimiento total fuera del camino.  &nbsp;\" \/>\n<meta property=\"og:url\" content=\"https:\/\/pueyrredonmotos.com\/honda\/producto\/honda-crf-250rx\/\" \/>\n<meta property=\"og:site_name\" content=\"Pueyrred\u00f3n Motos\" \/>\n<meta property=\"article:publisher\" content=\"https:\/\/www.facebook.com\/pueyrredonmotos.honda\" \/>\n<meta property=\"og:image\" content=\"https:\/\/pueyrredonmotos.com\/honda\/wp-content\/uploads\/2025\/06\/CRF-250RX-1.jpg\" \/>\n\t<meta property=\"og:image:width\" content=\"752\" \/>\n\t<meta property=\"og:image:height\" content=\"752\" \/>\n\t<meta property=\"og:image:type\" content=\"image\/jpeg\" \/>\n<meta name=\"twitter:card\" content=\"summary_large_image\" \/>\n<meta name=\"twitter:label1\" content=\"Tiempo de lectura\" \/>\n\t<meta name=\"twitter:data1\" content=\"5 minutos\" \/>\n<script type=\"application\/ld+json\" class=\"yoast-schema-graph\">{\"@context\":\"https:\\\/\\\/schema.org\",\"@graph\":[{\"@type\":\"WebPage\",\"@id\":\"https:\\\/\\\/pueyrredonmotos.com\\\/honda\\\/producto\\\/honda-crf-250rx\\\/\",\"url\":\"https:\\\/\\\/pueyrredonmotos.com\\\/honda\\\/producto\\\/honda-crf-250rx\\\/\",\"name\":\"Honda CRF 250RX - Pueyrred\u00f3n Motos\",\"isPartOf\":{\"@id\":\"https:\\\/\\\/pueyrredonmotos.com\\\/honda\\\/#website\"},\"primaryImageOfPage\":{\"@id\":\"https:\\\/\\\/pueyrredonmotos.com\\\/honda\\\/producto\\\/honda-crf-250rx\\\/#primaryimage\"},\"image\":{\"@id\":\"https:\\\/\\\/pueyrredonmotos.com\\\/honda\\\/producto\\\/honda-crf-250rx\\\/#primaryimage\"},\"thumbnailUrl\":\"https:\\\/\\\/pueyrredonmotos.com\\\/honda\\\/wp-content\\\/uploads\\\/2025\\\/06\\\/CRF-250RX-1.jpg\",\"datePublished\":\"2025-06-16T18:55:13+00:00\",\"breadcrumb\":{\"@id\":\"https:\\\/\\\/pueyrredonmotos.com\\\/honda\\\/producto\\\/honda-crf-250rx\\\/#breadcrumb\"},\"inLanguage\":\"es\",\"potentialAction\":[{\"@type\":\"ReadAction\",\"target\":[\"https:\\\/\\\/pueyrredonmotos.com\\\/honda\\\/producto\\\/honda-crf-250rx\\\/\"]}]},{\"@type\":\"ImageObject\",\"inLanguage\":\"es\",\"@id\":\"https:\\\/\\\/pueyrredonmotos.com\\\/honda\\\/producto\\\/honda-crf-250rx\\\/#primaryimage\",\"url\":\"https:\\\/\\\/pueyrredonmotos.com\\\/honda\\\/wp-content\\\/uploads\\\/2025\\\/06\\\/CRF-250RX-1.jpg\",\"contentUrl\":\"https:\\\/\\\/pueyrredonmotos.com\\\/honda\\\/wp-content\\\/uploads\\\/2025\\\/06\\\/CRF-250RX-1.jpg\",\"width\":752,\"height\":752},{\"@type\":\"BreadcrumbList\",\"@id\":\"https:\\\/\\\/pueyrredonmotos.com\\\/honda\\\/producto\\\/honda-crf-250rx\\\/#breadcrumb\",\"itemListElement\":[{\"@type\":\"ListItem\",\"position\":1,\"name\":\"Home\",\"item\":\"https:\\\/\\\/pueyrredonmotos.com\\\/honda\\\/\"},{\"@type\":\"ListItem\",\"position\":2,\"name\":\"Cat\u00e1logo\",\"item\":\"https:\\\/\\\/pueyrredonmotos.com\\\/honda\\\/catalogo\\\/\"},{\"@type\":\"ListItem\",\"position\":3,\"name\":\"Honda CRF 250RX\"}]},{\"@type\":\"WebSite\",\"@id\":\"https:\\\/\\\/pueyrredonmotos.com\\\/honda\\\/#website\",\"url\":\"https:\\\/\\\/pueyrredonmotos.com\\\/honda\\\/\",\"name\":\"Pueyrred\u00f3n Motos\",\"description\":\"Concesionario Oficial Honda\",\"publisher\":{\"@id\":\"https:\\\/\\\/pueyrredonmotos.com\\\/honda\\\/#organization\"},\"potentialAction\":[{\"@type\":\"SearchAction\",\"target\":{\"@type\":\"EntryPoint\",\"urlTemplate\":\"https:\\\/\\\/pueyrredonmotos.com\\\/honda\\\/?s={search_term_string}\"},\"query-input\":{\"@type\":\"PropertyValueSpecification\",\"valueRequired\":true,\"valueName\":\"search_term_string\"}}],\"inLanguage\":\"es\"},{\"@type\":\"Organization\",\"@id\":\"https:\\\/\\\/pueyrredonmotos.com\\\/honda\\\/#organization\",\"name\":\"Pueyrred\u00f3n Motos\",\"url\":\"https:\\\/\\\/pueyrredonmotos.com\\\/honda\\\/\",\"logo\":{\"@type\":\"ImageObject\",\"inLanguage\":\"es\",\"@id\":\"https:\\\/\\\/pueyrredonmotos.com\\\/honda\\\/#\\\/schema\\\/logo\\\/image\\\/\",\"url\":\"https:\\\/\\\/pueyrredonmotos.com\\\/honda\\\/wp-content\\\/uploads\\\/2023\\\/09\\\/logo-180-66.png\",\"contentUrl\":\"https:\\\/\\\/pueyrredonmotos.com\\\/honda\\\/wp-content\\\/uploads\\\/2023\\\/09\\\/logo-180-66.png\",\"width\":180,\"height\":66,\"caption\":\"Pueyrred\u00f3n Motos\"},\"image\":{\"@id\":\"https:\\\/\\\/pueyrredonmotos.com\\\/honda\\\/#\\\/schema\\\/logo\\\/image\\\/\"},\"sameAs\":[\"https:\\\/\\\/www.facebook.com\\\/pueyrredonmotos.honda\",\"https:\\\/\\\/www.instagram.com\\\/pueyrredonmotos.honda\\\/\"]}]}<\/script>\n<!-- \/ Yoast SEO Premium plugin. -->","yoast_head_json":{"title":"Honda CRF 250RX - Pueyrred\u00f3n Motos","robots":{"index":"index","follow":"follow","max-snippet":"max-snippet:-1","max-image-preview":"max-image-preview:large","max-video-preview":"max-video-preview:-1"},"canonical":"https:\/\/pueyrredonmotos.com\/honda\/producto\/honda-crf-250rx\/","og_locale":"es_ES","og_type":"article","og_title":"Honda CRF 250RX","og_description":"Dise\u00f1ada para conquistar los desaf\u00edos m\u00e1s duros del enduro, la Honda CRF250RX combina un chasis liviano y preciso con un motor DOHC de 249 cc optimizado para ofrecer potencia explosiva en cualquier terreno. Su carrocer\u00eda delgada, gr\u00e1ficos durables \u201cen molde\u201d y cubrepu\u00f1os de serie se suman a una suspensi\u00f3n Showa ajustable y frenos Nissin listos para todo. Con tanque de 8L, escape liviano y tecnolog\u00eda como el HRC Launch Control y EMSB, cada detalle est\u00e1 pensado para el rendimiento total fuera del camino.  &nbsp;","og_url":"https:\/\/pueyrredonmotos.com\/honda\/producto\/honda-crf-250rx\/","og_site_name":"Pueyrred\u00f3n Motos","article_publisher":"https:\/\/www.facebook.com\/pueyrredonmotos.honda","og_image":[{"width":752,"height":752,"url":"https:\/\/pueyrredonmotos.com\/honda\/wp-content\/uploads\/2025\/06\/CRF-250RX-1.jpg","type":"image\/jpeg"}],"twitter_card":"summary_large_image","twitter_misc":{"Tiempo de lectura":"5 minutos"},"schema":{"@context":"https:\/\/schema.org","@graph":[{"@type":"WebPage","@id":"https:\/\/pueyrredonmotos.com\/honda\/producto\/honda-crf-250rx\/","url":"https:\/\/pueyrredonmotos.com\/honda\/producto\/honda-crf-250rx\/","name":"Honda CRF 250RX - Pueyrred\u00f3n Motos","isPartOf":{"@id":"https:\/\/pueyrredonmotos.com\/honda\/#website"},"primaryImageOfPage":{"@id":"https:\/\/pueyrredonmotos.com\/honda\/producto\/honda-crf-250rx\/#primaryimage"},"image":{"@id":"https:\/\/pueyrredonmotos.com\/honda\/producto\/honda-crf-250rx\/#primaryimage"},"thumbnailUrl":"https:\/\/pueyrredonmotos.com\/honda\/wp-content\/uploads\/2025\/06\/CRF-250RX-1.jpg","datePublished":"2025-06-16T18:55:13+00:00","breadcrumb":{"@id":"https:\/\/pueyrredonmotos.com\/honda\/producto\/honda-crf-250rx\/#breadcrumb"},"inLanguage":"es","potentialAction":[{"@type":"ReadAction","target":["https:\/\/pueyrredonmotos.com\/honda\/producto\/honda-crf-250rx\/"]}]},{"@type":"ImageObject","inLanguage":"es","@id":"https:\/\/pueyrredonmotos.com\/honda\/producto\/honda-crf-250rx\/#primaryimage","url":"https:\/\/pueyrredonmotos.com\/honda\/wp-content\/uploads\/2025\/06\/CRF-250RX-1.jpg","contentUrl":"https:\/\/pueyrredonmotos.com\/honda\/wp-content\/uploads\/2025\/06\/CRF-250RX-1.jpg","width":752,"height":752},{"@type":"BreadcrumbList","@id":"https:\/\/pueyrredonmotos.com\/honda\/producto\/honda-crf-250rx\/#breadcrumb","itemListElement":[{"@type":"ListItem","position":1,"name":"Home","item":"https:\/\/pueyrredonmotos.com\/honda\/"},{"@type":"ListItem","position":2,"name":"Cat\u00e1logo","item":"https:\/\/pueyrredonmotos.com\/honda\/catalogo\/"},{"@type":"ListItem","position":3,"name":"Honda CRF 250RX"}]},{"@type":"WebSite","@id":"https:\/\/pueyrredonmotos.com\/honda\/#website","url":"https:\/\/pueyrredonmotos.com\/honda\/","name":"Pueyrred\u00f3n Motos","description":"Concesionario Oficial Honda","publisher":{"@id":"https:\/\/pueyrredonmotos.com\/honda\/#organization"},"potentialAction":[{"@type":"SearchAction","target":{"@type":"EntryPoint","urlTemplate":"https:\/\/pueyrredonmotos.com\/honda\/?s={search_term_string}"},"query-input":{"@type":"PropertyValueSpecification","valueRequired":true,"valueName":"search_term_string"}}],"inLanguage":"es"},{"@type":"Organization","@id":"https:\/\/pueyrredonmotos.com\/honda\/#organization","name":"Pueyrred\u00f3n Motos","url":"https:\/\/pueyrredonmotos.com\/honda\/","logo":{"@type":"ImageObject","inLanguage":"es","@id":"https:\/\/pueyrredonmotos.com\/honda\/#\/schema\/logo\/image\/","url":"https:\/\/pueyrredonmotos.com\/honda\/wp-content\/uploads\/2023\/09\/logo-180-66.png","contentUrl":"https:\/\/pueyrredonmotos.com\/honda\/wp-content\/uploads\/2023\/09\/logo-180-66.png","width":180,"height":66,"caption":"Pueyrred\u00f3n Motos"},"image":{"@id":"https:\/\/pueyrredonmotos.com\/honda\/#\/schema\/logo\/image\/"},"sameAs":["https:\/\/www.facebook.com\/pueyrredonmotos.honda","https:\/\/www.instagram.com\/pueyrredonmotos.honda\/"]}]}},"_links":{"self":[{"href":"https:\/\/pueyrredonmotos.com\/honda\/wp-json\/wp\/v2\/product\/10600","targetHints":{"allow":["GET"]}}],"collection":[{"href":"https:\/\/pueyrredonmotos.com\/honda\/wp-json\/wp\/v2\/product"}],"about":[{"href":"https:\/\/pueyrredonmotos.com\/honda\/wp-json\/wp\/v2\/types\/product"}],"wp:featuredmedia":[{"embeddable":true,"href":"https:\/\/pueyrredonmotos.com\/honda\/wp-json\/wp\/v2\/media\/10613"}],"wp:attachment":[{"href":"https:\/\/pueyrredonmotos.com\/honda\/wp-json\/wp\/v2\/media?parent=10600"}],"wp:term":[{"taxonomy":"product_brand","embeddable":true,"href":"https:\/\/pueyrredonmotos.com\/honda\/wp-json\/wp\/v2\/product_brand?post=10600"},{"taxonomy":"product_cat","embeddable":true,"href":"https:\/\/pueyrredonmotos.com\/honda\/wp-json\/wp\/v2\/product_cat?post=10600"},{"taxonomy":"product_tag","embeddable":true,"href":"https:\/\/pueyrredonmotos.com\/honda\/wp-json\/wp\/v2\/product_tag?post=10600"}],"curies":[{"name":"wp","href":"https:\/\/api.w.org\/{rel}","templated":true}]}}