{"id":10542,"date":"2025-06-12T14:50:06","date_gmt":"2025-06-12T17:50:06","guid":{"rendered":"https:\/\/pueyrredonmotos.com\/honda\/?post_type=product&#038;p=10542"},"modified":"2025-06-12T16:52:43","modified_gmt":"2025-06-12T19:52:43","slug":"honda-cb500-hornet","status":"publish","type":"product","link":"https:\/\/pueyrredonmotos.com\/honda\/producto\/honda-cb500-hornet\/","title":{"rendered":"Honda CB500 Hornet"},"content":{"rendered":"<p><a href=\"https:\/\/pueyrredonmotos.com\/honda\/wp-content\/uploads\/2025\/06\/Honda-CB500Hornet-banner-scaled.jpg\"><img loading=\"lazy\" decoding=\"async\" class=\"alignnone size-full wp-image-10543\" src=\"https:\/\/pueyrredonmotos.com\/honda\/wp-content\/uploads\/2025\/06\/Honda-CB500Hornet-banner-scaled.jpg\" alt=\"\" width=\"2560\" height=\"1084\" srcset=\"https:\/\/pueyrredonmotos.com\/honda\/wp-content\/uploads\/2025\/06\/Honda-CB500Hornet-banner-scaled.jpg 2560w, https:\/\/pueyrredonmotos.com\/honda\/wp-content\/uploads\/2025\/06\/Honda-CB500Hornet-banner-300x127.jpg 300w, https:\/\/pueyrredonmotos.com\/honda\/wp-content\/uploads\/2025\/06\/Honda-CB500Hornet-banner-1024x434.jpg 1024w, https:\/\/pueyrredonmotos.com\/honda\/wp-content\/uploads\/2025\/06\/Honda-CB500Hornet-banner-768x325.jpg 768w, https:\/\/pueyrredonmotos.com\/honda\/wp-content\/uploads\/2025\/06\/Honda-CB500Hornet-banner-1536x650.jpg 1536w, https:\/\/pueyrredonmotos.com\/honda\/wp-content\/uploads\/2025\/06\/Honda-CB500Hornet-banner-2048x867.jpg 2048w, https:\/\/pueyrredonmotos.com\/honda\/wp-content\/uploads\/2025\/06\/Honda-CB500Hornet-banner-800x339.jpg 800w\" sizes=\"auto, (max-width: 2560px) 100vw, 2560px\" \/><\/a><\/p>\n<h3>DISE\u00d1O<\/h3>\n<p><a href=\"https:\/\/pueyrredonmotos.com\/honda\/wp-content\/uploads\/2025\/06\/Honda-cb500-hornet-diseno.jpg\"><img loading=\"lazy\" decoding=\"async\" class=\"alignnone size-full wp-image-10544\" src=\"https:\/\/pueyrredonmotos.com\/honda\/wp-content\/uploads\/2025\/06\/Honda-cb500-hornet-diseno.jpg\" alt=\"\" width=\"1010\" height=\"401\" srcset=\"https:\/\/pueyrredonmotos.com\/honda\/wp-content\/uploads\/2025\/06\/Honda-cb500-hornet-diseno.jpg 1010w, https:\/\/pueyrredonmotos.com\/honda\/wp-content\/uploads\/2025\/06\/Honda-cb500-hornet-diseno-300x119.jpg 300w, https:\/\/pueyrredonmotos.com\/honda\/wp-content\/uploads\/2025\/06\/Honda-cb500-hornet-diseno-768x305.jpg 768w, https:\/\/pueyrredonmotos.com\/honda\/wp-content\/uploads\/2025\/06\/Honda-cb500-hornet-diseno-800x318.jpg 800w\" sizes=\"auto, (max-width: 1010px) 100vw, 1010px\" \/><\/a><\/p>\n<p><i class=\"fa fa-file-pdf-o\" aria-hidden=\"true\"><\/i> <b>Descargar <\/b> <a href=\"https:\/\/motos.honda.com.ar\/uploads\/modelos\/37\/fichas_tecnicas\/37c-0ft-cb500-hornet-500-2025.pdf\" target=\"_blank\" rel=\"noopener\">Ficha T\u00e9cnica <\/a><\/p>\n<p><strong>ESTILO STREETFIGHTER<\/strong><br \/>\nLa nueva CB500 Hornet fue dise\u00f1ada para imponer presencia en cada detalle. Su est\u00e9tica afilada, inspirada en el ADN streetfighter de honda, combina l\u00edneas agresivas con un dise\u00f1o compacto y moderno, ideal para destacar en la ciudad.<\/p>\n<h3><strong>MOTOR Y TRANSMISI\u00d3N<\/strong><\/h3>\n<p><a href=\"https:\/\/pueyrredonmotos.com\/honda\/wp-content\/uploads\/2025\/06\/Honda-cb500-hornet-motor.jpg\"><img loading=\"lazy\" decoding=\"async\" class=\"alignnone size-full wp-image-10545\" src=\"https:\/\/pueyrredonmotos.com\/honda\/wp-content\/uploads\/2025\/06\/Honda-cb500-hornet-motor.jpg\" alt=\"\" width=\"1010\" height=\"401\" srcset=\"https:\/\/pueyrredonmotos.com\/honda\/wp-content\/uploads\/2025\/06\/Honda-cb500-hornet-motor.jpg 1010w, https:\/\/pueyrredonmotos.com\/honda\/wp-content\/uploads\/2025\/06\/Honda-cb500-hornet-motor-300x119.jpg 300w, https:\/\/pueyrredonmotos.com\/honda\/wp-content\/uploads\/2025\/06\/Honda-cb500-hornet-motor-768x305.jpg 768w, https:\/\/pueyrredonmotos.com\/honda\/wp-content\/uploads\/2025\/06\/Honda-cb500-hornet-motor-800x318.jpg 800w\" sizes=\"auto, (max-width: 1010px) 100vw, 1010px\" \/><\/a><\/p>\n<p><strong>PODER EQUILIBRADO<\/strong><br \/>\nEl motor DOHC bicil\u00edndrico de 471cc, con inyecci\u00f3n electr\u00f3nica, ofrece una entrega de potencia progresiva y torque desde bajas revoluciones, ideal tanto para recorridos urbanos como para escapadas m\u00e1s din\u00e1micas. La refrigeraci\u00f3n l\u00edquida y la transmisi\u00f3n de 6 marchas con embrague anti-rebote aseguran una conducci\u00f3n suave, precisa y confiable, incluso en situaciones exigentes.<\/p>\n<h3>ERGONOM\u00cdA<\/h3>\n<p><a href=\"https:\/\/pueyrredonmotos.com\/honda\/wp-content\/uploads\/2025\/06\/Honda-cb500-hornet-ergonomia-1.jpg\"><img loading=\"lazy\" decoding=\"async\" class=\"alignnone size-full wp-image-10546\" src=\"https:\/\/pueyrredonmotos.com\/honda\/wp-content\/uploads\/2025\/06\/Honda-cb500-hornet-ergonomia-1.jpg\" alt=\"\" width=\"1010\" height=\"401\" srcset=\"https:\/\/pueyrredonmotos.com\/honda\/wp-content\/uploads\/2025\/06\/Honda-cb500-hornet-ergonomia-1.jpg 1010w, https:\/\/pueyrredonmotos.com\/honda\/wp-content\/uploads\/2025\/06\/Honda-cb500-hornet-ergonomia-1-300x119.jpg 300w, https:\/\/pueyrredonmotos.com\/honda\/wp-content\/uploads\/2025\/06\/Honda-cb500-hornet-ergonomia-1-768x305.jpg 768w, https:\/\/pueyrredonmotos.com\/honda\/wp-content\/uploads\/2025\/06\/Honda-cb500-hornet-ergonomia-1-800x318.jpg 800w\" sizes=\"auto, (max-width: 1010px) 100vw, 1010px\" \/><\/a><a href=\"https:\/\/pueyrredonmotos.com\/honda\/wp-content\/uploads\/2025\/06\/Honda-cb500-hornet-ergonomia-2.jpg\"><img loading=\"lazy\" decoding=\"async\" class=\"alignnone size-full wp-image-10547\" src=\"https:\/\/pueyrredonmotos.com\/honda\/wp-content\/uploads\/2025\/06\/Honda-cb500-hornet-ergonomia-2.jpg\" alt=\"\" width=\"1010\" height=\"401\" srcset=\"https:\/\/pueyrredonmotos.com\/honda\/wp-content\/uploads\/2025\/06\/Honda-cb500-hornet-ergonomia-2.jpg 1010w, https:\/\/pueyrredonmotos.com\/honda\/wp-content\/uploads\/2025\/06\/Honda-cb500-hornet-ergonomia-2-300x119.jpg 300w, https:\/\/pueyrredonmotos.com\/honda\/wp-content\/uploads\/2025\/06\/Honda-cb500-hornet-ergonomia-2-768x305.jpg 768w, https:\/\/pueyrredonmotos.com\/honda\/wp-content\/uploads\/2025\/06\/Honda-cb500-hornet-ergonomia-2-800x318.jpg 800w\" sizes=\"auto, (max-width: 1010px) 100vw, 1010px\" \/><\/a><\/p>\n<p><strong>PRECISI\u00d3N EN CADA MOVIMIENTO<\/strong><br \/>\nGracias a su chasis liviano tipo diamante y una postura de manejo ligeramente inclinada hacia adelante, la CB500 Hornet ofrece una experiencia \u00e1gil y reactiva, ideal para el transito urbano y el uso deportivo. La suspensi\u00f3n delantera invertida Showa SFF-BP\u2122 y el sistema Pro-link trasero garantizan una excelente absorci\u00f3n y estabilidad, aportando confianza en curvas y maniobras r\u00e1pidas.<\/p>\n<h3>SEGURIDAD<\/h3>\n<p><a href=\"https:\/\/pueyrredonmotos.com\/honda\/wp-content\/uploads\/2025\/06\/Honda-cb500-hornet-seguridad-1.jpg\"><img loading=\"lazy\" decoding=\"async\" class=\"alignnone size-full wp-image-10548\" src=\"https:\/\/pueyrredonmotos.com\/honda\/wp-content\/uploads\/2025\/06\/Honda-cb500-hornet-seguridad-1.jpg\" alt=\"\" width=\"1010\" height=\"401\" srcset=\"https:\/\/pueyrredonmotos.com\/honda\/wp-content\/uploads\/2025\/06\/Honda-cb500-hornet-seguridad-1.jpg 1010w, https:\/\/pueyrredonmotos.com\/honda\/wp-content\/uploads\/2025\/06\/Honda-cb500-hornet-seguridad-1-300x119.jpg 300w, https:\/\/pueyrredonmotos.com\/honda\/wp-content\/uploads\/2025\/06\/Honda-cb500-hornet-seguridad-1-768x305.jpg 768w, https:\/\/pueyrredonmotos.com\/honda\/wp-content\/uploads\/2025\/06\/Honda-cb500-hornet-seguridad-1-800x318.jpg 800w\" sizes=\"auto, (max-width: 1010px) 100vw, 1010px\" \/><\/a><\/p>\n<p>&nbsp;<\/p>\n<p><strong>DOBLE DISCO DELANTERO<\/strong><br \/>\nLa CB500 Hornet incorpora doble disco delantero de 296mm con pinzas Nissin de 2 pistones lo que mejora la capacidad de frenado y la respuesta inmediata. El disco trasero, de 240mm, tambi\u00e9n cuenta con una pinza Nissin de pist\u00f3n simple. El sistema ABS de doble canal brinda mayor estabilidad y control en situaciones de frenado exigente.<\/p>\n<p><a href=\"https:\/\/pueyrredonmotos.com\/honda\/wp-content\/uploads\/2025\/06\/Honda-cb500-hornet-seguridad-2.jpg\"><img loading=\"lazy\" decoding=\"async\" class=\"alignnone size-full wp-image-10549\" src=\"https:\/\/pueyrredonmotos.com\/honda\/wp-content\/uploads\/2025\/06\/Honda-cb500-hornet-seguridad-2.jpg\" alt=\"\" width=\"1010\" height=\"401\" srcset=\"https:\/\/pueyrredonmotos.com\/honda\/wp-content\/uploads\/2025\/06\/Honda-cb500-hornet-seguridad-2.jpg 1010w, https:\/\/pueyrredonmotos.com\/honda\/wp-content\/uploads\/2025\/06\/Honda-cb500-hornet-seguridad-2-300x119.jpg 300w, https:\/\/pueyrredonmotos.com\/honda\/wp-content\/uploads\/2025\/06\/Honda-cb500-hornet-seguridad-2-768x305.jpg 768w, https:\/\/pueyrredonmotos.com\/honda\/wp-content\/uploads\/2025\/06\/Honda-cb500-hornet-seguridad-2-800x318.jpg 800w\" sizes=\"auto, (max-width: 1010px) 100vw, 1010px\" \/><\/a><\/p>\n<p><strong>CONTROL DE TRACCI\u00d3N HSTC<\/strong><br \/>\nEL HSTC (Honda Selectable Torque Control) permite calcular el deslizamiento de la rueda trasera en funci\u00f3n de los sensores de velocidad de la rueda delantera y la trasera, y regular la inyecci\u00f3n de combustible para optimizar el par motor y mitigar el patinamiento.<\/p>\n<p><a href=\"https:\/\/pueyrredonmotos.com\/honda\/wp-content\/uploads\/2025\/06\/Honda-cb500-hornet-seguridad-3.jpg\"><img loading=\"lazy\" decoding=\"async\" class=\"alignnone size-full wp-image-10550\" src=\"https:\/\/pueyrredonmotos.com\/honda\/wp-content\/uploads\/2025\/06\/Honda-cb500-hornet-seguridad-3.jpg\" alt=\"\" width=\"1010\" height=\"401\" srcset=\"https:\/\/pueyrredonmotos.com\/honda\/wp-content\/uploads\/2025\/06\/Honda-cb500-hornet-seguridad-3.jpg 1010w, https:\/\/pueyrredonmotos.com\/honda\/wp-content\/uploads\/2025\/06\/Honda-cb500-hornet-seguridad-3-300x119.jpg 300w, https:\/\/pueyrredonmotos.com\/honda\/wp-content\/uploads\/2025\/06\/Honda-cb500-hornet-seguridad-3-768x305.jpg 768w, https:\/\/pueyrredonmotos.com\/honda\/wp-content\/uploads\/2025\/06\/Honda-cb500-hornet-seguridad-3-800x318.jpg 800w\" sizes=\"auto, (max-width: 1010px) 100vw, 1010px\" \/><\/a><\/p>\n<p><strong>EMERGENCY STOP SIGNAL (ESS)<\/strong><br \/>\nA trav\u00e9s del m\u00f3dulo de ABS, la nueva CB500 Hornet enciende las luces intermitentes delanteras y traseras al detectar desaceleraciones bruscas para alertar a los veh\u00edculos cercanos, contribuyendo a la seguridad del piloto.<\/p>\n<h3>TECNOLOG\u00cdA<\/h3>\n<p><a href=\"https:\/\/pueyrredonmotos.com\/honda\/wp-content\/uploads\/2025\/06\/Honda-cb500-hornet-tecnologia-1.jpg\"><img loading=\"lazy\" decoding=\"async\" class=\"alignnone size-full wp-image-10551\" src=\"https:\/\/pueyrredonmotos.com\/honda\/wp-content\/uploads\/2025\/06\/Honda-cb500-hornet-tecnologia-1.jpg\" alt=\"\" width=\"1010\" height=\"401\" srcset=\"https:\/\/pueyrredonmotos.com\/honda\/wp-content\/uploads\/2025\/06\/Honda-cb500-hornet-tecnologia-1.jpg 1010w, https:\/\/pueyrredonmotos.com\/honda\/wp-content\/uploads\/2025\/06\/Honda-cb500-hornet-tecnologia-1-300x119.jpg 300w, https:\/\/pueyrredonmotos.com\/honda\/wp-content\/uploads\/2025\/06\/Honda-cb500-hornet-tecnologia-1-768x305.jpg 768w, https:\/\/pueyrredonmotos.com\/honda\/wp-content\/uploads\/2025\/06\/Honda-cb500-hornet-tecnologia-1-800x318.jpg 800w\" sizes=\"auto, (max-width: 1010px) 100vw, 1010px\" \/><\/a><\/p>\n<p><strong>TABLERO TFT DE 5\u201d<\/strong><br \/>\nEl tablero TFT de 5\u201d muestra una infinidad de informaci\u00f3n a todo color, lo que facilita su lectura, volvi\u00e9ndolo altamente intuitivo.<\/p>\n<p><a href=\"https:\/\/pueyrredonmotos.com\/honda\/wp-content\/uploads\/2025\/06\/Honda-cb500-hornet-tecnologia-2.jpg\"><img loading=\"lazy\" decoding=\"async\" class=\"alignnone size-full wp-image-10552\" src=\"https:\/\/pueyrredonmotos.com\/honda\/wp-content\/uploads\/2025\/06\/Honda-cb500-hornet-tecnologia-2.jpg\" alt=\"\" width=\"1010\" height=\"401\" srcset=\"https:\/\/pueyrredonmotos.com\/honda\/wp-content\/uploads\/2025\/06\/Honda-cb500-hornet-tecnologia-2.jpg 1010w, https:\/\/pueyrredonmotos.com\/honda\/wp-content\/uploads\/2025\/06\/Honda-cb500-hornet-tecnologia-2-300x119.jpg 300w, https:\/\/pueyrredonmotos.com\/honda\/wp-content\/uploads\/2025\/06\/Honda-cb500-hornet-tecnologia-2-768x305.jpg 768w, https:\/\/pueyrredonmotos.com\/honda\/wp-content\/uploads\/2025\/06\/Honda-cb500-hornet-tecnologia-2-800x318.jpg 800w\" sizes=\"auto, (max-width: 1010px) 100vw, 1010px\" \/><\/a><\/p>\n<p><strong>ILUMINACI\u00d3N FULL LED<\/strong><br \/>\nTanto en el frente como en la parte posterior, la CB500 Hornet equipa luces Full LED, lo que se traduce en una visibilidad excepcional y adem\u00e1s realza el estilo moderno de la motocicleta.<\/p>\n<p><a href=\"https:\/\/pueyrredonmotos.com\/honda\/wp-content\/uploads\/2025\/06\/Honda-cb500-hornet-tecnologia-3.jpg\"><img loading=\"lazy\" decoding=\"async\" class=\"alignnone size-full wp-image-10553\" src=\"https:\/\/pueyrredonmotos.com\/honda\/wp-content\/uploads\/2025\/06\/Honda-cb500-hornet-tecnologia-3.jpg\" alt=\"\" width=\"1010\" height=\"401\" srcset=\"https:\/\/pueyrredonmotos.com\/honda\/wp-content\/uploads\/2025\/06\/Honda-cb500-hornet-tecnologia-3.jpg 1010w, https:\/\/pueyrredonmotos.com\/honda\/wp-content\/uploads\/2025\/06\/Honda-cb500-hornet-tecnologia-3-300x119.jpg 300w, https:\/\/pueyrredonmotos.com\/honda\/wp-content\/uploads\/2025\/06\/Honda-cb500-hornet-tecnologia-3-768x305.jpg 768w, https:\/\/pueyrredonmotos.com\/honda\/wp-content\/uploads\/2025\/06\/Honda-cb500-hornet-tecnologia-3-800x318.jpg 800w\" sizes=\"auto, (max-width: 1010px) 100vw, 1010px\" \/><\/a><\/p>\n<p><strong>SWITCH MULTIFUNCIONAL<\/strong><br \/>\nDel lado izquierdo del manillar, el switch multifuncional puede accionarse en 4 direcciones para ajustar m\u00faltiples configuraciones en el tablero TFT, como por ejemplo los estilos de display (BAR, CIRCLE, SIMPLE) o el color de fondo (WHITE, BLACK, AUTO). Adem\u00e1s, est\u00e1 iluminado por LED, lo que lo vuelve f\u00e1cil de ubicar y accionar, adem\u00e1s de aportar sofisticaci\u00f3n al conjunto.<\/p>\n<p><a href=\"https:\/\/motos.honda.com.ar\/uploads\/modelos\/37\/fichas_tecnicas\/37c-0ft-cb500-hornet-500-2025.pdf\">Ficha T\u00e9cnica<\/a><\/p>\n<!-- Popup open button -->\r\n<div class=\"wws-popup__open-btn wws--bg-color wws--text-color wws-shadow\">\r\n<span> Consultas por Whatsapp<\/span>\r\n<\/div>\r\n<p>&nbsp;<\/p>\r\n<p>&nbsp;<\/p>\r\n\n","protected":false},"excerpt":{"rendered":"<p><strong>Honda CB500 Hornet: potencia urbana con ADN streetfighter.<\/strong><br \/>\nCon su dise\u00f1o agresivo, motor bicil\u00edndrico de 471 cc y suspensi\u00f3n Showa, ofrece agilidad, estilo y rendimiento para la ciudad y la ruta. Equipada con doble disco delantero, control de tracci\u00f3n HSTC y tablero TFT de 5\u201d, combina tecnolog\u00eda de punta con una conducci\u00f3n \u00e1gil y precisa.<\/p>\n<p>Encontrala en <strong>Pueyrred\u00f3n Motos<\/strong>, Concesionario Oficial Honda.<\/p>\n[wpcode id=\"10175\"]\n","protected":false},"featured_media":10574,"template":"","meta":[],"product_brand":[],"product_cat":[15],"product_tag":[228],"class_list":{"0":"post-10542","1":"product","2":"type-product","3":"status-publish","4":"has-post-thumbnail","6":"product_cat-motos-0km","7":"product_tag-sport","8":"pa_marca-honda","9":"pa_modelo-cb500-hornet","11":"first","12":"instock","13":"shipping-taxable","14":"purchasable","15":"product-type-simple"},"yoast_head":"<!-- This site is optimized with the Yoast SEO Premium plugin v21.2 (Yoast SEO v27.3) - https:\/\/yoast.com\/product\/yoast-seo-premium-wordpress\/ -->\n<title>Honda CB500 Hornet - Pueyrred\u00f3n Motos<\/title>\n<meta name=\"robots\" content=\"index, follow, max-snippet:-1, max-image-preview:large, max-video-preview:-1\" \/>\n<link rel=\"canonical\" href=\"https:\/\/pueyrredonmotos.com\/honda\/producto\/honda-cb500-hornet\/\" \/>\n<meta property=\"og:locale\" content=\"es_ES\" \/>\n<meta property=\"og:type\" content=\"article\" \/>\n<meta property=\"og:title\" content=\"Honda CB500 Hornet\" \/>\n<meta property=\"og:description\" content=\"Honda CB500 Hornet: potencia urbana con ADN streetfighter. Con su dise\u00f1o agresivo, motor bicil\u00edndrico de 471 cc y suspensi\u00f3n Showa, ofrece agilidad, estilo y rendimiento para la ciudad y la ruta. Equipada con doble disco delantero, control de tracci\u00f3n HSTC y tablero TFT de 5\u201d, combina tecnolog\u00eda de punta con una conducci\u00f3n \u00e1gil y precisa.  Encontrala en Pueyrred\u00f3n Motos, Concesionario Oficial Honda.\" \/>\n<meta property=\"og:url\" content=\"https:\/\/pueyrredonmotos.com\/honda\/producto\/honda-cb500-hornet\/\" \/>\n<meta property=\"og:site_name\" content=\"Pueyrred\u00f3n Motos\" \/>\n<meta property=\"article:publisher\" content=\"https:\/\/www.facebook.com\/pueyrredonmotos.honda\" \/>\n<meta property=\"article:modified_time\" content=\"2025-06-12T19:52:43+00:00\" \/>\n<meta property=\"og:image\" content=\"https:\/\/pueyrredonmotos.com\/honda\/wp-content\/uploads\/2025\/06\/CB500-Hornet.jpg\" \/>\n\t<meta property=\"og:image:width\" content=\"752\" \/>\n\t<meta property=\"og:image:height\" content=\"752\" \/>\n\t<meta property=\"og:image:type\" content=\"image\/jpeg\" \/>\n<meta name=\"twitter:card\" content=\"summary_large_image\" \/>\n<meta name=\"twitter:label1\" content=\"Tiempo de lectura\" \/>\n\t<meta name=\"twitter:data1\" content=\"5 minutos\" \/>\n<script type=\"application\/ld+json\" class=\"yoast-schema-graph\">{\"@context\":\"https:\\\/\\\/schema.org\",\"@graph\":[{\"@type\":\"WebPage\",\"@id\":\"https:\\\/\\\/pueyrredonmotos.com\\\/honda\\\/producto\\\/honda-cb500-hornet\\\/\",\"url\":\"https:\\\/\\\/pueyrredonmotos.com\\\/honda\\\/producto\\\/honda-cb500-hornet\\\/\",\"name\":\"Honda CB500 Hornet - Pueyrred\u00f3n Motos\",\"isPartOf\":{\"@id\":\"https:\\\/\\\/pueyrredonmotos.com\\\/honda\\\/#website\"},\"primaryImageOfPage\":{\"@id\":\"https:\\\/\\\/pueyrredonmotos.com\\\/honda\\\/producto\\\/honda-cb500-hornet\\\/#primaryimage\"},\"image\":{\"@id\":\"https:\\\/\\\/pueyrredonmotos.com\\\/honda\\\/producto\\\/honda-cb500-hornet\\\/#primaryimage\"},\"thumbnailUrl\":\"https:\\\/\\\/pueyrredonmotos.com\\\/honda\\\/wp-content\\\/uploads\\\/2025\\\/06\\\/CB500-Hornet.jpg\",\"datePublished\":\"2025-06-12T17:50:06+00:00\",\"dateModified\":\"2025-06-12T19:52:43+00:00\",\"breadcrumb\":{\"@id\":\"https:\\\/\\\/pueyrredonmotos.com\\\/honda\\\/producto\\\/honda-cb500-hornet\\\/#breadcrumb\"},\"inLanguage\":\"es\",\"potentialAction\":[{\"@type\":\"ReadAction\",\"target\":[\"https:\\\/\\\/pueyrredonmotos.com\\\/honda\\\/producto\\\/honda-cb500-hornet\\\/\"]}]},{\"@type\":\"ImageObject\",\"inLanguage\":\"es\",\"@id\":\"https:\\\/\\\/pueyrredonmotos.com\\\/honda\\\/producto\\\/honda-cb500-hornet\\\/#primaryimage\",\"url\":\"https:\\\/\\\/pueyrredonmotos.com\\\/honda\\\/wp-content\\\/uploads\\\/2025\\\/06\\\/CB500-Hornet.jpg\",\"contentUrl\":\"https:\\\/\\\/pueyrredonmotos.com\\\/honda\\\/wp-content\\\/uploads\\\/2025\\\/06\\\/CB500-Hornet.jpg\",\"width\":752,\"height\":752},{\"@type\":\"BreadcrumbList\",\"@id\":\"https:\\\/\\\/pueyrredonmotos.com\\\/honda\\\/producto\\\/honda-cb500-hornet\\\/#breadcrumb\",\"itemListElement\":[{\"@type\":\"ListItem\",\"position\":1,\"name\":\"Home\",\"item\":\"https:\\\/\\\/pueyrredonmotos.com\\\/honda\\\/\"},{\"@type\":\"ListItem\",\"position\":2,\"name\":\"Cat\u00e1logo\",\"item\":\"https:\\\/\\\/pueyrredonmotos.com\\\/honda\\\/catalogo\\\/\"},{\"@type\":\"ListItem\",\"position\":3,\"name\":\"Honda CB500 Hornet\"}]},{\"@type\":\"WebSite\",\"@id\":\"https:\\\/\\\/pueyrredonmotos.com\\\/honda\\\/#website\",\"url\":\"https:\\\/\\\/pueyrredonmotos.com\\\/honda\\\/\",\"name\":\"Pueyrred\u00f3n Motos\",\"description\":\"Concesionario Oficial Honda\",\"publisher\":{\"@id\":\"https:\\\/\\\/pueyrredonmotos.com\\\/honda\\\/#organization\"},\"potentialAction\":[{\"@type\":\"SearchAction\",\"target\":{\"@type\":\"EntryPoint\",\"urlTemplate\":\"https:\\\/\\\/pueyrredonmotos.com\\\/honda\\\/?s={search_term_string}\"},\"query-input\":{\"@type\":\"PropertyValueSpecification\",\"valueRequired\":true,\"valueName\":\"search_term_string\"}}],\"inLanguage\":\"es\"},{\"@type\":\"Organization\",\"@id\":\"https:\\\/\\\/pueyrredonmotos.com\\\/honda\\\/#organization\",\"name\":\"Pueyrred\u00f3n Motos\",\"url\":\"https:\\\/\\\/pueyrredonmotos.com\\\/honda\\\/\",\"logo\":{\"@type\":\"ImageObject\",\"inLanguage\":\"es\",\"@id\":\"https:\\\/\\\/pueyrredonmotos.com\\\/honda\\\/#\\\/schema\\\/logo\\\/image\\\/\",\"url\":\"https:\\\/\\\/pueyrredonmotos.com\\\/honda\\\/wp-content\\\/uploads\\\/2023\\\/09\\\/logo-180-66.png\",\"contentUrl\":\"https:\\\/\\\/pueyrredonmotos.com\\\/honda\\\/wp-content\\\/uploads\\\/2023\\\/09\\\/logo-180-66.png\",\"width\":180,\"height\":66,\"caption\":\"Pueyrred\u00f3n Motos\"},\"image\":{\"@id\":\"https:\\\/\\\/pueyrredonmotos.com\\\/honda\\\/#\\\/schema\\\/logo\\\/image\\\/\"},\"sameAs\":[\"https:\\\/\\\/www.facebook.com\\\/pueyrredonmotos.honda\",\"https:\\\/\\\/www.instagram.com\\\/pueyrredonmotos.honda\\\/\"]}]}<\/script>\n<!-- \/ Yoast SEO Premium plugin. -->","yoast_head_json":{"title":"Honda CB500 Hornet - Pueyrred\u00f3n Motos","robots":{"index":"index","follow":"follow","max-snippet":"max-snippet:-1","max-image-preview":"max-image-preview:large","max-video-preview":"max-video-preview:-1"},"canonical":"https:\/\/pueyrredonmotos.com\/honda\/producto\/honda-cb500-hornet\/","og_locale":"es_ES","og_type":"article","og_title":"Honda CB500 Hornet","og_description":"Honda CB500 Hornet: potencia urbana con ADN streetfighter. Con su dise\u00f1o agresivo, motor bicil\u00edndrico de 471 cc y suspensi\u00f3n Showa, ofrece agilidad, estilo y rendimiento para la ciudad y la ruta. Equipada con doble disco delantero, control de tracci\u00f3n HSTC y tablero TFT de 5\u201d, combina tecnolog\u00eda de punta con una conducci\u00f3n \u00e1gil y precisa.  Encontrala en Pueyrred\u00f3n Motos, Concesionario Oficial Honda.","og_url":"https:\/\/pueyrredonmotos.com\/honda\/producto\/honda-cb500-hornet\/","og_site_name":"Pueyrred\u00f3n Motos","article_publisher":"https:\/\/www.facebook.com\/pueyrredonmotos.honda","article_modified_time":"2025-06-12T19:52:43+00:00","og_image":[{"width":752,"height":752,"url":"https:\/\/pueyrredonmotos.com\/honda\/wp-content\/uploads\/2025\/06\/CB500-Hornet.jpg","type":"image\/jpeg"}],"twitter_card":"summary_large_image","twitter_misc":{"Tiempo de lectura":"5 minutos"},"schema":{"@context":"https:\/\/schema.org","@graph":[{"@type":"WebPage","@id":"https:\/\/pueyrredonmotos.com\/honda\/producto\/honda-cb500-hornet\/","url":"https:\/\/pueyrredonmotos.com\/honda\/producto\/honda-cb500-hornet\/","name":"Honda CB500 Hornet - Pueyrred\u00f3n Motos","isPartOf":{"@id":"https:\/\/pueyrredonmotos.com\/honda\/#website"},"primaryImageOfPage":{"@id":"https:\/\/pueyrredonmotos.com\/honda\/producto\/honda-cb500-hornet\/#primaryimage"},"image":{"@id":"https:\/\/pueyrredonmotos.com\/honda\/producto\/honda-cb500-hornet\/#primaryimage"},"thumbnailUrl":"https:\/\/pueyrredonmotos.com\/honda\/wp-content\/uploads\/2025\/06\/CB500-Hornet.jpg","datePublished":"2025-06-12T17:50:06+00:00","dateModified":"2025-06-12T19:52:43+00:00","breadcrumb":{"@id":"https:\/\/pueyrredonmotos.com\/honda\/producto\/honda-cb500-hornet\/#breadcrumb"},"inLanguage":"es","potentialAction":[{"@type":"ReadAction","target":["https:\/\/pueyrredonmotos.com\/honda\/producto\/honda-cb500-hornet\/"]}]},{"@type":"ImageObject","inLanguage":"es","@id":"https:\/\/pueyrredonmotos.com\/honda\/producto\/honda-cb500-hornet\/#primaryimage","url":"https:\/\/pueyrredonmotos.com\/honda\/wp-content\/uploads\/2025\/06\/CB500-Hornet.jpg","contentUrl":"https:\/\/pueyrredonmotos.com\/honda\/wp-content\/uploads\/2025\/06\/CB500-Hornet.jpg","width":752,"height":752},{"@type":"BreadcrumbList","@id":"https:\/\/pueyrredonmotos.com\/honda\/producto\/honda-cb500-hornet\/#breadcrumb","itemListElement":[{"@type":"ListItem","position":1,"name":"Home","item":"https:\/\/pueyrredonmotos.com\/honda\/"},{"@type":"ListItem","position":2,"name":"Cat\u00e1logo","item":"https:\/\/pueyrredonmotos.com\/honda\/catalogo\/"},{"@type":"ListItem","position":3,"name":"Honda CB500 Hornet"}]},{"@type":"WebSite","@id":"https:\/\/pueyrredonmotos.com\/honda\/#website","url":"https:\/\/pueyrredonmotos.com\/honda\/","name":"Pueyrred\u00f3n Motos","description":"Concesionario Oficial Honda","publisher":{"@id":"https:\/\/pueyrredonmotos.com\/honda\/#organization"},"potentialAction":[{"@type":"SearchAction","target":{"@type":"EntryPoint","urlTemplate":"https:\/\/pueyrredonmotos.com\/honda\/?s={search_term_string}"},"query-input":{"@type":"PropertyValueSpecification","valueRequired":true,"valueName":"search_term_string"}}],"inLanguage":"es"},{"@type":"Organization","@id":"https:\/\/pueyrredonmotos.com\/honda\/#organization","name":"Pueyrred\u00f3n Motos","url":"https:\/\/pueyrredonmotos.com\/honda\/","logo":{"@type":"ImageObject","inLanguage":"es","@id":"https:\/\/pueyrredonmotos.com\/honda\/#\/schema\/logo\/image\/","url":"https:\/\/pueyrredonmotos.com\/honda\/wp-content\/uploads\/2023\/09\/logo-180-66.png","contentUrl":"https:\/\/pueyrredonmotos.com\/honda\/wp-content\/uploads\/2023\/09\/logo-180-66.png","width":180,"height":66,"caption":"Pueyrred\u00f3n Motos"},"image":{"@id":"https:\/\/pueyrredonmotos.com\/honda\/#\/schema\/logo\/image\/"},"sameAs":["https:\/\/www.facebook.com\/pueyrredonmotos.honda","https:\/\/www.instagram.com\/pueyrredonmotos.honda\/"]}]}},"_links":{"self":[{"href":"https:\/\/pueyrredonmotos.com\/honda\/wp-json\/wp\/v2\/product\/10542","targetHints":{"allow":["GET"]}}],"collection":[{"href":"https:\/\/pueyrredonmotos.com\/honda\/wp-json\/wp\/v2\/product"}],"about":[{"href":"https:\/\/pueyrredonmotos.com\/honda\/wp-json\/wp\/v2\/types\/product"}],"wp:featuredmedia":[{"embeddable":true,"href":"https:\/\/pueyrredonmotos.com\/honda\/wp-json\/wp\/v2\/media\/10574"}],"wp:attachment":[{"href":"https:\/\/pueyrredonmotos.com\/honda\/wp-json\/wp\/v2\/media?parent=10542"}],"wp:term":[{"taxonomy":"product_brand","embeddable":true,"href":"https:\/\/pueyrredonmotos.com\/honda\/wp-json\/wp\/v2\/product_brand?post=10542"},{"taxonomy":"product_cat","embeddable":true,"href":"https:\/\/pueyrredonmotos.com\/honda\/wp-json\/wp\/v2\/product_cat?post=10542"},{"taxonomy":"product_tag","embeddable":true,"href":"https:\/\/pueyrredonmotos.com\/honda\/wp-json\/wp\/v2\/product_tag?post=10542"}],"curies":[{"name":"wp","href":"https:\/\/api.w.org\/{rel}","templated":true}]}}