{"id":10381,"date":"2025-02-11T18:18:09","date_gmt":"2025-02-11T21:18:09","guid":{"rendered":"https:\/\/pueyrredonmotos.com\/honda\/?post_type=product&#038;p=10381"},"modified":"2025-02-21T20:34:17","modified_gmt":"2025-02-21T23:34:17","slug":"honda-wave-110s-disco","status":"publish","type":"product","link":"https:\/\/pueyrredonmotos.com\/honda\/producto\/honda-wave-110s-disco\/","title":{"rendered":"Honda Wave 110S Disco"},"content":{"rendered":"<p><a href=\"https:\/\/pueyrredonmotos.com\/honda\/wp-content\/uploads\/2025\/02\/honda-wave-2025.banner.png\"><img loading=\"lazy\" decoding=\"async\" class=\"alignnone size-full wp-image-10382\" src=\"https:\/\/pueyrredonmotos.com\/honda\/wp-content\/uploads\/2025\/02\/honda-wave-2025.banner.png\" alt=\"\" width=\"1400\" height=\"593\" srcset=\"https:\/\/pueyrredonmotos.com\/honda\/wp-content\/uploads\/2025\/02\/honda-wave-2025.banner.png 1400w, https:\/\/pueyrredonmotos.com\/honda\/wp-content\/uploads\/2025\/02\/honda-wave-2025.banner-300x127.png 300w, https:\/\/pueyrredonmotos.com\/honda\/wp-content\/uploads\/2025\/02\/honda-wave-2025.banner-1024x434.png 1024w, https:\/\/pueyrredonmotos.com\/honda\/wp-content\/uploads\/2025\/02\/honda-wave-2025.banner-768x325.png 768w, https:\/\/pueyrredonmotos.com\/honda\/wp-content\/uploads\/2025\/02\/honda-wave-2025.banner-800x339.png 800w\" sizes=\"auto, (max-width: 1400px) 100vw, 1400px\" \/><\/a><\/p>\n<p><strong>DISE\u00d1O:<\/strong> Renovada por completo, sus l\u00edneas aerodin\u00e1micas proyectan un estilo m\u00e1s deportivo y moderno.<\/p>\n<p><i class=\"fa fa-file-pdf-o\" aria-hidden=\"true\"><\/i> <b>Descargar Ficha T\u00e9cnica <\/b> <a href=\"https:\/\/motos.honda.com.ar\/uploads\/modelos\/21\/fichas_tecnicas\/21c-2ficha-tecnica-wave-110-disco.pdf\" target=\"_blank\" rel=\"noopener\">Freno a Disco<\/a><\/p>\n<p><img loading=\"lazy\" decoding=\"async\" class=\"alignnone size-full wp-image-7522\" src=\"https:\/\/pueyrredonmotos.com\/honda\/wp-content\/uploads\/2023\/09\/61_0s-061-0s-0nuevo-disen-o-wave.jpg\" alt=\"\" width=\"1010\" height=\"400\" srcset=\"https:\/\/pueyrredonmotos.com\/honda\/wp-content\/uploads\/2023\/09\/61_0s-061-0s-0nuevo-disen-o-wave.jpg 1010w, https:\/\/pueyrredonmotos.com\/honda\/wp-content\/uploads\/2023\/09\/61_0s-061-0s-0nuevo-disen-o-wave-800x317.jpg 800w, https:\/\/pueyrredonmotos.com\/honda\/wp-content\/uploads\/2023\/09\/61_0s-061-0s-0nuevo-disen-o-wave-300x119.jpg 300w, https:\/\/pueyrredonmotos.com\/honda\/wp-content\/uploads\/2023\/09\/61_0s-061-0s-0nuevo-disen-o-wave-768x304.jpg 768w\" sizes=\"auto, (max-width: 1010px) 100vw, 1010px\" \/><\/p>\n<p><strong>WAVE CAST DISC: <\/strong>Wave Cast Disc es la versi\u00f3n con freno delantero a disco, que adem\u00e1s incorpora llantas de aleaci\u00f3n.<\/p>\n<p><img loading=\"lazy\" decoding=\"async\" class=\"alignnone size-full wp-image-7523\" src=\"https:\/\/pueyrredonmotos.com\/honda\/wp-content\/uploads\/2023\/09\/61_1s-161-1s-1web-wave-cast-freno.jpg\" alt=\"\" width=\"1010\" height=\"401\" srcset=\"https:\/\/pueyrredonmotos.com\/honda\/wp-content\/uploads\/2023\/09\/61_1s-161-1s-1web-wave-cast-freno.jpg 1010w, https:\/\/pueyrredonmotos.com\/honda\/wp-content\/uploads\/2023\/09\/61_1s-161-1s-1web-wave-cast-freno-800x318.jpg 800w, https:\/\/pueyrredonmotos.com\/honda\/wp-content\/uploads\/2023\/09\/61_1s-161-1s-1web-wave-cast-freno-300x119.jpg 300w, https:\/\/pueyrredonmotos.com\/honda\/wp-content\/uploads\/2023\/09\/61_1s-161-1s-1web-wave-cast-freno-768x305.jpg 768w\" sizes=\"auto, (max-width: 1010px) 100vw, 1010px\" \/><\/p>\n<p><strong>MOTOR:<\/strong> Su motor 110cc refrigerado por aire te ofrece un andar suave y confortable, sumado a su bajo consumo de combustible.<\/p>\n<p><img loading=\"lazy\" decoding=\"async\" class=\"alignnone size-full wp-image-7532\" src=\"https:\/\/pueyrredonmotos.com\/honda\/wp-content\/uploads\/2023\/09\/62_0s-062-0s-0web-wave-2020-motor.jpg\" alt=\"\" width=\"1010\" height=\"401\" srcset=\"https:\/\/pueyrredonmotos.com\/honda\/wp-content\/uploads\/2023\/09\/62_0s-062-0s-0web-wave-2020-motor.jpg 1010w, https:\/\/pueyrredonmotos.com\/honda\/wp-content\/uploads\/2023\/09\/62_0s-062-0s-0web-wave-2020-motor-800x318.jpg 800w, https:\/\/pueyrredonmotos.com\/honda\/wp-content\/uploads\/2023\/09\/62_0s-062-0s-0web-wave-2020-motor-300x119.jpg 300w, https:\/\/pueyrredonmotos.com\/honda\/wp-content\/uploads\/2023\/09\/62_0s-062-0s-0web-wave-2020-motor-768x305.jpg 768w\" sizes=\"auto, (max-width: 1010px) 100vw, 1010px\" \/><\/p>\n<p><strong>CONFIABILIDAD:\u00a0<\/strong>Modelo insignia del segmento CUB de Honda, la Wave 110S se caracteriza por su durabilidad y una inigualable vida \u00fatil.<\/p>\n<p><img loading=\"lazy\" decoding=\"async\" src=\"https:\/\/pueyrredonmotos.com\/honda\/wp-content\/uploads\/2025\/02\/img-web-wave-2025-2.jpg\" alt=\"\" width=\"1010\" height=\"401\" class=\"alignnone size-full wp-image-10395\" srcset=\"https:\/\/pueyrredonmotos.com\/honda\/wp-content\/uploads\/2025\/02\/img-web-wave-2025-2.jpg 1010w, https:\/\/pueyrredonmotos.com\/honda\/wp-content\/uploads\/2025\/02\/img-web-wave-2025-2-300x119.jpg 300w, https:\/\/pueyrredonmotos.com\/honda\/wp-content\/uploads\/2025\/02\/img-web-wave-2025-2-768x305.jpg 768w, https:\/\/pueyrredonmotos.com\/honda\/wp-content\/uploads\/2025\/02\/img-web-wave-2025-2-800x318.jpg 800w\" sizes=\"auto, (max-width: 1010px) 100vw, 1010px\" \/><\/p>\n<p><strong>CALIDAD:<\/strong> Cumpliendo con los est\u00e1ndares de calidad m\u00e1s exigentes, la Wave110S est\u00e1 fabricada con atenci\u00f3n a los detalles y excelentes materiales. Ahora con freno a disco Wave Cast Disc.<\/p>\n<p><img loading=\"lazy\" decoding=\"async\" src=\"https:\/\/pueyrredonmotos.com\/honda\/wp-content\/uploads\/2025\/02\/1img-web-wave-2025-1.jpg\" alt=\"\" width=\"1010\" height=\"401\" class=\"alignnone size-full wp-image-10396\" srcset=\"https:\/\/pueyrredonmotos.com\/honda\/wp-content\/uploads\/2025\/02\/1img-web-wave-2025-1.jpg 1010w, https:\/\/pueyrredonmotos.com\/honda\/wp-content\/uploads\/2025\/02\/1img-web-wave-2025-1-300x119.jpg 300w, https:\/\/pueyrredonmotos.com\/honda\/wp-content\/uploads\/2025\/02\/1img-web-wave-2025-1-768x305.jpg 768w, https:\/\/pueyrredonmotos.com\/honda\/wp-content\/uploads\/2025\/02\/1img-web-wave-2025-1-800x318.jpg 800w\" sizes=\"auto, (max-width: 1010px) 100vw, 1010px\" \/><\/p>\n<p><strong>FACILIDAD DE MANEJO:<\/strong> Su bajo peso y su transmisi\u00f3n semi-autom\u00e1tica de 4 velocidades la convierten en la opci\u00f3n ideal para moverte por la ciudad todos los d\u00edas.<\/p>\n<p><img loading=\"lazy\" decoding=\"async\" class=\"alignnone size-full wp-image-7535\" src=\"https:\/\/pueyrredonmotos.com\/honda\/wp-content\/uploads\/2023\/09\/65_0s-065-0s-0facilidad-de-manejo-wave.jpg\" alt=\"\" width=\"1010\" height=\"400\" srcset=\"https:\/\/pueyrredonmotos.com\/honda\/wp-content\/uploads\/2023\/09\/65_0s-065-0s-0facilidad-de-manejo-wave.jpg 1010w, https:\/\/pueyrredonmotos.com\/honda\/wp-content\/uploads\/2023\/09\/65_0s-065-0s-0facilidad-de-manejo-wave-800x317.jpg 800w, https:\/\/pueyrredonmotos.com\/honda\/wp-content\/uploads\/2023\/09\/65_0s-065-0s-0facilidad-de-manejo-wave-300x119.jpg 300w, https:\/\/pueyrredonmotos.com\/honda\/wp-content\/uploads\/2023\/09\/65_0s-065-0s-0facilidad-de-manejo-wave-768x304.jpg 768w\" sizes=\"auto, (max-width: 1010px) 100vw, 1010px\" \/><\/p>\n<p><strong>ARRANQUE EL\u00c9CTRICO:<\/strong> Adem\u00e1s del arranque a patada, incorpora el nuevo arranque el\u00e9ctrico, una opci\u00f3n m\u00e1s f\u00e1cil y r\u00e1pida para encender tu Wave.<\/p>\n<p><img loading=\"lazy\" decoding=\"async\" class=\"alignnone size-full wp-image-7536\" src=\"https:\/\/pueyrredonmotos.com\/honda\/wp-content\/uploads\/2023\/09\/66_0s-066-0s-0arranque-electrico-wave.jpg\" alt=\"\" width=\"1010\" height=\"400\" srcset=\"https:\/\/pueyrredonmotos.com\/honda\/wp-content\/uploads\/2023\/09\/66_0s-066-0s-0arranque-electrico-wave.jpg 1010w, https:\/\/pueyrredonmotos.com\/honda\/wp-content\/uploads\/2023\/09\/66_0s-066-0s-0arranque-electrico-wave-800x317.jpg 800w, https:\/\/pueyrredonmotos.com\/honda\/wp-content\/uploads\/2023\/09\/66_0s-066-0s-0arranque-electrico-wave-300x119.jpg 300w, https:\/\/pueyrredonmotos.com\/honda\/wp-content\/uploads\/2023\/09\/66_0s-066-0s-0arranque-electrico-wave-768x304.jpg 768w\" sizes=\"auto, (max-width: 1010px) 100vw, 1010px\" \/><\/p>\n<!-- Popup open button -->\r\n<div class=\"wws-popup__open-btn wws--bg-color wws--text-color wws-shadow\">\r\n<span> Consultas por Whatsapp<\/span>\r\n<\/div>\r\n<p>&nbsp;<\/p>\r\n<p>&nbsp;<\/p>\r\n\n","protected":false},"excerpt":{"rendered":"<p><strong>Honda Wave 110S<\/strong>: Una Decisi\u00f3n Inteligente para quienes buscan eficiencia, estilo y durabilidad. F\u00e1cil de manejar, con frenado suave y un motor de gran potencia. La moto m\u00e1s vendida de Argentina, ahora disponible con freno a disco en cuatro impactantes colores: rojo, blanco, gris y negro.<\/p>\n<p>Encontrala en <strong>Pueyrred\u00f3n Motos<\/strong>, Concesionario Oficial Honda.<\/p>\n[wpcode id=\"10175\"]\n<hr \/>\n","protected":false},"featured_media":10393,"template":"","meta":[],"product_brand":[],"product_cat":[15],"product_tag":[194],"class_list":{"0":"post-10381","1":"product","2":"type-product","3":"status-publish","4":"has-post-thumbnail","6":"product_cat-motos-0km","7":"product_tag-cub","8":"pa_marca-honda","9":"pa_modelo-wave-110s-disco","11":"first","12":"instock","13":"shipping-taxable","14":"purchasable","15":"product-type-simple"},"yoast_head":"<!-- This site is optimized with the Yoast SEO Premium plugin v21.2 (Yoast SEO v27.3) - https:\/\/yoast.com\/product\/yoast-seo-premium-wordpress\/ -->\n<title>Honda Wave 110S Disco - Pueyrred\u00f3n Motos<\/title>\n<meta name=\"robots\" content=\"index, follow, max-snippet:-1, max-image-preview:large, max-video-preview:-1\" \/>\n<link rel=\"canonical\" href=\"https:\/\/pueyrredonmotos.com\/honda\/producto\/honda-wave-110s-disco\/\" \/>\n<meta property=\"og:locale\" content=\"es_ES\" \/>\n<meta property=\"og:type\" content=\"article\" \/>\n<meta property=\"og:title\" content=\"Honda Wave 110S Disco\" \/>\n<meta property=\"og:description\" content=\"Honda Wave 110S: Una Decisi\u00f3n Inteligente para quienes buscan eficiencia, estilo y durabilidad. F\u00e1cil de manejar, con frenado suave y un motor de gran potencia. La moto m\u00e1s vendida de Argentina, ahora disponible con freno a disco en cuatro impactantes colores: rojo, blanco, gris y negro.  Encontrala en Pueyrred\u00f3n Motos, Concesionario Oficial Honda.\" \/>\n<meta property=\"og:url\" content=\"https:\/\/pueyrredonmotos.com\/honda\/producto\/honda-wave-110s-disco\/\" \/>\n<meta property=\"og:site_name\" content=\"Pueyrred\u00f3n Motos\" \/>\n<meta property=\"article:publisher\" content=\"https:\/\/www.facebook.com\/pueyrredonmotos.honda\" \/>\n<meta property=\"article:modified_time\" content=\"2025-02-21T23:34:17+00:00\" \/>\n<meta property=\"og:image\" content=\"https:\/\/pueyrredonmotos.com\/honda\/wp-content\/uploads\/2025\/02\/web-wave-2025-blanco-disco.jpg\" \/>\n\t<meta property=\"og:image:width\" content=\"700\" \/>\n\t<meta property=\"og:image:height\" content=\"700\" \/>\n\t<meta property=\"og:image:type\" content=\"image\/jpeg\" \/>\n<meta name=\"twitter:card\" content=\"summary_large_image\" \/>\n<meta name=\"twitter:label1\" content=\"Tiempo de lectura\" \/>\n\t<meta name=\"twitter:data1\" content=\"3 minutos\" \/>\n<script type=\"application\/ld+json\" class=\"yoast-schema-graph\">{\"@context\":\"https:\\\/\\\/schema.org\",\"@graph\":[{\"@type\":\"WebPage\",\"@id\":\"https:\\\/\\\/pueyrredonmotos.com\\\/honda\\\/producto\\\/honda-wave-110s-disco\\\/\",\"url\":\"https:\\\/\\\/pueyrredonmotos.com\\\/honda\\\/producto\\\/honda-wave-110s-disco\\\/\",\"name\":\"Honda Wave 110S Disco - Pueyrred\u00f3n Motos\",\"isPartOf\":{\"@id\":\"https:\\\/\\\/pueyrredonmotos.com\\\/honda\\\/#website\"},\"primaryImageOfPage\":{\"@id\":\"https:\\\/\\\/pueyrredonmotos.com\\\/honda\\\/producto\\\/honda-wave-110s-disco\\\/#primaryimage\"},\"image\":{\"@id\":\"https:\\\/\\\/pueyrredonmotos.com\\\/honda\\\/producto\\\/honda-wave-110s-disco\\\/#primaryimage\"},\"thumbnailUrl\":\"https:\\\/\\\/pueyrredonmotos.com\\\/honda\\\/wp-content\\\/uploads\\\/2025\\\/02\\\/web-wave-2025-blanco-disco.jpg\",\"datePublished\":\"2025-02-11T21:18:09+00:00\",\"dateModified\":\"2025-02-21T23:34:17+00:00\",\"breadcrumb\":{\"@id\":\"https:\\\/\\\/pueyrredonmotos.com\\\/honda\\\/producto\\\/honda-wave-110s-disco\\\/#breadcrumb\"},\"inLanguage\":\"es\",\"potentialAction\":[{\"@type\":\"ReadAction\",\"target\":[\"https:\\\/\\\/pueyrredonmotos.com\\\/honda\\\/producto\\\/honda-wave-110s-disco\\\/\"]}]},{\"@type\":\"ImageObject\",\"inLanguage\":\"es\",\"@id\":\"https:\\\/\\\/pueyrredonmotos.com\\\/honda\\\/producto\\\/honda-wave-110s-disco\\\/#primaryimage\",\"url\":\"https:\\\/\\\/pueyrredonmotos.com\\\/honda\\\/wp-content\\\/uploads\\\/2025\\\/02\\\/web-wave-2025-blanco-disco.jpg\",\"contentUrl\":\"https:\\\/\\\/pueyrredonmotos.com\\\/honda\\\/wp-content\\\/uploads\\\/2025\\\/02\\\/web-wave-2025-blanco-disco.jpg\",\"width\":700,\"height\":700},{\"@type\":\"BreadcrumbList\",\"@id\":\"https:\\\/\\\/pueyrredonmotos.com\\\/honda\\\/producto\\\/honda-wave-110s-disco\\\/#breadcrumb\",\"itemListElement\":[{\"@type\":\"ListItem\",\"position\":1,\"name\":\"Home\",\"item\":\"https:\\\/\\\/pueyrredonmotos.com\\\/honda\\\/\"},{\"@type\":\"ListItem\",\"position\":2,\"name\":\"Cat\u00e1logo\",\"item\":\"https:\\\/\\\/pueyrredonmotos.com\\\/honda\\\/catalogo\\\/\"},{\"@type\":\"ListItem\",\"position\":3,\"name\":\"Honda Wave 110S Disco\"}]},{\"@type\":\"WebSite\",\"@id\":\"https:\\\/\\\/pueyrredonmotos.com\\\/honda\\\/#website\",\"url\":\"https:\\\/\\\/pueyrredonmotos.com\\\/honda\\\/\",\"name\":\"Pueyrred\u00f3n Motos\",\"description\":\"Concesionario Oficial Honda\",\"publisher\":{\"@id\":\"https:\\\/\\\/pueyrredonmotos.com\\\/honda\\\/#organization\"},\"potentialAction\":[{\"@type\":\"SearchAction\",\"target\":{\"@type\":\"EntryPoint\",\"urlTemplate\":\"https:\\\/\\\/pueyrredonmotos.com\\\/honda\\\/?s={search_term_string}\"},\"query-input\":{\"@type\":\"PropertyValueSpecification\",\"valueRequired\":true,\"valueName\":\"search_term_string\"}}],\"inLanguage\":\"es\"},{\"@type\":\"Organization\",\"@id\":\"https:\\\/\\\/pueyrredonmotos.com\\\/honda\\\/#organization\",\"name\":\"Pueyrred\u00f3n Motos\",\"url\":\"https:\\\/\\\/pueyrredonmotos.com\\\/honda\\\/\",\"logo\":{\"@type\":\"ImageObject\",\"inLanguage\":\"es\",\"@id\":\"https:\\\/\\\/pueyrredonmotos.com\\\/honda\\\/#\\\/schema\\\/logo\\\/image\\\/\",\"url\":\"https:\\\/\\\/pueyrredonmotos.com\\\/honda\\\/wp-content\\\/uploads\\\/2023\\\/09\\\/logo-180-66.png\",\"contentUrl\":\"https:\\\/\\\/pueyrredonmotos.com\\\/honda\\\/wp-content\\\/uploads\\\/2023\\\/09\\\/logo-180-66.png\",\"width\":180,\"height\":66,\"caption\":\"Pueyrred\u00f3n Motos\"},\"image\":{\"@id\":\"https:\\\/\\\/pueyrredonmotos.com\\\/honda\\\/#\\\/schema\\\/logo\\\/image\\\/\"},\"sameAs\":[\"https:\\\/\\\/www.facebook.com\\\/pueyrredonmotos.honda\",\"https:\\\/\\\/www.instagram.com\\\/pueyrredonmotos.honda\\\/\"]}]}<\/script>\n<!-- \/ Yoast SEO Premium plugin. -->","yoast_head_json":{"title":"Honda Wave 110S Disco - Pueyrred\u00f3n Motos","robots":{"index":"index","follow":"follow","max-snippet":"max-snippet:-1","max-image-preview":"max-image-preview:large","max-video-preview":"max-video-preview:-1"},"canonical":"https:\/\/pueyrredonmotos.com\/honda\/producto\/honda-wave-110s-disco\/","og_locale":"es_ES","og_type":"article","og_title":"Honda Wave 110S Disco","og_description":"Honda Wave 110S: Una Decisi\u00f3n Inteligente para quienes buscan eficiencia, estilo y durabilidad. F\u00e1cil de manejar, con frenado suave y un motor de gran potencia. La moto m\u00e1s vendida de Argentina, ahora disponible con freno a disco en cuatro impactantes colores: rojo, blanco, gris y negro.  Encontrala en Pueyrred\u00f3n Motos, Concesionario Oficial Honda.","og_url":"https:\/\/pueyrredonmotos.com\/honda\/producto\/honda-wave-110s-disco\/","og_site_name":"Pueyrred\u00f3n Motos","article_publisher":"https:\/\/www.facebook.com\/pueyrredonmotos.honda","article_modified_time":"2025-02-21T23:34:17+00:00","og_image":[{"width":700,"height":700,"url":"https:\/\/pueyrredonmotos.com\/honda\/wp-content\/uploads\/2025\/02\/web-wave-2025-blanco-disco.jpg","type":"image\/jpeg"}],"twitter_card":"summary_large_image","twitter_misc":{"Tiempo de lectura":"3 minutos"},"schema":{"@context":"https:\/\/schema.org","@graph":[{"@type":"WebPage","@id":"https:\/\/pueyrredonmotos.com\/honda\/producto\/honda-wave-110s-disco\/","url":"https:\/\/pueyrredonmotos.com\/honda\/producto\/honda-wave-110s-disco\/","name":"Honda Wave 110S Disco - Pueyrred\u00f3n Motos","isPartOf":{"@id":"https:\/\/pueyrredonmotos.com\/honda\/#website"},"primaryImageOfPage":{"@id":"https:\/\/pueyrredonmotos.com\/honda\/producto\/honda-wave-110s-disco\/#primaryimage"},"image":{"@id":"https:\/\/pueyrredonmotos.com\/honda\/producto\/honda-wave-110s-disco\/#primaryimage"},"thumbnailUrl":"https:\/\/pueyrredonmotos.com\/honda\/wp-content\/uploads\/2025\/02\/web-wave-2025-blanco-disco.jpg","datePublished":"2025-02-11T21:18:09+00:00","dateModified":"2025-02-21T23:34:17+00:00","breadcrumb":{"@id":"https:\/\/pueyrredonmotos.com\/honda\/producto\/honda-wave-110s-disco\/#breadcrumb"},"inLanguage":"es","potentialAction":[{"@type":"ReadAction","target":["https:\/\/pueyrredonmotos.com\/honda\/producto\/honda-wave-110s-disco\/"]}]},{"@type":"ImageObject","inLanguage":"es","@id":"https:\/\/pueyrredonmotos.com\/honda\/producto\/honda-wave-110s-disco\/#primaryimage","url":"https:\/\/pueyrredonmotos.com\/honda\/wp-content\/uploads\/2025\/02\/web-wave-2025-blanco-disco.jpg","contentUrl":"https:\/\/pueyrredonmotos.com\/honda\/wp-content\/uploads\/2025\/02\/web-wave-2025-blanco-disco.jpg","width":700,"height":700},{"@type":"BreadcrumbList","@id":"https:\/\/pueyrredonmotos.com\/honda\/producto\/honda-wave-110s-disco\/#breadcrumb","itemListElement":[{"@type":"ListItem","position":1,"name":"Home","item":"https:\/\/pueyrredonmotos.com\/honda\/"},{"@type":"ListItem","position":2,"name":"Cat\u00e1logo","item":"https:\/\/pueyrredonmotos.com\/honda\/catalogo\/"},{"@type":"ListItem","position":3,"name":"Honda Wave 110S Disco"}]},{"@type":"WebSite","@id":"https:\/\/pueyrredonmotos.com\/honda\/#website","url":"https:\/\/pueyrredonmotos.com\/honda\/","name":"Pueyrred\u00f3n Motos","description":"Concesionario Oficial Honda","publisher":{"@id":"https:\/\/pueyrredonmotos.com\/honda\/#organization"},"potentialAction":[{"@type":"SearchAction","target":{"@type":"EntryPoint","urlTemplate":"https:\/\/pueyrredonmotos.com\/honda\/?s={search_term_string}"},"query-input":{"@type":"PropertyValueSpecification","valueRequired":true,"valueName":"search_term_string"}}],"inLanguage":"es"},{"@type":"Organization","@id":"https:\/\/pueyrredonmotos.com\/honda\/#organization","name":"Pueyrred\u00f3n Motos","url":"https:\/\/pueyrredonmotos.com\/honda\/","logo":{"@type":"ImageObject","inLanguage":"es","@id":"https:\/\/pueyrredonmotos.com\/honda\/#\/schema\/logo\/image\/","url":"https:\/\/pueyrredonmotos.com\/honda\/wp-content\/uploads\/2023\/09\/logo-180-66.png","contentUrl":"https:\/\/pueyrredonmotos.com\/honda\/wp-content\/uploads\/2023\/09\/logo-180-66.png","width":180,"height":66,"caption":"Pueyrred\u00f3n Motos"},"image":{"@id":"https:\/\/pueyrredonmotos.com\/honda\/#\/schema\/logo\/image\/"},"sameAs":["https:\/\/www.facebook.com\/pueyrredonmotos.honda","https:\/\/www.instagram.com\/pueyrredonmotos.honda\/"]}]}},"_links":{"self":[{"href":"https:\/\/pueyrredonmotos.com\/honda\/wp-json\/wp\/v2\/product\/10381","targetHints":{"allow":["GET"]}}],"collection":[{"href":"https:\/\/pueyrredonmotos.com\/honda\/wp-json\/wp\/v2\/product"}],"about":[{"href":"https:\/\/pueyrredonmotos.com\/honda\/wp-json\/wp\/v2\/types\/product"}],"wp:featuredmedia":[{"embeddable":true,"href":"https:\/\/pueyrredonmotos.com\/honda\/wp-json\/wp\/v2\/media\/10393"}],"wp:attachment":[{"href":"https:\/\/pueyrredonmotos.com\/honda\/wp-json\/wp\/v2\/media?parent=10381"}],"wp:term":[{"taxonomy":"product_brand","embeddable":true,"href":"https:\/\/pueyrredonmotos.com\/honda\/wp-json\/wp\/v2\/product_brand?post=10381"},{"taxonomy":"product_cat","embeddable":true,"href":"https:\/\/pueyrredonmotos.com\/honda\/wp-json\/wp\/v2\/product_cat?post=10381"},{"taxonomy":"product_tag","embeddable":true,"href":"https:\/\/pueyrredonmotos.com\/honda\/wp-json\/wp\/v2\/product_tag?post=10381"}],"curies":[{"name":"wp","href":"https:\/\/api.w.org\/{rel}","templated":true}]}}