{"id":10356,"date":"2025-02-06T21:39:07","date_gmt":"2025-02-07T00:39:07","guid":{"rendered":"https:\/\/pueyrredonmotos.com\/honda\/?post_type=product&#038;p=10356"},"modified":"2025-10-16T15:11:53","modified_gmt":"2025-10-16T18:11:53","slug":"honda-trx-420","status":"publish","type":"product","link":"https:\/\/pueyrredonmotos.com\/honda\/producto\/honda-trx-420\/","title":{"rendered":"Honda TRX 420"},"content":{"rendered":"<p><a href=\"https:\/\/pueyrredonmotos.com\/honda\/wp-content\/uploads\/2025\/02\/honda-trx420-banner.jpg\"><img loading=\"lazy\" decoding=\"async\" class=\"alignnone size-full wp-image-10357\" src=\"https:\/\/pueyrredonmotos.com\/honda\/wp-content\/uploads\/2025\/02\/honda-trx420-banner.jpg\" alt=\"\" width=\"1400\" height=\"593\" srcset=\"https:\/\/pueyrredonmotos.com\/honda\/wp-content\/uploads\/2025\/02\/honda-trx420-banner.jpg 1400w, https:\/\/pueyrredonmotos.com\/honda\/wp-content\/uploads\/2025\/02\/honda-trx420-banner-300x127.jpg 300w, https:\/\/pueyrredonmotos.com\/honda\/wp-content\/uploads\/2025\/02\/honda-trx420-banner-1024x434.jpg 1024w, https:\/\/pueyrredonmotos.com\/honda\/wp-content\/uploads\/2025\/02\/honda-trx420-banner-768x325.jpg 768w, https:\/\/pueyrredonmotos.com\/honda\/wp-content\/uploads\/2025\/02\/honda-trx420-banner-800x339.jpg 800w\" sizes=\"auto, (max-width: 1400px) 100vw, 1400px\" \/><\/a><\/p>\n<h3>DISE\u00d1O<\/h3>\n<p><a href=\"https:\/\/pueyrredonmotos.com\/honda\/wp-content\/uploads\/2025\/02\/honda-trx420-diseno.jpg\"><img loading=\"lazy\" decoding=\"async\" class=\"alignnone size-full wp-image-10358\" src=\"https:\/\/pueyrredonmotos.com\/honda\/wp-content\/uploads\/2025\/02\/honda-trx420-diseno.jpg\" alt=\"\" width=\"1010\" height=\"401\" srcset=\"https:\/\/pueyrredonmotos.com\/honda\/wp-content\/uploads\/2025\/02\/honda-trx420-diseno.jpg 1010w, https:\/\/pueyrredonmotos.com\/honda\/wp-content\/uploads\/2025\/02\/honda-trx420-diseno-300x119.jpg 300w, https:\/\/pueyrredonmotos.com\/honda\/wp-content\/uploads\/2025\/02\/honda-trx420-diseno-768x305.jpg 768w, https:\/\/pueyrredonmotos.com\/honda\/wp-content\/uploads\/2025\/02\/honda-trx420-diseno-800x318.jpg 800w\" sizes=\"auto, (max-width: 1010px) 100vw, 1010px\" \/><\/a><\/p>\n<p><strong>ROBUSTO Y AVENTURERO<\/strong><br \/>\nEl estilo musculoso del nuevo TRX 420 demuestra que est\u00e1 listo para las aventuras o trabajos m\u00e1s exigentes.<\/p>\n<h3>MOTOR<\/h3>\n<p><a href=\"https:\/\/pueyrredonmotos.com\/honda\/wp-content\/uploads\/2025\/02\/honda-trx420-motor.jpg\"><img loading=\"lazy\" decoding=\"async\" class=\"alignnone size-full wp-image-10359\" src=\"https:\/\/pueyrredonmotos.com\/honda\/wp-content\/uploads\/2025\/02\/honda-trx420-motor.jpg\" alt=\"\" width=\"1010\" height=\"401\" srcset=\"https:\/\/pueyrredonmotos.com\/honda\/wp-content\/uploads\/2025\/02\/honda-trx420-motor.jpg 1010w, https:\/\/pueyrredonmotos.com\/honda\/wp-content\/uploads\/2025\/02\/honda-trx420-motor-300x119.jpg 300w, https:\/\/pueyrredonmotos.com\/honda\/wp-content\/uploads\/2025\/02\/honda-trx420-motor-768x305.jpg 768w, https:\/\/pueyrredonmotos.com\/honda\/wp-content\/uploads\/2025\/02\/honda-trx420-motor-800x318.jpg 800w\" sizes=\"auto, (max-width: 1010px) 100vw, 1010px\" \/><\/a><\/p>\n<p><strong>PREPARADO PARA LA EXIGENCIA<\/strong><br \/>\nEl potente motor de 420cc de disposici\u00f3n longitudinal ofrece grandes prestaciones en t\u00e9rminos de torque y potencia.<\/p>\n<h3>INYECCI\u00d3N ELECTR\u00d3NICA<\/h3>\n<p><a href=\"https:\/\/pueyrredonmotos.com\/honda\/wp-content\/uploads\/2025\/02\/honda-trx420-inyeccion.jpg\"><img loading=\"lazy\" decoding=\"async\" class=\"alignnone size-full wp-image-10360\" src=\"https:\/\/pueyrredonmotos.com\/honda\/wp-content\/uploads\/2025\/02\/honda-trx420-inyeccion.jpg\" alt=\"\" width=\"1010\" height=\"401\" srcset=\"https:\/\/pueyrredonmotos.com\/honda\/wp-content\/uploads\/2025\/02\/honda-trx420-inyeccion.jpg 1010w, https:\/\/pueyrredonmotos.com\/honda\/wp-content\/uploads\/2025\/02\/honda-trx420-inyeccion-300x119.jpg 300w, https:\/\/pueyrredonmotos.com\/honda\/wp-content\/uploads\/2025\/02\/honda-trx420-inyeccion-768x305.jpg 768w, https:\/\/pueyrredonmotos.com\/honda\/wp-content\/uploads\/2025\/02\/honda-trx420-inyeccion-800x318.jpg 800w\" sizes=\"auto, (max-width: 1010px) 100vw, 1010px\" \/><\/a><\/p>\n<p><strong>M\u00c1XIMA EFICIENCIA<\/strong><br \/>\nEl sistema de inyecci\u00f3n programada de combustible no solo garantiza un funcionamiento sin problemas a bajas temperaturas o en diferentes altitudes, sino tambi\u00e9n un nivel reducido de emisiones y la m\u00e1s alta eficiencia de combustible.<\/p>\n<h3>CONFORT<\/h3>\n<p><a href=\"https:\/\/pueyrredonmotos.com\/honda\/wp-content\/uploads\/2025\/02\/honda-trx-420-confort.jpg\"><img loading=\"lazy\" decoding=\"async\" class=\"alignnone size-full wp-image-10361\" src=\"https:\/\/pueyrredonmotos.com\/honda\/wp-content\/uploads\/2025\/02\/honda-trx-420-confort.jpg\" alt=\"\" width=\"1010\" height=\"401\" srcset=\"https:\/\/pueyrredonmotos.com\/honda\/wp-content\/uploads\/2025\/02\/honda-trx-420-confort.jpg 1010w, https:\/\/pueyrredonmotos.com\/honda\/wp-content\/uploads\/2025\/02\/honda-trx-420-confort-300x119.jpg 300w, https:\/\/pueyrredonmotos.com\/honda\/wp-content\/uploads\/2025\/02\/honda-trx-420-confort-768x305.jpg 768w, https:\/\/pueyrredonmotos.com\/honda\/wp-content\/uploads\/2025\/02\/honda-trx-420-confort-800x318.jpg 800w\" sizes=\"auto, (max-width: 1010px) 100vw, 1010px\" \/><\/a><\/p>\n<p><strong>POSICI\u00d3N DE MANEJO C\u00d3MODA<\/strong><br \/>\nEl tri\u00e1ngulo barra-asiento-estriberas se combina con una suspensi\u00f3n mullida para brindar una ergonom\u00eda de m\u00e1ximo confort.<\/p>\n<h3>CAPACIDAD DE CARGA<\/h3>\n<p><a href=\"https:\/\/pueyrredonmotos.com\/honda\/wp-content\/uploads\/2025\/02\/honda-trx-420-carga.2.jpg\"><img loading=\"lazy\" decoding=\"async\" class=\"alignnone size-full wp-image-10362\" src=\"https:\/\/pueyrredonmotos.com\/honda\/wp-content\/uploads\/2025\/02\/honda-trx-420-carga.2.jpg\" alt=\"\" width=\"1010\" height=\"401\" srcset=\"https:\/\/pueyrredonmotos.com\/honda\/wp-content\/uploads\/2025\/02\/honda-trx-420-carga.2.jpg 1010w, https:\/\/pueyrredonmotos.com\/honda\/wp-content\/uploads\/2025\/02\/honda-trx-420-carga.2-300x119.jpg 300w, https:\/\/pueyrredonmotos.com\/honda\/wp-content\/uploads\/2025\/02\/honda-trx-420-carga.2-768x305.jpg 768w, https:\/\/pueyrredonmotos.com\/honda\/wp-content\/uploads\/2025\/02\/honda-trx-420-carga.2-800x318.jpg 800w\" sizes=\"auto, (max-width: 1010px) 100vw, 1010px\" \/><\/a> <a href=\"https:\/\/pueyrredonmotos.com\/honda\/wp-content\/uploads\/2025\/02\/honda-trx-420-carga.jpg\"><img loading=\"lazy\" decoding=\"async\" class=\"alignnone size-full wp-image-10363\" src=\"https:\/\/pueyrredonmotos.com\/honda\/wp-content\/uploads\/2025\/02\/honda-trx-420-carga.jpg\" alt=\"\" width=\"1010\" height=\"401\" srcset=\"https:\/\/pueyrredonmotos.com\/honda\/wp-content\/uploads\/2025\/02\/honda-trx-420-carga.jpg 1010w, https:\/\/pueyrredonmotos.com\/honda\/wp-content\/uploads\/2025\/02\/honda-trx-420-carga-300x119.jpg 300w, https:\/\/pueyrredonmotos.com\/honda\/wp-content\/uploads\/2025\/02\/honda-trx-420-carga-768x305.jpg 768w, https:\/\/pueyrredonmotos.com\/honda\/wp-content\/uploads\/2025\/02\/honda-trx-420-carga-800x318.jpg 800w\" sizes=\"auto, (max-width: 1010px) 100vw, 1010px\" \/><\/a><\/p>\n<p><strong>QUE NO FALTE NADA<\/strong><br \/>\nLa parrilla de acero delantera tiene una capacidad de carga m\u00e1xima de 30 kg, mientras que la parrilla trasera soporta hasta 60 kg.<\/p>\n<h3>TABLERO DE INSTRUMENTOS DIGITAL<\/h3>\n<p><a href=\"https:\/\/pueyrredonmotos.com\/honda\/wp-content\/uploads\/2025\/02\/honda-trx-420-tablero.jpg\"><img loading=\"lazy\" decoding=\"async\" class=\"alignnone size-full wp-image-10364\" src=\"https:\/\/pueyrredonmotos.com\/honda\/wp-content\/uploads\/2025\/02\/honda-trx-420-tablero.jpg\" alt=\"\" width=\"1010\" height=\"401\" srcset=\"https:\/\/pueyrredonmotos.com\/honda\/wp-content\/uploads\/2025\/02\/honda-trx-420-tablero.jpg 1010w, https:\/\/pueyrredonmotos.com\/honda\/wp-content\/uploads\/2025\/02\/honda-trx-420-tablero-300x119.jpg 300w, https:\/\/pueyrredonmotos.com\/honda\/wp-content\/uploads\/2025\/02\/honda-trx-420-tablero-768x305.jpg 768w, https:\/\/pueyrredonmotos.com\/honda\/wp-content\/uploads\/2025\/02\/honda-trx-420-tablero-800x318.jpg 800w\" sizes=\"auto, (max-width: 1010px) 100vw, 1010px\" \/><\/a><\/p>\n<p><strong>TODA LA INFORMACI\u00d3N NECESARIA, A SIMPLE VISTA<\/strong><br \/>\nDisponible en la versi\u00f3n FM, el tablero digital es de f\u00e1cil lectura y cuenta con toda la informaci\u00f3n necesaria: veloc\u00edmetro, od\u00f3metro, marcha engranada, combustible, reloj, indicador de mantenimiento, entre otras funciones.<\/p>\n<h3>TRAXLOK\u00ae<\/h3>\n<p><a href=\"https:\/\/pueyrredonmotos.com\/honda\/wp-content\/uploads\/2025\/02\/honda-trx-420-traxlok.jpg\"><img loading=\"lazy\" decoding=\"async\" class=\"alignnone size-full wp-image-10365\" src=\"https:\/\/pueyrredonmotos.com\/honda\/wp-content\/uploads\/2025\/02\/honda-trx-420-traxlok.jpg\" alt=\"\" width=\"1010\" height=\"401\" srcset=\"https:\/\/pueyrredonmotos.com\/honda\/wp-content\/uploads\/2025\/02\/honda-trx-420-traxlok.jpg 1010w, https:\/\/pueyrredonmotos.com\/honda\/wp-content\/uploads\/2025\/02\/honda-trx-420-traxlok-300x119.jpg 300w, https:\/\/pueyrredonmotos.com\/honda\/wp-content\/uploads\/2025\/02\/honda-trx-420-traxlok-768x305.jpg 768w, https:\/\/pueyrredonmotos.com\/honda\/wp-content\/uploads\/2025\/02\/honda-trx-420-traxlok-800x318.jpg 800w\" sizes=\"auto, (max-width: 1010px) 100vw, 1010px\" \/><\/a><\/p>\n<p><strong>M\u00c1XIMA VERSATILIDAD<\/strong><br \/>\nDisponible en la versi\u00f3n FM, el sistema TraxLok\u00ae permite alternar instant\u00e1neamente entre tracci\u00f3n 4&#215;2 o 4&#215;4, pudiendo as\u00ed elegir entre mayor maniobrabilidad (4&#215;2) o m\u00e1xima tracci\u00f3n (4&#215;4).<\/p>\n<p><a href=\"https:\/\/motos.honda.com.ar\/uploads\/modelos\/45\/fichas_tecnicas\/45c-0ficha-tecnica-trx420.pdf\">Ficha T\u00e9cnica<\/a><\/p>\n<!-- Popup open button -->\r\n<div class=\"wws-popup__open-btn wws--bg-color wws--text-color wws-shadow\">\r\n<span> Consultas por Whatsapp<\/span>\r\n<\/div>\r\n<p>&nbsp;<\/p>\r\n<p>&nbsp;<\/p>\r\n\n<div class=\"sliding_box_child active-elem\">\n<div class=\"sb-image\"><img decoding=\"async\" src=\"https:\/\/pueyrredonmotos.com\/honda\/wp-content\/uploads\/2025\/09\/CR1200CH-1.jpg\"><\/div>\n<div class=\"sb_content_wrapper\">\n<h4>Accesorios<\/h4>\n<p>Contanos c\u00f3mo us\u00e1s tu ATV y nosotros te ayudamos a elegir el accesorio que te simplifique el trabajo.<\/p>\n<div class=\"sb-btncontainer\"><a href=\"https:\/\/pueyrredonmotos.com\/honda\/accesorios-atv\/\" target=\"_self\" title=\"\" class=\"tt_button tt_secondary_button \">VER TODOS<\/a><\/div>\n<\/div>\n<\/div>\n","protected":false},"excerpt":{"rendered":"<p><strong>Honda TRX 420:<\/strong>\u00a0Descubre un ATV vers\u00e1til y potente dise\u00f1ado para el trabajo y la diversi\u00f3n. Con su dise\u00f1o lujoso y motor de inyecci\u00f3n, es ideal para cualquier terreno en Argentina. \u00a1Experimenta su rendimiento excepcional ahora!<\/p>\n<p>Encontrala en <strong>Pueyrred\u00f3n Motos<\/strong>, Concesionario Oficial Honda.<\/p>\n[wpcode id=\"10175\"]\n","protected":false},"featured_media":10367,"template":"","meta":[],"product_brand":[],"product_cat":[15],"product_tag":[196],"class_list":{"0":"post-10356","1":"product","2":"type-product","3":"status-publish","4":"has-post-thumbnail","6":"product_cat-motos-0km","7":"product_tag-atv","8":"pa_marca-honda","9":"pa_modelo-trx420","11":"first","12":"instock","13":"shipping-taxable","14":"purchasable","15":"product-type-simple"},"yoast_head":"<!-- This site is optimized with the Yoast SEO Premium plugin v21.2 (Yoast SEO v27.3) - https:\/\/yoast.com\/product\/yoast-seo-premium-wordpress\/ -->\n<title>Honda TRX 420 - Pueyrred\u00f3n Motos<\/title>\n<meta name=\"robots\" content=\"index, follow, max-snippet:-1, max-image-preview:large, max-video-preview:-1\" \/>\n<link rel=\"canonical\" href=\"https:\/\/pueyrredonmotos.com\/honda\/producto\/honda-trx-420\/\" \/>\n<meta property=\"og:locale\" content=\"es_ES\" \/>\n<meta property=\"og:type\" content=\"article\" \/>\n<meta property=\"og:title\" content=\"Honda TRX 420\" \/>\n<meta property=\"og:description\" content=\"Honda TRX 420:\u00a0Descubre un ATV vers\u00e1til y potente dise\u00f1ado para el trabajo y la diversi\u00f3n. Con su dise\u00f1o lujoso y motor de inyecci\u00f3n, es ideal para cualquier terreno en Argentina. \u00a1Experimenta su rendimiento excepcional ahora!  Encontrala en Pueyrred\u00f3n Motos, Concesionario Oficial Honda.\" \/>\n<meta property=\"og:url\" content=\"https:\/\/pueyrredonmotos.com\/honda\/producto\/honda-trx-420\/\" \/>\n<meta property=\"og:site_name\" content=\"Pueyrred\u00f3n Motos\" \/>\n<meta property=\"article:publisher\" content=\"https:\/\/www.facebook.com\/pueyrredonmotos.honda\" \/>\n<meta property=\"article:modified_time\" content=\"2025-10-16T18:11:53+00:00\" \/>\n<meta property=\"og:image\" content=\"https:\/\/pueyrredonmotos.com\/honda\/wp-content\/uploads\/2025\/02\/trx420-rojo-320x320-1.jpg\" \/>\n\t<meta property=\"og:image:width\" content=\"320\" \/>\n\t<meta property=\"og:image:height\" content=\"320\" \/>\n\t<meta property=\"og:image:type\" content=\"image\/jpeg\" \/>\n<meta name=\"twitter:card\" content=\"summary_large_image\" \/>\n<meta name=\"twitter:label1\" content=\"Tiempo de lectura\" \/>\n\t<meta name=\"twitter:data1\" content=\"4 minutos\" \/>\n<script type=\"application\/ld+json\" class=\"yoast-schema-graph\">{\"@context\":\"https:\\\/\\\/schema.org\",\"@graph\":[{\"@type\":\"WebPage\",\"@id\":\"https:\\\/\\\/pueyrredonmotos.com\\\/honda\\\/producto\\\/honda-trx-420\\\/\",\"url\":\"https:\\\/\\\/pueyrredonmotos.com\\\/honda\\\/producto\\\/honda-trx-420\\\/\",\"name\":\"Honda TRX 420 - Pueyrred\u00f3n Motos\",\"isPartOf\":{\"@id\":\"https:\\\/\\\/pueyrredonmotos.com\\\/honda\\\/#website\"},\"primaryImageOfPage\":{\"@id\":\"https:\\\/\\\/pueyrredonmotos.com\\\/honda\\\/producto\\\/honda-trx-420\\\/#primaryimage\"},\"image\":{\"@id\":\"https:\\\/\\\/pueyrredonmotos.com\\\/honda\\\/producto\\\/honda-trx-420\\\/#primaryimage\"},\"thumbnailUrl\":\"https:\\\/\\\/pueyrredonmotos.com\\\/honda\\\/wp-content\\\/uploads\\\/2025\\\/02\\\/trx420-rojo-320x320-1.jpg\",\"datePublished\":\"2025-02-07T00:39:07+00:00\",\"dateModified\":\"2025-10-16T18:11:53+00:00\",\"breadcrumb\":{\"@id\":\"https:\\\/\\\/pueyrredonmotos.com\\\/honda\\\/producto\\\/honda-trx-420\\\/#breadcrumb\"},\"inLanguage\":\"es\",\"potentialAction\":[{\"@type\":\"ReadAction\",\"target\":[\"https:\\\/\\\/pueyrredonmotos.com\\\/honda\\\/producto\\\/honda-trx-420\\\/\"]}]},{\"@type\":\"ImageObject\",\"inLanguage\":\"es\",\"@id\":\"https:\\\/\\\/pueyrredonmotos.com\\\/honda\\\/producto\\\/honda-trx-420\\\/#primaryimage\",\"url\":\"https:\\\/\\\/pueyrredonmotos.com\\\/honda\\\/wp-content\\\/uploads\\\/2025\\\/02\\\/trx420-rojo-320x320-1.jpg\",\"contentUrl\":\"https:\\\/\\\/pueyrredonmotos.com\\\/honda\\\/wp-content\\\/uploads\\\/2025\\\/02\\\/trx420-rojo-320x320-1.jpg\",\"width\":320,\"height\":320},{\"@type\":\"BreadcrumbList\",\"@id\":\"https:\\\/\\\/pueyrredonmotos.com\\\/honda\\\/producto\\\/honda-trx-420\\\/#breadcrumb\",\"itemListElement\":[{\"@type\":\"ListItem\",\"position\":1,\"name\":\"Home\",\"item\":\"https:\\\/\\\/pueyrredonmotos.com\\\/honda\\\/\"},{\"@type\":\"ListItem\",\"position\":2,\"name\":\"Cat\u00e1logo\",\"item\":\"https:\\\/\\\/pueyrredonmotos.com\\\/honda\\\/catalogo\\\/\"},{\"@type\":\"ListItem\",\"position\":3,\"name\":\"Honda TRX 420\"}]},{\"@type\":\"WebSite\",\"@id\":\"https:\\\/\\\/pueyrredonmotos.com\\\/honda\\\/#website\",\"url\":\"https:\\\/\\\/pueyrredonmotos.com\\\/honda\\\/\",\"name\":\"Pueyrred\u00f3n Motos\",\"description\":\"Concesionario Oficial Honda\",\"publisher\":{\"@id\":\"https:\\\/\\\/pueyrredonmotos.com\\\/honda\\\/#organization\"},\"potentialAction\":[{\"@type\":\"SearchAction\",\"target\":{\"@type\":\"EntryPoint\",\"urlTemplate\":\"https:\\\/\\\/pueyrredonmotos.com\\\/honda\\\/?s={search_term_string}\"},\"query-input\":{\"@type\":\"PropertyValueSpecification\",\"valueRequired\":true,\"valueName\":\"search_term_string\"}}],\"inLanguage\":\"es\"},{\"@type\":\"Organization\",\"@id\":\"https:\\\/\\\/pueyrredonmotos.com\\\/honda\\\/#organization\",\"name\":\"Pueyrred\u00f3n Motos\",\"url\":\"https:\\\/\\\/pueyrredonmotos.com\\\/honda\\\/\",\"logo\":{\"@type\":\"ImageObject\",\"inLanguage\":\"es\",\"@id\":\"https:\\\/\\\/pueyrredonmotos.com\\\/honda\\\/#\\\/schema\\\/logo\\\/image\\\/\",\"url\":\"https:\\\/\\\/pueyrredonmotos.com\\\/honda\\\/wp-content\\\/uploads\\\/2023\\\/09\\\/logo-180-66.png\",\"contentUrl\":\"https:\\\/\\\/pueyrredonmotos.com\\\/honda\\\/wp-content\\\/uploads\\\/2023\\\/09\\\/logo-180-66.png\",\"width\":180,\"height\":66,\"caption\":\"Pueyrred\u00f3n Motos\"},\"image\":{\"@id\":\"https:\\\/\\\/pueyrredonmotos.com\\\/honda\\\/#\\\/schema\\\/logo\\\/image\\\/\"},\"sameAs\":[\"https:\\\/\\\/www.facebook.com\\\/pueyrredonmotos.honda\",\"https:\\\/\\\/www.instagram.com\\\/pueyrredonmotos.honda\\\/\"]}]}<\/script>\n<!-- \/ Yoast SEO Premium plugin. -->","yoast_head_json":{"title":"Honda TRX 420 - Pueyrred\u00f3n Motos","robots":{"index":"index","follow":"follow","max-snippet":"max-snippet:-1","max-image-preview":"max-image-preview:large","max-video-preview":"max-video-preview:-1"},"canonical":"https:\/\/pueyrredonmotos.com\/honda\/producto\/honda-trx-420\/","og_locale":"es_ES","og_type":"article","og_title":"Honda TRX 420","og_description":"Honda TRX 420:\u00a0Descubre un ATV vers\u00e1til y potente dise\u00f1ado para el trabajo y la diversi\u00f3n. Con su dise\u00f1o lujoso y motor de inyecci\u00f3n, es ideal para cualquier terreno en Argentina. \u00a1Experimenta su rendimiento excepcional ahora!  Encontrala en Pueyrred\u00f3n Motos, Concesionario Oficial Honda.","og_url":"https:\/\/pueyrredonmotos.com\/honda\/producto\/honda-trx-420\/","og_site_name":"Pueyrred\u00f3n Motos","article_publisher":"https:\/\/www.facebook.com\/pueyrredonmotos.honda","article_modified_time":"2025-10-16T18:11:53+00:00","og_image":[{"width":320,"height":320,"url":"https:\/\/pueyrredonmotos.com\/honda\/wp-content\/uploads\/2025\/02\/trx420-rojo-320x320-1.jpg","type":"image\/jpeg"}],"twitter_card":"summary_large_image","twitter_misc":{"Tiempo de lectura":"4 minutos"},"schema":{"@context":"https:\/\/schema.org","@graph":[{"@type":"WebPage","@id":"https:\/\/pueyrredonmotos.com\/honda\/producto\/honda-trx-420\/","url":"https:\/\/pueyrredonmotos.com\/honda\/producto\/honda-trx-420\/","name":"Honda TRX 420 - Pueyrred\u00f3n Motos","isPartOf":{"@id":"https:\/\/pueyrredonmotos.com\/honda\/#website"},"primaryImageOfPage":{"@id":"https:\/\/pueyrredonmotos.com\/honda\/producto\/honda-trx-420\/#primaryimage"},"image":{"@id":"https:\/\/pueyrredonmotos.com\/honda\/producto\/honda-trx-420\/#primaryimage"},"thumbnailUrl":"https:\/\/pueyrredonmotos.com\/honda\/wp-content\/uploads\/2025\/02\/trx420-rojo-320x320-1.jpg","datePublished":"2025-02-07T00:39:07+00:00","dateModified":"2025-10-16T18:11:53+00:00","breadcrumb":{"@id":"https:\/\/pueyrredonmotos.com\/honda\/producto\/honda-trx-420\/#breadcrumb"},"inLanguage":"es","potentialAction":[{"@type":"ReadAction","target":["https:\/\/pueyrredonmotos.com\/honda\/producto\/honda-trx-420\/"]}]},{"@type":"ImageObject","inLanguage":"es","@id":"https:\/\/pueyrredonmotos.com\/honda\/producto\/honda-trx-420\/#primaryimage","url":"https:\/\/pueyrredonmotos.com\/honda\/wp-content\/uploads\/2025\/02\/trx420-rojo-320x320-1.jpg","contentUrl":"https:\/\/pueyrredonmotos.com\/honda\/wp-content\/uploads\/2025\/02\/trx420-rojo-320x320-1.jpg","width":320,"height":320},{"@type":"BreadcrumbList","@id":"https:\/\/pueyrredonmotos.com\/honda\/producto\/honda-trx-420\/#breadcrumb","itemListElement":[{"@type":"ListItem","position":1,"name":"Home","item":"https:\/\/pueyrredonmotos.com\/honda\/"},{"@type":"ListItem","position":2,"name":"Cat\u00e1logo","item":"https:\/\/pueyrredonmotos.com\/honda\/catalogo\/"},{"@type":"ListItem","position":3,"name":"Honda TRX 420"}]},{"@type":"WebSite","@id":"https:\/\/pueyrredonmotos.com\/honda\/#website","url":"https:\/\/pueyrredonmotos.com\/honda\/","name":"Pueyrred\u00f3n Motos","description":"Concesionario Oficial Honda","publisher":{"@id":"https:\/\/pueyrredonmotos.com\/honda\/#organization"},"potentialAction":[{"@type":"SearchAction","target":{"@type":"EntryPoint","urlTemplate":"https:\/\/pueyrredonmotos.com\/honda\/?s={search_term_string}"},"query-input":{"@type":"PropertyValueSpecification","valueRequired":true,"valueName":"search_term_string"}}],"inLanguage":"es"},{"@type":"Organization","@id":"https:\/\/pueyrredonmotos.com\/honda\/#organization","name":"Pueyrred\u00f3n Motos","url":"https:\/\/pueyrredonmotos.com\/honda\/","logo":{"@type":"ImageObject","inLanguage":"es","@id":"https:\/\/pueyrredonmotos.com\/honda\/#\/schema\/logo\/image\/","url":"https:\/\/pueyrredonmotos.com\/honda\/wp-content\/uploads\/2023\/09\/logo-180-66.png","contentUrl":"https:\/\/pueyrredonmotos.com\/honda\/wp-content\/uploads\/2023\/09\/logo-180-66.png","width":180,"height":66,"caption":"Pueyrred\u00f3n Motos"},"image":{"@id":"https:\/\/pueyrredonmotos.com\/honda\/#\/schema\/logo\/image\/"},"sameAs":["https:\/\/www.facebook.com\/pueyrredonmotos.honda","https:\/\/www.instagram.com\/pueyrredonmotos.honda\/"]}]}},"_links":{"self":[{"href":"https:\/\/pueyrredonmotos.com\/honda\/wp-json\/wp\/v2\/product\/10356","targetHints":{"allow":["GET"]}}],"collection":[{"href":"https:\/\/pueyrredonmotos.com\/honda\/wp-json\/wp\/v2\/product"}],"about":[{"href":"https:\/\/pueyrredonmotos.com\/honda\/wp-json\/wp\/v2\/types\/product"}],"wp:featuredmedia":[{"embeddable":true,"href":"https:\/\/pueyrredonmotos.com\/honda\/wp-json\/wp\/v2\/media\/10367"}],"wp:attachment":[{"href":"https:\/\/pueyrredonmotos.com\/honda\/wp-json\/wp\/v2\/media?parent=10356"}],"wp:term":[{"taxonomy":"product_brand","embeddable":true,"href":"https:\/\/pueyrredonmotos.com\/honda\/wp-json\/wp\/v2\/product_brand?post=10356"},{"taxonomy":"product_cat","embeddable":true,"href":"https:\/\/pueyrredonmotos.com\/honda\/wp-json\/wp\/v2\/product_cat?post=10356"},{"taxonomy":"product_tag","embeddable":true,"href":"https:\/\/pueyrredonmotos.com\/honda\/wp-json\/wp\/v2\/product_tag?post=10356"}],"curies":[{"name":"wp","href":"https:\/\/api.w.org\/{rel}","templated":true}]}}