{"id":10339,"date":"2025-02-06T19:27:46","date_gmt":"2025-02-06T22:27:46","guid":{"rendered":"https:\/\/pueyrredonmotos.com\/honda\/?post_type=product&#038;p=10339"},"modified":"2025-04-07T17:55:16","modified_gmt":"2025-04-07T20:55:16","slug":"honda-glh150","status":"publish","type":"product","link":"https:\/\/pueyrredonmotos.com\/honda\/producto\/honda-glh150\/","title":{"rendered":"Honda GLH 150"},"content":{"rendered":"<p><img loading=\"lazy\" decoding=\"async\" class=\"alignnone size-full wp-image-10340\" src=\"https:\/\/pueyrredonmotos.com\/honda\/wp-content\/uploads\/2025\/02\/honda-glh150-banner.jpg\" alt=\"\" width=\"1400\" height=\"593\" srcset=\"https:\/\/pueyrredonmotos.com\/honda\/wp-content\/uploads\/2025\/02\/honda-glh150-banner.jpg 1400w, https:\/\/pueyrredonmotos.com\/honda\/wp-content\/uploads\/2025\/02\/honda-glh150-banner-300x127.jpg 300w, https:\/\/pueyrredonmotos.com\/honda\/wp-content\/uploads\/2025\/02\/honda-glh150-banner-1024x434.jpg 1024w, https:\/\/pueyrredonmotos.com\/honda\/wp-content\/uploads\/2025\/02\/honda-glh150-banner-768x325.jpg 768w, https:\/\/pueyrredonmotos.com\/honda\/wp-content\/uploads\/2025\/02\/honda-glh150-banner-800x339.jpg 800w\" sizes=\"auto, (max-width: 1400px) 100vw, 1400px\" \/><\/p>\n<h3><strong>DISE\u00d1O<\/strong><\/h3>\n<p><strong><img loading=\"lazy\" decoding=\"async\" class=\"alignnone size-full wp-image-10341\" src=\"https:\/\/pueyrredonmotos.com\/honda\/wp-content\/uploads\/2025\/02\/honda-glh150-diseno.jpg\" alt=\"\" width=\"1010\" height=\"401\" srcset=\"https:\/\/pueyrredonmotos.com\/honda\/wp-content\/uploads\/2025\/02\/honda-glh150-diseno.jpg 1010w, https:\/\/pueyrredonmotos.com\/honda\/wp-content\/uploads\/2025\/02\/honda-glh150-diseno-300x119.jpg 300w, https:\/\/pueyrredonmotos.com\/honda\/wp-content\/uploads\/2025\/02\/honda-glh150-diseno-768x305.jpg 768w, https:\/\/pueyrredonmotos.com\/honda\/wp-content\/uploads\/2025\/02\/honda-glh150-diseno-800x318.jpg 800w\" sizes=\"auto, (max-width: 1010px) 100vw, 1010px\" \/><\/strong><\/p>\n<p><strong>RENOVACI\u00d3N TOTAL<\/strong><br \/>\nLa GLH 150 se renueva con carenados m\u00e1s vistosos y agresivos, adem\u00e1s de detalles en color negro que aportan deportividad y sofisticaci\u00f3n, sin sacrificar su ergonom\u00eda: la posici\u00f3n de manejo relajada, junto con un centro de gravedad bajo, la convierten en una motocicleta extremadamente confortable para el d\u00eda a d\u00eda.<\/p>\n<h3><strong>MOTOR Y TRANSMISI\u00d3N<\/strong><\/h3>\n<p><img loading=\"lazy\" decoding=\"async\" class=\"alignnone size-full wp-image-10342\" src=\"https:\/\/pueyrredonmotos.com\/honda\/wp-content\/uploads\/2025\/02\/honda-glh150-motor.jpg\" alt=\"\" width=\"1010\" height=\"401\" srcset=\"https:\/\/pueyrredonmotos.com\/honda\/wp-content\/uploads\/2025\/02\/honda-glh150-motor.jpg 1010w, https:\/\/pueyrredonmotos.com\/honda\/wp-content\/uploads\/2025\/02\/honda-glh150-motor-300x119.jpg 300w, https:\/\/pueyrredonmotos.com\/honda\/wp-content\/uploads\/2025\/02\/honda-glh150-motor-768x305.jpg 768w, https:\/\/pueyrredonmotos.com\/honda\/wp-content\/uploads\/2025\/02\/honda-glh150-motor-800x318.jpg 800w\" sizes=\"auto, (max-width: 1010px) 100vw, 1010px\" \/><br \/>\n<strong>INYECCI\u00d3N ELECTR\u00d3NICA<\/strong><br \/>\nAsociado a una transmisi\u00f3n de 5 marchas, el motor de 149cc entrega la potencia y el torque justos para los desplazamientos diarios en la ciudad. Adem\u00e1s, est\u00e1 alimentado por inyecci\u00f3n electr\u00f3nica, \u00fanica en su categor\u00eda, lo que lo hace altamente eficiente en t\u00e9rminos de consumo de combustible y emisiones, y maximiza la sensaci\u00f3n de suavidad al andar.<\/p>\n<h3><strong>AUTONOM\u00cdA<\/strong><\/h3>\n<p><a href=\"https:\/\/pueyrredonmotos.com\/honda\/wp-content\/uploads\/2025\/02\/honda-glh150-autonomia.jpg\"><img loading=\"lazy\" decoding=\"async\" class=\"alignnone size-full wp-image-10343\" src=\"https:\/\/pueyrredonmotos.com\/honda\/wp-content\/uploads\/2025\/02\/honda-glh150-autonomia.jpg\" alt=\"\" width=\"1010\" height=\"401\" srcset=\"https:\/\/pueyrredonmotos.com\/honda\/wp-content\/uploads\/2025\/02\/honda-glh150-autonomia.jpg 1010w, https:\/\/pueyrredonmotos.com\/honda\/wp-content\/uploads\/2025\/02\/honda-glh150-autonomia-300x119.jpg 300w, https:\/\/pueyrredonmotos.com\/honda\/wp-content\/uploads\/2025\/02\/honda-glh150-autonomia-768x305.jpg 768w, https:\/\/pueyrredonmotos.com\/honda\/wp-content\/uploads\/2025\/02\/honda-glh150-autonomia-800x318.jpg 800w\" sizes=\"auto, (max-width: 1010px) 100vw, 1010px\" \/><\/a><\/p>\n<p><strong>MAYOR CAPACIDAD DEL TANQUE<\/strong><br \/>\nLa capacidad del tanque de combustible de la nueva GLH 150 es mayor que la generaci\u00f3n anterior, aumentando de 10.2L a 12.5L. Esto, combinado con el sistema de inyecci\u00f3n programada de combustible (PGM-FI), resulta en una autonom\u00eda imbatible en su segmento. El dise\u00f1o del tanque de combustible tambi\u00e9n fue actualizado en l\u00ednea con los nuevos carenados.<\/p>\n<h3><strong>SOPORTE DE CARGA<\/strong><\/h3>\n<p><img loading=\"lazy\" decoding=\"async\" class=\"alignnone size-full wp-image-10344\" src=\"https:\/\/pueyrredonmotos.com\/honda\/wp-content\/uploads\/2025\/02\/honda-glh150-soporte.jpg\" alt=\"\" width=\"1010\" height=\"401\" srcset=\"https:\/\/pueyrredonmotos.com\/honda\/wp-content\/uploads\/2025\/02\/honda-glh150-soporte.jpg 1010w, https:\/\/pueyrredonmotos.com\/honda\/wp-content\/uploads\/2025\/02\/honda-glh150-soporte-300x119.jpg 300w, https:\/\/pueyrredonmotos.com\/honda\/wp-content\/uploads\/2025\/02\/honda-glh150-soporte-768x305.jpg 768w, https:\/\/pueyrredonmotos.com\/honda\/wp-content\/uploads\/2025\/02\/honda-glh150-soporte-800x318.jpg 800w\" sizes=\"auto, (max-width: 1010px) 100vw, 1010px\" \/><\/p>\n<p><strong>PARA LLEVAR TODO LO QUE NECESITES<\/strong><br \/>\nLa GLH 150 cuenta con un soporte de carga renovado, pintado en color negro para transmitir deportividad y pensado para cargar y transportar objetos con facilidad.<\/p>\n<h3><strong>SEGURIDAD<\/strong><\/h3>\n<p><img loading=\"lazy\" decoding=\"async\" class=\"alignnone size-full wp-image-10346\" src=\"https:\/\/pueyrredonmotos.com\/honda\/wp-content\/uploads\/2025\/02\/honda-glh150-seguridad.jpg\" alt=\"\" width=\"1010\" height=\"401\" srcset=\"https:\/\/pueyrredonmotos.com\/honda\/wp-content\/uploads\/2025\/02\/honda-glh150-seguridad.jpg 1010w, https:\/\/pueyrredonmotos.com\/honda\/wp-content\/uploads\/2025\/02\/honda-glh150-seguridad-300x119.jpg 300w, https:\/\/pueyrredonmotos.com\/honda\/wp-content\/uploads\/2025\/02\/honda-glh150-seguridad-768x305.jpg 768w, https:\/\/pueyrredonmotos.com\/honda\/wp-content\/uploads\/2025\/02\/honda-glh150-seguridad-800x318.jpg 800w\" sizes=\"auto, (max-width: 1010px) 100vw, 1010px\" \/><\/p>\n<p><strong>CBS \u2013 COMBINED BRAKING SYSTEM<\/strong><br \/>\nEl disco de freno delantero de 240mm de di\u00e1metro ahora est\u00e1 accionado por una pinza Nissin de dos pistones. Adem\u00e1s, el nuevo sistema de frenos combinados (CBS), al distribuir el frenado en ambas ruedas, permite que las detenciones sean mucho m\u00e1s seguras.<\/p>\n<h3><strong>SUSPENSI\u00d3N<\/strong><\/h3>\n<p><img loading=\"lazy\" decoding=\"async\" class=\"alignnone size-full wp-image-10347\" src=\"https:\/\/pueyrredonmotos.com\/honda\/wp-content\/uploads\/2025\/02\/honda-glh150-suspension.jpg\" alt=\"\" width=\"1010\" height=\"401\" srcset=\"https:\/\/pueyrredonmotos.com\/honda\/wp-content\/uploads\/2025\/02\/honda-glh150-suspension.jpg 1010w, https:\/\/pueyrredonmotos.com\/honda\/wp-content\/uploads\/2025\/02\/honda-glh150-suspension-300x119.jpg 300w, https:\/\/pueyrredonmotos.com\/honda\/wp-content\/uploads\/2025\/02\/honda-glh150-suspension-768x305.jpg 768w, https:\/\/pueyrredonmotos.com\/honda\/wp-content\/uploads\/2025\/02\/honda-glh150-suspension-800x318.jpg 800w\" sizes=\"auto, (max-width: 1010px) 100vw, 1010px\" \/><\/p>\n<p><strong>CONFORT CITADINO<\/strong><br \/>\nLa horquilla telesc\u00f3pica delantera de 107mm de recorrido, junto al doble amortiguador trasero con ajuste de precarga, conforman un esquema de suspensi\u00f3n ideal para los trayectos diarios en la ciudad.<\/p>\n<h3><strong>COLORES<\/strong><\/h3>\n<p>Negro y Gris<\/p>\n<p><a href=\"https:\/\/motos.honda.com.ar\/uploads\/modelos\/71\/fichas_tecnicas\/71c-1ficha-tecnica-glh-150-2025.pdf\">Ficha T\u00e9cnica<\/a><\/p>\n<!-- Popup open button -->\r\n<div class=\"wws-popup__open-btn wws--bg-color wws--text-color wws-shadow\">\r\n<span> Consultas por Whatsapp<\/span>\r\n<\/div>\r\n<p>&nbsp;<\/p>\r\n<p>&nbsp;<\/p>\r\n\n","protected":false},"excerpt":{"rendered":"<p>La <strong>Honda GLH 150<\/strong> no solo es una motocicleta, es tu compa\u00f1era en cada aventura urbana. Combina estilo, eficiencia y seguridad para ofrecerte una experiencia de conducci\u00f3n excepcional.<\/p>\n<p>Encontrala en <strong>Pueyrred\u00f3n Motos<\/strong>, Concesionario Oficial Honda.<\/p>\n[wpcode id=\"10175\"]\n","protected":false},"featured_media":10378,"template":"","meta":[],"product_brand":[],"product_cat":[15],"product_tag":[31],"class_list":{"0":"post-10339","1":"product","2":"type-product","3":"status-publish","4":"has-post-thumbnail","6":"product_cat-motos-0km","7":"product_tag-business","8":"pa_marca-honda","9":"pa_modelo-glh150","11":"first","12":"instock","13":"shipping-taxable","14":"purchasable","15":"product-type-simple"},"yoast_head":"<!-- This site is optimized with the Yoast SEO Premium plugin v21.2 (Yoast SEO v27.3) - https:\/\/yoast.com\/product\/yoast-seo-premium-wordpress\/ -->\n<title>Honda GLH 150 - Pueyrred\u00f3n Motos<\/title>\n<meta name=\"robots\" content=\"index, follow, max-snippet:-1, max-image-preview:large, max-video-preview:-1\" \/>\n<link rel=\"canonical\" href=\"https:\/\/pueyrredonmotos.com\/honda\/producto\/honda-glh150\/\" \/>\n<meta property=\"og:locale\" content=\"es_ES\" \/>\n<meta property=\"og:type\" content=\"article\" \/>\n<meta property=\"og:title\" content=\"Honda GLH 150\" \/>\n<meta property=\"og:description\" content=\"La Honda GLH 150 no solo es una motocicleta, es tu compa\u00f1era en cada aventura urbana. Combina estilo, eficiencia y seguridad para ofrecerte una experiencia de conducci\u00f3n excepcional.  Encontrala en Pueyrred\u00f3n Motos, Concesionario Oficial Honda.\" \/>\n<meta property=\"og:url\" content=\"https:\/\/pueyrredonmotos.com\/honda\/producto\/honda-glh150\/\" \/>\n<meta property=\"og:site_name\" content=\"Pueyrred\u00f3n Motos\" \/>\n<meta property=\"article:publisher\" content=\"https:\/\/www.facebook.com\/pueyrredonmotos.honda\" \/>\n<meta property=\"article:modified_time\" content=\"2025-04-07T20:55:16+00:00\" \/>\n<meta property=\"og:image\" content=\"https:\/\/pueyrredonmotos.com\/honda\/wp-content\/uploads\/2025\/02\/glh150-new.jpg\" \/>\n\t<meta property=\"og:image:width\" content=\"1008\" \/>\n\t<meta property=\"og:image:height\" content=\"1008\" \/>\n\t<meta property=\"og:image:type\" content=\"image\/jpeg\" \/>\n<meta name=\"twitter:card\" content=\"summary_large_image\" \/>\n<meta name=\"twitter:label1\" content=\"Tiempo de lectura\" \/>\n\t<meta name=\"twitter:data1\" content=\"3 minutos\" \/>\n<script type=\"application\/ld+json\" class=\"yoast-schema-graph\">{\"@context\":\"https:\\\/\\\/schema.org\",\"@graph\":[{\"@type\":\"WebPage\",\"@id\":\"https:\\\/\\\/pueyrredonmotos.com\\\/honda\\\/producto\\\/honda-glh150\\\/\",\"url\":\"https:\\\/\\\/pueyrredonmotos.com\\\/honda\\\/producto\\\/honda-glh150\\\/\",\"name\":\"Honda GLH 150 - Pueyrred\u00f3n Motos\",\"isPartOf\":{\"@id\":\"https:\\\/\\\/pueyrredonmotos.com\\\/honda\\\/#website\"},\"primaryImageOfPage\":{\"@id\":\"https:\\\/\\\/pueyrredonmotos.com\\\/honda\\\/producto\\\/honda-glh150\\\/#primaryimage\"},\"image\":{\"@id\":\"https:\\\/\\\/pueyrredonmotos.com\\\/honda\\\/producto\\\/honda-glh150\\\/#primaryimage\"},\"thumbnailUrl\":\"https:\\\/\\\/pueyrredonmotos.com\\\/honda\\\/wp-content\\\/uploads\\\/2025\\\/02\\\/glh150-new.jpg\",\"datePublished\":\"2025-02-06T22:27:46+00:00\",\"dateModified\":\"2025-04-07T20:55:16+00:00\",\"breadcrumb\":{\"@id\":\"https:\\\/\\\/pueyrredonmotos.com\\\/honda\\\/producto\\\/honda-glh150\\\/#breadcrumb\"},\"inLanguage\":\"es\",\"potentialAction\":[{\"@type\":\"ReadAction\",\"target\":[\"https:\\\/\\\/pueyrredonmotos.com\\\/honda\\\/producto\\\/honda-glh150\\\/\"]}]},{\"@type\":\"ImageObject\",\"inLanguage\":\"es\",\"@id\":\"https:\\\/\\\/pueyrredonmotos.com\\\/honda\\\/producto\\\/honda-glh150\\\/#primaryimage\",\"url\":\"https:\\\/\\\/pueyrredonmotos.com\\\/honda\\\/wp-content\\\/uploads\\\/2025\\\/02\\\/glh150-new.jpg\",\"contentUrl\":\"https:\\\/\\\/pueyrredonmotos.com\\\/honda\\\/wp-content\\\/uploads\\\/2025\\\/02\\\/glh150-new.jpg\",\"width\":1008,\"height\":1008},{\"@type\":\"BreadcrumbList\",\"@id\":\"https:\\\/\\\/pueyrredonmotos.com\\\/honda\\\/producto\\\/honda-glh150\\\/#breadcrumb\",\"itemListElement\":[{\"@type\":\"ListItem\",\"position\":1,\"name\":\"Home\",\"item\":\"https:\\\/\\\/pueyrredonmotos.com\\\/honda\\\/\"},{\"@type\":\"ListItem\",\"position\":2,\"name\":\"Cat\u00e1logo\",\"item\":\"https:\\\/\\\/pueyrredonmotos.com\\\/honda\\\/catalogo\\\/\"},{\"@type\":\"ListItem\",\"position\":3,\"name\":\"Honda GLH 150\"}]},{\"@type\":\"WebSite\",\"@id\":\"https:\\\/\\\/pueyrredonmotos.com\\\/honda\\\/#website\",\"url\":\"https:\\\/\\\/pueyrredonmotos.com\\\/honda\\\/\",\"name\":\"Pueyrred\u00f3n Motos\",\"description\":\"Concesionario Oficial Honda\",\"publisher\":{\"@id\":\"https:\\\/\\\/pueyrredonmotos.com\\\/honda\\\/#organization\"},\"potentialAction\":[{\"@type\":\"SearchAction\",\"target\":{\"@type\":\"EntryPoint\",\"urlTemplate\":\"https:\\\/\\\/pueyrredonmotos.com\\\/honda\\\/?s={search_term_string}\"},\"query-input\":{\"@type\":\"PropertyValueSpecification\",\"valueRequired\":true,\"valueName\":\"search_term_string\"}}],\"inLanguage\":\"es\"},{\"@type\":\"Organization\",\"@id\":\"https:\\\/\\\/pueyrredonmotos.com\\\/honda\\\/#organization\",\"name\":\"Pueyrred\u00f3n Motos\",\"url\":\"https:\\\/\\\/pueyrredonmotos.com\\\/honda\\\/\",\"logo\":{\"@type\":\"ImageObject\",\"inLanguage\":\"es\",\"@id\":\"https:\\\/\\\/pueyrredonmotos.com\\\/honda\\\/#\\\/schema\\\/logo\\\/image\\\/\",\"url\":\"https:\\\/\\\/pueyrredonmotos.com\\\/honda\\\/wp-content\\\/uploads\\\/2023\\\/09\\\/logo-180-66.png\",\"contentUrl\":\"https:\\\/\\\/pueyrredonmotos.com\\\/honda\\\/wp-content\\\/uploads\\\/2023\\\/09\\\/logo-180-66.png\",\"width\":180,\"height\":66,\"caption\":\"Pueyrred\u00f3n Motos\"},\"image\":{\"@id\":\"https:\\\/\\\/pueyrredonmotos.com\\\/honda\\\/#\\\/schema\\\/logo\\\/image\\\/\"},\"sameAs\":[\"https:\\\/\\\/www.facebook.com\\\/pueyrredonmotos.honda\",\"https:\\\/\\\/www.instagram.com\\\/pueyrredonmotos.honda\\\/\"]}]}<\/script>\n<!-- \/ Yoast SEO Premium plugin. -->","yoast_head_json":{"title":"Honda GLH 150 - Pueyrred\u00f3n Motos","robots":{"index":"index","follow":"follow","max-snippet":"max-snippet:-1","max-image-preview":"max-image-preview:large","max-video-preview":"max-video-preview:-1"},"canonical":"https:\/\/pueyrredonmotos.com\/honda\/producto\/honda-glh150\/","og_locale":"es_ES","og_type":"article","og_title":"Honda GLH 150","og_description":"La Honda GLH 150 no solo es una motocicleta, es tu compa\u00f1era en cada aventura urbana. Combina estilo, eficiencia y seguridad para ofrecerte una experiencia de conducci\u00f3n excepcional.  Encontrala en Pueyrred\u00f3n Motos, Concesionario Oficial Honda.","og_url":"https:\/\/pueyrredonmotos.com\/honda\/producto\/honda-glh150\/","og_site_name":"Pueyrred\u00f3n Motos","article_publisher":"https:\/\/www.facebook.com\/pueyrredonmotos.honda","article_modified_time":"2025-04-07T20:55:16+00:00","og_image":[{"width":1008,"height":1008,"url":"https:\/\/pueyrredonmotos.com\/honda\/wp-content\/uploads\/2025\/02\/glh150-new.jpg","type":"image\/jpeg"}],"twitter_card":"summary_large_image","twitter_misc":{"Tiempo de lectura":"3 minutos"},"schema":{"@context":"https:\/\/schema.org","@graph":[{"@type":"WebPage","@id":"https:\/\/pueyrredonmotos.com\/honda\/producto\/honda-glh150\/","url":"https:\/\/pueyrredonmotos.com\/honda\/producto\/honda-glh150\/","name":"Honda GLH 150 - Pueyrred\u00f3n Motos","isPartOf":{"@id":"https:\/\/pueyrredonmotos.com\/honda\/#website"},"primaryImageOfPage":{"@id":"https:\/\/pueyrredonmotos.com\/honda\/producto\/honda-glh150\/#primaryimage"},"image":{"@id":"https:\/\/pueyrredonmotos.com\/honda\/producto\/honda-glh150\/#primaryimage"},"thumbnailUrl":"https:\/\/pueyrredonmotos.com\/honda\/wp-content\/uploads\/2025\/02\/glh150-new.jpg","datePublished":"2025-02-06T22:27:46+00:00","dateModified":"2025-04-07T20:55:16+00:00","breadcrumb":{"@id":"https:\/\/pueyrredonmotos.com\/honda\/producto\/honda-glh150\/#breadcrumb"},"inLanguage":"es","potentialAction":[{"@type":"ReadAction","target":["https:\/\/pueyrredonmotos.com\/honda\/producto\/honda-glh150\/"]}]},{"@type":"ImageObject","inLanguage":"es","@id":"https:\/\/pueyrredonmotos.com\/honda\/producto\/honda-glh150\/#primaryimage","url":"https:\/\/pueyrredonmotos.com\/honda\/wp-content\/uploads\/2025\/02\/glh150-new.jpg","contentUrl":"https:\/\/pueyrredonmotos.com\/honda\/wp-content\/uploads\/2025\/02\/glh150-new.jpg","width":1008,"height":1008},{"@type":"BreadcrumbList","@id":"https:\/\/pueyrredonmotos.com\/honda\/producto\/honda-glh150\/#breadcrumb","itemListElement":[{"@type":"ListItem","position":1,"name":"Home","item":"https:\/\/pueyrredonmotos.com\/honda\/"},{"@type":"ListItem","position":2,"name":"Cat\u00e1logo","item":"https:\/\/pueyrredonmotos.com\/honda\/catalogo\/"},{"@type":"ListItem","position":3,"name":"Honda GLH 150"}]},{"@type":"WebSite","@id":"https:\/\/pueyrredonmotos.com\/honda\/#website","url":"https:\/\/pueyrredonmotos.com\/honda\/","name":"Pueyrred\u00f3n Motos","description":"Concesionario Oficial Honda","publisher":{"@id":"https:\/\/pueyrredonmotos.com\/honda\/#organization"},"potentialAction":[{"@type":"SearchAction","target":{"@type":"EntryPoint","urlTemplate":"https:\/\/pueyrredonmotos.com\/honda\/?s={search_term_string}"},"query-input":{"@type":"PropertyValueSpecification","valueRequired":true,"valueName":"search_term_string"}}],"inLanguage":"es"},{"@type":"Organization","@id":"https:\/\/pueyrredonmotos.com\/honda\/#organization","name":"Pueyrred\u00f3n Motos","url":"https:\/\/pueyrredonmotos.com\/honda\/","logo":{"@type":"ImageObject","inLanguage":"es","@id":"https:\/\/pueyrredonmotos.com\/honda\/#\/schema\/logo\/image\/","url":"https:\/\/pueyrredonmotos.com\/honda\/wp-content\/uploads\/2023\/09\/logo-180-66.png","contentUrl":"https:\/\/pueyrredonmotos.com\/honda\/wp-content\/uploads\/2023\/09\/logo-180-66.png","width":180,"height":66,"caption":"Pueyrred\u00f3n Motos"},"image":{"@id":"https:\/\/pueyrredonmotos.com\/honda\/#\/schema\/logo\/image\/"},"sameAs":["https:\/\/www.facebook.com\/pueyrredonmotos.honda","https:\/\/www.instagram.com\/pueyrredonmotos.honda\/"]}]}},"_links":{"self":[{"href":"https:\/\/pueyrredonmotos.com\/honda\/wp-json\/wp\/v2\/product\/10339","targetHints":{"allow":["GET"]}}],"collection":[{"href":"https:\/\/pueyrredonmotos.com\/honda\/wp-json\/wp\/v2\/product"}],"about":[{"href":"https:\/\/pueyrredonmotos.com\/honda\/wp-json\/wp\/v2\/types\/product"}],"wp:featuredmedia":[{"embeddable":true,"href":"https:\/\/pueyrredonmotos.com\/honda\/wp-json\/wp\/v2\/media\/10378"}],"wp:attachment":[{"href":"https:\/\/pueyrredonmotos.com\/honda\/wp-json\/wp\/v2\/media?parent=10339"}],"wp:term":[{"taxonomy":"product_brand","embeddable":true,"href":"https:\/\/pueyrredonmotos.com\/honda\/wp-json\/wp\/v2\/product_brand?post=10339"},{"taxonomy":"product_cat","embeddable":true,"href":"https:\/\/pueyrredonmotos.com\/honda\/wp-json\/wp\/v2\/product_cat?post=10339"},{"taxonomy":"product_tag","embeddable":true,"href":"https:\/\/pueyrredonmotos.com\/honda\/wp-json\/wp\/v2\/product_tag?post=10339"}],"curies":[{"name":"wp","href":"https:\/\/api.w.org\/{rel}","templated":true}]}}