{"id":10289,"date":"2025-01-31T18:44:55","date_gmt":"2025-01-31T21:44:55","guid":{"rendered":"https:\/\/pueyrredonmotos.com\/honda\/?post_type=product&#038;p=10289"},"modified":"2025-02-04T12:00:27","modified_gmt":"2025-02-04T15:00:27","slug":"honda-nx-500","status":"publish","type":"product","link":"https:\/\/pueyrredonmotos.com\/honda\/producto\/honda-nx-500\/","title":{"rendered":"Honda NX 500"},"content":{"rendered":"<p><img loading=\"lazy\" decoding=\"async\" class=\"alignnone size-full wp-image-10290\" src=\"https:\/\/pueyrredonmotos.com\/honda\/wp-content\/uploads\/2025\/01\/honda-nx500-banner.jpg\" alt=\"\" width=\"1400\" height=\"593\" srcset=\"https:\/\/pueyrredonmotos.com\/honda\/wp-content\/uploads\/2025\/01\/honda-nx500-banner.jpg 1400w, https:\/\/pueyrredonmotos.com\/honda\/wp-content\/uploads\/2025\/01\/honda-nx500-banner-300x127.jpg 300w, https:\/\/pueyrredonmotos.com\/honda\/wp-content\/uploads\/2025\/01\/honda-nx500-banner-1024x434.jpg 1024w, https:\/\/pueyrredonmotos.com\/honda\/wp-content\/uploads\/2025\/01\/honda-nx500-banner-768x325.jpg 768w, https:\/\/pueyrredonmotos.com\/honda\/wp-content\/uploads\/2025\/01\/honda-nx500-banner-800x339.jpg 800w\" sizes=\"auto, (max-width: 1400px) 100vw, 1400px\" \/><\/p>\n<p><strong>DISE\u00d1O<\/strong><\/p>\n<p><strong>ESTILO CROSSOVER<\/strong><br \/>\nLa nueva NX 500 fue dise\u00f1ada pensando no solo en el d\u00eda a d\u00eda en la ciudad, sino en los trayectos largos en la ruta o fuera de ella. El resultado es un crossover imponente de l\u00edneas modernas y sofisticadas.<\/p>\n<p><img loading=\"lazy\" decoding=\"async\" class=\"alignnone size-full wp-image-10292\" src=\"https:\/\/pueyrredonmotos.com\/honda\/wp-content\/uploads\/2025\/01\/honda-nx500-motor.jpg\" alt=\"\" width=\"1010\" height=\"401\" srcset=\"https:\/\/pueyrredonmotos.com\/honda\/wp-content\/uploads\/2025\/01\/honda-nx500-motor.jpg 1010w, https:\/\/pueyrredonmotos.com\/honda\/wp-content\/uploads\/2025\/01\/honda-nx500-motor-300x119.jpg 300w, https:\/\/pueyrredonmotos.com\/honda\/wp-content\/uploads\/2025\/01\/honda-nx500-motor-768x305.jpg 768w, https:\/\/pueyrredonmotos.com\/honda\/wp-content\/uploads\/2025\/01\/honda-nx500-motor-800x318.jpg 800w\" sizes=\"auto, (max-width: 1010px) 100vw, 1010px\" \/><\/p>\n<p><strong>MOTOR Y TRANSMISI\u00d3N<\/strong><\/p>\n<p><strong>M\u00c1S ALL\u00c1 DE LA CIUDAD<\/strong><br \/>\nEl motor DOHC bicil\u00edndrico de 471cc, alimentado por inyecci\u00f3n electr\u00f3nica, entrega potencia y torque desde la zona baja del cuentavueltas, convirtiendo a la nueva NX 500 en una moto extremadamente vers\u00e1til. La refrigeraci\u00f3n l\u00edquida garantiza el rendimiento \u00f3ptimo del motor, incluso en los contextos m\u00e1s desafiantes. Y la transmisi\u00f3n de 6 marchas con embrague anti-rebote asegura un comportamiento d\u00f3cil y suave.<\/p>\n<p><img loading=\"lazy\" decoding=\"async\" class=\"alignnone size-full wp-image-10293\" src=\"https:\/\/pueyrredonmotos.com\/honda\/wp-content\/uploads\/2025\/01\/honda-nx500-ergonomia.jpg\" alt=\"\" width=\"1010\" height=\"401\" srcset=\"https:\/\/pueyrredonmotos.com\/honda\/wp-content\/uploads\/2025\/01\/honda-nx500-ergonomia.jpg 1010w, https:\/\/pueyrredonmotos.com\/honda\/wp-content\/uploads\/2025\/01\/honda-nx500-ergonomia-300x119.jpg 300w, https:\/\/pueyrredonmotos.com\/honda\/wp-content\/uploads\/2025\/01\/honda-nx500-ergonomia-768x305.jpg 768w, https:\/\/pueyrredonmotos.com\/honda\/wp-content\/uploads\/2025\/01\/honda-nx500-ergonomia-800x318.jpg 800w\" sizes=\"auto, (max-width: 1010px) 100vw, 1010px\" \/><\/p>\n<p><strong>ERGONOM\u00cdA<\/strong><\/p>\n<p><strong>PENSADA PARA EL CONFORT<\/strong><br \/>\nLos carenados y proporciones de la nueva NX 500 configuran una posici\u00f3n de manejo ergon\u00f3mica, pensada para el uso en ciudad y en ruta, acompa\u00f1ada de un una aerodin\u00e1mica que canaliza cuidadosamente el flujo de aire. El chasis de acero, adem\u00e1s de garantizar una cicl\u00edstica balanceada, combina a la perfecci\u00f3n durabilidad y ligereza. El esquema de suspensiones Showa, con la horquilla delantera invertida SFF-BP\u2122 y el mono-amortiguador trasero Pro-Link, puede regularse para adaptar el comportamiento de la nueva NX500 a los m\u00e1s variados usos.<\/p>\n<p><strong>SEGURIDAD<\/strong><\/p>\n<p><img loading=\"lazy\" decoding=\"async\" class=\"alignnone size-full wp-image-10294\" src=\"https:\/\/pueyrredonmotos.com\/honda\/wp-content\/uploads\/2025\/01\/honda-nx500-seguridad-1.jpg\" alt=\"\" width=\"1010\" height=\"401\" srcset=\"https:\/\/pueyrredonmotos.com\/honda\/wp-content\/uploads\/2025\/01\/honda-nx500-seguridad-1.jpg 1010w, https:\/\/pueyrredonmotos.com\/honda\/wp-content\/uploads\/2025\/01\/honda-nx500-seguridad-1-300x119.jpg 300w, https:\/\/pueyrredonmotos.com\/honda\/wp-content\/uploads\/2025\/01\/honda-nx500-seguridad-1-768x305.jpg 768w, https:\/\/pueyrredonmotos.com\/honda\/wp-content\/uploads\/2025\/01\/honda-nx500-seguridad-1-800x318.jpg 800w\" sizes=\"auto, (max-width: 1010px) 100vw, 1010px\" \/><\/p>\n<p><strong>DOBLE DISCO DELANTERO<\/strong><br \/>\nLa nueva NX 500 incorpora doble disco delantero de 296mm de di\u00e1metro, con pinzas Nissin de 2 pistones. El disco trasero, de 240mm de di\u00e1metro, tambi\u00e9n es accionado por una pinza Nissin de pist\u00f3n simple. Y el ABS de doble canal garantiza la m\u00e1xima eficiencia y seguridad en el frenado.<\/p>\n<p><img loading=\"lazy\" decoding=\"async\" class=\"alignnone size-full wp-image-10295\" src=\"https:\/\/pueyrredonmotos.com\/honda\/wp-content\/uploads\/2025\/01\/honda-nx500-seguridad-2.jpg\" alt=\"\" width=\"1010\" height=\"401\" srcset=\"https:\/\/pueyrredonmotos.com\/honda\/wp-content\/uploads\/2025\/01\/honda-nx500-seguridad-2.jpg 1010w, https:\/\/pueyrredonmotos.com\/honda\/wp-content\/uploads\/2025\/01\/honda-nx500-seguridad-2-300x119.jpg 300w, https:\/\/pueyrredonmotos.com\/honda\/wp-content\/uploads\/2025\/01\/honda-nx500-seguridad-2-768x305.jpg 768w, https:\/\/pueyrredonmotos.com\/honda\/wp-content\/uploads\/2025\/01\/honda-nx500-seguridad-2-800x318.jpg 800w\" sizes=\"auto, (max-width: 1010px) 100vw, 1010px\" \/><\/p>\n<p><strong>CONTROL DE TRACCI\u00d3N HSTC<\/strong><br \/>\nEL HSTC (Honda Selectable Torque Control) permite calcular el deslizamiento de la rueda trasera en funci\u00f3n de los sensores de velocidad de la rueda delantera y la trasera, y regular la inyecci\u00f3n de combustible para optimizar el par motor y mitigar el patinamiento.<\/p>\n<p><img loading=\"lazy\" decoding=\"async\" class=\"alignnone size-full wp-image-10296\" src=\"https:\/\/pueyrredonmotos.com\/honda\/wp-content\/uploads\/2025\/01\/honda-nx500-seguridad-3.jpg\" alt=\"\" width=\"1010\" height=\"401\" srcset=\"https:\/\/pueyrredonmotos.com\/honda\/wp-content\/uploads\/2025\/01\/honda-nx500-seguridad-3.jpg 1010w, https:\/\/pueyrredonmotos.com\/honda\/wp-content\/uploads\/2025\/01\/honda-nx500-seguridad-3-300x119.jpg 300w, https:\/\/pueyrredonmotos.com\/honda\/wp-content\/uploads\/2025\/01\/honda-nx500-seguridad-3-768x305.jpg 768w, https:\/\/pueyrredonmotos.com\/honda\/wp-content\/uploads\/2025\/01\/honda-nx500-seguridad-3-800x318.jpg 800w\" sizes=\"auto, (max-width: 1010px) 100vw, 1010px\" \/><\/p>\n<p><strong>EMERGENCY STOP SIGNAL (ESS)<\/strong><br \/>\nA trav\u00e9s del m\u00f3dulo de ABS, la nueva NX 500 enciende las luces intermitentes delanteras y traseras al detectar desaceleraciones bruscas para alertar a los veh\u00edculos cercanos, contribuyendo a la seguridad del piloto.<\/p>\n<p><strong>TECNOLOG\u00cdA<\/strong><\/p>\n<p><img loading=\"lazy\" decoding=\"async\" class=\"alignnone size-full wp-image-10297\" src=\"https:\/\/pueyrredonmotos.com\/honda\/wp-content\/uploads\/2025\/01\/honda-nx500-tecnologia.jpg\" alt=\"\" width=\"1010\" height=\"401\" srcset=\"https:\/\/pueyrredonmotos.com\/honda\/wp-content\/uploads\/2025\/01\/honda-nx500-tecnologia.jpg 1010w, https:\/\/pueyrredonmotos.com\/honda\/wp-content\/uploads\/2025\/01\/honda-nx500-tecnologia-300x119.jpg 300w, https:\/\/pueyrredonmotos.com\/honda\/wp-content\/uploads\/2025\/01\/honda-nx500-tecnologia-768x305.jpg 768w, https:\/\/pueyrredonmotos.com\/honda\/wp-content\/uploads\/2025\/01\/honda-nx500-tecnologia-800x318.jpg 800w\" sizes=\"auto, (max-width: 1010px) 100vw, 1010px\" \/><\/p>\n<p><strong>TABLERO TFT DE 5\u201d<\/strong><br \/>\nEl tablero TFT de 5\u201d muestra una infinidad de informaci\u00f3n a todo color, lo que facilita su lectura, volvi\u00e9ndolo altamente intuitivo.<\/p>\n<p><a href=\"https:\/\/pueyrredonmotos.com\/honda\/wp-content\/uploads\/2025\/01\/honda-nx500-tecnologia-2.jpg\"><img loading=\"lazy\" decoding=\"async\" class=\"alignnone size-full wp-image-10298\" src=\"https:\/\/pueyrredonmotos.com\/honda\/wp-content\/uploads\/2025\/01\/honda-nx500-tecnologia-2.jpg\" alt=\"\" width=\"1010\" height=\"401\" srcset=\"https:\/\/pueyrredonmotos.com\/honda\/wp-content\/uploads\/2025\/01\/honda-nx500-tecnologia-2.jpg 1010w, https:\/\/pueyrredonmotos.com\/honda\/wp-content\/uploads\/2025\/01\/honda-nx500-tecnologia-2-300x119.jpg 300w, https:\/\/pueyrredonmotos.com\/honda\/wp-content\/uploads\/2025\/01\/honda-nx500-tecnologia-2-768x305.jpg 768w, https:\/\/pueyrredonmotos.com\/honda\/wp-content\/uploads\/2025\/01\/honda-nx500-tecnologia-2-800x318.jpg 800w\" sizes=\"auto, (max-width: 1010px) 100vw, 1010px\" \/><\/a><\/p>\n<p><strong>ILUMINACI\u00d3N FULL LED<\/strong><br \/>\nTanto en el frente como en la parte posterior, la NX 500 equipa luces Full LED, lo que se traduce en una visibilidad excepcional y adem\u00e1s realza el estilo moderno de la motocicleta.<\/p>\n<p><img loading=\"lazy\" decoding=\"async\" class=\"alignnone size-full wp-image-10299\" src=\"https:\/\/pueyrredonmotos.com\/honda\/wp-content\/uploads\/2025\/01\/honda-nx500-tecnologia-3.jpg\" alt=\"\" width=\"1010\" height=\"401\" srcset=\"https:\/\/pueyrredonmotos.com\/honda\/wp-content\/uploads\/2025\/01\/honda-nx500-tecnologia-3.jpg 1010w, https:\/\/pueyrredonmotos.com\/honda\/wp-content\/uploads\/2025\/01\/honda-nx500-tecnologia-3-300x119.jpg 300w, https:\/\/pueyrredonmotos.com\/honda\/wp-content\/uploads\/2025\/01\/honda-nx500-tecnologia-3-768x305.jpg 768w, https:\/\/pueyrredonmotos.com\/honda\/wp-content\/uploads\/2025\/01\/honda-nx500-tecnologia-3-800x318.jpg 800w\" sizes=\"auto, (max-width: 1010px) 100vw, 1010px\" \/><\/p>\n<p><strong>SWITCH MULTIFUNCIONAL<\/strong><br \/>\nDel lado izquierdo del manillar, el switch multifuncional puede accionarse en 4 direcciones para ajustar m\u00faltiples configuraciones en el tablero TFT, como por ejemplo los estilos de display (BAR, CIRCLE, SIMPLE) o el color de fondo (WHITE, BLACK, AUTO). Adem\u00e1s, est\u00e1 iluminado por LED, lo que lo vuelve f\u00e1cil de ubicar y accionar, adem\u00e1s de aportar sofisticaci\u00f3n al conjunto.<\/p>\n<p><a href=\"https:\/\/motos.honda.com.ar\/uploads\/modelos\/70\/fichas_tecnicas\/70c-1ficha-tecnica-nx-500.pdf\">Ficha T\u00e9cnica<\/a><\/p>\n<p><iframe loading=\"lazy\" width=\"800\" height=\"450\" src=\"https:\/\/www.youtube.com\/embed\/rYUl36b4YJ0?si=W-xunUenWU-BU9KX\" title=\"YouTube video player\" frameborder=\"0\" allow=\"accelerometer; autoplay; clipboard-write; encrypted-media; gyroscope; picture-in-picture; web-share\" referrerpolicy=\"strict-origin-when-cross-origin\" allowfullscreen><\/iframe><\/p>\n<h5>Encontrala en <strong>Pueyrred\u00f3n Motos<\/strong>, Concesionario Oficial Honda.<\/h5>\n<!-- Popup open button -->\r\n<div class=\"wws-popup__open-btn wws--bg-color wws--text-color wws-shadow\">\r\n<span> Consultas por Whatsapp<\/span>\r\n<\/div>\r\n<p>&nbsp;<\/p>\r\n<p>&nbsp;<\/p>\r\n\n","protected":false},"excerpt":{"rendered":"<p>La <strong>Honda NX 500<\/strong> es un crossover imponente, ideal para la ciudad y la ruta. Su motor bicil\u00edndrico de 471 cc, suspensiones Showa regulables y frenos ABS garantizan potencia, confort y seguridad. Con iluminaci\u00f3n Full LED y un tablero TFT de 5\u201d, combina tecnolog\u00eda y estilo para una conducci\u00f3n superior. Preparate para llevar cada viaje al siguiente nivel.<\/p>\n<p>Encontrala en <strong>Pueyrred\u00f3n Motos<\/strong>, Concesionario Oficial Honda.<\/p>\n<p><\/p>\n[wpcode id=\"10175\"]\n<p><\/p>\n","protected":false},"featured_media":10334,"template":"","meta":[],"product_brand":[],"product_cat":[15],"product_tag":[195],"class_list":{"0":"post-10289","1":"product","2":"type-product","3":"status-publish","4":"has-post-thumbnail","6":"product_cat-motos-0km","7":"product_tag-touring","8":"pa_marca-honda","9":"pa_modelo-nx-500","11":"first","12":"instock","13":"shipping-taxable","14":"purchasable","15":"product-type-simple"},"yoast_head":"<!-- This site is optimized with the Yoast SEO Premium plugin v21.2 (Yoast SEO v27.3) - https:\/\/yoast.com\/product\/yoast-seo-premium-wordpress\/ -->\n<title>Honda NX 500 - Pueyrred\u00f3n Motos<\/title>\n<meta name=\"description\" content=\"La nueva NX 500 fue dise\u00f1ada pensando no solo en el d\u00eda a d\u00eda en la ciudad, sino en los trayectos largos en la ruta o fuera de ella.\" \/>\n<meta name=\"robots\" content=\"index, follow, max-snippet:-1, max-image-preview:large, max-video-preview:-1\" \/>\n<link rel=\"canonical\" href=\"https:\/\/pueyrredonmotos.com\/honda\/producto\/honda-nx-500\/\" \/>\n<meta property=\"og:locale\" content=\"es_ES\" \/>\n<meta property=\"og:type\" content=\"article\" \/>\n<meta property=\"og:title\" content=\"Honda NX 500\" \/>\n<meta property=\"og:description\" content=\"La nueva NX 500 fue dise\u00f1ada pensando no solo en el d\u00eda a d\u00eda en la ciudad, sino en los trayectos largos en la ruta o fuera de ella.\" \/>\n<meta property=\"og:url\" content=\"https:\/\/pueyrredonmotos.com\/honda\/producto\/honda-nx-500\/\" \/>\n<meta property=\"og:site_name\" content=\"Pueyrred\u00f3n Motos\" \/>\n<meta property=\"article:publisher\" content=\"https:\/\/www.facebook.com\/pueyrredonmotos.honda\" \/>\n<meta property=\"article:modified_time\" content=\"2025-02-04T15:00:27+00:00\" \/>\n<meta property=\"og:image\" content=\"https:\/\/pueyrredonmotos.com\/honda\/wp-content\/uploads\/2025\/01\/nx500-gris.jpg\" \/>\n\t<meta property=\"og:image:width\" content=\"600\" \/>\n\t<meta property=\"og:image:height\" content=\"600\" \/>\n\t<meta property=\"og:image:type\" content=\"image\/jpeg\" \/>\n<meta name=\"twitter:card\" content=\"summary_large_image\" \/>\n<meta name=\"twitter:label1\" content=\"Tiempo de lectura\" \/>\n\t<meta name=\"twitter:data1\" content=\"5 minutos\" \/>\n<script type=\"application\/ld+json\" class=\"yoast-schema-graph\">{\"@context\":\"https:\\\/\\\/schema.org\",\"@graph\":[{\"@type\":\"WebPage\",\"@id\":\"https:\\\/\\\/pueyrredonmotos.com\\\/honda\\\/producto\\\/honda-nx-500\\\/\",\"url\":\"https:\\\/\\\/pueyrredonmotos.com\\\/honda\\\/producto\\\/honda-nx-500\\\/\",\"name\":\"Honda NX 500 - Pueyrred\u00f3n Motos\",\"isPartOf\":{\"@id\":\"https:\\\/\\\/pueyrredonmotos.com\\\/honda\\\/#website\"},\"primaryImageOfPage\":{\"@id\":\"https:\\\/\\\/pueyrredonmotos.com\\\/honda\\\/producto\\\/honda-nx-500\\\/#primaryimage\"},\"image\":{\"@id\":\"https:\\\/\\\/pueyrredonmotos.com\\\/honda\\\/producto\\\/honda-nx-500\\\/#primaryimage\"},\"thumbnailUrl\":\"https:\\\/\\\/pueyrredonmotos.com\\\/honda\\\/wp-content\\\/uploads\\\/2025\\\/01\\\/nx500-gris.jpg\",\"datePublished\":\"2025-01-31T21:44:55+00:00\",\"dateModified\":\"2025-02-04T15:00:27+00:00\",\"description\":\"La nueva NX 500 fue dise\u00f1ada pensando no solo en el d\u00eda a d\u00eda en la ciudad, sino en los trayectos largos en la ruta o fuera de ella.\",\"breadcrumb\":{\"@id\":\"https:\\\/\\\/pueyrredonmotos.com\\\/honda\\\/producto\\\/honda-nx-500\\\/#breadcrumb\"},\"inLanguage\":\"es\",\"potentialAction\":[{\"@type\":\"ReadAction\",\"target\":[\"https:\\\/\\\/pueyrredonmotos.com\\\/honda\\\/producto\\\/honda-nx-500\\\/\"]}]},{\"@type\":\"ImageObject\",\"inLanguage\":\"es\",\"@id\":\"https:\\\/\\\/pueyrredonmotos.com\\\/honda\\\/producto\\\/honda-nx-500\\\/#primaryimage\",\"url\":\"https:\\\/\\\/pueyrredonmotos.com\\\/honda\\\/wp-content\\\/uploads\\\/2025\\\/01\\\/nx500-gris.jpg\",\"contentUrl\":\"https:\\\/\\\/pueyrredonmotos.com\\\/honda\\\/wp-content\\\/uploads\\\/2025\\\/01\\\/nx500-gris.jpg\",\"width\":600,\"height\":600},{\"@type\":\"BreadcrumbList\",\"@id\":\"https:\\\/\\\/pueyrredonmotos.com\\\/honda\\\/producto\\\/honda-nx-500\\\/#breadcrumb\",\"itemListElement\":[{\"@type\":\"ListItem\",\"position\":1,\"name\":\"Home\",\"item\":\"https:\\\/\\\/pueyrredonmotos.com\\\/honda\\\/\"},{\"@type\":\"ListItem\",\"position\":2,\"name\":\"Cat\u00e1logo\",\"item\":\"https:\\\/\\\/pueyrredonmotos.com\\\/honda\\\/catalogo\\\/\"},{\"@type\":\"ListItem\",\"position\":3,\"name\":\"Honda NX 500\"}]},{\"@type\":\"WebSite\",\"@id\":\"https:\\\/\\\/pueyrredonmotos.com\\\/honda\\\/#website\",\"url\":\"https:\\\/\\\/pueyrredonmotos.com\\\/honda\\\/\",\"name\":\"Pueyrred\u00f3n Motos\",\"description\":\"Concesionario Oficial Honda\",\"publisher\":{\"@id\":\"https:\\\/\\\/pueyrredonmotos.com\\\/honda\\\/#organization\"},\"potentialAction\":[{\"@type\":\"SearchAction\",\"target\":{\"@type\":\"EntryPoint\",\"urlTemplate\":\"https:\\\/\\\/pueyrredonmotos.com\\\/honda\\\/?s={search_term_string}\"},\"query-input\":{\"@type\":\"PropertyValueSpecification\",\"valueRequired\":true,\"valueName\":\"search_term_string\"}}],\"inLanguage\":\"es\"},{\"@type\":\"Organization\",\"@id\":\"https:\\\/\\\/pueyrredonmotos.com\\\/honda\\\/#organization\",\"name\":\"Pueyrred\u00f3n Motos\",\"url\":\"https:\\\/\\\/pueyrredonmotos.com\\\/honda\\\/\",\"logo\":{\"@type\":\"ImageObject\",\"inLanguage\":\"es\",\"@id\":\"https:\\\/\\\/pueyrredonmotos.com\\\/honda\\\/#\\\/schema\\\/logo\\\/image\\\/\",\"url\":\"https:\\\/\\\/pueyrredonmotos.com\\\/honda\\\/wp-content\\\/uploads\\\/2023\\\/09\\\/logo-180-66.png\",\"contentUrl\":\"https:\\\/\\\/pueyrredonmotos.com\\\/honda\\\/wp-content\\\/uploads\\\/2023\\\/09\\\/logo-180-66.png\",\"width\":180,\"height\":66,\"caption\":\"Pueyrred\u00f3n Motos\"},\"image\":{\"@id\":\"https:\\\/\\\/pueyrredonmotos.com\\\/honda\\\/#\\\/schema\\\/logo\\\/image\\\/\"},\"sameAs\":[\"https:\\\/\\\/www.facebook.com\\\/pueyrredonmotos.honda\",\"https:\\\/\\\/www.instagram.com\\\/pueyrredonmotos.honda\\\/\"]}]}<\/script>\n<!-- \/ Yoast SEO Premium plugin. -->","yoast_head_json":{"title":"Honda NX 500 - Pueyrred\u00f3n Motos","description":"La nueva NX 500 fue dise\u00f1ada pensando no solo en el d\u00eda a d\u00eda en la ciudad, sino en los trayectos largos en la ruta o fuera de ella.","robots":{"index":"index","follow":"follow","max-snippet":"max-snippet:-1","max-image-preview":"max-image-preview:large","max-video-preview":"max-video-preview:-1"},"canonical":"https:\/\/pueyrredonmotos.com\/honda\/producto\/honda-nx-500\/","og_locale":"es_ES","og_type":"article","og_title":"Honda NX 500","og_description":"La nueva NX 500 fue dise\u00f1ada pensando no solo en el d\u00eda a d\u00eda en la ciudad, sino en los trayectos largos en la ruta o fuera de ella.","og_url":"https:\/\/pueyrredonmotos.com\/honda\/producto\/honda-nx-500\/","og_site_name":"Pueyrred\u00f3n Motos","article_publisher":"https:\/\/www.facebook.com\/pueyrredonmotos.honda","article_modified_time":"2025-02-04T15:00:27+00:00","og_image":[{"width":600,"height":600,"url":"https:\/\/pueyrredonmotos.com\/honda\/wp-content\/uploads\/2025\/01\/nx500-gris.jpg","type":"image\/jpeg"}],"twitter_card":"summary_large_image","twitter_misc":{"Tiempo de lectura":"5 minutos"},"schema":{"@context":"https:\/\/schema.org","@graph":[{"@type":"WebPage","@id":"https:\/\/pueyrredonmotos.com\/honda\/producto\/honda-nx-500\/","url":"https:\/\/pueyrredonmotos.com\/honda\/producto\/honda-nx-500\/","name":"Honda NX 500 - Pueyrred\u00f3n Motos","isPartOf":{"@id":"https:\/\/pueyrredonmotos.com\/honda\/#website"},"primaryImageOfPage":{"@id":"https:\/\/pueyrredonmotos.com\/honda\/producto\/honda-nx-500\/#primaryimage"},"image":{"@id":"https:\/\/pueyrredonmotos.com\/honda\/producto\/honda-nx-500\/#primaryimage"},"thumbnailUrl":"https:\/\/pueyrredonmotos.com\/honda\/wp-content\/uploads\/2025\/01\/nx500-gris.jpg","datePublished":"2025-01-31T21:44:55+00:00","dateModified":"2025-02-04T15:00:27+00:00","description":"La nueva NX 500 fue dise\u00f1ada pensando no solo en el d\u00eda a d\u00eda en la ciudad, sino en los trayectos largos en la ruta o fuera de ella.","breadcrumb":{"@id":"https:\/\/pueyrredonmotos.com\/honda\/producto\/honda-nx-500\/#breadcrumb"},"inLanguage":"es","potentialAction":[{"@type":"ReadAction","target":["https:\/\/pueyrredonmotos.com\/honda\/producto\/honda-nx-500\/"]}]},{"@type":"ImageObject","inLanguage":"es","@id":"https:\/\/pueyrredonmotos.com\/honda\/producto\/honda-nx-500\/#primaryimage","url":"https:\/\/pueyrredonmotos.com\/honda\/wp-content\/uploads\/2025\/01\/nx500-gris.jpg","contentUrl":"https:\/\/pueyrredonmotos.com\/honda\/wp-content\/uploads\/2025\/01\/nx500-gris.jpg","width":600,"height":600},{"@type":"BreadcrumbList","@id":"https:\/\/pueyrredonmotos.com\/honda\/producto\/honda-nx-500\/#breadcrumb","itemListElement":[{"@type":"ListItem","position":1,"name":"Home","item":"https:\/\/pueyrredonmotos.com\/honda\/"},{"@type":"ListItem","position":2,"name":"Cat\u00e1logo","item":"https:\/\/pueyrredonmotos.com\/honda\/catalogo\/"},{"@type":"ListItem","position":3,"name":"Honda NX 500"}]},{"@type":"WebSite","@id":"https:\/\/pueyrredonmotos.com\/honda\/#website","url":"https:\/\/pueyrredonmotos.com\/honda\/","name":"Pueyrred\u00f3n Motos","description":"Concesionario Oficial Honda","publisher":{"@id":"https:\/\/pueyrredonmotos.com\/honda\/#organization"},"potentialAction":[{"@type":"SearchAction","target":{"@type":"EntryPoint","urlTemplate":"https:\/\/pueyrredonmotos.com\/honda\/?s={search_term_string}"},"query-input":{"@type":"PropertyValueSpecification","valueRequired":true,"valueName":"search_term_string"}}],"inLanguage":"es"},{"@type":"Organization","@id":"https:\/\/pueyrredonmotos.com\/honda\/#organization","name":"Pueyrred\u00f3n Motos","url":"https:\/\/pueyrredonmotos.com\/honda\/","logo":{"@type":"ImageObject","inLanguage":"es","@id":"https:\/\/pueyrredonmotos.com\/honda\/#\/schema\/logo\/image\/","url":"https:\/\/pueyrredonmotos.com\/honda\/wp-content\/uploads\/2023\/09\/logo-180-66.png","contentUrl":"https:\/\/pueyrredonmotos.com\/honda\/wp-content\/uploads\/2023\/09\/logo-180-66.png","width":180,"height":66,"caption":"Pueyrred\u00f3n Motos"},"image":{"@id":"https:\/\/pueyrredonmotos.com\/honda\/#\/schema\/logo\/image\/"},"sameAs":["https:\/\/www.facebook.com\/pueyrredonmotos.honda","https:\/\/www.instagram.com\/pueyrredonmotos.honda\/"]}]}},"_links":{"self":[{"href":"https:\/\/pueyrredonmotos.com\/honda\/wp-json\/wp\/v2\/product\/10289","targetHints":{"allow":["GET"]}}],"collection":[{"href":"https:\/\/pueyrredonmotos.com\/honda\/wp-json\/wp\/v2\/product"}],"about":[{"href":"https:\/\/pueyrredonmotos.com\/honda\/wp-json\/wp\/v2\/types\/product"}],"wp:featuredmedia":[{"embeddable":true,"href":"https:\/\/pueyrredonmotos.com\/honda\/wp-json\/wp\/v2\/media\/10334"}],"wp:attachment":[{"href":"https:\/\/pueyrredonmotos.com\/honda\/wp-json\/wp\/v2\/media?parent=10289"}],"wp:term":[{"taxonomy":"product_brand","embeddable":true,"href":"https:\/\/pueyrredonmotos.com\/honda\/wp-json\/wp\/v2\/product_brand?post=10289"},{"taxonomy":"product_cat","embeddable":true,"href":"https:\/\/pueyrredonmotos.com\/honda\/wp-json\/wp\/v2\/product_cat?post=10289"},{"taxonomy":"product_tag","embeddable":true,"href":"https:\/\/pueyrredonmotos.com\/honda\/wp-json\/wp\/v2\/product_tag?post=10289"}],"curies":[{"name":"wp","href":"https:\/\/api.w.org\/{rel}","templated":true}]}}