{"id":10250,"date":"2024-10-24T17:33:41","date_gmt":"2024-10-24T20:33:41","guid":{"rendered":"https:\/\/pueyrredonmotos.com\/honda\/?post_type=product&#038;p=10250"},"modified":"2024-10-24T18:19:30","modified_gmt":"2024-10-24T21:19:30","slug":"honda-xr300l-tornado","status":"publish","type":"product","link":"https:\/\/pueyrredonmotos.com\/honda\/producto\/honda-xr300l-tornado\/","title":{"rendered":"Honda XR300L Tornado"},"content":{"rendered":"<p><img loading=\"lazy\" decoding=\"async\" class=\"alignnone size-large wp-image-10267\" src=\"https:\/\/pueyrredonmotos.com\/honda\/wp-content\/uploads\/2024\/10\/slide-motos-tornado-2024-1024x434.jpg\" alt=\"\" width=\"1024\" height=\"434\" srcset=\"https:\/\/pueyrredonmotos.com\/honda\/wp-content\/uploads\/2024\/10\/slide-motos-tornado-2024-1024x434.jpg 1024w, https:\/\/pueyrredonmotos.com\/honda\/wp-content\/uploads\/2024\/10\/slide-motos-tornado-2024-300x127.jpg 300w, https:\/\/pueyrredonmotos.com\/honda\/wp-content\/uploads\/2024\/10\/slide-motos-tornado-2024-768x325.jpg 768w, https:\/\/pueyrredonmotos.com\/honda\/wp-content\/uploads\/2024\/10\/slide-motos-tornado-2024-800x339.jpg 800w, https:\/\/pueyrredonmotos.com\/honda\/wp-content\/uploads\/2024\/10\/slide-motos-tornado-2024.jpg 1400w\" sizes=\"auto, (max-width: 1024px) 100vw, 1024px\" \/><\/p>\n<p><iframe loading=\"lazy\" width=\"790\" height=\"444\" src=\"https:\/\/www.youtube.com\/embed\/B88kn8I0v8I?si=9y1N2GfngUSUL0W1\" title=\"YouTube video player\" frameborder=\"0\" allow=\"accelerometer; autoplay; clipboard-write; encrypted-media; gyroscope; picture-in-picture; web-share\" referrerpolicy=\"strict-origin-when-cross-origin\" allowfullscreen><\/iframe><\/p>\n<h4>NUEVO DISE\u00d1O, MISMA ESENCIA<\/h4>\n<p>La nueva XR300L Tornado presenta un dise\u00f1o completamente renovado al mismo tiempo que mantiene la esencia de la generaci\u00f3n anterior: una motocicleta multiprop\u00f3sito aventurera, lista tanto para los desplazamientos diarios como para las traves\u00edas fuera del pavimento.<\/p>\n<p><i class=\"fa fa-file-pdf-o\" aria-hidden=\"true\"><\/i> <a href=\"https:\/\/motos.honda.com.ar\/uploads\/modelos\/63\/fichas_tecnicas\/63c-0ficha-tecnica-xr300l-tornado.pdf\">Ficha T\u00e9cnica<\/a><\/p>\n<p><img loading=\"lazy\" decoding=\"async\" class=\"alignnone size-full wp-image-10262\" src=\"https:\/\/pueyrredonmotos.com\/honda\/wp-content\/uploads\/2024\/10\/tornado-2024-motor.jpg\" alt=\"\" width=\"1010\" height=\"401\" srcset=\"https:\/\/pueyrredonmotos.com\/honda\/wp-content\/uploads\/2024\/10\/tornado-2024-motor.jpg 1010w, https:\/\/pueyrredonmotos.com\/honda\/wp-content\/uploads\/2024\/10\/tornado-2024-motor-300x119.jpg 300w, https:\/\/pueyrredonmotos.com\/honda\/wp-content\/uploads\/2024\/10\/tornado-2024-motor-768x305.jpg 768w, https:\/\/pueyrredonmotos.com\/honda\/wp-content\/uploads\/2024\/10\/tornado-2024-motor-800x318.jpg 800w\" sizes=\"auto, (max-width: 1010px) 100vw, 1010px\" \/><\/p>\n<h4>MOTOR: COMBINACI\u00d3N PERFECTA ENTRE AGILIDAD Y CONFORT<\/h4>\n<p>El nuevo motor monocil\u00edndrico de 293,5 cc, de mayor rendimiento, ahora est\u00e1 alimentado por inyecci\u00f3n electr\u00f3nica, lo que incrementa tambi\u00e9n la eficiencia de combustible. La fricci\u00f3n reducida entre sus componentes evita las vibraciones, permiti\u00e9ndole ser un motor suave en su funcionamiento, con buena entrega a bajo y medio r\u00e9gimen, ideal para el manejo cotidiano pero tambi\u00e9n para el manejo off-road.<\/p>\n<p><img loading=\"lazy\" decoding=\"async\" src=\"https:\/\/pueyrredonmotos.com\/honda\/wp-content\/uploads\/2024\/10\/tornado-2024-transmision.jpg\" alt=\"\" width=\"1010\" height=\"401\" class=\"alignnone size-full wp-image-10266\" srcset=\"https:\/\/pueyrredonmotos.com\/honda\/wp-content\/uploads\/2024\/10\/tornado-2024-transmision.jpg 1010w, https:\/\/pueyrredonmotos.com\/honda\/wp-content\/uploads\/2024\/10\/tornado-2024-transmision-300x119.jpg 300w, https:\/\/pueyrredonmotos.com\/honda\/wp-content\/uploads\/2024\/10\/tornado-2024-transmision-768x305.jpg 768w, https:\/\/pueyrredonmotos.com\/honda\/wp-content\/uploads\/2024\/10\/tornado-2024-transmision-800x318.jpg 800w\" sizes=\"auto, (max-width: 1010px) 100vw, 1010px\" \/><\/p>\n<h4>TRANSMISI\u00d3N: RELACIONAMIENTO Y ENGRANAJE PRECISOS<\/h4>\n<p>La transmisi\u00f3n por cadena de 6 velocidades permite explotar al m\u00e1ximo el potencial del nuevo motor. El embrague ahora es asistido e incorpora la funci\u00f3n anti-rebote. Adem\u00e1s, el tensor de la cadena es m\u00e1s f\u00e1cil de operar y su ajuste es m\u00e1s preciso.<\/p>\n<p><img loading=\"lazy\" decoding=\"async\" src=\"https:\/\/pueyrredonmotos.com\/honda\/wp-content\/uploads\/2024\/10\/tornado-2024-suspension.jpg\" alt=\"\" width=\"1010\" height=\"401\" class=\"alignnone size-full wp-image-10263\" srcset=\"https:\/\/pueyrredonmotos.com\/honda\/wp-content\/uploads\/2024\/10\/tornado-2024-suspension.jpg 1010w, https:\/\/pueyrredonmotos.com\/honda\/wp-content\/uploads\/2024\/10\/tornado-2024-suspension-300x119.jpg 300w, https:\/\/pueyrredonmotos.com\/honda\/wp-content\/uploads\/2024\/10\/tornado-2024-suspension-768x305.jpg 768w, https:\/\/pueyrredonmotos.com\/honda\/wp-content\/uploads\/2024\/10\/tornado-2024-suspension-800x318.jpg 800w\" sizes=\"auto, (max-width: 1010px) 100vw, 1010px\" \/><\/p>\n<h4>SUSPENSI\u00d3N: CONFORT Y ESTABILIDAD<\/h4>\n<p>Fabricadas con componentes Showa de alta calidad y durabilidad, las horquillas delanteras de 221 mm de recorrido y el monoshock trasero Pro-Link ajustable en 7 posiciones otorgan confort y estabilidad en las m\u00e1s variadas condiciones de conducci\u00f3n.<\/p>\n<p><img loading=\"lazy\" decoding=\"async\" src=\"https:\/\/pueyrredonmotos.com\/honda\/wp-content\/uploads\/2024\/10\/tornado-2024-frenos.jpg\" alt=\"\" width=\"1010\" height=\"401\" class=\"alignnone size-full wp-image-10261\" srcset=\"https:\/\/pueyrredonmotos.com\/honda\/wp-content\/uploads\/2024\/10\/tornado-2024-frenos.jpg 1010w, https:\/\/pueyrredonmotos.com\/honda\/wp-content\/uploads\/2024\/10\/tornado-2024-frenos-300x119.jpg 300w, https:\/\/pueyrredonmotos.com\/honda\/wp-content\/uploads\/2024\/10\/tornado-2024-frenos-768x305.jpg 768w, https:\/\/pueyrredonmotos.com\/honda\/wp-content\/uploads\/2024\/10\/tornado-2024-frenos-800x318.jpg 800w\" sizes=\"auto, (max-width: 1010px) 100vw, 1010px\" \/><\/p>\n<h4>FRENOS: EFICIENCIA Y SEGURIDAD<\/h4>\n<p>Tanto el disco de freno delantero (256mm) como el disco trasero (220mm) son accionados por pinzas Nissin, que act\u00faan con eficiencia y precisi\u00f3n al momento de frenar. El ABS de doble canal garantiza la m\u00e1xima seguridad en el frenado, impidiendo el bloqueo de las ruedas.<\/p>\n<p><img loading=\"lazy\" decoding=\"async\" src=\"https:\/\/pueyrredonmotos.com\/honda\/wp-content\/uploads\/2024\/10\/tornado-2024-tecnologia-3.jpg\" alt=\"\" width=\"1010\" height=\"401\" class=\"alignnone size-full wp-image-10265\" srcset=\"https:\/\/pueyrredonmotos.com\/honda\/wp-content\/uploads\/2024\/10\/tornado-2024-tecnologia-3.jpg 1010w, https:\/\/pueyrredonmotos.com\/honda\/wp-content\/uploads\/2024\/10\/tornado-2024-tecnologia-3-300x119.jpg 300w, https:\/\/pueyrredonmotos.com\/honda\/wp-content\/uploads\/2024\/10\/tornado-2024-tecnologia-3-768x305.jpg 768w, https:\/\/pueyrredonmotos.com\/honda\/wp-content\/uploads\/2024\/10\/tornado-2024-tecnologia-3-800x318.jpg 800w\" sizes=\"auto, (max-width: 1010px) 100vw, 1010px\" \/><br \/>\n<img loading=\"lazy\" decoding=\"async\" src=\"https:\/\/pueyrredonmotos.com\/honda\/wp-content\/uploads\/2024\/10\/tornado-2024-tecnologia-2.jpg\" alt=\"\" width=\"1010\" height=\"401\" class=\"alignnone size-full wp-image-10264\" srcset=\"https:\/\/pueyrredonmotos.com\/honda\/wp-content\/uploads\/2024\/10\/tornado-2024-tecnologia-2.jpg 1010w, https:\/\/pueyrredonmotos.com\/honda\/wp-content\/uploads\/2024\/10\/tornado-2024-tecnologia-2-300x119.jpg 300w, https:\/\/pueyrredonmotos.com\/honda\/wp-content\/uploads\/2024\/10\/tornado-2024-tecnologia-2-768x305.jpg 768w, https:\/\/pueyrredonmotos.com\/honda\/wp-content\/uploads\/2024\/10\/tornado-2024-tecnologia-2-800x318.jpg 800w\" sizes=\"auto, (max-width: 1010px) 100vw, 1010px\" \/><\/p>\n<h4>TECNOLOG\u00cdA: TABLERO 100% DIGITAL<\/h4>\n<p>El tablero 100% digital fue completamente redise\u00f1ado, ofreciendo no solo una mayor cantidad de informaci\u00f3n sino mejor visibilidad, facilitando su lectura. Como principales novedades, se destacan el tac\u00f3metro, el indicador de marcha, el medidor de combustible y el consumo de combustible promedio o en tiempo real.<\/p>\n<p><img loading=\"lazy\" decoding=\"async\" src=\"https:\/\/pueyrredonmotos.com\/honda\/wp-content\/uploads\/2024\/10\/tornado-2024-cobustible.jpg\" alt=\"\" width=\"1010\" height=\"401\" class=\"alignnone size-full wp-image-10260\" srcset=\"https:\/\/pueyrredonmotos.com\/honda\/wp-content\/uploads\/2024\/10\/tornado-2024-cobustible.jpg 1010w, https:\/\/pueyrredonmotos.com\/honda\/wp-content\/uploads\/2024\/10\/tornado-2024-cobustible-300x119.jpg 300w, https:\/\/pueyrredonmotos.com\/honda\/wp-content\/uploads\/2024\/10\/tornado-2024-cobustible-768x305.jpg 768w, https:\/\/pueyrredonmotos.com\/honda\/wp-content\/uploads\/2024\/10\/tornado-2024-cobustible-800x318.jpg 800w\" sizes=\"auto, (max-width: 1010px) 100vw, 1010px\" \/><\/p>\n<h4>TANQUE DE COMBUSTIBLE: MAYOR AUTONOM\u00cdA<\/h4>\n<p>El tanque ofrece una excelente autonom\u00eda gracias a sus 13,8L de capacidad. Los carenados que lo rodean realzan el aspecto robusto de la nueva XR300L Tornado.<\/p>\n<h5>Encontrala en <strong>Pueyrred\u00f3n Motos<\/strong>, Concesionario Oficial Honda.<\/h5>\n<!-- Popup open button -->\r\n<div class=\"wws-popup__open-btn wws--bg-color wws--text-color wws-shadow\">\r\n<span> Consultas por Whatsapp<\/span>\r\n<\/div>\r\n<p>&nbsp;<\/p>\r\n<p>&nbsp;<\/p>\r\n\n","protected":false},"excerpt":{"rendered":"<p>La <strong>nueva XR300L Tornado<\/strong> presenta un dise\u00f1o completamente renovado al mismo tiempo que mantiene la esencia de la generaci\u00f3n anterior: una motocicleta multiprop\u00f3sito aventurera, desde la rutina diaria urbana hasta emocionantes aventuras off-road. Entre las caracter\u00edsticas principales encontramos un nuevo Motor 4T de 294cc., arranque el\u00e9ctrico, 6 velocidades, iluminaci\u00f3n Full LED y tanque de 13.8Lts.<br \/>\n<br \/>\nEncontrala en <strong>Pueyrred\u00f3n Motos<\/strong>, Concesionario Oficial Honda.<\/p>\n[wpcode id=\"10175\"]\n<hr \/>\n","protected":false},"featured_media":10269,"template":"","meta":[],"product_brand":[],"product_cat":[15],"product_tag":[38],"class_list":{"0":"post-10250","1":"product","2":"type-product","3":"status-publish","4":"has-post-thumbnail","6":"product_cat-motos-0km","7":"product_tag-on-off","8":"pa_marca-honda","9":"pa_modelo-xr300l-tornado","11":"first","12":"instock","13":"shipping-taxable","14":"purchasable","15":"product-type-simple"},"yoast_head":"<!-- This site is optimized with the Yoast SEO Premium plugin v21.2 (Yoast SEO v27.3) - https:\/\/yoast.com\/product\/yoast-seo-premium-wordpress\/ -->\n<title>Honda XR300L Tornado - Pueyrred\u00f3n Motos<\/title>\n<meta name=\"description\" content=\"La nueva XR300L Tornado presenta un dise\u00f1o completamente renovado al mismo tiempo que mantiene la esencia de la generaci\u00f3n anterior: una motocicleta multiprop\u00f3sito aventurera, desde la rutina diaria urbana hasta emocionantes aventuras off-road. Entre las caracter\u00edsticas principales encontramos un nuevo Motor 4T de 294cc., arranque el\u00e9ctrico, 6 velocidades, iluminaci\u00f3n Full LED y tanque de 13.8Lts.\" \/>\n<meta name=\"robots\" content=\"index, follow, max-snippet:-1, max-image-preview:large, max-video-preview:-1\" \/>\n<link rel=\"canonical\" href=\"https:\/\/pueyrredonmotos.com\/honda\/producto\/honda-xr300l-tornado\/\" \/>\n<meta property=\"og:locale\" content=\"es_ES\" \/>\n<meta property=\"og:type\" content=\"article\" \/>\n<meta property=\"og:title\" content=\"Honda XR300L Tornado\" \/>\n<meta property=\"og:description\" content=\"La nueva XR300L Tornado presenta un dise\u00f1o completamente renovado al mismo tiempo que mantiene la esencia de la generaci\u00f3n anterior: una motocicleta multiprop\u00f3sito aventurera, desde la rutina diaria urbana hasta emocionantes aventuras off-road. Entre las caracter\u00edsticas principales encontramos un nuevo Motor 4T de 294cc., arranque el\u00e9ctrico, 6 velocidades, iluminaci\u00f3n Full LED y tanque de 13.8Lts.\" \/>\n<meta property=\"og:url\" content=\"https:\/\/pueyrredonmotos.com\/honda\/producto\/honda-xr300l-tornado\/\" \/>\n<meta property=\"og:site_name\" content=\"Pueyrred\u00f3n Motos\" \/>\n<meta property=\"article:publisher\" content=\"https:\/\/www.facebook.com\/pueyrredonmotos.honda\" \/>\n<meta property=\"article:modified_time\" content=\"2024-10-24T21:19:30+00:00\" \/>\n<meta property=\"og:image\" content=\"https:\/\/pueyrredonmotos.com\/honda\/wp-content\/uploads\/2024\/10\/Honda-XR300L-Tornado-Roja.jpg\" \/>\n\t<meta property=\"og:image:width\" content=\"500\" \/>\n\t<meta property=\"og:image:height\" content=\"500\" \/>\n\t<meta property=\"og:image:type\" content=\"image\/jpeg\" \/>\n<meta name=\"twitter:card\" content=\"summary_large_image\" \/>\n<meta name=\"twitter:label1\" content=\"Tiempo de lectura\" \/>\n\t<meta name=\"twitter:data1\" content=\"4 minutos\" \/>\n<script type=\"application\/ld+json\" class=\"yoast-schema-graph\">{\"@context\":\"https:\\\/\\\/schema.org\",\"@graph\":[{\"@type\":\"WebPage\",\"@id\":\"https:\\\/\\\/pueyrredonmotos.com\\\/honda\\\/producto\\\/honda-xr300l-tornado\\\/\",\"url\":\"https:\\\/\\\/pueyrredonmotos.com\\\/honda\\\/producto\\\/honda-xr300l-tornado\\\/\",\"name\":\"Honda XR300L Tornado - Pueyrred\u00f3n Motos\",\"isPartOf\":{\"@id\":\"https:\\\/\\\/pueyrredonmotos.com\\\/honda\\\/#website\"},\"primaryImageOfPage\":{\"@id\":\"https:\\\/\\\/pueyrredonmotos.com\\\/honda\\\/producto\\\/honda-xr300l-tornado\\\/#primaryimage\"},\"image\":{\"@id\":\"https:\\\/\\\/pueyrredonmotos.com\\\/honda\\\/producto\\\/honda-xr300l-tornado\\\/#primaryimage\"},\"thumbnailUrl\":\"https:\\\/\\\/pueyrredonmotos.com\\\/honda\\\/wp-content\\\/uploads\\\/2024\\\/10\\\/Honda-XR300L-Tornado-Roja.jpg\",\"datePublished\":\"2024-10-24T20:33:41+00:00\",\"dateModified\":\"2024-10-24T21:19:30+00:00\",\"description\":\"La nueva XR300L Tornado presenta un dise\u00f1o completamente renovado al mismo tiempo que mantiene la esencia de la generaci\u00f3n anterior: una motocicleta multiprop\u00f3sito aventurera, desde la rutina diaria urbana hasta emocionantes aventuras off-road. Entre las caracter\u00edsticas principales encontramos un nuevo Motor 4T de 294cc., arranque el\u00e9ctrico, 6 velocidades, iluminaci\u00f3n Full LED y tanque de 13.8Lts.\",\"breadcrumb\":{\"@id\":\"https:\\\/\\\/pueyrredonmotos.com\\\/honda\\\/producto\\\/honda-xr300l-tornado\\\/#breadcrumb\"},\"inLanguage\":\"es\",\"potentialAction\":[{\"@type\":\"ReadAction\",\"target\":[\"https:\\\/\\\/pueyrredonmotos.com\\\/honda\\\/producto\\\/honda-xr300l-tornado\\\/\"]}]},{\"@type\":\"ImageObject\",\"inLanguage\":\"es\",\"@id\":\"https:\\\/\\\/pueyrredonmotos.com\\\/honda\\\/producto\\\/honda-xr300l-tornado\\\/#primaryimage\",\"url\":\"https:\\\/\\\/pueyrredonmotos.com\\\/honda\\\/wp-content\\\/uploads\\\/2024\\\/10\\\/Honda-XR300L-Tornado-Roja.jpg\",\"contentUrl\":\"https:\\\/\\\/pueyrredonmotos.com\\\/honda\\\/wp-content\\\/uploads\\\/2024\\\/10\\\/Honda-XR300L-Tornado-Roja.jpg\",\"width\":500,\"height\":500},{\"@type\":\"BreadcrumbList\",\"@id\":\"https:\\\/\\\/pueyrredonmotos.com\\\/honda\\\/producto\\\/honda-xr300l-tornado\\\/#breadcrumb\",\"itemListElement\":[{\"@type\":\"ListItem\",\"position\":1,\"name\":\"Home\",\"item\":\"https:\\\/\\\/pueyrredonmotos.com\\\/honda\\\/\"},{\"@type\":\"ListItem\",\"position\":2,\"name\":\"Cat\u00e1logo\",\"item\":\"https:\\\/\\\/pueyrredonmotos.com\\\/honda\\\/catalogo\\\/\"},{\"@type\":\"ListItem\",\"position\":3,\"name\":\"Honda XR300L Tornado\"}]},{\"@type\":\"WebSite\",\"@id\":\"https:\\\/\\\/pueyrredonmotos.com\\\/honda\\\/#website\",\"url\":\"https:\\\/\\\/pueyrredonmotos.com\\\/honda\\\/\",\"name\":\"Pueyrred\u00f3n Motos\",\"description\":\"Concesionario Oficial Honda\",\"publisher\":{\"@id\":\"https:\\\/\\\/pueyrredonmotos.com\\\/honda\\\/#organization\"},\"potentialAction\":[{\"@type\":\"SearchAction\",\"target\":{\"@type\":\"EntryPoint\",\"urlTemplate\":\"https:\\\/\\\/pueyrredonmotos.com\\\/honda\\\/?s={search_term_string}\"},\"query-input\":{\"@type\":\"PropertyValueSpecification\",\"valueRequired\":true,\"valueName\":\"search_term_string\"}}],\"inLanguage\":\"es\"},{\"@type\":\"Organization\",\"@id\":\"https:\\\/\\\/pueyrredonmotos.com\\\/honda\\\/#organization\",\"name\":\"Pueyrred\u00f3n Motos\",\"url\":\"https:\\\/\\\/pueyrredonmotos.com\\\/honda\\\/\",\"logo\":{\"@type\":\"ImageObject\",\"inLanguage\":\"es\",\"@id\":\"https:\\\/\\\/pueyrredonmotos.com\\\/honda\\\/#\\\/schema\\\/logo\\\/image\\\/\",\"url\":\"https:\\\/\\\/pueyrredonmotos.com\\\/honda\\\/wp-content\\\/uploads\\\/2023\\\/09\\\/logo-180-66.png\",\"contentUrl\":\"https:\\\/\\\/pueyrredonmotos.com\\\/honda\\\/wp-content\\\/uploads\\\/2023\\\/09\\\/logo-180-66.png\",\"width\":180,\"height\":66,\"caption\":\"Pueyrred\u00f3n Motos\"},\"image\":{\"@id\":\"https:\\\/\\\/pueyrredonmotos.com\\\/honda\\\/#\\\/schema\\\/logo\\\/image\\\/\"},\"sameAs\":[\"https:\\\/\\\/www.facebook.com\\\/pueyrredonmotos.honda\",\"https:\\\/\\\/www.instagram.com\\\/pueyrredonmotos.honda\\\/\"]}]}<\/script>\n<!-- \/ Yoast SEO Premium plugin. -->","yoast_head_json":{"title":"Honda XR300L Tornado - Pueyrred\u00f3n Motos","description":"La nueva XR300L Tornado presenta un dise\u00f1o completamente renovado al mismo tiempo que mantiene la esencia de la generaci\u00f3n anterior: una motocicleta multiprop\u00f3sito aventurera, desde la rutina diaria urbana hasta emocionantes aventuras off-road. Entre las caracter\u00edsticas principales encontramos un nuevo Motor 4T de 294cc., arranque el\u00e9ctrico, 6 velocidades, iluminaci\u00f3n Full LED y tanque de 13.8Lts.","robots":{"index":"index","follow":"follow","max-snippet":"max-snippet:-1","max-image-preview":"max-image-preview:large","max-video-preview":"max-video-preview:-1"},"canonical":"https:\/\/pueyrredonmotos.com\/honda\/producto\/honda-xr300l-tornado\/","og_locale":"es_ES","og_type":"article","og_title":"Honda XR300L Tornado","og_description":"La nueva XR300L Tornado presenta un dise\u00f1o completamente renovado al mismo tiempo que mantiene la esencia de la generaci\u00f3n anterior: una motocicleta multiprop\u00f3sito aventurera, desde la rutina diaria urbana hasta emocionantes aventuras off-road. Entre las caracter\u00edsticas principales encontramos un nuevo Motor 4T de 294cc., arranque el\u00e9ctrico, 6 velocidades, iluminaci\u00f3n Full LED y tanque de 13.8Lts.","og_url":"https:\/\/pueyrredonmotos.com\/honda\/producto\/honda-xr300l-tornado\/","og_site_name":"Pueyrred\u00f3n Motos","article_publisher":"https:\/\/www.facebook.com\/pueyrredonmotos.honda","article_modified_time":"2024-10-24T21:19:30+00:00","og_image":[{"width":500,"height":500,"url":"https:\/\/pueyrredonmotos.com\/honda\/wp-content\/uploads\/2024\/10\/Honda-XR300L-Tornado-Roja.jpg","type":"image\/jpeg"}],"twitter_card":"summary_large_image","twitter_misc":{"Tiempo de lectura":"4 minutos"},"schema":{"@context":"https:\/\/schema.org","@graph":[{"@type":"WebPage","@id":"https:\/\/pueyrredonmotos.com\/honda\/producto\/honda-xr300l-tornado\/","url":"https:\/\/pueyrredonmotos.com\/honda\/producto\/honda-xr300l-tornado\/","name":"Honda XR300L Tornado - Pueyrred\u00f3n Motos","isPartOf":{"@id":"https:\/\/pueyrredonmotos.com\/honda\/#website"},"primaryImageOfPage":{"@id":"https:\/\/pueyrredonmotos.com\/honda\/producto\/honda-xr300l-tornado\/#primaryimage"},"image":{"@id":"https:\/\/pueyrredonmotos.com\/honda\/producto\/honda-xr300l-tornado\/#primaryimage"},"thumbnailUrl":"https:\/\/pueyrredonmotos.com\/honda\/wp-content\/uploads\/2024\/10\/Honda-XR300L-Tornado-Roja.jpg","datePublished":"2024-10-24T20:33:41+00:00","dateModified":"2024-10-24T21:19:30+00:00","description":"La nueva XR300L Tornado presenta un dise\u00f1o completamente renovado al mismo tiempo que mantiene la esencia de la generaci\u00f3n anterior: una motocicleta multiprop\u00f3sito aventurera, desde la rutina diaria urbana hasta emocionantes aventuras off-road. Entre las caracter\u00edsticas principales encontramos un nuevo Motor 4T de 294cc., arranque el\u00e9ctrico, 6 velocidades, iluminaci\u00f3n Full LED y tanque de 13.8Lts.","breadcrumb":{"@id":"https:\/\/pueyrredonmotos.com\/honda\/producto\/honda-xr300l-tornado\/#breadcrumb"},"inLanguage":"es","potentialAction":[{"@type":"ReadAction","target":["https:\/\/pueyrredonmotos.com\/honda\/producto\/honda-xr300l-tornado\/"]}]},{"@type":"ImageObject","inLanguage":"es","@id":"https:\/\/pueyrredonmotos.com\/honda\/producto\/honda-xr300l-tornado\/#primaryimage","url":"https:\/\/pueyrredonmotos.com\/honda\/wp-content\/uploads\/2024\/10\/Honda-XR300L-Tornado-Roja.jpg","contentUrl":"https:\/\/pueyrredonmotos.com\/honda\/wp-content\/uploads\/2024\/10\/Honda-XR300L-Tornado-Roja.jpg","width":500,"height":500},{"@type":"BreadcrumbList","@id":"https:\/\/pueyrredonmotos.com\/honda\/producto\/honda-xr300l-tornado\/#breadcrumb","itemListElement":[{"@type":"ListItem","position":1,"name":"Home","item":"https:\/\/pueyrredonmotos.com\/honda\/"},{"@type":"ListItem","position":2,"name":"Cat\u00e1logo","item":"https:\/\/pueyrredonmotos.com\/honda\/catalogo\/"},{"@type":"ListItem","position":3,"name":"Honda XR300L Tornado"}]},{"@type":"WebSite","@id":"https:\/\/pueyrredonmotos.com\/honda\/#website","url":"https:\/\/pueyrredonmotos.com\/honda\/","name":"Pueyrred\u00f3n Motos","description":"Concesionario Oficial Honda","publisher":{"@id":"https:\/\/pueyrredonmotos.com\/honda\/#organization"},"potentialAction":[{"@type":"SearchAction","target":{"@type":"EntryPoint","urlTemplate":"https:\/\/pueyrredonmotos.com\/honda\/?s={search_term_string}"},"query-input":{"@type":"PropertyValueSpecification","valueRequired":true,"valueName":"search_term_string"}}],"inLanguage":"es"},{"@type":"Organization","@id":"https:\/\/pueyrredonmotos.com\/honda\/#organization","name":"Pueyrred\u00f3n Motos","url":"https:\/\/pueyrredonmotos.com\/honda\/","logo":{"@type":"ImageObject","inLanguage":"es","@id":"https:\/\/pueyrredonmotos.com\/honda\/#\/schema\/logo\/image\/","url":"https:\/\/pueyrredonmotos.com\/honda\/wp-content\/uploads\/2023\/09\/logo-180-66.png","contentUrl":"https:\/\/pueyrredonmotos.com\/honda\/wp-content\/uploads\/2023\/09\/logo-180-66.png","width":180,"height":66,"caption":"Pueyrred\u00f3n Motos"},"image":{"@id":"https:\/\/pueyrredonmotos.com\/honda\/#\/schema\/logo\/image\/"},"sameAs":["https:\/\/www.facebook.com\/pueyrredonmotos.honda","https:\/\/www.instagram.com\/pueyrredonmotos.honda\/"]}]}},"_links":{"self":[{"href":"https:\/\/pueyrredonmotos.com\/honda\/wp-json\/wp\/v2\/product\/10250","targetHints":{"allow":["GET"]}}],"collection":[{"href":"https:\/\/pueyrredonmotos.com\/honda\/wp-json\/wp\/v2\/product"}],"about":[{"href":"https:\/\/pueyrredonmotos.com\/honda\/wp-json\/wp\/v2\/types\/product"}],"wp:featuredmedia":[{"embeddable":true,"href":"https:\/\/pueyrredonmotos.com\/honda\/wp-json\/wp\/v2\/media\/10269"}],"wp:attachment":[{"href":"https:\/\/pueyrredonmotos.com\/honda\/wp-json\/wp\/v2\/media?parent=10250"}],"wp:term":[{"taxonomy":"product_brand","embeddable":true,"href":"https:\/\/pueyrredonmotos.com\/honda\/wp-json\/wp\/v2\/product_brand?post=10250"},{"taxonomy":"product_cat","embeddable":true,"href":"https:\/\/pueyrredonmotos.com\/honda\/wp-json\/wp\/v2\/product_cat?post=10250"},{"taxonomy":"product_tag","embeddable":true,"href":"https:\/\/pueyrredonmotos.com\/honda\/wp-json\/wp\/v2\/product_tag?post=10250"}],"curies":[{"name":"wp","href":"https:\/\/api.w.org\/{rel}","templated":true}]}}