{"id":10219,"date":"2024-10-15T18:03:54","date_gmt":"2024-10-15T21:03:54","guid":{"rendered":"https:\/\/pueyrredonmotos.com\/honda\/?post_type=product&#038;p=10219"},"modified":"2024-10-15T18:06:07","modified_gmt":"2024-10-15T21:06:07","slug":"honda-new-elite-2020","status":"publish","type":"product","link":"https:\/\/pueyrredonmotos.com\/honda\/producto\/honda-new-elite-2020\/","title":{"rendered":"Honda New Elite 2020"},"content":{"rendered":"<p><strong>La Honda New Elite es una scooter que fusiona a la perfecci\u00f3n un dise\u00f1o deportivo con tecnolog\u00eda avanzada y caracter\u00edsticas de alta eficiencia. Su estilo aerodin\u00e1mico y esp\u00edritu racing hacen que se destaque en la ciudad, mientras que su maniobrabilidad y comodidad la convierten en la compa\u00f1era ideal para un estilo de vida urbano y sofisticado.<\/strong><\/p>\n<p><strong>Detalles T\u00e9cnicos Destacados:<\/strong><\/p>\n<ul>\n<li><strong>Dise\u00f1o:<\/strong> Con el respaldo de Honda, su dise\u00f1o deportivo y aerodin\u00e1mico est\u00e1 pensado para una mayor maniobrabilidad y comodidad. La versi\u00f3n tricolor destaca su car\u00e1cter racing y urbano.<\/li>\n<li><strong>Inyecci\u00f3n Electr\u00f3nica:<\/strong> Equipada con el sistema PGM-MI, la New Elite optimiza el consumo de combustible, ofreciendo un rendimiento excepcional y mayor autonom\u00eda.<\/li>\n<li><strong>Luces LED:<\/strong> Los faros LED no solo ahorran energ\u00eda, sino que tambi\u00e9n aportan una apariencia agresiva y moderna.<\/li>\n<li><strong>Frenos:<\/strong> El sistema CBS distribuye el frenado de forma equilibrada entre ambas ruedas, garantizando una conducci\u00f3n m\u00e1s segura y controlada.<\/li>\n<\/ul>\n<p><strong>Si buscas una moto que combine estilo, tecnolog\u00eda y seguridad, la Honda New Elite es la opci\u00f3n perfecta para moverte con confianza por la ciudad.<\/strong><\/p>\n<!-- Popup open button -->\r\n<div class=\"wws-popup__open-btn wws--bg-color wws--text-color wws-shadow\">\r\n<span> Consultas por Whatsapp<\/span>\r\n<\/div>\r\n<p>&nbsp;<\/p>\r\n<p>&nbsp;<\/p>\r\n\n","protected":false},"excerpt":{"rendered":"<p>La Honda New Elite es la opci\u00f3n ideal. Con su dise\u00f1o aerodin\u00e1mico y su sistema de inyecci\u00f3n avanzada, te garantiza una conducci\u00f3n suave y eficiente, perfecta para moverte con estilo en la ciudad.<\/p>\n<p>Encontrala en <strong>Pueyrred\u00f3n Motos<\/strong>, Concesionario Oficial Honda.<\/p>\n[wpcode id=\"10175\"]\n","protected":false},"featured_media":10220,"template":"","meta":[],"product_brand":[],"product_cat":[30],"product_tag":[32],"class_list":{"0":"post-10219","1":"product","2":"type-product","3":"status-publish","4":"has-post-thumbnail","6":"product_cat-motos-usadas","7":"product_tag-scooter","8":"pa_marca-honda","9":"pa_modelo-new-elite","11":"first","12":"instock","13":"shipping-taxable","14":"purchasable","15":"product-type-simple"},"yoast_head":"<!-- This site is optimized with the Yoast SEO Premium plugin v21.2 (Yoast SEO v27.3) - https:\/\/yoast.com\/product\/yoast-seo-premium-wordpress\/ -->\n<title>Honda New Elite 2020 - Pueyrred\u00f3n Motos<\/title>\n<meta name=\"robots\" content=\"index, follow, max-snippet:-1, max-image-preview:large, max-video-preview:-1\" \/>\n<link rel=\"canonical\" href=\"https:\/\/pueyrredonmotos.com\/honda\/producto\/honda-new-elite-2020\/\" \/>\n<meta property=\"og:locale\" content=\"es_ES\" \/>\n<meta property=\"og:type\" content=\"article\" \/>\n<meta property=\"og:title\" content=\"Honda New Elite 2020\" \/>\n<meta property=\"og:description\" content=\"La Honda New Elite es la opci\u00f3n ideal. Con su dise\u00f1o aerodin\u00e1mico y su sistema de inyecci\u00f3n avanzada, te garantiza una conducci\u00f3n suave y eficiente, perfecta para moverte con estilo en la ciudad.  Encontrala en Pueyrred\u00f3n Motos, Concesionario Oficial Honda.\" \/>\n<meta property=\"og:url\" content=\"https:\/\/pueyrredonmotos.com\/honda\/producto\/honda-new-elite-2020\/\" \/>\n<meta property=\"og:site_name\" content=\"Pueyrred\u00f3n Motos\" \/>\n<meta property=\"article:publisher\" content=\"https:\/\/www.facebook.com\/pueyrredonmotos.honda\" \/>\n<meta property=\"article:modified_time\" content=\"2024-10-15T21:06:07+00:00\" \/>\n<meta property=\"og:image\" content=\"https:\/\/pueyrredonmotos.com\/honda\/wp-content\/uploads\/2024\/10\/4e1b922f-93a8-43f5-8aaa-45474c31cd9b.jpg\" \/>\n\t<meta property=\"og:image:width\" content=\"1600\" \/>\n\t<meta property=\"og:image:height\" content=\"1200\" \/>\n\t<meta property=\"og:image:type\" content=\"image\/jpeg\" \/>\n<meta name=\"twitter:card\" content=\"summary_large_image\" \/>\n<meta name=\"twitter:label1\" content=\"Tiempo de lectura\" \/>\n\t<meta name=\"twitter:data1\" content=\"1 minuto\" \/>\n<script type=\"application\/ld+json\" class=\"yoast-schema-graph\">{\"@context\":\"https:\\\/\\\/schema.org\",\"@graph\":[{\"@type\":\"WebPage\",\"@id\":\"https:\\\/\\\/pueyrredonmotos.com\\\/honda\\\/producto\\\/honda-new-elite-2020\\\/\",\"url\":\"https:\\\/\\\/pueyrredonmotos.com\\\/honda\\\/producto\\\/honda-new-elite-2020\\\/\",\"name\":\"Honda New Elite 2020 - Pueyrred\u00f3n Motos\",\"isPartOf\":{\"@id\":\"https:\\\/\\\/pueyrredonmotos.com\\\/honda\\\/#website\"},\"primaryImageOfPage\":{\"@id\":\"https:\\\/\\\/pueyrredonmotos.com\\\/honda\\\/producto\\\/honda-new-elite-2020\\\/#primaryimage\"},\"image\":{\"@id\":\"https:\\\/\\\/pueyrredonmotos.com\\\/honda\\\/producto\\\/honda-new-elite-2020\\\/#primaryimage\"},\"thumbnailUrl\":\"https:\\\/\\\/pueyrredonmotos.com\\\/honda\\\/wp-content\\\/uploads\\\/2024\\\/10\\\/4e1b922f-93a8-43f5-8aaa-45474c31cd9b.jpg\",\"datePublished\":\"2024-10-15T21:03:54+00:00\",\"dateModified\":\"2024-10-15T21:06:07+00:00\",\"breadcrumb\":{\"@id\":\"https:\\\/\\\/pueyrredonmotos.com\\\/honda\\\/producto\\\/honda-new-elite-2020\\\/#breadcrumb\"},\"inLanguage\":\"es\",\"potentialAction\":[{\"@type\":\"ReadAction\",\"target\":[\"https:\\\/\\\/pueyrredonmotos.com\\\/honda\\\/producto\\\/honda-new-elite-2020\\\/\"]}]},{\"@type\":\"ImageObject\",\"inLanguage\":\"es\",\"@id\":\"https:\\\/\\\/pueyrredonmotos.com\\\/honda\\\/producto\\\/honda-new-elite-2020\\\/#primaryimage\",\"url\":\"https:\\\/\\\/pueyrredonmotos.com\\\/honda\\\/wp-content\\\/uploads\\\/2024\\\/10\\\/4e1b922f-93a8-43f5-8aaa-45474c31cd9b.jpg\",\"contentUrl\":\"https:\\\/\\\/pueyrredonmotos.com\\\/honda\\\/wp-content\\\/uploads\\\/2024\\\/10\\\/4e1b922f-93a8-43f5-8aaa-45474c31cd9b.jpg\",\"width\":1600,\"height\":1200},{\"@type\":\"BreadcrumbList\",\"@id\":\"https:\\\/\\\/pueyrredonmotos.com\\\/honda\\\/producto\\\/honda-new-elite-2020\\\/#breadcrumb\",\"itemListElement\":[{\"@type\":\"ListItem\",\"position\":1,\"name\":\"Home\",\"item\":\"https:\\\/\\\/pueyrredonmotos.com\\\/honda\\\/\"},{\"@type\":\"ListItem\",\"position\":2,\"name\":\"Cat\u00e1logo\",\"item\":\"https:\\\/\\\/pueyrredonmotos.com\\\/honda\\\/catalogo\\\/\"},{\"@type\":\"ListItem\",\"position\":3,\"name\":\"Honda New Elite 2020\"}]},{\"@type\":\"WebSite\",\"@id\":\"https:\\\/\\\/pueyrredonmotos.com\\\/honda\\\/#website\",\"url\":\"https:\\\/\\\/pueyrredonmotos.com\\\/honda\\\/\",\"name\":\"Pueyrred\u00f3n Motos\",\"description\":\"Concesionario Oficial Honda\",\"publisher\":{\"@id\":\"https:\\\/\\\/pueyrredonmotos.com\\\/honda\\\/#organization\"},\"potentialAction\":[{\"@type\":\"SearchAction\",\"target\":{\"@type\":\"EntryPoint\",\"urlTemplate\":\"https:\\\/\\\/pueyrredonmotos.com\\\/honda\\\/?s={search_term_string}\"},\"query-input\":{\"@type\":\"PropertyValueSpecification\",\"valueRequired\":true,\"valueName\":\"search_term_string\"}}],\"inLanguage\":\"es\"},{\"@type\":\"Organization\",\"@id\":\"https:\\\/\\\/pueyrredonmotos.com\\\/honda\\\/#organization\",\"name\":\"Pueyrred\u00f3n Motos\",\"url\":\"https:\\\/\\\/pueyrredonmotos.com\\\/honda\\\/\",\"logo\":{\"@type\":\"ImageObject\",\"inLanguage\":\"es\",\"@id\":\"https:\\\/\\\/pueyrredonmotos.com\\\/honda\\\/#\\\/schema\\\/logo\\\/image\\\/\",\"url\":\"https:\\\/\\\/pueyrredonmotos.com\\\/honda\\\/wp-content\\\/uploads\\\/2023\\\/09\\\/logo-180-66.png\",\"contentUrl\":\"https:\\\/\\\/pueyrredonmotos.com\\\/honda\\\/wp-content\\\/uploads\\\/2023\\\/09\\\/logo-180-66.png\",\"width\":180,\"height\":66,\"caption\":\"Pueyrred\u00f3n Motos\"},\"image\":{\"@id\":\"https:\\\/\\\/pueyrredonmotos.com\\\/honda\\\/#\\\/schema\\\/logo\\\/image\\\/\"},\"sameAs\":[\"https:\\\/\\\/www.facebook.com\\\/pueyrredonmotos.honda\",\"https:\\\/\\\/www.instagram.com\\\/pueyrredonmotos.honda\\\/\"]}]}<\/script>\n<!-- \/ Yoast SEO Premium plugin. -->","yoast_head_json":{"title":"Honda New Elite 2020 - Pueyrred\u00f3n Motos","robots":{"index":"index","follow":"follow","max-snippet":"max-snippet:-1","max-image-preview":"max-image-preview:large","max-video-preview":"max-video-preview:-1"},"canonical":"https:\/\/pueyrredonmotos.com\/honda\/producto\/honda-new-elite-2020\/","og_locale":"es_ES","og_type":"article","og_title":"Honda New Elite 2020","og_description":"La Honda New Elite es la opci\u00f3n ideal. Con su dise\u00f1o aerodin\u00e1mico y su sistema de inyecci\u00f3n avanzada, te garantiza una conducci\u00f3n suave y eficiente, perfecta para moverte con estilo en la ciudad.  Encontrala en Pueyrred\u00f3n Motos, Concesionario Oficial Honda.","og_url":"https:\/\/pueyrredonmotos.com\/honda\/producto\/honda-new-elite-2020\/","og_site_name":"Pueyrred\u00f3n Motos","article_publisher":"https:\/\/www.facebook.com\/pueyrredonmotos.honda","article_modified_time":"2024-10-15T21:06:07+00:00","og_image":[{"width":1600,"height":1200,"url":"https:\/\/pueyrredonmotos.com\/honda\/wp-content\/uploads\/2024\/10\/4e1b922f-93a8-43f5-8aaa-45474c31cd9b.jpg","type":"image\/jpeg"}],"twitter_card":"summary_large_image","twitter_misc":{"Tiempo de lectura":"1 minuto"},"schema":{"@context":"https:\/\/schema.org","@graph":[{"@type":"WebPage","@id":"https:\/\/pueyrredonmotos.com\/honda\/producto\/honda-new-elite-2020\/","url":"https:\/\/pueyrredonmotos.com\/honda\/producto\/honda-new-elite-2020\/","name":"Honda New Elite 2020 - Pueyrred\u00f3n Motos","isPartOf":{"@id":"https:\/\/pueyrredonmotos.com\/honda\/#website"},"primaryImageOfPage":{"@id":"https:\/\/pueyrredonmotos.com\/honda\/producto\/honda-new-elite-2020\/#primaryimage"},"image":{"@id":"https:\/\/pueyrredonmotos.com\/honda\/producto\/honda-new-elite-2020\/#primaryimage"},"thumbnailUrl":"https:\/\/pueyrredonmotos.com\/honda\/wp-content\/uploads\/2024\/10\/4e1b922f-93a8-43f5-8aaa-45474c31cd9b.jpg","datePublished":"2024-10-15T21:03:54+00:00","dateModified":"2024-10-15T21:06:07+00:00","breadcrumb":{"@id":"https:\/\/pueyrredonmotos.com\/honda\/producto\/honda-new-elite-2020\/#breadcrumb"},"inLanguage":"es","potentialAction":[{"@type":"ReadAction","target":["https:\/\/pueyrredonmotos.com\/honda\/producto\/honda-new-elite-2020\/"]}]},{"@type":"ImageObject","inLanguage":"es","@id":"https:\/\/pueyrredonmotos.com\/honda\/producto\/honda-new-elite-2020\/#primaryimage","url":"https:\/\/pueyrredonmotos.com\/honda\/wp-content\/uploads\/2024\/10\/4e1b922f-93a8-43f5-8aaa-45474c31cd9b.jpg","contentUrl":"https:\/\/pueyrredonmotos.com\/honda\/wp-content\/uploads\/2024\/10\/4e1b922f-93a8-43f5-8aaa-45474c31cd9b.jpg","width":1600,"height":1200},{"@type":"BreadcrumbList","@id":"https:\/\/pueyrredonmotos.com\/honda\/producto\/honda-new-elite-2020\/#breadcrumb","itemListElement":[{"@type":"ListItem","position":1,"name":"Home","item":"https:\/\/pueyrredonmotos.com\/honda\/"},{"@type":"ListItem","position":2,"name":"Cat\u00e1logo","item":"https:\/\/pueyrredonmotos.com\/honda\/catalogo\/"},{"@type":"ListItem","position":3,"name":"Honda New Elite 2020"}]},{"@type":"WebSite","@id":"https:\/\/pueyrredonmotos.com\/honda\/#website","url":"https:\/\/pueyrredonmotos.com\/honda\/","name":"Pueyrred\u00f3n Motos","description":"Concesionario Oficial Honda","publisher":{"@id":"https:\/\/pueyrredonmotos.com\/honda\/#organization"},"potentialAction":[{"@type":"SearchAction","target":{"@type":"EntryPoint","urlTemplate":"https:\/\/pueyrredonmotos.com\/honda\/?s={search_term_string}"},"query-input":{"@type":"PropertyValueSpecification","valueRequired":true,"valueName":"search_term_string"}}],"inLanguage":"es"},{"@type":"Organization","@id":"https:\/\/pueyrredonmotos.com\/honda\/#organization","name":"Pueyrred\u00f3n Motos","url":"https:\/\/pueyrredonmotos.com\/honda\/","logo":{"@type":"ImageObject","inLanguage":"es","@id":"https:\/\/pueyrredonmotos.com\/honda\/#\/schema\/logo\/image\/","url":"https:\/\/pueyrredonmotos.com\/honda\/wp-content\/uploads\/2023\/09\/logo-180-66.png","contentUrl":"https:\/\/pueyrredonmotos.com\/honda\/wp-content\/uploads\/2023\/09\/logo-180-66.png","width":180,"height":66,"caption":"Pueyrred\u00f3n Motos"},"image":{"@id":"https:\/\/pueyrredonmotos.com\/honda\/#\/schema\/logo\/image\/"},"sameAs":["https:\/\/www.facebook.com\/pueyrredonmotos.honda","https:\/\/www.instagram.com\/pueyrredonmotos.honda\/"]}]}},"_links":{"self":[{"href":"https:\/\/pueyrredonmotos.com\/honda\/wp-json\/wp\/v2\/product\/10219","targetHints":{"allow":["GET"]}}],"collection":[{"href":"https:\/\/pueyrredonmotos.com\/honda\/wp-json\/wp\/v2\/product"}],"about":[{"href":"https:\/\/pueyrredonmotos.com\/honda\/wp-json\/wp\/v2\/types\/product"}],"wp:featuredmedia":[{"embeddable":true,"href":"https:\/\/pueyrredonmotos.com\/honda\/wp-json\/wp\/v2\/media\/10220"}],"wp:attachment":[{"href":"https:\/\/pueyrredonmotos.com\/honda\/wp-json\/wp\/v2\/media?parent=10219"}],"wp:term":[{"taxonomy":"product_brand","embeddable":true,"href":"https:\/\/pueyrredonmotos.com\/honda\/wp-json\/wp\/v2\/product_brand?post=10219"},{"taxonomy":"product_cat","embeddable":true,"href":"https:\/\/pueyrredonmotos.com\/honda\/wp-json\/wp\/v2\/product_cat?post=10219"},{"taxonomy":"product_tag","embeddable":true,"href":"https:\/\/pueyrredonmotos.com\/honda\/wp-json\/wp\/v2\/product_tag?post=10219"}],"curies":[{"name":"wp","href":"https:\/\/api.w.org\/{rel}","templated":true}]}}