{"id":8287,"date":"2023-09-27T21:37:54","date_gmt":"2023-09-28T00:37:54","guid":{"rendered":"https:\/\/pueyrredonmotos.com\/honda\/?page_id=8287"},"modified":"2025-04-09T22:53:29","modified_gmt":"2025-04-10T01:53:29","slug":"posventa","status":"publish","type":"page","link":"https:\/\/pueyrredonmotos.com\/honda\/posventa\/","title":{"rendered":"Posventa"},"content":{"rendered":"<div class=\"wpb-content-wrapper\"><p>[vc_row css=&#8221;.vc_custom_1556018461316{margin-top: -50px !important;padding-top: 0px !important;padding-bottom: 150px !important;}&#8221;][vc_column]<div class=\"feature-sections-wrapper kd-fsp-69dbb5779252a \">\r\n            <section class=\"feature-sections-tabs  \">\r\n              <nav class=\"kd-feature-tabs\">\r\n                <ul class=\"nav nav-tabs sticky-tabs container\">\r\n                <\/ul>\r\n              <\/nav>\r\n            <\/section>\r\n            <section id=\"kd-fss-69dbb57792589\" class=\"featured-right \"><li class=\"nav-label\"><a class=\"feature-tabs-scroll\" href=\"#kd-fss-69dbb57792589\"><i class=\"fas fa-user-cog fss-nav-icon\" style=\" \"><\/i> Servicio T\u00e9cnico<\/a><\/li><div class=\"container\">\r\n                <div class=\"side-content-wrapper kd-animated fadeInLeft\" data-animation-delay=\"200\"><i class=\" section-icon\" style=\" \"><\/i> <h2 class=\"side-content-title\" >Servicio T\u00e9cnico<\/h2><h6 class=\"side-content-subtitle\" >En nuestro service oficial tu moto siempre va a estar bien cuidada, gracias a la tecnolog\u00eda utilizada y a los conocimientos de nuestros t\u00e9cnicos, entrenados y capacitados permanentemente.<\/h6><div class=\"side-content-text\" ><\/p>\n<ul>\n<li>Mano de obra capacitada<\/li>\n<li>Repuestos originales<\/li>\n<li>Lubricantes y consumibles originales.<\/li>\n<\/ul>\n<p><i class=\"fa fa-whatsapp\" style=\"margin: 30px 10px 0 -5px;\"><\/i> <a style=\"color: #000000;\" href=\"https:\/\/api.whatsapp.com\/send?phone=542613445434&amp;text=Hola%20desde%20la%20web%20%F0%9F%91%8B\">Whatsapp 2613 445434<\/a><\/p>\n<\/div><div class=\"side-content-link sc-primary-btn\"><a href=\"https:\/\/confirmafy.com\/pueyrredonmotos\" target=\"_blank\" title=\"Solicitar un Turno\" class=\"tt_button tt_primary_button btn_primary_color button-action-link\">Solicitar un Turno<\/a><\/div><\/div><div class=\"side-featured-wrapper fss-rectangle kd-animated fadeInRight fss-shadow-image\" data-animation-delay=\"200\">\r\n      <div class=\"featured-image\"><a data-size=\"800x424\" href=https:\/\/pueyrredonmotos.com\/honda\/wp-content\/uploads\/2023\/09\/service-honda.jpg><img loading=\"lazy\" decoding=\"async\" width=\"800\" height=\"424\" src=\"https:\/\/pueyrredonmotos.com\/honda\/wp-content\/uploads\/2023\/09\/service-honda.jpg\" class=\"attachment-full\" alt=\"\" title=\"service-honda\" srcset=\"https:\/\/pueyrredonmotos.com\/honda\/wp-content\/uploads\/2023\/09\/service-honda.jpg 800w, https:\/\/pueyrredonmotos.com\/honda\/wp-content\/uploads\/2023\/09\/service-honda-300x159.jpg 300w, https:\/\/pueyrredonmotos.com\/honda\/wp-content\/uploads\/2023\/09\/service-honda-768x407.jpg 768w\" sizes=\"auto, (max-width: 800px) 100vw, 800px\" \/><\/a><\/div>\r\n    <\/div><\/div>\r\n            <\/section><section id=\"kd-fss-69dbb57792b53\" class=\"featured-left \"><li class=\"nav-label\"><a class=\"feature-tabs-scroll\" href=\"#kd-fss-69dbb57792b53\"><i class=\"fas fa-cog fss-nav-icon\" style=\" \"><\/i> Repuestos<\/a><\/li><div class=\"container\">\r\n                <div class=\"side-content-wrapper kd-animated fadeInRight\" data-animation-delay=\"200\"><i class=\" section-icon\" style=\" \"><\/i> <h2 class=\"side-content-title\" >Repuestos Originales<\/h2><div class=\"side-content-text\" ><p><strong>HONDA GENUINE PARTS<\/strong> son los \u00fanicos repuestos que garantizan que tu moto <strong>siga como nueva<\/strong>. Son las mismas piezas que <strong>se utilizan para la fabricaci\u00f3n<\/strong> y est\u00e1n producidas bajo las <strong>m\u00e1s estrictas normas de seguridad y con la garant\u00eda de Honda.<\/strong><br \/>\nCada pieza est\u00e1 dise\u00f1ada para encajar perfectamente, garantizando as\u00ed el rendimiento y la seguridad <strong>que solo Honda puede ofrecer.<\/strong><\/p>\n<p><i class=\"fa fa-whatsapp\" style=\"margin: 30px 10px 0 -5px;\"><\/i> <a style=\"color: #000000;\" href=\"https:\/\/api.whatsapp.com\/send?phone=542616100584&amp;text=Hola%20desde%20la%20web%20%F0%9F%91%8B\"> Whatsapp 2616 100584<\/a><\/p>\n<\/div><\/div><div class=\"side-featured-wrapper fss-rectangle kd-animated fadeInLeft fss-shadow-image\" data-animation-delay=\"200\">\r\n      <div class=\"featured-image\"><a data-size=\"936x472\" href=https:\/\/pueyrredonmotos.com\/honda\/wp-content\/uploads\/2023\/09\/repuestos-honda.jpg><img loading=\"lazy\" decoding=\"async\" width=\"936\" height=\"472\" src=\"https:\/\/pueyrredonmotos.com\/honda\/wp-content\/uploads\/2023\/09\/repuestos-honda.jpg\" class=\"attachment-full\" alt=\"\" title=\"repuestos-honda\" srcset=\"https:\/\/pueyrredonmotos.com\/honda\/wp-content\/uploads\/2023\/09\/repuestos-honda.jpg 936w, https:\/\/pueyrredonmotos.com\/honda\/wp-content\/uploads\/2023\/09\/repuestos-honda-800x403.jpg 800w, https:\/\/pueyrredonmotos.com\/honda\/wp-content\/uploads\/2023\/09\/repuestos-honda-300x151.jpg 300w, https:\/\/pueyrredonmotos.com\/honda\/wp-content\/uploads\/2023\/09\/repuestos-honda-768x387.jpg 768w\" sizes=\"auto, (max-width: 936px) 100vw, 936px\" \/><\/a><\/div>\r\n    <\/div><\/div>\r\n            <\/section><section id=\"kd-fss-69dbb57792cf4\" class=\"featured-right \"><li class=\"nav-label\"><a class=\"feature-tabs-scroll\" href=\"#kd-fss-69dbb57792cf4\"><i class=\"fas fa-fill-drip fss-nav-icon\" style=\" \"><\/i> Lubricantes<\/a><\/li><div class=\"container\">\r\n                <div class=\"side-content-wrapper kd-animated fadeInLeft\" data-animation-delay=\"200\"><i class=\" section-icon\" style=\" \"><\/i> <h2 class=\"side-content-title\" >Lubricantes<\/h2><div class=\"side-content-text\" ><p><strong>Descubr\u00ed la excelencia en lubricaci\u00f3n<\/strong> con nuestra gama de productos HGO 10w30, <strong>el aceite oficial de Honda<\/strong>. Ofrecemos una <strong>l\u00ednea completa de lubricantes<\/strong> sint\u00e9ticos y semi-sint\u00e9ticos, ideales para un rendimiento \u00f3ptimo a altas velocidades y en motores de 2 y 4 tiempos. Adem\u00e1s, contamos con <strong>aceites de alto rendimiento para transmisiones<\/strong> de cuatro tiempos. Y nuestra nueva generaci\u00f3n de productos <strong>Pro Honda<\/strong> tambi\u00e9n incluye soluciones para el <strong>cuidado y limpieza de tu moto.<\/strong><br \/>\n<i class=\"fa fa-whatsapp\" style=\"margin: 30px 10px 0 -5px;\"><\/i> <a style=\"color: #000000;\" href=\"https:\/\/api.whatsapp.com\/send?phone=542616100584&amp;text=Hola%20desde%20la%20web%20%F0%9F%91%8B\"> Whatsapp 2616 100584<\/a><\/p>\n<\/div><\/div><div class=\"side-featured-wrapper fss-rectangle kd-animated fadeInRight fss-shadow-image\" data-animation-delay=\"200\">\r\n      <div class=\"featured-image\"><a data-size=\"800x424\" href=https:\/\/pueyrredonmotos.com\/honda\/wp-content\/uploads\/2023\/09\/lubricantes-post-venta-motos.png><img loading=\"lazy\" decoding=\"async\" width=\"800\" height=\"424\" src=\"https:\/\/pueyrredonmotos.com\/honda\/wp-content\/uploads\/2023\/09\/lubricantes-post-venta-motos.png\" class=\"attachment-full\" alt=\"\" title=\"lubricantes-post-venta-motos\" srcset=\"https:\/\/pueyrredonmotos.com\/honda\/wp-content\/uploads\/2023\/09\/lubricantes-post-venta-motos.png 800w, https:\/\/pueyrredonmotos.com\/honda\/wp-content\/uploads\/2023\/09\/lubricantes-post-venta-motos-300x159.png 300w, https:\/\/pueyrredonmotos.com\/honda\/wp-content\/uploads\/2023\/09\/lubricantes-post-venta-motos-768x407.png 768w\" sizes=\"auto, (max-width: 800px) 100vw, 800px\" \/><\/a><\/div>\r\n    <\/div><\/div>\r\n            <\/section><section id=\"kd-fss-69dbb57792e29\" class=\"featured-left \"><li class=\"nav-label\"><a class=\"feature-tabs-scroll\" href=\"#kd-fss-69dbb57792e29\"><i class=\"fas fa-shield-alt fss-nav-icon\" style=\" \"><\/i> Garant\u00eda<\/a><\/li><div class=\"container\">\r\n                <div class=\"side-content-wrapper kd-animated fadeInRight\" data-animation-delay=\"200\"><i class=\" section-icon\" style=\" \"><\/i> <h2 class=\"side-content-title\" >Garant\u00eda<\/h2><h6 class=\"side-content-subtitle\" >La presente garant\u00eda se extiende a veh\u00edculos 0KM de acuerdo a la siguiente categorizaci\u00f3n:<\/h6><div class=\"side-content-text\" ><\/p>\n<ul>\n<li>Modelos de calle 36 meses (*1 *2) o 36.000 km (Lo que ocurra primero)<\/li>\n<li>Modelos CRF Versiones F, R, y X. (Excluye uso para competici\u00f3n o entrenamiento) 6 meses (*2)<\/li>\n<li><a href=\"https:\/\/motos.honda.com.ar\/postventa\/service#f_GARANTIA\" target=\"_blank\" rel=\"noopener\">Leer todas las condiciones<\/a><\/li>\n<\/ul>\n<p>\n<\/div><\/div><div class=\"side-featured-wrapper fss-rectangle kd-animated fadeInLeft fss-shadow-image\" data-animation-delay=\"200\">\r\n      <div class=\"featured-image\"><a data-size=\"1024x434\" href=https:\/\/pueyrredonmotos.com\/honda\/wp-content\/uploads\/2023\/09\/garantia-honda-1024x434.jpeg><img loading=\"lazy\" decoding=\"async\" width=\"1400\" height=\"593\" src=\"https:\/\/pueyrredonmotos.com\/honda\/wp-content\/uploads\/2023\/09\/garantia-honda.jpeg\" class=\"attachment-full\" alt=\"\" title=\"garantia-honda\" srcset=\"https:\/\/pueyrredonmotos.com\/honda\/wp-content\/uploads\/2023\/09\/garantia-honda.jpeg 1400w, https:\/\/pueyrredonmotos.com\/honda\/wp-content\/uploads\/2023\/09\/garantia-honda-800x339.jpeg 800w, https:\/\/pueyrredonmotos.com\/honda\/wp-content\/uploads\/2023\/09\/garantia-honda-300x127.jpeg 300w, https:\/\/pueyrredonmotos.com\/honda\/wp-content\/uploads\/2023\/09\/garantia-honda-1024x434.jpeg 1024w, https:\/\/pueyrredonmotos.com\/honda\/wp-content\/uploads\/2023\/09\/garantia-honda-768x325.jpeg 768w\" sizes=\"auto, (max-width: 1400px) 100vw, 1400px\" \/><\/a><\/div>\r\n    <\/div><\/div>\r\n            <\/section>\r\n            <\/div><style type=\"text\/css\"><\/style>[\/vc_column][\/vc_row][vc_row full_width=&#8221;stretch_row&#8221; css=&#8221;.vc_custom_1741056908653{margin-bottom: 10px !important;padding-top: 50px !important;padding-bottom: 60px !important;background-color: #F5F5F5 !important;}&#8221;][vc_column width=&#8221;2\/3&#8243;]<header class=\"kd-section-title col-lg-12 text-left  kd-animated fadeIn   vc_custom_1741056757733\" data-animation-delay=200><h2 class=\"separator_off\" style=\"color: #000000;\">Campa\u00f1as de Saneamiento<\/h2><\/header>[vc_column_text css=&#8221;.vc_custom_1741055825268{padding-right: 10px !important;}&#8221;]<\/p>\n<p class=\"recall_text\">Adem\u00e1s de resolver cuestiones de seguridad, las Campa\u00f1as de \u201cRellamado\u201d y\/o de \u201cActualizaci\u00f3n de Producto\u201d, tambi\u00e9n permiten mejorar la calidad a largo plazo de nuestros productos. Por eso te recomendamos visitar peri\u00f3dicamente esta p\u00e1gina, y consultar siempre a tu concesionario Honda para obtener informaci\u00f3n actualizada sobre las \u201cCampa\u00f1as de saneamiento pendientes\u201d de tu unidad.<\/p>\n<p><strong><span class=\"recall_sub\">\u00bfQu\u00e9 es una Campa\u00f1a de Rellamado?<\/span><\/strong><br \/>\nUna campa\u00f1a de \u201cRellamado\u201d se produce cuando un fabricante detecta un potencial problema de seguridad. Este puede estar relacionado con alguna caracter\u00edstica del veh\u00edculo, su dise\u00f1o o fabricaci\u00f3n, que pueda poner en riesgo al conductor o los ocupantes de un veh\u00edculo, as\u00ed como a terceros.<\/p>\n<p class=\"recall_text\"><strong><span class=\"recall_sub\">\u00bfQu\u00e9 es una actualizaci\u00f3n de producto?<\/span><\/strong><br \/>\nLas \u201cActualizaciones de Producto\u201d son mejoras que no est\u00e1n relacionadas con la seguridad en forma directa. A medida que la tecnolog\u00eda mejora, puede darse el caso de que un fabricante decida incorporar nuevos componentes o modificaciones que mejoran la calidad general de un veh\u00edculo fabricado previamente.<\/p>\n<p>[\/vc_column_text]<a  href=\"https:\/\/motos.honda.com.ar\/saneamiento\"  target=\"_blank\"  title=\"\" class=\"tt_button tt_primary_button btn_primary_color  pull-left button-action-link icon_left\" ><span class=\"fas fa-exclamation-triangle iconita\"><\/span><span class=\"prim_text\">VERIFICAR<\/span><\/a>[\/vc_column][vc_column width=&#8221;1\/3&#8243;][vc_empty_space][vc_single_image image=&#8221;10414&#8243; img_size=&#8221;full&#8221; css=&#8221;&#8221;][\/vc_column][\/vc_row][vc_row full_width=&#8221;stretch_row&#8221; parallax=&#8221;content-moving&#8221; parallax_speed_bg=&#8221;1.4&#8243; disable_element=&#8221;yes&#8221; kd_image_overlay_color=&#8221;rgba(0,0,0,0.7)&#8221; kd_image_overlay=&#8221;true&#8221; css=&#8221;.vc_custom_1744250007756{background-image: url(https:\/\/pueyrredonmotos.com\/honda\/wp-content\/uploads\/2023\/09\/header-fot1.jpg?id=8245) !important;}&#8221; el_id=&#8221;form&#8221; top_section_title=&#8221;&#8221; bottom_section_title=&#8221;&#8221;][vc_column css=&#8221;.vc_custom_1516095225433{padding-right: 0px !important;padding-left: 0px !important;}&#8221;][vc_row_inner css=&#8221;.vc_custom_1695866644906{padding-top: 100px !important;padding-bottom: 100px !important;}&#8221;][vc_column_inner width=&#8221;1\/12&#8243; css=&#8221;.vc_custom_1515166784808{padding-top: 50px !important;}&#8221;][\/vc_column_inner][vc_column_inner width=&#8221;4\/12&#8243;]<header class=\"kd-section-title col-lg-12 text-left  kd-animated fadeIn   vc_custom_1695866342160\" data-animation-delay=200><h2 class=\"separator_off\" style=\"color: #ffffff;\">Turnos para Servicio de Posventa<\/h2><h6 class=\"subtitle \" style=\"color: #eeeeee;\">Al optar por el servicio posventa oficial de Honda, est\u00e1s eligiendo calidad, y tambi\u00e9n est\u00e1s haciendo una elecci\u00f3n inteligente para tu bolsillo. Ahorr\u00e1 tiempo y dinero en el largo plazo; el uso de Honda Genuine Parts y el servicio posventa oficial maximizan la vida \u00fatil de tu moto, reduciendo la necesidad de reparaciones costosas en el futuro.<\/h6><\/header><div class=\"key-icon-box icon-default icon-left cont-center ib-no-effect\" style=\"background-color: transparent;\" ><a href=\"https:\/\/api.whatsapp.com\/send?phone=542613445434&amp;text=Hola%20desde%20la%20web%20%F0%9F%91%8B\" target=\"\"><i class=\"fab fa-whatsapp\" style=\"font-size: 22px; color: #ffffff;\"><\/i> <h5 class=\"service-heading\" style=\"color: #ffffff;\">Whatsapp 2613 445434<\/h5><\/a><\/div>[\/vc_column_inner][vc_column_inner width=&#8221;1\/12&#8243;][\/vc_column_inner][vc_column_inner width=&#8221;5\/12&#8243;][vc_custom_heading text=&#8221;Dejanos tus datos, un Asesor se comunica con vos.&#8221; font_container=&#8221;tag:h4|text_align:left|color:%23ffffff&#8221; use_theme_fonts=&#8221;yes&#8221; css_animation=&#8221;fadeIn&#8221; css=&#8221;.vc_custom_1695865943279{margin-bottom: 30px !important;}&#8221;][vc_raw_html]JTVCZmx1ZW50Zm9ybSUyMGlkJTNEJTIyMyUyMiU1RA==[\/vc_raw_html][\/vc_column_inner][vc_column_inner width=&#8221;1\/12&#8243;][\/vc_column_inner][\/vc_row_inner][\/vc_column][\/vc_row]<\/p>\n<\/div>","protected":false},"excerpt":{"rendered":"<p>[vc_row css=&#8221;.vc_custom_1556018461316{margin-top: -50px !important;padding-top: 0px !important;padding-bottom: 150px !important;}&#8221;][vc_column][\/vc_column][\/vc_row][vc_row full_width=&#8221;stretch_row&#8221; css=&#8221;.vc_custom_1741056908653{margin-bottom: 10px !important;padding-top: 50px !important;padding-bottom: 60px !important;background-color: #F5F5F5 !important;}&#8221;][vc_column width=&#8221;2\/3&#8243;][vc_column_text css=&#8221;.vc_custom_1741055825268{padding-right: 10px !important;}&#8221;] Adem\u00e1s de resolver cuestiones de seguridad, las Campa\u00f1as de \u201cRellamado\u201d y\/o de \u201cActualizaci\u00f3n de Producto\u201d, tambi\u00e9n permiten mejorar [&hellip;]<\/p>\n","protected":false},"author":1,"featured_media":7864,"parent":0,"menu_order":0,"comment_status":"closed","ping_status":"closed","template":"","meta":{"footnotes":""},"class_list":["post-8287","page","type-page","status-publish","has-post-thumbnail","hentry"],"yoast_head":"<!-- This site is optimized with the Yoast SEO Premium plugin v21.2 (Yoast SEO v27.3) - https:\/\/yoast.com\/product\/yoast-seo-premium-wordpress\/ -->\n<title>Posventa - Pueyrred\u00f3n Motos<\/title>\n<meta name=\"robots\" content=\"index, follow, max-snippet:-1, max-image-preview:large, max-video-preview:-1\" \/>\n<link rel=\"canonical\" href=\"https:\/\/pueyrredonmotos.com\/honda\/posventa\/\" \/>\n<meta property=\"og:locale\" content=\"es_ES\" \/>\n<meta property=\"og:type\" content=\"article\" \/>\n<meta property=\"og:title\" content=\"Posventa\" \/>\n<meta property=\"og:description\" content=\"[vc_row css=&#8221;.vc_custom_1556018461316{margin-top: -50px !important;padding-top: 0px !important;padding-bottom: 150px !important;}&#8221;][vc_column][\/vc_column][\/vc_row][vc_row full_width=&#8221;stretch_row&#8221; css=&#8221;.vc_custom_1741056908653{margin-bottom: 10px !important;padding-top: 50px !important;padding-bottom: 60px !important;background-color: #F5F5F5 !important;}&#8221;][vc_column width=&#8221;2\/3&#8243;][vc_column_text css=&#8221;.vc_custom_1741055825268{padding-right: 10px !important;}&#8221;] Adem\u00e1s de resolver cuestiones de seguridad, las Campa\u00f1as de \u201cRellamado\u201d y\/o de \u201cActualizaci\u00f3n de Producto\u201d, tambi\u00e9n permiten mejorar [&hellip;]\" \/>\n<meta property=\"og:url\" content=\"https:\/\/pueyrredonmotos.com\/honda\/posventa\/\" \/>\n<meta property=\"og:site_name\" content=\"Pueyrred\u00f3n Motos\" \/>\n<meta property=\"article:publisher\" content=\"https:\/\/www.facebook.com\/pueyrredonmotos.honda\" \/>\n<meta property=\"article:modified_time\" content=\"2025-04-10T01:53:29+00:00\" \/>\n<meta property=\"og:image\" content=\"https:\/\/pueyrredonmotos.com\/honda\/wp-content\/uploads\/2023\/09\/honda-header-5.jpg\" \/>\n\t<meta property=\"og:image:width\" content=\"1920\" \/>\n\t<meta property=\"og:image:height\" content=\"500\" \/>\n\t<meta property=\"og:image:type\" content=\"image\/jpeg\" \/>\n<meta name=\"twitter:card\" content=\"summary_large_image\" \/>\n<meta name=\"twitter:label1\" content=\"Tiempo de lectura\" \/>\n\t<meta name=\"twitter:data1\" content=\"4 minutos\" \/>\n<script type=\"application\/ld+json\" class=\"yoast-schema-graph\">{\"@context\":\"https:\\\/\\\/schema.org\",\"@graph\":[{\"@type\":\"WebPage\",\"@id\":\"https:\\\/\\\/pueyrredonmotos.com\\\/honda\\\/posventa\\\/\",\"url\":\"https:\\\/\\\/pueyrredonmotos.com\\\/honda\\\/posventa\\\/\",\"name\":\"Posventa - Pueyrred\u00f3n Motos\",\"isPartOf\":{\"@id\":\"https:\\\/\\\/pueyrredonmotos.com\\\/honda\\\/#website\"},\"primaryImageOfPage\":{\"@id\":\"https:\\\/\\\/pueyrredonmotos.com\\\/honda\\\/posventa\\\/#primaryimage\"},\"image\":{\"@id\":\"https:\\\/\\\/pueyrredonmotos.com\\\/honda\\\/posventa\\\/#primaryimage\"},\"thumbnailUrl\":\"https:\\\/\\\/pueyrredonmotos.com\\\/honda\\\/wp-content\\\/uploads\\\/2023\\\/09\\\/honda-header-5.jpg\",\"datePublished\":\"2023-09-28T00:37:54+00:00\",\"dateModified\":\"2025-04-10T01:53:29+00:00\",\"breadcrumb\":{\"@id\":\"https:\\\/\\\/pueyrredonmotos.com\\\/honda\\\/posventa\\\/#breadcrumb\"},\"inLanguage\":\"es\",\"potentialAction\":[{\"@type\":\"ReadAction\",\"target\":[\"https:\\\/\\\/pueyrredonmotos.com\\\/honda\\\/posventa\\\/\"]}]},{\"@type\":\"ImageObject\",\"inLanguage\":\"es\",\"@id\":\"https:\\\/\\\/pueyrredonmotos.com\\\/honda\\\/posventa\\\/#primaryimage\",\"url\":\"https:\\\/\\\/pueyrredonmotos.com\\\/honda\\\/wp-content\\\/uploads\\\/2023\\\/09\\\/honda-header-5.jpg\",\"contentUrl\":\"https:\\\/\\\/pueyrredonmotos.com\\\/honda\\\/wp-content\\\/uploads\\\/2023\\\/09\\\/honda-header-5.jpg\",\"width\":1920,\"height\":500},{\"@type\":\"BreadcrumbList\",\"@id\":\"https:\\\/\\\/pueyrredonmotos.com\\\/honda\\\/posventa\\\/#breadcrumb\",\"itemListElement\":[{\"@type\":\"ListItem\",\"position\":1,\"name\":\"Home\",\"item\":\"https:\\\/\\\/pueyrredonmotos.com\\\/honda\\\/\"},{\"@type\":\"ListItem\",\"position\":2,\"name\":\"Posventa\"}]},{\"@type\":\"WebSite\",\"@id\":\"https:\\\/\\\/pueyrredonmotos.com\\\/honda\\\/#website\",\"url\":\"https:\\\/\\\/pueyrredonmotos.com\\\/honda\\\/\",\"name\":\"Pueyrred\u00f3n Motos\",\"description\":\"Concesionario Oficial Honda\",\"publisher\":{\"@id\":\"https:\\\/\\\/pueyrredonmotos.com\\\/honda\\\/#organization\"},\"potentialAction\":[{\"@type\":\"SearchAction\",\"target\":{\"@type\":\"EntryPoint\",\"urlTemplate\":\"https:\\\/\\\/pueyrredonmotos.com\\\/honda\\\/?s={search_term_string}\"},\"query-input\":{\"@type\":\"PropertyValueSpecification\",\"valueRequired\":true,\"valueName\":\"search_term_string\"}}],\"inLanguage\":\"es\"},{\"@type\":\"Organization\",\"@id\":\"https:\\\/\\\/pueyrredonmotos.com\\\/honda\\\/#organization\",\"name\":\"Pueyrred\u00f3n Motos\",\"url\":\"https:\\\/\\\/pueyrredonmotos.com\\\/honda\\\/\",\"logo\":{\"@type\":\"ImageObject\",\"inLanguage\":\"es\",\"@id\":\"https:\\\/\\\/pueyrredonmotos.com\\\/honda\\\/#\\\/schema\\\/logo\\\/image\\\/\",\"url\":\"https:\\\/\\\/pueyrredonmotos.com\\\/honda\\\/wp-content\\\/uploads\\\/2023\\\/09\\\/logo-180-66.png\",\"contentUrl\":\"https:\\\/\\\/pueyrredonmotos.com\\\/honda\\\/wp-content\\\/uploads\\\/2023\\\/09\\\/logo-180-66.png\",\"width\":180,\"height\":66,\"caption\":\"Pueyrred\u00f3n Motos\"},\"image\":{\"@id\":\"https:\\\/\\\/pueyrredonmotos.com\\\/honda\\\/#\\\/schema\\\/logo\\\/image\\\/\"},\"sameAs\":[\"https:\\\/\\\/www.facebook.com\\\/pueyrredonmotos.honda\",\"https:\\\/\\\/www.instagram.com\\\/pueyrredonmotos.honda\\\/\"]}]}<\/script>\n<!-- \/ Yoast SEO Premium plugin. -->","yoast_head_json":{"title":"Posventa - Pueyrred\u00f3n Motos","robots":{"index":"index","follow":"follow","max-snippet":"max-snippet:-1","max-image-preview":"max-image-preview:large","max-video-preview":"max-video-preview:-1"},"canonical":"https:\/\/pueyrredonmotos.com\/honda\/posventa\/","og_locale":"es_ES","og_type":"article","og_title":"Posventa","og_description":"[vc_row css=&#8221;.vc_custom_1556018461316{margin-top: -50px !important;padding-top: 0px !important;padding-bottom: 150px !important;}&#8221;][vc_column][\/vc_column][\/vc_row][vc_row full_width=&#8221;stretch_row&#8221; css=&#8221;.vc_custom_1741056908653{margin-bottom: 10px !important;padding-top: 50px !important;padding-bottom: 60px !important;background-color: #F5F5F5 !important;}&#8221;][vc_column width=&#8221;2\/3&#8243;][vc_column_text css=&#8221;.vc_custom_1741055825268{padding-right: 10px !important;}&#8221;] Adem\u00e1s de resolver cuestiones de seguridad, las Campa\u00f1as de \u201cRellamado\u201d y\/o de \u201cActualizaci\u00f3n de Producto\u201d, tambi\u00e9n permiten mejorar [&hellip;]","og_url":"https:\/\/pueyrredonmotos.com\/honda\/posventa\/","og_site_name":"Pueyrred\u00f3n Motos","article_publisher":"https:\/\/www.facebook.com\/pueyrredonmotos.honda","article_modified_time":"2025-04-10T01:53:29+00:00","og_image":[{"width":1920,"height":500,"url":"https:\/\/pueyrredonmotos.com\/honda\/wp-content\/uploads\/2023\/09\/honda-header-5.jpg","type":"image\/jpeg"}],"twitter_card":"summary_large_image","twitter_misc":{"Tiempo de lectura":"4 minutos"},"schema":{"@context":"https:\/\/schema.org","@graph":[{"@type":"WebPage","@id":"https:\/\/pueyrredonmotos.com\/honda\/posventa\/","url":"https:\/\/pueyrredonmotos.com\/honda\/posventa\/","name":"Posventa - Pueyrred\u00f3n Motos","isPartOf":{"@id":"https:\/\/pueyrredonmotos.com\/honda\/#website"},"primaryImageOfPage":{"@id":"https:\/\/pueyrredonmotos.com\/honda\/posventa\/#primaryimage"},"image":{"@id":"https:\/\/pueyrredonmotos.com\/honda\/posventa\/#primaryimage"},"thumbnailUrl":"https:\/\/pueyrredonmotos.com\/honda\/wp-content\/uploads\/2023\/09\/honda-header-5.jpg","datePublished":"2023-09-28T00:37:54+00:00","dateModified":"2025-04-10T01:53:29+00:00","breadcrumb":{"@id":"https:\/\/pueyrredonmotos.com\/honda\/posventa\/#breadcrumb"},"inLanguage":"es","potentialAction":[{"@type":"ReadAction","target":["https:\/\/pueyrredonmotos.com\/honda\/posventa\/"]}]},{"@type":"ImageObject","inLanguage":"es","@id":"https:\/\/pueyrredonmotos.com\/honda\/posventa\/#primaryimage","url":"https:\/\/pueyrredonmotos.com\/honda\/wp-content\/uploads\/2023\/09\/honda-header-5.jpg","contentUrl":"https:\/\/pueyrredonmotos.com\/honda\/wp-content\/uploads\/2023\/09\/honda-header-5.jpg","width":1920,"height":500},{"@type":"BreadcrumbList","@id":"https:\/\/pueyrredonmotos.com\/honda\/posventa\/#breadcrumb","itemListElement":[{"@type":"ListItem","position":1,"name":"Home","item":"https:\/\/pueyrredonmotos.com\/honda\/"},{"@type":"ListItem","position":2,"name":"Posventa"}]},{"@type":"WebSite","@id":"https:\/\/pueyrredonmotos.com\/honda\/#website","url":"https:\/\/pueyrredonmotos.com\/honda\/","name":"Pueyrred\u00f3n Motos","description":"Concesionario Oficial Honda","publisher":{"@id":"https:\/\/pueyrredonmotos.com\/honda\/#organization"},"potentialAction":[{"@type":"SearchAction","target":{"@type":"EntryPoint","urlTemplate":"https:\/\/pueyrredonmotos.com\/honda\/?s={search_term_string}"},"query-input":{"@type":"PropertyValueSpecification","valueRequired":true,"valueName":"search_term_string"}}],"inLanguage":"es"},{"@type":"Organization","@id":"https:\/\/pueyrredonmotos.com\/honda\/#organization","name":"Pueyrred\u00f3n Motos","url":"https:\/\/pueyrredonmotos.com\/honda\/","logo":{"@type":"ImageObject","inLanguage":"es","@id":"https:\/\/pueyrredonmotos.com\/honda\/#\/schema\/logo\/image\/","url":"https:\/\/pueyrredonmotos.com\/honda\/wp-content\/uploads\/2023\/09\/logo-180-66.png","contentUrl":"https:\/\/pueyrredonmotos.com\/honda\/wp-content\/uploads\/2023\/09\/logo-180-66.png","width":180,"height":66,"caption":"Pueyrred\u00f3n Motos"},"image":{"@id":"https:\/\/pueyrredonmotos.com\/honda\/#\/schema\/logo\/image\/"},"sameAs":["https:\/\/www.facebook.com\/pueyrredonmotos.honda","https:\/\/www.instagram.com\/pueyrredonmotos.honda\/"]}]}},"_links":{"self":[{"href":"https:\/\/pueyrredonmotos.com\/honda\/wp-json\/wp\/v2\/pages\/8287","targetHints":{"allow":["GET"]}}],"collection":[{"href":"https:\/\/pueyrredonmotos.com\/honda\/wp-json\/wp\/v2\/pages"}],"about":[{"href":"https:\/\/pueyrredonmotos.com\/honda\/wp-json\/wp\/v2\/types\/page"}],"author":[{"embeddable":true,"href":"https:\/\/pueyrredonmotos.com\/honda\/wp-json\/wp\/v2\/users\/1"}],"replies":[{"embeddable":true,"href":"https:\/\/pueyrredonmotos.com\/honda\/wp-json\/wp\/v2\/comments?post=8287"}],"version-history":[{"count":54,"href":"https:\/\/pueyrredonmotos.com\/honda\/wp-json\/wp\/v2\/pages\/8287\/revisions"}],"predecessor-version":[{"id":10477,"href":"https:\/\/pueyrredonmotos.com\/honda\/wp-json\/wp\/v2\/pages\/8287\/revisions\/10477"}],"wp:featuredmedia":[{"embeddable":true,"href":"https:\/\/pueyrredonmotos.com\/honda\/wp-json\/wp\/v2\/media\/7864"}],"wp:attachment":[{"href":"https:\/\/pueyrredonmotos.com\/honda\/wp-json\/wp\/v2\/media?parent=8287"}],"curies":[{"name":"wp","href":"https:\/\/api.w.org\/{rel}","templated":true}]}}