{"id":8219,"date":"2023-09-26T18:33:31","date_gmt":"2023-09-26T21:33:31","guid":{"rendered":"https:\/\/pueyrredonmotos.com\/honda\/?page_id=8219"},"modified":"2024-10-17T20:38:25","modified_gmt":"2024-10-17T23:38:25","slug":"concesionario","status":"publish","type":"page","link":"https:\/\/pueyrredonmotos.com\/honda\/concesionario\/","title":{"rendered":"Concesionario Oficial Honda"},"content":{"rendered":"<div class=\"wpb-content-wrapper\"><p>[vc_row full_width=&#8221;stretch_row&#8221; css=&#8221;.vc_custom_1695775262442{margin-top: 20px !important;margin-bottom: 70px !important;}&#8221;][vc_column width=&#8221;1\/2&#8243; css=&#8221;.vc_custom_1516009024901{padding-right: 0px !important;padding-left: 0px !important;}&#8221;][vc_row_inner][vc_column_inner][vc_single_image image=&#8221;8250&#8243; img_size=&#8221;full&#8221; css_animation=&#8221;fadeIn&#8221; css=&#8221;.vc_custom_1695769785427{padding-right: 20px !important;}&#8221;][\/vc_column_inner][\/vc_row_inner][vc_row_inner][vc_column_inner width=&#8221;1\/2&#8243;][\/vc_column_inner][vc_column_inner width=&#8221;1\/2&#8243;][\/vc_column_inner][\/vc_row_inner][\/vc_column][vc_column width=&#8221;1\/2&#8243;]<header class=\"kd-section-title col-lg-12 text-left  kd-animated fadeIn   vc_custom_1695775069332\" data-animation-delay=200><h2 class=\"separator_off\" >Pueyrred\u00f3n Motos<\/h2><\/header>[vc_column_text]Quienes integramos Pueyrred\u00f3n Motos <strong>compartimos una pasi\u00f3n<\/strong> que nos llev\u00f3 a hacer del motociclismo nuestra profesi\u00f3n. <strong>Desde hace m\u00e1s de 30 a\u00f1os<\/strong> nos dedicamos a la comercializaci\u00f3n de motos, cuatriciclos, repuestos, accesorios, servicios y mantenimiento de los mismos.<\/p>\n<p>Cuando entr\u00e1s en nuestro concesionario, no solo encontr\u00e1s una <strong>amplia gama de productos<\/strong>, sino tambi\u00e9n <strong>un equipo de expertos<\/strong> listo para asesorarte con conocimiento y vocaci\u00f3n de servicio. En Pueyrred\u00f3n Motos, ofrecemos una <strong>experiencia de compra completa<\/strong>, respaldada por a\u00f1os de experiencia y un servicio integral que te acompa\u00f1a en cada etapa de tu viaje en dos ruedas.<\/p>\n<p><strong>Convert\u00ed tus sue\u00f1os en realidad hoy mismo. Te esperamos en Pueyrred\u00f3n Motos.<\/strong>[\/vc_column_text][\/vc_column][\/vc_row][vc_row full_width=&#8221;stretch_row&#8221; css=&#8221;.vc_custom_1695775292779{padding-top: 70px !important;padding-bottom: 70px !important;background-color: #f5f5f5 !important;}&#8221;][vc_column width=&#8221;1\/2&#8243; css=&#8221;.vc_custom_1516009024901{padding-right: 0px !important;padding-left: 0px !important;}&#8221;][vc_row_inner][vc_column_inner]<header class=\"kd-section-title col-lg-12 text-left  kd-animated fadeIn   vc_custom_1695775792578\" data-animation-delay=200><h2 class=\"separator_off\" >Nuestro motor: Familia Gomez.<\/h2><\/header>[vc_column_text]<strong>Rub\u00e9n, Juan y Daniel G\u00f3mez<\/strong> no son solo los nombres detr\u00e1s de Pueyrred\u00f3n Motos; <strong>son la esencia de nuestra marca<\/strong>. Desde los humildes comienzos en los a\u00f1os 90 hasta convertirse <strong>en el concesionario Honda l\u00edder en Mendoza<\/strong>, su pasi\u00f3n y dedicaci\u00f3n han sido el combustible que nos ha impulsado a lo m\u00e1s alto. Apoyados por sus familias y un equipo de profesionales altamente capacitados, han logrado hacer de Pueyrred\u00f3n Motos <strong>un nombre sin\u00f3nimo de confianza y calidad en el mundo del motociclismo<\/strong>. Ven\u00ed y experiment\u00e1 la excelencia en servicio que nos hace destacar en todo el pa\u00eds.[\/vc_column_text][\/vc_column_inner][\/vc_row_inner][vc_row_inner][vc_column_inner width=&#8221;1\/2&#8243;]<div class=\"kd_counter icon-top large-counter count_left \" ><div class=\"kd_counter_content\"><h4 class=\"kd_counter_number\"><span class=\"kd_number_string\"  data-from=\"0\" data-to=\"30\" data-refresh-interval=\"50\" >0<\/span>\n                                  <span class=\"kd_counter_units\" >+<\/span><\/h4><div class=\"kd_counter_text\" ><\/div><\/div><\/div><div class=\"key-icon-box icon-default  cont-left ib-no-effect  kd-animated fadeIn\" style=\"background-color: transparent;\" data-animation-delay=200><h6 class=\"service-heading\" >A\u00f1os de Trayectoria<\/h6><\/div>[\/vc_column_inner][vc_column_inner width=&#8221;1\/2&#8243;]<div class=\"kd_counter icon-top large-counter count_left \" ><div class=\"kd_counter_content\"><h4 class=\"kd_counter_number\"><span class=\"kd_number_string\"  data-from=\"0\" data-to=\"15000\" data-refresh-interval=\"50\" data-format=\"disable\">0<\/span>\n                                  <span class=\"kd_counter_units\" >+<\/span><\/h4><div class=\"kd_counter_text\" ><\/div><\/div><\/div><div class=\"key-icon-box icon-default  cont-left ib-no-effect  kd-animated fadeIn\" style=\"background-color: transparent;\" data-animation-delay=200><h6 class=\"service-heading\" >Clientes<\/h6><\/div>[\/vc_column_inner][\/vc_row_inner][\/vc_column][vc_column width=&#8221;1\/2&#8243;][vc_single_image image=&#8221;8268&#8243; img_size=&#8221;full&#8221; css_animation=&#8221;fadeIn&#8221; css=&#8221;.vc_custom_1695773515339{padding-right: 20px !important;}&#8221;][vc_row_inner][vc_column_inner width=&#8221;1\/2&#8243;][\/vc_column_inner][vc_column_inner width=&#8221;1\/2&#8243;][\/vc_column_inner][\/vc_row_inner][\/vc_column][\/vc_row][vc_row full_width=&#8221;stretch_row&#8221;][vc_column css=&#8221;.vc_custom_1516009024901{padding-right: 0px !important;padding-left: 0px !important;}&#8221;][vc_row_inner css=&#8221;.vc_custom_1695773798366{padding-top: 50px !important;padding-bottom: 50px !important;}&#8221;][vc_column_inner width=&#8221;1\/4&#8243; css=&#8221;.vc_custom_1516009093233{padding-right: 0px !important;padding-left: 0px !important;}&#8221;]<div class=\"key-icon-box icon-default icon-top cont-center ib-hover-1  kd-animated fadeInUp\" style=\"background-color: transparent;\" ><div class=\"ib-wrapper\"><i class=\"iconsmind-Money-2 iconsmind-Business-Finance\" style=\" \"><\/i> <h6 class=\"service-heading\" >Financiaci\u00f3n<\/h6><p >Contamos con distintas formas de financiaci\u00f3n: Bancaria, Propia y Tarjetas de Cr\u00e9dito.<\/p><\/div><\/div>[\/vc_column_inner][vc_column_inner width=&#8221;1\/4&#8243; css=&#8221;.vc_custom_1516009109505{padding-right: 0px !important;padding-left: 0px !important;}&#8221;]<div class=\"key-icon-box icon-default icon-top cont-center ib-hover-1  kd-animated fadeInUp\" style=\"background-color: transparent;\" data-animation-delay=200><div class=\"ib-wrapper\"><i class=\"iconsmind-Paper iconsmind-Design\" style=\" \"><\/i> <h6 class=\"service-heading\" >Gestor\u00eda<\/h6><p >Ponemos a tu disposici\u00f3n nuestro departamento de gestor\u00eda al momento de tu compra.<\/p><\/div><\/div>[\/vc_column_inner][vc_column_inner width=&#8221;1\/4&#8243; css=&#8221;.vc_custom_1516009124658{padding-right: 0px !important;padding-left: 0px !important;}&#8221;]<div class=\"key-icon-box icon-default icon-top cont-center ib-hover-1  kd-animated fadeInUp\" style=\"background-color: transparent;\" data-animation-delay=400><div class=\"ib-wrapper\"><i class=\"iconsmind-Security-Check iconsmind-Security\" style=\" \"><\/i> <h6 class=\"service-heading\" >Seguros<\/h6><p >Tenemos oficinas de Triunfo Seguros in company para que salgas con tu moto asegurada.<\/p><\/div><\/div>[\/vc_column_inner][vc_column_inner width=&#8221;1\/4&#8243; css=&#8221;.vc_custom_1516009131818{padding-right: 0px !important;padding-left: 0px !important;}&#8221;]<div class=\"key-icon-box icon-default icon-top cont-center ib-hover-1  kd-animated fadeInUp\" style=\"background-color: transparent;\" data-animation-delay=600><div class=\"ib-wrapper\"><i class=\"iconsmind-Add-UserStar iconsmind-People\" style=\" \"><\/i> <h6 class=\"service-heading\" >Recursos Humanos<\/h6><p >A\u00f1os de experiencia y capacitaci\u00f3n acompa\u00f1an la pasi\u00f3n de nuestra gente para brindarte la mejor experiencia con tu moto.<\/p><\/div><\/div>[\/vc_column_inner][\/vc_row_inner][\/vc_column][\/vc_row][vc_row full_width=&#8221;stretch_row&#8221; css=&#8221;.vc_custom_1695771328397{background-color: #f5f5f5 !important;}&#8221;][vc_column css=&#8221;.vc_custom_1515686965699{padding-right: 0px !important;}&#8221;][vc_row_inner css=&#8221;.vc_custom_1511348683940{padding-top: 100px !important;padding-bottom: 100px !important;}&#8221;][vc_column_inner css=&#8221;.vc_custom_1515686937192{padding-right: 0px !important;padding-left: 0px !important;}&#8221;]\n            <div class=\"sliding_box_parent row kd-slidingbox-69dbb57a51614 \"><div class=\"sliding_box_child\" >\n                <div class=\"sb-image\"><img loading=\"lazy\" decoding=\"async\" width=\"500\" height=\"500\" src=\"https:\/\/pueyrredonmotos.com\/honda\/wp-content\/uploads\/2023\/09\/layout.jpg\" class=\"attachment-full\" alt=\"\" title=\"layout\" srcset=\"https:\/\/pueyrredonmotos.com\/honda\/wp-content\/uploads\/2023\/09\/layout.jpg 500w, https:\/\/pueyrredonmotos.com\/honda\/wp-content\/uploads\/2023\/09\/layout-300x300.jpg 300w, https:\/\/pueyrredonmotos.com\/honda\/wp-content\/uploads\/2023\/09\/layout-150x150.jpg 150w, https:\/\/pueyrredonmotos.com\/honda\/wp-content\/uploads\/2023\/09\/layout-320x320.jpg 320w\" sizes=\"auto, (max-width: 500px) 100vw, 500px\" \/><\/div>\n                <div class=\"sb_content_wrapper\" ><h4 >Modelos 0 km<\/h4><p >Tenemos la Honda que vos necesitas, mir\u00e1 el cat\u00e1logo completo.<\/p><div class=\"sb-btncontainer\"><a href=\"https:\/\/pueyrredonmotos.com\/honda\/modelos-0km\/\"  target=\"_self\"  title=\"\" class=\"tt_button tt_secondary_button \">Leer m\u00e1s<\/a><\/div><\/div>\n            <\/div><div class=\"sliding_box_child active-elem\" >\n                <div class=\"sb-image\"><img loading=\"lazy\" decoding=\"async\" width=\"500\" height=\"500\" src=\"https:\/\/pueyrredonmotos.com\/honda\/wp-content\/uploads\/2023\/09\/posventa.jpg\" class=\"attachment-full\" alt=\"\" title=\"posventa\" srcset=\"https:\/\/pueyrredonmotos.com\/honda\/wp-content\/uploads\/2023\/09\/posventa.jpg 500w, https:\/\/pueyrredonmotos.com\/honda\/wp-content\/uploads\/2023\/09\/posventa-300x300.jpg 300w, https:\/\/pueyrredonmotos.com\/honda\/wp-content\/uploads\/2023\/09\/posventa-150x150.jpg 150w, https:\/\/pueyrredonmotos.com\/honda\/wp-content\/uploads\/2023\/09\/posventa-320x320.jpg 320w\" sizes=\"auto, (max-width: 500px) 100vw, 500px\" \/><\/div>\n                <div class=\"sb_content_wrapper\" ><h4 >Posventa<\/h4><p >Tu moto siempre va a estar bien cuidada, t\u00e9cnicos capacitados y repuestos originales.<\/p><div class=\"sb-btncontainer\"><a href=\"https:\/\/pueyrredonmotos.com\/honda\/posventa\/\"  target=\"_self\"  title=\"\" class=\"tt_button tt_secondary_button \">Leer m\u00e1s<\/a><\/div><\/div>\n            <\/div><div class=\"sliding_box_child\" >\n                <div class=\"sb-image\"><img loading=\"lazy\" decoding=\"async\" width=\"500\" height=\"500\" src=\"https:\/\/pueyrredonmotos.com\/honda\/wp-content\/uploads\/2023\/09\/news.jpg\" class=\"attachment-full\" alt=\"\" title=\"news\" srcset=\"https:\/\/pueyrredonmotos.com\/honda\/wp-content\/uploads\/2023\/09\/news.jpg 500w, https:\/\/pueyrredonmotos.com\/honda\/wp-content\/uploads\/2023\/09\/news-300x300.jpg 300w, https:\/\/pueyrredonmotos.com\/honda\/wp-content\/uploads\/2023\/09\/news-150x150.jpg 150w, https:\/\/pueyrredonmotos.com\/honda\/wp-content\/uploads\/2023\/09\/news-320x320.jpg 320w\" sizes=\"auto, (max-width: 500px) 100vw, 500px\" \/><\/div>\n                <div class=\"sb_content_wrapper\" ><h4 >Novedades<\/h4><p >Mantenete al tanto de todas las novedades Honda: Lanzamientos, Racing, Tecnolog\u00eda y m\u00e1s<\/p><div class=\"sb-btncontainer\"><a href=\"https:\/\/pueyrredonmotos.com\/honda\/blog\/\"  target=\"_self\"  title=\"\" class=\"tt_button tt_secondary_button \">Leer m\u00e1s<\/a><\/div><\/div>\n            <\/div><\/div><script type=\"text\/javascript\">\n              jQuery(document).ready(function($){\n                if ($(\".sliding_box_parent.kd-slidingbox-69dbb57a51614\").length) {\n                  $(\".kd-slidingbox-69dbb57a51614 .sliding_box_child\").on(\"mouseenter\", function() {\n                    $(\".kd-slidingbox-69dbb57a51614 .sliding_box_child\").removeClass(\"active-elem\");\n                    $(this).addClass(\"active-elem\");\n                  });\n                }\n              });\n            <\/script>[\/vc_column_inner][\/vc_row_inner][\/vc_column][\/vc_row][vc_row full_width=&#8221;stretch_row&#8221; css=&#8221;.vc_custom_1695770107318{padding-top: 100px !important;padding-bottom: 100px !important;}&#8221;][vc_column css=&#8221;.vc_custom_1516029079179{padding-right: 0px !important;padding-left: 0px !important;}&#8221;][vc_row_inner][vc_column_inner]<header class=\"kd-section-title vc_col-lg-6 vc_col-sm-8 text-center  kd-animated fadeIn   vc_custom_1695776087671\" data-animation-delay=200><h2 class=\"separator_off\" >Testimonios de nuestros clientes<\/h2><h6 class=\"subtitle \" >Estamos muy orgullosos del servicio que ofrecemos, te invitamos a leer los testimonios de nuestros clientes satisfechos.<\/h6><\/header>[\/vc_column_inner][\/vc_row_inner][vc_raw_html]JTVCdHJ1c3RpbmRleCUyMG5vLXJlZ2lzdHJhdGlvbiUzRGdvb2dsZSU1RA==[\/vc_raw_html][\/vc_column][\/vc_row][vc_row full_width=&#8221;stretch_row&#8221; css=&#8221;.vc_custom_1695775602398{background-color: #f5f5f5 !important;}&#8221;][vc_column]<div class=\"kd-calltoaction no_icon \" >\n                <div class=\"container\">\n                  <div class=\"cta-text-container \" ><div class=\"cta-text\">\n                        <h3 >Necesit\u00e1s ayuda para elegir tu pr\u00f3xima moto?<\/h3><p >No dudes en contactarnos, seguro tenemos la soluci\u00f3n que necesit\u00e1s.<\/p><\/div>\n                    <\/div>\n                    <div class=\"cta-btncontainer\"><a href=\"https:\/\/pueyrredonmotos.com\/honda\/contacto\/\"  title=\"\" class=\"tt_button tt_primary_button button-action-link btn_primary_color \" >Contactar Ahora<\/a><\/div>\n                <\/div>\n            <\/div>[\/vc_column][\/vc_row]<\/p>\n<\/div>","protected":false},"excerpt":{"rendered":"<p>[vc_row full_width=&#8221;stretch_row&#8221; css=&#8221;.vc_custom_1695775262442{margin-top: 20px !important;margin-bottom: 70px !important;}&#8221;][vc_column width=&#8221;1\/2&#8243; css=&#8221;.vc_custom_1516009024901{padding-right: 0px !important;padding-left: 0px !important;}&#8221;][vc_row_inner][vc_column_inner][vc_single_image image=&#8221;8250&#8243; img_size=&#8221;full&#8221; css_animation=&#8221;fadeIn&#8221; css=&#8221;.vc_custom_1695769785427{padding-right: 20px !important;}&#8221;][\/vc_column_inner][\/vc_row_inner][vc_row_inner][vc_column_inner width=&#8221;1\/2&#8243;][\/vc_column_inner][vc_column_inner width=&#8221;1\/2&#8243;][\/vc_column_inner][\/vc_row_inner][\/vc_column][vc_column width=&#8221;1\/2&#8243;][vc_column_text]Quienes integramos Pueyrred\u00f3n Motos compartimos una pasi\u00f3n que nos llev\u00f3 a hacer del motociclismo nuestra profesi\u00f3n. Desde hace m\u00e1s [&hellip;]<\/p>\n","protected":false},"author":1,"featured_media":8246,"parent":0,"menu_order":0,"comment_status":"closed","ping_status":"closed","template":"","meta":{"footnotes":""},"class_list":["post-8219","page","type-page","status-publish","has-post-thumbnail","hentry"],"yoast_head":"<!-- This site is optimized with the Yoast SEO Premium plugin v21.2 (Yoast SEO v27.3) - https:\/\/yoast.com\/product\/yoast-seo-premium-wordpress\/ -->\n<title>Concesionario Oficial Honda - Pueyrred\u00f3n Motos<\/title>\n<meta name=\"robots\" content=\"index, follow, max-snippet:-1, max-image-preview:large, max-video-preview:-1\" \/>\n<link rel=\"canonical\" href=\"https:\/\/pueyrredonmotos.com\/honda\/concesionario\/\" \/>\n<meta property=\"og:locale\" content=\"es_ES\" \/>\n<meta property=\"og:type\" content=\"article\" \/>\n<meta property=\"og:title\" content=\"Concesionario Oficial Honda\" \/>\n<meta property=\"og:description\" content=\"[vc_row full_width=&#8221;stretch_row&#8221; css=&#8221;.vc_custom_1695775262442{margin-top: 20px !important;margin-bottom: 70px !important;}&#8221;][vc_column width=&#8221;1\/2&#8243; css=&#8221;.vc_custom_1516009024901{padding-right: 0px !important;padding-left: 0px !important;}&#8221;][vc_row_inner][vc_column_inner][vc_single_image image=&#8221;8250&#8243; img_size=&#8221;full&#8221; css_animation=&#8221;fadeIn&#8221; css=&#8221;.vc_custom_1695769785427{padding-right: 20px !important;}&#8221;][\/vc_column_inner][\/vc_row_inner][vc_row_inner][vc_column_inner width=&#8221;1\/2&#8243;][\/vc_column_inner][vc_column_inner width=&#8221;1\/2&#8243;][\/vc_column_inner][\/vc_row_inner][\/vc_column][vc_column width=&#8221;1\/2&#8243;][vc_column_text]Quienes integramos Pueyrred\u00f3n Motos compartimos una pasi\u00f3n que nos llev\u00f3 a hacer del motociclismo nuestra profesi\u00f3n. Desde hace m\u00e1s [&hellip;]\" \/>\n<meta property=\"og:url\" content=\"https:\/\/pueyrredonmotos.com\/honda\/concesionario\/\" \/>\n<meta property=\"og:site_name\" content=\"Pueyrred\u00f3n Motos\" \/>\n<meta property=\"article:publisher\" content=\"https:\/\/www.facebook.com\/pueyrredonmotos.honda\" \/>\n<meta property=\"article:modified_time\" content=\"2024-10-17T23:38:25+00:00\" \/>\n<meta property=\"og:image\" content=\"https:\/\/pueyrredonmotos.com\/honda\/wp-content\/uploads\/2023\/09\/header-fot2.jpg\" \/>\n\t<meta property=\"og:image:width\" content=\"1920\" \/>\n\t<meta property=\"og:image:height\" content=\"650\" \/>\n\t<meta property=\"og:image:type\" content=\"image\/jpeg\" \/>\n<meta name=\"twitter:card\" content=\"summary_large_image\" \/>\n<meta name=\"twitter:label1\" content=\"Tiempo de lectura\" \/>\n\t<meta name=\"twitter:data1\" content=\"4 minutos\" \/>\n<script type=\"application\/ld+json\" class=\"yoast-schema-graph\">{\"@context\":\"https:\\\/\\\/schema.org\",\"@graph\":[{\"@type\":\"WebPage\",\"@id\":\"https:\\\/\\\/pueyrredonmotos.com\\\/honda\\\/concesionario\\\/\",\"url\":\"https:\\\/\\\/pueyrredonmotos.com\\\/honda\\\/concesionario\\\/\",\"name\":\"Concesionario Oficial Honda - Pueyrred\u00f3n Motos\",\"isPartOf\":{\"@id\":\"https:\\\/\\\/pueyrredonmotos.com\\\/honda\\\/#website\"},\"primaryImageOfPage\":{\"@id\":\"https:\\\/\\\/pueyrredonmotos.com\\\/honda\\\/concesionario\\\/#primaryimage\"},\"image\":{\"@id\":\"https:\\\/\\\/pueyrredonmotos.com\\\/honda\\\/concesionario\\\/#primaryimage\"},\"thumbnailUrl\":\"https:\\\/\\\/pueyrredonmotos.com\\\/honda\\\/wp-content\\\/uploads\\\/2023\\\/09\\\/header-fot2.jpg\",\"datePublished\":\"2023-09-26T21:33:31+00:00\",\"dateModified\":\"2024-10-17T23:38:25+00:00\",\"breadcrumb\":{\"@id\":\"https:\\\/\\\/pueyrredonmotos.com\\\/honda\\\/concesionario\\\/#breadcrumb\"},\"inLanguage\":\"es\",\"potentialAction\":[{\"@type\":\"ReadAction\",\"target\":[\"https:\\\/\\\/pueyrredonmotos.com\\\/honda\\\/concesionario\\\/\"]}]},{\"@type\":\"ImageObject\",\"inLanguage\":\"es\",\"@id\":\"https:\\\/\\\/pueyrredonmotos.com\\\/honda\\\/concesionario\\\/#primaryimage\",\"url\":\"https:\\\/\\\/pueyrredonmotos.com\\\/honda\\\/wp-content\\\/uploads\\\/2023\\\/09\\\/header-fot2.jpg\",\"contentUrl\":\"https:\\\/\\\/pueyrredonmotos.com\\\/honda\\\/wp-content\\\/uploads\\\/2023\\\/09\\\/header-fot2.jpg\",\"width\":1920,\"height\":650},{\"@type\":\"BreadcrumbList\",\"@id\":\"https:\\\/\\\/pueyrredonmotos.com\\\/honda\\\/concesionario\\\/#breadcrumb\",\"itemListElement\":[{\"@type\":\"ListItem\",\"position\":1,\"name\":\"Home\",\"item\":\"https:\\\/\\\/pueyrredonmotos.com\\\/honda\\\/\"},{\"@type\":\"ListItem\",\"position\":2,\"name\":\"Concesionario Oficial Honda\"}]},{\"@type\":\"WebSite\",\"@id\":\"https:\\\/\\\/pueyrredonmotos.com\\\/honda\\\/#website\",\"url\":\"https:\\\/\\\/pueyrredonmotos.com\\\/honda\\\/\",\"name\":\"Pueyrred\u00f3n Motos\",\"description\":\"Concesionario Oficial Honda\",\"publisher\":{\"@id\":\"https:\\\/\\\/pueyrredonmotos.com\\\/honda\\\/#organization\"},\"potentialAction\":[{\"@type\":\"SearchAction\",\"target\":{\"@type\":\"EntryPoint\",\"urlTemplate\":\"https:\\\/\\\/pueyrredonmotos.com\\\/honda\\\/?s={search_term_string}\"},\"query-input\":{\"@type\":\"PropertyValueSpecification\",\"valueRequired\":true,\"valueName\":\"search_term_string\"}}],\"inLanguage\":\"es\"},{\"@type\":\"Organization\",\"@id\":\"https:\\\/\\\/pueyrredonmotos.com\\\/honda\\\/#organization\",\"name\":\"Pueyrred\u00f3n Motos\",\"url\":\"https:\\\/\\\/pueyrredonmotos.com\\\/honda\\\/\",\"logo\":{\"@type\":\"ImageObject\",\"inLanguage\":\"es\",\"@id\":\"https:\\\/\\\/pueyrredonmotos.com\\\/honda\\\/#\\\/schema\\\/logo\\\/image\\\/\",\"url\":\"https:\\\/\\\/pueyrredonmotos.com\\\/honda\\\/wp-content\\\/uploads\\\/2023\\\/09\\\/logo-180-66.png\",\"contentUrl\":\"https:\\\/\\\/pueyrredonmotos.com\\\/honda\\\/wp-content\\\/uploads\\\/2023\\\/09\\\/logo-180-66.png\",\"width\":180,\"height\":66,\"caption\":\"Pueyrred\u00f3n Motos\"},\"image\":{\"@id\":\"https:\\\/\\\/pueyrredonmotos.com\\\/honda\\\/#\\\/schema\\\/logo\\\/image\\\/\"},\"sameAs\":[\"https:\\\/\\\/www.facebook.com\\\/pueyrredonmotos.honda\",\"https:\\\/\\\/www.instagram.com\\\/pueyrredonmotos.honda\\\/\"]}]}<\/script>\n<!-- \/ Yoast SEO Premium plugin. -->","yoast_head_json":{"title":"Concesionario Oficial Honda - Pueyrred\u00f3n Motos","robots":{"index":"index","follow":"follow","max-snippet":"max-snippet:-1","max-image-preview":"max-image-preview:large","max-video-preview":"max-video-preview:-1"},"canonical":"https:\/\/pueyrredonmotos.com\/honda\/concesionario\/","og_locale":"es_ES","og_type":"article","og_title":"Concesionario Oficial Honda","og_description":"[vc_row full_width=&#8221;stretch_row&#8221; css=&#8221;.vc_custom_1695775262442{margin-top: 20px !important;margin-bottom: 70px !important;}&#8221;][vc_column width=&#8221;1\/2&#8243; css=&#8221;.vc_custom_1516009024901{padding-right: 0px !important;padding-left: 0px !important;}&#8221;][vc_row_inner][vc_column_inner][vc_single_image image=&#8221;8250&#8243; img_size=&#8221;full&#8221; css_animation=&#8221;fadeIn&#8221; css=&#8221;.vc_custom_1695769785427{padding-right: 20px !important;}&#8221;][\/vc_column_inner][\/vc_row_inner][vc_row_inner][vc_column_inner width=&#8221;1\/2&#8243;][\/vc_column_inner][vc_column_inner width=&#8221;1\/2&#8243;][\/vc_column_inner][\/vc_row_inner][\/vc_column][vc_column width=&#8221;1\/2&#8243;][vc_column_text]Quienes integramos Pueyrred\u00f3n Motos compartimos una pasi\u00f3n que nos llev\u00f3 a hacer del motociclismo nuestra profesi\u00f3n. Desde hace m\u00e1s [&hellip;]","og_url":"https:\/\/pueyrredonmotos.com\/honda\/concesionario\/","og_site_name":"Pueyrred\u00f3n Motos","article_publisher":"https:\/\/www.facebook.com\/pueyrredonmotos.honda","article_modified_time":"2024-10-17T23:38:25+00:00","og_image":[{"width":1920,"height":650,"url":"https:\/\/pueyrredonmotos.com\/honda\/wp-content\/uploads\/2023\/09\/header-fot2.jpg","type":"image\/jpeg"}],"twitter_card":"summary_large_image","twitter_misc":{"Tiempo de lectura":"4 minutos"},"schema":{"@context":"https:\/\/schema.org","@graph":[{"@type":"WebPage","@id":"https:\/\/pueyrredonmotos.com\/honda\/concesionario\/","url":"https:\/\/pueyrredonmotos.com\/honda\/concesionario\/","name":"Concesionario Oficial Honda - Pueyrred\u00f3n Motos","isPartOf":{"@id":"https:\/\/pueyrredonmotos.com\/honda\/#website"},"primaryImageOfPage":{"@id":"https:\/\/pueyrredonmotos.com\/honda\/concesionario\/#primaryimage"},"image":{"@id":"https:\/\/pueyrredonmotos.com\/honda\/concesionario\/#primaryimage"},"thumbnailUrl":"https:\/\/pueyrredonmotos.com\/honda\/wp-content\/uploads\/2023\/09\/header-fot2.jpg","datePublished":"2023-09-26T21:33:31+00:00","dateModified":"2024-10-17T23:38:25+00:00","breadcrumb":{"@id":"https:\/\/pueyrredonmotos.com\/honda\/concesionario\/#breadcrumb"},"inLanguage":"es","potentialAction":[{"@type":"ReadAction","target":["https:\/\/pueyrredonmotos.com\/honda\/concesionario\/"]}]},{"@type":"ImageObject","inLanguage":"es","@id":"https:\/\/pueyrredonmotos.com\/honda\/concesionario\/#primaryimage","url":"https:\/\/pueyrredonmotos.com\/honda\/wp-content\/uploads\/2023\/09\/header-fot2.jpg","contentUrl":"https:\/\/pueyrredonmotos.com\/honda\/wp-content\/uploads\/2023\/09\/header-fot2.jpg","width":1920,"height":650},{"@type":"BreadcrumbList","@id":"https:\/\/pueyrredonmotos.com\/honda\/concesionario\/#breadcrumb","itemListElement":[{"@type":"ListItem","position":1,"name":"Home","item":"https:\/\/pueyrredonmotos.com\/honda\/"},{"@type":"ListItem","position":2,"name":"Concesionario Oficial Honda"}]},{"@type":"WebSite","@id":"https:\/\/pueyrredonmotos.com\/honda\/#website","url":"https:\/\/pueyrredonmotos.com\/honda\/","name":"Pueyrred\u00f3n Motos","description":"Concesionario Oficial Honda","publisher":{"@id":"https:\/\/pueyrredonmotos.com\/honda\/#organization"},"potentialAction":[{"@type":"SearchAction","target":{"@type":"EntryPoint","urlTemplate":"https:\/\/pueyrredonmotos.com\/honda\/?s={search_term_string}"},"query-input":{"@type":"PropertyValueSpecification","valueRequired":true,"valueName":"search_term_string"}}],"inLanguage":"es"},{"@type":"Organization","@id":"https:\/\/pueyrredonmotos.com\/honda\/#organization","name":"Pueyrred\u00f3n Motos","url":"https:\/\/pueyrredonmotos.com\/honda\/","logo":{"@type":"ImageObject","inLanguage":"es","@id":"https:\/\/pueyrredonmotos.com\/honda\/#\/schema\/logo\/image\/","url":"https:\/\/pueyrredonmotos.com\/honda\/wp-content\/uploads\/2023\/09\/logo-180-66.png","contentUrl":"https:\/\/pueyrredonmotos.com\/honda\/wp-content\/uploads\/2023\/09\/logo-180-66.png","width":180,"height":66,"caption":"Pueyrred\u00f3n Motos"},"image":{"@id":"https:\/\/pueyrredonmotos.com\/honda\/#\/schema\/logo\/image\/"},"sameAs":["https:\/\/www.facebook.com\/pueyrredonmotos.honda","https:\/\/www.instagram.com\/pueyrredonmotos.honda\/"]}]}},"_links":{"self":[{"href":"https:\/\/pueyrredonmotos.com\/honda\/wp-json\/wp\/v2\/pages\/8219","targetHints":{"allow":["GET"]}}],"collection":[{"href":"https:\/\/pueyrredonmotos.com\/honda\/wp-json\/wp\/v2\/pages"}],"about":[{"href":"https:\/\/pueyrredonmotos.com\/honda\/wp-json\/wp\/v2\/types\/page"}],"author":[{"embeddable":true,"href":"https:\/\/pueyrredonmotos.com\/honda\/wp-json\/wp\/v2\/users\/1"}],"replies":[{"embeddable":true,"href":"https:\/\/pueyrredonmotos.com\/honda\/wp-json\/wp\/v2\/comments?post=8219"}],"version-history":[{"count":40,"href":"https:\/\/pueyrredonmotos.com\/honda\/wp-json\/wp\/v2\/pages\/8219\/revisions"}],"predecessor-version":[{"id":10243,"href":"https:\/\/pueyrredonmotos.com\/honda\/wp-json\/wp\/v2\/pages\/8219\/revisions\/10243"}],"wp:featuredmedia":[{"embeddable":true,"href":"https:\/\/pueyrredonmotos.com\/honda\/wp-json\/wp\/v2\/media\/8246"}],"wp:attachment":[{"href":"https:\/\/pueyrredonmotos.com\/honda\/wp-json\/wp\/v2\/media?parent=8219"}],"curies":[{"name":"wp","href":"https:\/\/api.w.org\/{rel}","templated":true}]}}