{"id":3985,"date":"2018-09-11T13:11:53","date_gmt":"2018-09-11T13:11:53","guid":{"rendered":"https:\/\/www.ekko-wp.com\/?page_id=3985"},"modified":"2023-09-28T20:35:57","modified_gmt":"2023-09-28T23:35:57","slug":"terminos-condiciones-y-politica-de-privacidad","status":"publish","type":"page","link":"https:\/\/pueyrredonmotos.com\/honda\/terminos-condiciones-y-politica-de-privacidad\/","title":{"rendered":"T\u00e9rminos, condiciones y politica de privacidad"},"content":{"rendered":"<h3>T\u00e9rminos y condiciones. Pol\u00edtica de cookies<\/h3>\n<p>1. Al usar y\/o Visitar este sitio web (y cualquier otro sitio o micro sitio de Puerred\u00f3n Motos), Usted (i) declara y reconoce que ha le\u00eddo y comprendido en su totalidad los t\u00e9rminos y condiciones descriptos aqu\u00ed, y (ii) acepta los presentes t\u00e9rminos y condiciones en su totalidad, sin limitaci\u00f3n o excepci\u00f3n alguna.<\/p>\n<p>2. Toda la informaci\u00f3n incluida en este sitio web tiene fines exclusivamente orientativos e informativos. Las fotos no son contractuales. Para mayor informaci\u00f3n sobre cualquiera de los productos, podr\u00e1 dirigirse a cualquier Concesionario Oficial Honda. La informaci\u00f3n contenida en este sitio no supone un compromiso por parte del fabricante y\/o Puerred\u00f3n Motos, y no puede ser considerada como oferta de venta, y no reviste car\u00e1cter contractual ni precontractual. El solo acceso al sitio no determina que el usuario sea en forma autom\u00e1tica considerado consumidor o cliente.<\/p>\n<p>3. La informaci\u00f3n contenida aqu\u00ed ha sido dise\u00f1ada para ser lo m\u00e1s suficiente, detallada, amplia, actualizada y razonable posible. Honda y\/o Puerred\u00f3n Motos y\/o Puerred\u00f3n Motos no ser\u00e1 responsable por ning\u00fan error u omisi\u00f3n contenidos en este sitio web. El presente sitio web podr\u00eda incluir informaci\u00f3n sobre productos o modelos de productos no comercializados en la Rep\u00fablica Argentina. Este sitio y toda la informaci\u00f3n o materiales contenidos en el mismo se suministran \u201ctal y como est\u00e1n\u201d, sin garant\u00eda de ning\u00fan tipo, sea expresa o impl\u00edcita.<\/p>\n<p>4. En atenci\u00f3n a que Honda y\/o Puerred\u00f3n Motos no comercializa los productos al p\u00fablico, cualquier precio que sea indicado en el sitio deber\u00e1 ser \u00fanicamente considerado por los usuarios como precios sugeridos de venta al p\u00fablico. Los precios sugeridos incluyen IVA y bonificaciones vigentes, y son de contado. No incluyen flete, patentamiento ni seguro y son sujetos a disponibilidad, salvo que expresamente se indicara algo distinto en cada oportunidad. Toda informaci\u00f3n sobre precio de los productos o servicios podr\u00e1 ser requerida en cualquiera de los Concesionarios Oficiales de Honda y\/o Puerred\u00f3n Motos. Los Concesionarios, en su car\u00e1cter de partes independientes, pactar\u00e1n con cada usuario el precio final por los productos, el cual depender\u00e1 de negociaciones y factores ajenos a Honda y\/o Puerred\u00f3n Motos, quien no participa en tales transacciones. Por tales motivos, Honda y\/o Puerred\u00f3n Motos no asume compromiso alguno respecto a dichos precios ni respecto a dichas operaciones.<\/p>\n<p>5. Honda y\/o Puerred\u00f3n Motos se reserva el derecho a introducir cambios en cualquier momento en las unidades y productos mencionados en el presente, sin previo aviso, en lo referente a precios, modelos, equipamiento, origen, especificaciones y disponibilidades.<\/p>\n<p>6. Las condiciones de garant\u00eda aplicables a los productos Honda y\/o Puerred\u00f3n Motos pueden ser consultadas en cualquier Concesionario y Servicio Oficial en forma previa a la compra de los mismos, as\u00ed como tambi\u00e9n en la secci\u00f3n correspondiente de este sitio. La compra de un producto Honda y\/o Puerred\u00f3n Motos implica la conformidad con los t\u00e9rminos y condiciones de garant\u00eda aplicables y vigentes a dicho momento.<\/p>\n<p>7. Honda y\/o Puerred\u00f3n Motos se reserva el derecho de modificar el contenido de este sitio web, y modificar estos t\u00e9rminos y condiciones en cualquier momento y sin previo aviso.<\/p>\n<p>8. Los productos exhibidos en el sitio web son comercializados exclusivamente a trav\u00e9s de la red de Concesionarios Honda y\/o Puerred\u00f3n Motos. Los Concesionarios Honda y\/o Puerred\u00f3n Motos son comerciantes aut\u00f3nomos e independientes de Honda y\/o Puerred\u00f3n Motos, realizando las operaciones comerciales por su exclusiva cuenta y cargo, no asumiendo Honda y\/o Puerred\u00f3n Motos ninguna responsabilidad por las operaciones concretadas entre los Clientes y los Concesionarios<\/p>\n<p>9. Honda y\/o Puerred\u00f3n Motos en ning\u00fan caso ser\u00e1 responsable por los da\u00f1os y perjuicios que pudieran derivarse del conocimiento o utilizaci\u00f3n de la informaci\u00f3n contenida en el presente sitio web o de los productos fuera de sus especificaciones t\u00e9cnicas.<\/p>\n<p>10. Este sitio de internet puede contener v\u00ednculos hacia otros sitios de Internet que sean completamente independientes de este. En tal sentido, Honda y\/o Puerred\u00f3n Motos no ser\u00e1 responsable ni garantiza la precisi\u00f3n, amplitud o veracidad de la informaci\u00f3n contenida en ninguno de dichos sitios de Internet. El acceso a cualquiera de dichos sitios es bajo su exclusiva responsabilidad.<\/p>\n<p>11. Toda la informaci\u00f3n (textos, im\u00e1genes, gr\u00e1ficos, sonidos, animaciones, videos, etc.) contenida en este sitio web se encuentra protegida bajo las leyes de propiedad intelectual, estando su uso y\/o divulgaci\u00f3n prohibida, salvo previa autorizaci\u00f3n expresa de Honda y\/o Puerred\u00f3n Motos.<\/p>\n<p>12. Igualmente, este sitio web puede contener informaci\u00f3n cuya propiedad intelectual es de terceros, por lo que se deber\u00e1 recabar la autorizaci\u00f3n de dichos terceros para su uso. El acceso y uso de este sitio no podr\u00e1 interpretarse como el otorgamiento de una licencia de uso (expresa o t\u00e1cita) de dichos derechos de propiedad intelectual.<\/p>\n<p>13. Cualquier cosa que transmita o env\u00ede ser\u00e1 considerada propiedad de Honda y\/o Puerred\u00f3n Motos y como tal podr\u00e1 ser utilizada con cualquier finalidad l\u00edcita.<\/p>\n<h3>Pol\u00edticas de privacidad<\/h3>\n<p>1. Al proporcionar sus datos personales, usted autoriza a Honda y\/o Puerred\u00f3n Motos tratarlos y utilizarlos de acuerdo con lo establecido en el presente y la legislaci\u00f3n en vigencia.<\/p>\n<p>2. Cualquier intercambio de informaci\u00f3n, documentos o comunicaci\u00f3n que Ud. transmita al sitio, sus p\u00e1ginas o a trav\u00e9s del mismo, por correo electr\u00f3nico o por cualquier otro medio ser\u00e1 considerado de car\u00e1cter p\u00fablico y en ning\u00fan caso confidencial. En tal sentido, Honda y\/o Puerred\u00f3n Motos no asume responsabilidad de ning\u00fan tipo por cualquier transmisi\u00f3n, env\u00edo, documento, charla, etc. realizado por Ud. que contenga material que constituya de alg\u00fan modo una conducta que pueda ser considerada violatoria de alguna ley, reserv\u00e1ndose el derecho de adoptar aquellas medidas que conforme derecho le asistan a fin de remediar dicha situaci\u00f3n. Honda y\/o Puerred\u00f3n Motos, en caso de ser requerido, cooperar\u00e1 con las autoridades que le soliciten colaboraci\u00f3n para identificar a las personas que hubieran incurrido en conductas de este tipo, dentro de lo previsto por la legislaci\u00f3n en vigencia.<\/p>\n<p>3. Honda y\/o Puerred\u00f3n Motos s\u00f3lo recabar\u00e1 informaci\u00f3n cuando Ud. los proporcione en forma voluntaria y en cumplimiento con lo establecido en la Ley Nro. 25.326.<\/p>\n<p>4. Honda y\/o Puerred\u00f3n Motos utilizar\u00e1 la informaci\u00f3n proporcionada por Ud. para aquellos fines autorizados en la legislaci\u00f3n en vigencia, entre los que se encuentran:<br \/>\n\u25cf a. divulgar ofertas o publicitar productos y servicios que podr\u00edan ser de su inter\u00e9s, incluso para recuperaci\u00f3n o reemplazo de partes y componentes;<br \/>\n\u25cf b. para personalizar y mejorar nuestros productos y servicios; y<br \/>\n\u25cf c. para fines estad\u00edsticos de Honda y\/o Puerred\u00f3n Motos.<br \/>\n\u25cf d. comunicar aquella informaci\u00f3n de seguridad que Honda y\/o Puerred\u00f3n Motos estime necesaria para una mejor utilizaci\u00f3n de los productos.<\/p>\n<p>5. En tales casos, Honda y\/o Puerred\u00f3n Motos podr\u00e1 compartir dicha informaci\u00f3n con terceras partes, en tanto que el uso de los mismos se encuentre dentro de los postulados establecidos en el presente, y la legislaci\u00f3n en vigencia. En tal sentido, y a mero t\u00edtulo ejemplificativo, Honda y\/o Puerred\u00f3n Motos podr\u00e1 ceder dicha informaci\u00f3n, Ley Nro. 25.326, a (i) Honda Motor Co., Ltd., sus empresas relacionadas y\/o vinculadas, (ii) la red de Concesionarios y Servicios Oficiales de Honda,(iii) Agencias de Publicidad, y\/o de eventos y\/o de promociones y\/o que realice cualquier otra acci\u00f3n de marketing por solicitud de Honda y\/o Puerred\u00f3n Motos; (iv) Empresas que provean a Honda y\/o Puerred\u00f3n Motos servicios de tratamiento de datos y\/o archivo de informaci\u00f3n (en cualquier soporte).<\/p>\n<p>6. El titular de los datos personales tiene la facultad de ejercer el derecho de acceso a los mismos en forma gratuita a intervalos no inferiores a seis meses, salvo que se acredite un inter\u00e9s leg\u00edtimo al efecto conforme lo establecido en el art\u00edculo 14, inciso 3 de la Ley N\u00ba 25.326; el consentimiento sobre los datos puede ser revocado y la Direcci\u00f3n Nacional de Datos Personales, \u00d3rgano de Control de la ley 25.326, tiene la atribuci\u00f3n de atender denuncias y reclamos que se interpongan con relaci\u00f3n al incumplimiento de las normas sobre protecci\u00f3n de datos personales. El titular de los datos podr\u00e1 solicitar el retiro o bloqueo total o parcial de su nombre de la base de datos, mediante notificaci\u00f3n a info@pueyrredonmotos.com.<\/p>\n<p>7. Podr\u00edamos recolectar y almacenar cierta informaci\u00f3n an\u00f3nima sobre su visita, incluyendo el nombre de su proveedor de internet, el tipo de navegador y sistema operativo que usa para acceder a nuestro sitio, la fecha y hora del acceso, as\u00ed como otras p\u00e1ginas que Usted visita. Esta informaci\u00f3n no lo identifica a Usted en forma personal, y es recolectada para generar informaci\u00f3n estad\u00edstica, medir ratios de actividad de nuestro sitio, as\u00ed como tambi\u00e9n mejorar la experiencia y utilidad del mismo.<\/p>\n<p>8. Podemos utilizar \u201ccookies\u201d. Lo hacemos para brindarle una mejor experiencia, permiti\u00e9ndole ahorrar tiempo y tener una experiencia m\u00e1s personalizada. Tambi\u00e9n utilizamos dicha informaci\u00f3n para investigaciones de mercado y entender de una mejor manera las preferencias de nuestros usuarios. Asimismo, podemos usar cookies provistas por terceras partes. Ud. Puede tener la posibilidad de aceptar o rechazar el uso de \u201ccookies\u201d, pero ciertas funciones de nuestro sitio requieren necesariamente, para su correcto funcionamiento, el uso de las mismas. El hecho que Ud. proporcione los datos que le sean requeridos implica que lo realiza en forma voluntaria y acepta los t\u00e9rminos expuestos en esta pol\u00edtica.<\/p>\n","protected":false},"excerpt":{"rendered":"<p>T\u00e9rminos y condiciones. Pol\u00edtica de cookies 1. Al usar y\/o Visitar este sitio web (y cualquier otro sitio o micro sitio de Puerred\u00f3n Motos), Usted (i) declara y reconoce que ha le\u00eddo y comprendido en su totalidad los t\u00e9rminos y [&hellip;]<\/p>\n","protected":false},"author":1,"featured_media":0,"parent":0,"menu_order":0,"comment_status":"closed","ping_status":"closed","template":"","meta":{"footnotes":""},"class_list":["post-3985","page","type-page","status-publish","hentry"],"yoast_head":"<!-- This site is optimized with the Yoast SEO Premium plugin v21.2 (Yoast SEO v27.3) - https:\/\/yoast.com\/product\/yoast-seo-premium-wordpress\/ -->\n<title>T\u00e9rminos, condiciones y politica de privacidad - Pueyrred\u00f3n Motos<\/title>\n<meta name=\"robots\" content=\"index, follow, max-snippet:-1, max-image-preview:large, max-video-preview:-1\" \/>\n<link rel=\"canonical\" href=\"https:\/\/pueyrredonmotos.com\/honda\/terminos-condiciones-y-politica-de-privacidad\/\" \/>\n<meta property=\"og:locale\" content=\"es_ES\" \/>\n<meta property=\"og:type\" content=\"article\" \/>\n<meta property=\"og:title\" content=\"T\u00e9rminos, condiciones y politica de privacidad\" \/>\n<meta property=\"og:description\" content=\"T\u00e9rminos y condiciones. Pol\u00edtica de cookies 1. Al usar y\/o Visitar este sitio web (y cualquier otro sitio o micro sitio de Puerred\u00f3n Motos), Usted (i) declara y reconoce que ha le\u00eddo y comprendido en su totalidad los t\u00e9rminos y [&hellip;]\" \/>\n<meta property=\"og:url\" content=\"https:\/\/pueyrredonmotos.com\/honda\/terminos-condiciones-y-politica-de-privacidad\/\" \/>\n<meta property=\"og:site_name\" content=\"Pueyrred\u00f3n Motos\" \/>\n<meta property=\"article:publisher\" content=\"https:\/\/www.facebook.com\/pueyrredonmotos.honda\" \/>\n<meta property=\"article:modified_time\" content=\"2023-09-28T23:35:57+00:00\" \/>\n<meta name=\"twitter:card\" content=\"summary_large_image\" \/>\n<meta name=\"twitter:label1\" content=\"Tiempo de lectura\" \/>\n\t<meta name=\"twitter:data1\" content=\"8 minutos\" \/>\n<script type=\"application\/ld+json\" class=\"yoast-schema-graph\">{\"@context\":\"https:\\\/\\\/schema.org\",\"@graph\":[{\"@type\":\"WebPage\",\"@id\":\"https:\\\/\\\/pueyrredonmotos.com\\\/honda\\\/terminos-condiciones-y-politica-de-privacidad\\\/\",\"url\":\"https:\\\/\\\/pueyrredonmotos.com\\\/honda\\\/terminos-condiciones-y-politica-de-privacidad\\\/\",\"name\":\"T\u00e9rminos, condiciones y politica de privacidad - Pueyrred\u00f3n Motos\",\"isPartOf\":{\"@id\":\"https:\\\/\\\/pueyrredonmotos.com\\\/honda\\\/#website\"},\"datePublished\":\"2018-09-11T13:11:53+00:00\",\"dateModified\":\"2023-09-28T23:35:57+00:00\",\"breadcrumb\":{\"@id\":\"https:\\\/\\\/pueyrredonmotos.com\\\/honda\\\/terminos-condiciones-y-politica-de-privacidad\\\/#breadcrumb\"},\"inLanguage\":\"es\",\"potentialAction\":[{\"@type\":\"ReadAction\",\"target\":[\"https:\\\/\\\/pueyrredonmotos.com\\\/honda\\\/terminos-condiciones-y-politica-de-privacidad\\\/\"]}]},{\"@type\":\"BreadcrumbList\",\"@id\":\"https:\\\/\\\/pueyrredonmotos.com\\\/honda\\\/terminos-condiciones-y-politica-de-privacidad\\\/#breadcrumb\",\"itemListElement\":[{\"@type\":\"ListItem\",\"position\":1,\"name\":\"Home\",\"item\":\"https:\\\/\\\/pueyrredonmotos.com\\\/honda\\\/\"},{\"@type\":\"ListItem\",\"position\":2,\"name\":\"T\u00e9rminos, condiciones y politica de privacidad\"}]},{\"@type\":\"WebSite\",\"@id\":\"https:\\\/\\\/pueyrredonmotos.com\\\/honda\\\/#website\",\"url\":\"https:\\\/\\\/pueyrredonmotos.com\\\/honda\\\/\",\"name\":\"Pueyrred\u00f3n Motos\",\"description\":\"Concesionario Oficial Honda\",\"publisher\":{\"@id\":\"https:\\\/\\\/pueyrredonmotos.com\\\/honda\\\/#organization\"},\"potentialAction\":[{\"@type\":\"SearchAction\",\"target\":{\"@type\":\"EntryPoint\",\"urlTemplate\":\"https:\\\/\\\/pueyrredonmotos.com\\\/honda\\\/?s={search_term_string}\"},\"query-input\":{\"@type\":\"PropertyValueSpecification\",\"valueRequired\":true,\"valueName\":\"search_term_string\"}}],\"inLanguage\":\"es\"},{\"@type\":\"Organization\",\"@id\":\"https:\\\/\\\/pueyrredonmotos.com\\\/honda\\\/#organization\",\"name\":\"Pueyrred\u00f3n Motos\",\"url\":\"https:\\\/\\\/pueyrredonmotos.com\\\/honda\\\/\",\"logo\":{\"@type\":\"ImageObject\",\"inLanguage\":\"es\",\"@id\":\"https:\\\/\\\/pueyrredonmotos.com\\\/honda\\\/#\\\/schema\\\/logo\\\/image\\\/\",\"url\":\"https:\\\/\\\/pueyrredonmotos.com\\\/honda\\\/wp-content\\\/uploads\\\/2023\\\/09\\\/logo-180-66.png\",\"contentUrl\":\"https:\\\/\\\/pueyrredonmotos.com\\\/honda\\\/wp-content\\\/uploads\\\/2023\\\/09\\\/logo-180-66.png\",\"width\":180,\"height\":66,\"caption\":\"Pueyrred\u00f3n Motos\"},\"image\":{\"@id\":\"https:\\\/\\\/pueyrredonmotos.com\\\/honda\\\/#\\\/schema\\\/logo\\\/image\\\/\"},\"sameAs\":[\"https:\\\/\\\/www.facebook.com\\\/pueyrredonmotos.honda\",\"https:\\\/\\\/www.instagram.com\\\/pueyrredonmotos.honda\\\/\"]}]}<\/script>\n<!-- \/ Yoast SEO Premium plugin. -->","yoast_head_json":{"title":"T\u00e9rminos, condiciones y politica de privacidad - Pueyrred\u00f3n Motos","robots":{"index":"index","follow":"follow","max-snippet":"max-snippet:-1","max-image-preview":"max-image-preview:large","max-video-preview":"max-video-preview:-1"},"canonical":"https:\/\/pueyrredonmotos.com\/honda\/terminos-condiciones-y-politica-de-privacidad\/","og_locale":"es_ES","og_type":"article","og_title":"T\u00e9rminos, condiciones y politica de privacidad","og_description":"T\u00e9rminos y condiciones. Pol\u00edtica de cookies 1. Al usar y\/o Visitar este sitio web (y cualquier otro sitio o micro sitio de Puerred\u00f3n Motos), Usted (i) declara y reconoce que ha le\u00eddo y comprendido en su totalidad los t\u00e9rminos y [&hellip;]","og_url":"https:\/\/pueyrredonmotos.com\/honda\/terminos-condiciones-y-politica-de-privacidad\/","og_site_name":"Pueyrred\u00f3n Motos","article_publisher":"https:\/\/www.facebook.com\/pueyrredonmotos.honda","article_modified_time":"2023-09-28T23:35:57+00:00","twitter_card":"summary_large_image","twitter_misc":{"Tiempo de lectura":"8 minutos"},"schema":{"@context":"https:\/\/schema.org","@graph":[{"@type":"WebPage","@id":"https:\/\/pueyrredonmotos.com\/honda\/terminos-condiciones-y-politica-de-privacidad\/","url":"https:\/\/pueyrredonmotos.com\/honda\/terminos-condiciones-y-politica-de-privacidad\/","name":"T\u00e9rminos, condiciones y politica de privacidad - Pueyrred\u00f3n Motos","isPartOf":{"@id":"https:\/\/pueyrredonmotos.com\/honda\/#website"},"datePublished":"2018-09-11T13:11:53+00:00","dateModified":"2023-09-28T23:35:57+00:00","breadcrumb":{"@id":"https:\/\/pueyrredonmotos.com\/honda\/terminos-condiciones-y-politica-de-privacidad\/#breadcrumb"},"inLanguage":"es","potentialAction":[{"@type":"ReadAction","target":["https:\/\/pueyrredonmotos.com\/honda\/terminos-condiciones-y-politica-de-privacidad\/"]}]},{"@type":"BreadcrumbList","@id":"https:\/\/pueyrredonmotos.com\/honda\/terminos-condiciones-y-politica-de-privacidad\/#breadcrumb","itemListElement":[{"@type":"ListItem","position":1,"name":"Home","item":"https:\/\/pueyrredonmotos.com\/honda\/"},{"@type":"ListItem","position":2,"name":"T\u00e9rminos, condiciones y politica de privacidad"}]},{"@type":"WebSite","@id":"https:\/\/pueyrredonmotos.com\/honda\/#website","url":"https:\/\/pueyrredonmotos.com\/honda\/","name":"Pueyrred\u00f3n Motos","description":"Concesionario Oficial Honda","publisher":{"@id":"https:\/\/pueyrredonmotos.com\/honda\/#organization"},"potentialAction":[{"@type":"SearchAction","target":{"@type":"EntryPoint","urlTemplate":"https:\/\/pueyrredonmotos.com\/honda\/?s={search_term_string}"},"query-input":{"@type":"PropertyValueSpecification","valueRequired":true,"valueName":"search_term_string"}}],"inLanguage":"es"},{"@type":"Organization","@id":"https:\/\/pueyrredonmotos.com\/honda\/#organization","name":"Pueyrred\u00f3n Motos","url":"https:\/\/pueyrredonmotos.com\/honda\/","logo":{"@type":"ImageObject","inLanguage":"es","@id":"https:\/\/pueyrredonmotos.com\/honda\/#\/schema\/logo\/image\/","url":"https:\/\/pueyrredonmotos.com\/honda\/wp-content\/uploads\/2023\/09\/logo-180-66.png","contentUrl":"https:\/\/pueyrredonmotos.com\/honda\/wp-content\/uploads\/2023\/09\/logo-180-66.png","width":180,"height":66,"caption":"Pueyrred\u00f3n Motos"},"image":{"@id":"https:\/\/pueyrredonmotos.com\/honda\/#\/schema\/logo\/image\/"},"sameAs":["https:\/\/www.facebook.com\/pueyrredonmotos.honda","https:\/\/www.instagram.com\/pueyrredonmotos.honda\/"]}]}},"_links":{"self":[{"href":"https:\/\/pueyrredonmotos.com\/honda\/wp-json\/wp\/v2\/pages\/3985","targetHints":{"allow":["GET"]}}],"collection":[{"href":"https:\/\/pueyrredonmotos.com\/honda\/wp-json\/wp\/v2\/pages"}],"about":[{"href":"https:\/\/pueyrredonmotos.com\/honda\/wp-json\/wp\/v2\/types\/page"}],"author":[{"embeddable":true,"href":"https:\/\/pueyrredonmotos.com\/honda\/wp-json\/wp\/v2\/users\/1"}],"replies":[{"embeddable":true,"href":"https:\/\/pueyrredonmotos.com\/honda\/wp-json\/wp\/v2\/comments?post=3985"}],"version-history":[{"count":3,"href":"https:\/\/pueyrredonmotos.com\/honda\/wp-json\/wp\/v2\/pages\/3985\/revisions"}],"predecessor-version":[{"id":8416,"href":"https:\/\/pueyrredonmotos.com\/honda\/wp-json\/wp\/v2\/pages\/3985\/revisions\/8416"}],"wp:attachment":[{"href":"https:\/\/pueyrredonmotos.com\/honda\/wp-json\/wp\/v2\/media?parent=3985"}],"curies":[{"name":"wp","href":"https:\/\/api.w.org\/{rel}","templated":true}]}}